{"id":1185,"date":"2016-03-18T06:13:33","date_gmt":"2016-03-18T05:13:33","guid":{"rendered":"http:\/\/www.temaconcept.com\/my-account\/"},"modified":"2018-03-07T11:54:04","modified_gmt":"2018-03-07T10:54:04","slug":"foire-economie-sociale-et-solidaire","status":"publish","type":"page","link":"https:\/\/www.region-fes-meknes.ma\/fr\/evenements\/foire-economie-sociale-et-solidaire\/","title":{"rendered":"Foire Economie Sociale et Solidaire"},"content":{"rendered":"<article id=\"post-3050\" class=\"post-3050 evenement type-evenement status-publish hentry\">\n\t<header class=\"entry-header\">\n\t\t<h1 class=\"entry-title\">1\u00e8re \u00e9dition du Salon R\u00e9gional des Produits de l&rsquo;\u00e9conomie Sociale et Solidaire<\/h1>        \t\t<div class=\"entry-meta\">\n\t\t\t<i class=\"fa fa-calendar\" aria-hidden=\"true\"><\/i> Du 29 mars au 02 avril 2017\t\t<\/div><!-- .entry-meta -->\n        \t<\/header><!-- .entry-header -->\n\n\t<div class=\"evenement-meta\">\n\t<\/div>\n\n\t<div class=\"entry-content\">\n\t\n\t\t    <p><img loading=\"lazy\" class=\"aligncenter wp-image-3051 size-full\" src=\"http:\/\/www.region-fes-meknes.ma\/wp-content\/uploads\/2017\/11\/sress-2017-01.png\" alt=\"\" width=\"418\" height=\"576\" srcset=\"https:\/\/www.region-fes-meknes.ma\/wp-content\/uploads\/2017\/11\/sress-2017-01.png 418w, https:\/\/www.region-fes-meknes.ma\/wp-content\/uploads\/2017\/11\/sress-2017-01-218x300.png 218w, https:\/\/www.region-fes-meknes.ma\/wp-content\/uploads\/2017\/11\/sress-2017-01-73x100.png 73w\" sizes=\"(max-width: 418px) 100vw, 418px\" \/><strong>Vid\u00e9o du premier jour<\/strong><\/p>\n<p><iframe loading=\"lazy\" width=\"800\" height=\"450\" src=\"https:\/\/www.youtube.com\/embed\/NGbaABj92Ug?feature=oembed\" frameborder=\"0\" allow=\"autoplay; encrypted-media\" allowfullscreen><\/iframe><\/p>\n\t\t<h3 class=\"evenement-subtitle\">Participation RFM : <\/h3><p>Le Conseil R\u00e9gional de F\u00e8s Mekn\u00e8s a organis\u00e9 le 1er salon de l\u2019\u00e9conomie sociale et solidaire dans la r\u00e9gion F\u00e8s- Mekn\u00e8s, avec la participation d\u2019exposants nationaux et \u00e9trangers. L\u2019objectif de cette manifestation est de :<\/p>\n<ul>\n<li>Cr\u00e9er de v\u00e9ritables opportunit\u00e9s de commercialisation des produits et \u00e0 engager une r\u00e9flexion et un d\u00e9bat avec l\u2019objectif d\u2019\u00e9laborer un plan r\u00e9gional pour d\u00e9velopper ce secteur,<\/li>\n<li>\u00c9laborer une strat\u00e9gie r\u00e9gionale visant le d\u00e9veloppement de ce secteur en harmonie avec la vision 2015-2010 en la mati\u00e8re.<\/li>\n<li>Am\u00e9liorer l\u2019attractivit\u00e9 de l\u2019espace territorial et renforcer sa comp\u00e9titivit\u00e9.<\/li>\n<\/ul>\n\t<\/div><!-- .entry-content -->\n\n\t<div class=\"gallerie-content\">\n\t\t\n\n\n\n\t<\/div><!-- .gallerie-content -->\n\t\n\t\t<div class=\"gallerie-content\">\n    <div class=\"swiper swiper-carousel\">\n        <div class=\"swiper-wrapper\">\n                            <div class=\"swiper-slide\">\n                    <img src=\"https:\/\/www.region-fes-meknes.ma\/wp-content\/uploads\/2017\/11\/sress-2017-02.jpg\" alt=\"\" \/>\n                    <p><\/p>\n                <\/div>\n                            <div class=\"swiper-slide\">\n                    <img src=\"https:\/\/www.region-fes-meknes.ma\/wp-content\/uploads\/2017\/11\/sress-2017-04.jpg\" alt=\"\" \/>\n                    <p><\/p>\n                <\/div>\n                            <div class=\"swiper-slide\">\n                    <img src=\"https:\/\/www.region-fes-meknes.ma\/wp-content\/uploads\/2017\/11\/sress-2017-03.jpg\" alt=\"\" \/>\n                    <p><\/p>\n                <\/div>\n                    <\/div>\n        <div class=\"swiper-button-next\"><\/div>\n        <div class=\"swiper-button-prev\"><\/div>\n    <\/div>\n<\/div><!-- .gallerie-content -->\n\n    \t<footer class=\"entry-footer\">\n\t\t\t<\/footer><!-- .entry-footer -->\n    \t<\/article><!-- #post-## -->\n\n\n","protected":false},"excerpt":{"rendered":"","protected":false},"author":1,"featured_media":3049,"parent":21,"menu_order":1,"comment_status":"closed","ping_status":"closed","template":"","meta":{"_bbp_topic_count":0,"_bbp_reply_count":0,"_bbp_total_topic_count":0,"_bbp_total_reply_count":0,"_bbp_voice_count":0,"_bbp_anonymous_reply_count":0,"_bbp_topic_count_hidden":0,"_bbp_reply_count_hidden":0,"_bbp_forum_subforum_count":0},"acf":[],"yoast_head":"<!-- This site is optimized with the Yoast SEO plugin v19.5.1 - https:\/\/yoast.com\/wordpress\/plugins\/seo\/ -->\n<title>Foire Economie Sociale et Solidaire - R\u00e9gion F\u00e8s Mekn\u00e8s<\/title>\n<meta name=\"robots\" content=\"index, follow, max-snippet:-1, max-image-preview:large, max-video-preview:-1\" \/>\n<link rel=\"canonical\" href=\"https:\/\/www.region-fes-meknes.ma\/fr\/evenements\/foire-economie-sociale-et-solidaire\/\" \/>\n<meta property=\"og:locale\" content=\"fr_FR\" \/>\n<meta property=\"og:type\" content=\"article\" \/>\n<meta property=\"og:title\" content=\"Foire Economie Sociale et Solidaire - R\u00e9gion F\u00e8s Mekn\u00e8s\" \/>\n<meta property=\"og:url\" content=\"https:\/\/www.region-fes-meknes.ma\/fr\/evenements\/foire-economie-sociale-et-solidaire\/\" \/>\n<meta property=\"og:site_name\" content=\"R\u00e9gion F\u00e8s Mekn\u00e8s\" \/>\n<meta property=\"article:publisher\" content=\"https:\/\/www.facebook.com\/R%c3%a9gion-F%c3%a8s-Mekn%c3%a8s-1130195096990872\" \/>\n<meta property=\"article:modified_time\" content=\"2018-03-07T10:54:04+00:00\" \/>\n<meta property=\"og:image\" content=\"https:\/\/www.region-fes-meknes.ma\/wp-content\/uploads\/2017\/11\/salon-regional-ess.jpg\" \/>\n\t<meta property=\"og:image:width\" content=\"555\" \/>\n\t<meta property=\"og:image:height\" content=\"233\" \/>\n\t<meta property=\"og:image:type\" content=\"image\/jpeg\" \/>\n<meta name=\"twitter:card\" content=\"summary_large_image\" \/>\n<script type=\"application\/ld+json\" class=\"yoast-schema-graph\">{\"@context\":\"https:\/\/schema.org\",\"@graph\":[{\"@type\":\"WebPage\",\"@id\":\"https:\/\/www.region-fes-meknes.ma\/fr\/evenements\/foire-economie-sociale-et-solidaire\/\",\"url\":\"https:\/\/www.region-fes-meknes.ma\/fr\/evenements\/foire-economie-sociale-et-solidaire\/\",\"name\":\"Foire Economie Sociale et Solidaire - R\u00e9gion F\u00e8s Mekn\u00e8s\",\"isPartOf\":{\"@id\":\"https:\/\/www.region-fes-meknes.ma\/#website\"},\"datePublished\":\"2016-03-18T05:13:33+00:00\",\"dateModified\":\"2018-03-07T10:54:04+00:00\",\"breadcrumb\":{\"@id\":\"https:\/\/www.region-fes-meknes.ma\/fr\/evenements\/foire-economie-sociale-et-solidaire\/#breadcrumb\"},\"inLanguage\":\"fr-FR\",\"potentialAction\":[{\"@type\":\"ReadAction\",\"target\":[\"https:\/\/www.region-fes-meknes.ma\/fr\/evenements\/foire-economie-sociale-et-solidaire\/\"]}]},{\"@type\":\"BreadcrumbList\",\"@id\":\"https:\/\/www.region-fes-meknes.ma\/fr\/evenements\/foire-economie-sociale-et-solidaire\/#breadcrumb\",\"itemListElement\":[{\"@type\":\"ListItem\",\"position\":1,\"name\":\"Accueil\",\"item\":\"https:\/\/www.region-fes-meknes.ma\/fr\/\"},{\"@type\":\"ListItem\",\"position\":2,\"name\":\"Ev\u00e9nements\",\"item\":\"https:\/\/www.region-fes-meknes.ma\/fr\/evenements\/\"},{\"@type\":\"ListItem\",\"position\":3,\"name\":\"Foire Economie Sociale et Solidaire\"}]},{\"@type\":\"WebSite\",\"@id\":\"https:\/\/www.region-fes-meknes.ma\/#website\",\"url\":\"https:\/\/www.region-fes-meknes.ma\/\",\"name\":\"Portail de la R\u00e9gion F\u00e8s-Mekn\u00e8s\",\"description\":\"Site officiel de la r\u00e9gion F\u00e8s-Mekn\u00e8s.\",\"publisher\":{\"@id\":\"https:\/\/www.region-fes-meknes.ma\/#organization\"},\"potentialAction\":[{\"@type\":\"SearchAction\",\"target\":{\"@type\":\"EntryPoint\",\"urlTemplate\":\"https:\/\/www.region-fes-meknes.ma\/?s={search_term_string}\"},\"query-input\":\"required name=search_term_string\"}],\"inLanguage\":\"fr-FR\"},{\"@type\":\"Organization\",\"@id\":\"https:\/\/www.region-fes-meknes.ma\/#organization\",\"name\":\"R\u00e9gion F\u00e8s M\u00e8kn\u00e8s\",\"url\":\"https:\/\/www.region-fes-meknes.ma\/\",\"sameAs\":[\"https:\/\/www.facebook.com\/R\u00e9gion-F\u00e8s-Mekn\u00e8s-1130195096990872\"],\"logo\":{\"@type\":\"ImageObject\",\"inLanguage\":\"fr-FR\",\"@id\":\"https:\/\/www.region-fes-meknes.ma\/#\/schema\/logo\/image\/\",\"url\":\"http:\/\/www.region-fes-meknes.ma\/wp-content\/uploads\/2017\/10\/logo-rfm4.png\",\"contentUrl\":\"http:\/\/www.region-fes-meknes.ma\/wp-content\/uploads\/2017\/10\/logo-rfm4.png\",\"width\":304,\"height\":291,\"caption\":\"R\u00e9gion F\u00e8s M\u00e8kn\u00e8s\"},\"image\":{\"@id\":\"https:\/\/www.region-fes-meknes.ma\/#\/schema\/logo\/image\/\"}}]}<\/script>\n<!-- \/ Yoast SEO plugin. -->","yoast_head_json":{"title":"Foire Economie Sociale et Solidaire - R\u00e9gion F\u00e8s Mekn\u00e8s","robots":{"index":"index","follow":"follow","max-snippet":"max-snippet:-1","max-image-preview":"max-image-preview:large","max-video-preview":"max-video-preview:-1"},"canonical":"https:\/\/www.region-fes-meknes.ma\/fr\/evenements\/foire-economie-sociale-et-solidaire\/","og_locale":"fr_FR","og_type":"article","og_title":"Foire Economie Sociale et Solidaire - R\u00e9gion F\u00e8s Mekn\u00e8s","og_url":"https:\/\/www.region-fes-meknes.ma\/fr\/evenements\/foire-economie-sociale-et-solidaire\/","og_site_name":"R\u00e9gion F\u00e8s Mekn\u00e8s","article_publisher":"https:\/\/www.facebook.com\/R%c3%a9gion-F%c3%a8s-Mekn%c3%a8s-1130195096990872","article_modified_time":"2018-03-07T10:54:04+00:00","og_image":[{"width":555,"height":233,"url":"https:\/\/www.region-fes-meknes.ma\/wp-content\/uploads\/2017\/11\/salon-regional-ess.jpg","type":"image\/jpeg"}],"twitter_card":"summary_large_image","schema":{"@context":"https:\/\/schema.org","@graph":[{"@type":"WebPage","@id":"https:\/\/www.region-fes-meknes.ma\/fr\/evenements\/foire-economie-sociale-et-solidaire\/","url":"https:\/\/www.region-fes-meknes.ma\/fr\/evenements\/foire-economie-sociale-et-solidaire\/","name":"Foire Economie Sociale et Solidaire - R\u00e9gion F\u00e8s Mekn\u00e8s","isPartOf":{"@id":"https:\/\/www.region-fes-meknes.ma\/#website"},"datePublished":"2016-03-18T05:13:33+00:00","dateModified":"2018-03-07T10:54:04+00:00","breadcrumb":{"@id":"https:\/\/www.region-fes-meknes.ma\/fr\/evenements\/foire-economie-sociale-et-solidaire\/#breadcrumb"},"inLanguage":"fr-FR","potentialAction":[{"@type":"ReadAction","target":["https:\/\/www.region-fes-meknes.ma\/fr\/evenements\/foire-economie-sociale-et-solidaire\/"]}]},{"@type":"BreadcrumbList","@id":"https:\/\/www.region-fes-meknes.ma\/fr\/evenements\/foire-economie-sociale-et-solidaire\/#breadcrumb","itemListElement":[{"@type":"ListItem","position":1,"name":"Accueil","item":"https:\/\/www.region-fes-meknes.ma\/fr\/"},{"@type":"ListItem","position":2,"name":"Ev\u00e9nements","item":"https:\/\/www.region-fes-meknes.ma\/fr\/evenements\/"},{"@type":"ListItem","position":3,"name":"Foire Economie Sociale et Solidaire"}]},{"@type":"WebSite","@id":"https:\/\/www.region-fes-meknes.ma\/#website","url":"https:\/\/www.region-fes-meknes.ma\/","name":"Portail de la R\u00e9gion F\u00e8s-Mekn\u00e8s","description":"Site officiel de la r\u00e9gion F\u00e8s-Mekn\u00e8s.","publisher":{"@id":"https:\/\/www.region-fes-meknes.ma\/#organization"},"potentialAction":[{"@type":"SearchAction","target":{"@type":"EntryPoint","urlTemplate":"https:\/\/www.region-fes-meknes.ma\/?s={search_term_string}"},"query-input":"required name=search_term_string"}],"inLanguage":"fr-FR"},{"@type":"Organization","@id":"https:\/\/www.region-fes-meknes.ma\/#organization","name":"R\u00e9gion F\u00e8s M\u00e8kn\u00e8s","url":"https:\/\/www.region-fes-meknes.ma\/","sameAs":["https:\/\/www.facebook.com\/R\u00e9gion-F\u00e8s-Mekn\u00e8s-1130195096990872"],"logo":{"@type":"ImageObject","inLanguage":"fr-FR","@id":"https:\/\/www.region-fes-meknes.ma\/#\/schema\/logo\/image\/","url":"http:\/\/www.region-fes-meknes.ma\/wp-content\/uploads\/2017\/10\/logo-rfm4.png","contentUrl":"http:\/\/www.region-fes-meknes.ma\/wp-content\/uploads\/2017\/10\/logo-rfm4.png","width":304,"height":291,"caption":"R\u00e9gion F\u00e8s M\u00e8kn\u00e8s"},"image":{"@id":"https:\/\/www.region-fes-meknes.ma\/#\/schema\/logo\/image\/"}}]}},"_links":{"self":[{"href":"https:\/\/www.region-fes-meknes.ma\/fr\/wp-json\/wp\/v2\/pages\/1185"}],"collection":[{"href":"https:\/\/www.region-fes-meknes.ma\/fr\/wp-json\/wp\/v2\/pages"}],"about":[{"href":"https:\/\/www.region-fes-meknes.ma\/fr\/wp-json\/wp\/v2\/types\/page"}],"author":[{"embeddable":true,"href":"https:\/\/www.region-fes-meknes.ma\/fr\/wp-json\/wp\/v2\/users\/1"}],"replies":[{"embeddable":true,"href":"https:\/\/www.region-fes-meknes.ma\/fr\/wp-json\/wp\/v2\/comments?post=1185"}],"version-history":[{"count":4,"href":"https:\/\/www.region-fes-meknes.ma\/fr\/wp-json\/wp\/v2\/pages\/1185\/revisions"}],"predecessor-version":[{"id":2699,"href":"https:\/\/www.region-fes-meknes.ma\/fr\/wp-json\/wp\/v2\/pages\/1185\/revisions\/2699"}],"up":[{"embeddable":true,"href":"https:\/\/www.region-fes-meknes.ma\/fr\/wp-json\/wp\/v2\/pages\/21"}],"wp:featuredmedia":[{"embeddable":true,"href":"https:\/\/www.region-fes-meknes.ma\/fr\/wp-json\/wp\/v2\/media\/3049"}],"wp:attachment":[{"href":"https:\/\/www.region-fes-meknes.ma\/fr\/wp-json\/wp\/v2\/media?parent=1185"}],"curies":[{"name":"wp","href":"https:\/\/api.w.org\/{rel}","templated":true}]}}