{"id":1303,"date":"2017-09-23T19:22:23","date_gmt":"2017-09-23T17:22:23","guid":{"rendered":"http:\/\/www.region-fes-meknes.ma\/?page_id=1303"},"modified":"2018-04-02T03:23:18","modified_gmt":"2018-04-02T01:23:18","slug":"presentation","status":"publish","type":"page","link":"https:\/\/www.region-fes-meknes.ma\/fr\/le-conseil-regional\/presentation\/","title":{"rendered":"Pr\u00e9sentation"},"content":{"rendered":"<p>Le conseil r\u00e9gional est l&rsquo;assembl\u00e9e d\u00e9lib\u00e9rante de la r\u00e9gion \u00e9lue au\u00a0suffrage universel direct\u00a0par les \u00e9lecteurs de la r\u00e9gion. \u00c0 l&rsquo;instar des autres collectivit\u00e9s territoriales, ses membres sont \u00e9lus pour une dur\u00e9e de six ans.<\/p>\n<p>L&rsquo;action r\u00e9gionale s&rsquo;ex\u00e9cute sous le contr\u00f4le du Wali de la R\u00e9gion, repr\u00e9sentant le pouvoir central.<\/p>\n<p>L&rsquo;article 73 de la loi organique\u00a059-11, relative \u00e0 l&rsquo;\u00e9lection des membres des conseils des collectivit\u00e9s territoriales, fixe le nombre des membres du conseil r\u00e9gional proportionnellement \u00e0 la population de chaque r\u00e9gion.<\/p>\n<h3><span id=\"Domaines_de_comp.C3.A9tences\" class=\"mw-headline\">Domaines de comp\u00e9tences<\/span><\/h3>\n<p>Selon l&rsquo;article 140 de la\u00a0Constitution, les collectivit\u00e9s territoriales ont des comp\u00e9tences propres, des comp\u00e9tences partag\u00e9es avec l&rsquo;\u00c9tat et celles qui leur sont transf\u00e9rables par ce dernier sur la base du principe de subsidiarit\u00e9.<\/p>\n<p>D&rsquo;autre part, la constitution a dot\u00e9 les r\u00e9gions et les autres collectivit\u00e9s territoriales de ressources financi\u00e8res propres et de ressources financi\u00e8res affect\u00e9es par l&rsquo;\u00c9tat (Article 141) . Tout transfert de comp\u00e9tences de l&rsquo;\u00c9tat vers les collectivit\u00e9s territoriales doit s\u2019accompagner d\u2019un transfert des ressources correspondantes.<\/p>\n<p>Elle a aussi incit\u00e9 \u00e0 cr\u00e9er, pour une p\u00e9riode d\u00e9termin\u00e9e, au profit des r\u00e9gions, un\u00a0fonds de mise \u00e0 niveau sociale\u00a0destin\u00e9 \u00e0 la r\u00e9sorption des d\u00e9ficits en mati\u00e8re de d\u00e9veloppement humain, d\u2019infrastructures et d\u2019\u00e9quipements. Elle a cr\u00e9\u00e9 \u00e9galement un\u00a0fonds de solidarit\u00e9 interr\u00e9gionale\u00a0visant une r\u00e9partition \u00e9quitable des ressources, en vue de r\u00e9duire les disparit\u00e9s entre les r\u00e9gions.<\/p>\n<p>La loi organique\u00a0111-14 pr\u00e9cise les comp\u00e9tences propres des r\u00e9gions, les comp\u00e9tences partag\u00e9es avec l&rsquo;\u00c9tat, et les comp\u00e9tences transf\u00e9rables (articles 80-95)<sup id=\"cite_ref-loi_6-2\" class=\"reference\"><\/sup>.<\/p>\n<h4><span id=\"Comp\u00e9tences_propres\"><\/span><span id=\"Comp.C3.A9tences_propres\" class=\"mw-headline\">Comp\u00e9tences propres<\/span><\/h4>\n<ul>\n<li><i>D\u00e9veloppement r\u00e9gional\u00a0<\/i>: d\u00e9veloppement \u00e9conomique, formation professionnelle, formation continue et emploi, d\u00e9veloppement rural, transport r\u00e9gional, conservation du patrimoine culturel de la r\u00e9gion, gestion des parcs r\u00e9gionaux, etc.<\/li>\n<li><i>Am\u00e9nagement du territoire\u00a0<\/i>: \u00e9laboration du plan r\u00e9gional d&rsquo;am\u00e9nagement de territoire.<\/li>\n<\/ul>\n<h4><span id=\"Comp\u00e9tences_partag\u00e9es\"><\/span><span id=\"Comp.C3.A9tences_partag.C3.A9es\" class=\"mw-headline\">Comp\u00e9tences partag\u00e9es<\/span><\/h4>\n<ul>\n<li><i>D\u00e9veloppement \u00e9conomique\u00a0<\/i>: Am\u00e9lioration de l&rsquo;attractivit\u00e9 r\u00e9gionale pour les investissements, emploi, recherche scientifique.<\/li>\n<li><i>D\u00e9veloppement rural\u00a0<\/i>: cr\u00e9ation de p\u00f4les agricoles, \u00e9lectrification et adduction d&rsquo;eau potable aux villages isol\u00e9s, etc.<\/li>\n<li><i>D\u00e9veloppement social\u00a0<\/i>: promotion de l&rsquo;habitat social, sports et loisirs, etc.<\/li>\n<li><i>Environnement<\/i>: gestion des ressources naturelles, et lutte contre la pollution et la d\u00e9sertification, gestion des parcs prot\u00e9g\u00e9s, et des for\u00eats.<\/li>\n<li><i>Culture\u00a0<\/i>: valorisation du patrimoine r\u00e9gional, entretien des monuments, gestion des \u00e9tablissements culturels.<\/li>\n<li><i>Tourisme\u00a0<\/i>: Promotion du tourisme.<\/li>\n<\/ul>\n<h4><span id=\"Comp\u00e9tences_transf\u00e9rables\"><\/span><span id=\"Comp.C3.A9tences_transf.C3.A9rables\" class=\"mw-headline\">Comp\u00e9tences transf\u00e9rables<\/span><\/h4>\n<p>Ce sont des comp\u00e9tences \u00e9tatiques qui seront graduellement transf\u00e9r\u00e9es aux r\u00e9gions. Il s&rsquo;agit notamment de :<\/p>\n<ul>\n<li>\u00c9quipements et infrastructures r\u00e9gionaux;<\/li>\n<li>Industrie;<\/li>\n<li>Sant\u00e9;<\/li>\n<li>Commerce;<\/li>\n<li>Enseignement;<\/li>\n<li>Culture;<\/li>\n<li>Sport;<\/li>\n<li>\u00c9nergie, eau et environnement.<\/li>\n<\/ul>\n<figure id=\"attachment_2476\" aria-describedby=\"caption-attachment-2476\" style=\"width: 800px\" class=\"wp-caption aligncenter\"><a href=\"http:\/\/www.region-fes-meknes.ma\/le-conseil-regional\/attachment\/cr_rfm\/\"><img loading=\"lazy\" class=\"wp-image-2476 size-full\" src=\"http:\/\/www.region-fes-meknes.ma\/wp-content\/uploads\/2017\/09\/cr_rfm.png?_t=1510384693\" alt=\"\" width=\"800\" height=\"335\" srcset=\"https:\/\/www.region-fes-meknes.ma\/wp-content\/uploads\/2017\/09\/cr_rfm.png 800w, https:\/\/www.region-fes-meknes.ma\/wp-content\/uploads\/2017\/09\/cr_rfm-300x126.png 300w, https:\/\/www.region-fes-meknes.ma\/wp-content\/uploads\/2017\/09\/cr_rfm-768x322.png 768w, https:\/\/www.region-fes-meknes.ma\/wp-content\/uploads\/2017\/09\/cr_rfm-100x42.png 100w\" sizes=\"(max-width: 800px) 100vw, 800px\" \/><\/a><figcaption id=\"caption-attachment-2476\" class=\"wp-caption-text\">Si\u00e8ge du Conseil R\u00e9gional de F\u00e8s-Mekn\u00e8s<\/figcaption><\/figure>\n","protected":false},"excerpt":{"rendered":"<p>Le conseil r\u00e9gional est l&rsquo;assembl\u00e9e d\u00e9lib\u00e9rante de la r\u00e9gion \u00e9lue au\u00a0suffrage universel direct\u00a0par les \u00e9lecteurs de la r\u00e9gion. \u00c0 l&rsquo;instar des autres collectivit\u00e9s territoriales, ses membres sont \u00e9lus pour une &#8230;<\/p>\n","protected":false},"author":1,"featured_media":1707,"parent":1301,"menu_order":0,"comment_status":"closed","ping_status":"closed","template":"","meta":{"_bbp_topic_count":0,"_bbp_reply_count":0,"_bbp_total_topic_count":0,"_bbp_total_reply_count":0,"_bbp_voice_count":0,"_bbp_anonymous_reply_count":0,"_bbp_topic_count_hidden":0,"_bbp_reply_count_hidden":0,"_bbp_forum_subforum_count":0},"acf":[],"yoast_head":"<!-- This site is optimized with the Yoast SEO plugin v19.5.1 - https:\/\/yoast.com\/wordpress\/plugins\/seo\/ -->\n<title>Pr\u00e9sentation - R\u00e9gion F\u00e8s Mekn\u00e8s<\/title>\n<meta name=\"robots\" content=\"index, follow, max-snippet:-1, max-image-preview:large, max-video-preview:-1\" \/>\n<link rel=\"canonical\" href=\"https:\/\/www.region-fes-meknes.ma\/fr\/le-conseil-regional\/presentation\/\" \/>\n<meta property=\"og:locale\" content=\"fr_FR\" \/>\n<meta property=\"og:type\" content=\"article\" \/>\n<meta property=\"og:title\" content=\"Pr\u00e9sentation - R\u00e9gion F\u00e8s Mekn\u00e8s\" \/>\n<meta property=\"og:description\" content=\"Le conseil r\u00e9gional est l&rsquo;assembl\u00e9e d\u00e9lib\u00e9rante de la r\u00e9gion \u00e9lue au\u00a0suffrage universel direct\u00a0par les \u00e9lecteurs de la r\u00e9gion. \u00c0 l&rsquo;instar des autres collectivit\u00e9s territoriales, ses membres sont \u00e9lus pour une ...\" \/>\n<meta property=\"og:url\" content=\"https:\/\/www.region-fes-meknes.ma\/fr\/le-conseil-regional\/presentation\/\" \/>\n<meta property=\"og:site_name\" content=\"R\u00e9gion F\u00e8s Mekn\u00e8s\" \/>\n<meta property=\"article:publisher\" content=\"https:\/\/www.facebook.com\/R%c3%a9gion-F%c3%a8s-Mekn%c3%a8s-1130195096990872\" \/>\n<meta property=\"article:modified_time\" content=\"2018-04-02T01:23:18+00:00\" \/>\n<meta property=\"og:image\" content=\"https:\/\/www.region-fes-meknes.ma\/wp-content\/uploads\/2017\/09\/conseil_region_fes_meknes.jpg\" \/>\n\t<meta property=\"og:image:width\" content=\"318\" \/>\n\t<meta property=\"og:image:height\" content=\"160\" \/>\n\t<meta property=\"og:image:type\" content=\"image\/jpeg\" \/>\n<meta name=\"twitter:card\" content=\"summary_large_image\" \/>\n<meta name=\"twitter:label1\" content=\"Dur\u00e9e de lecture estim\u00e9e\" \/>\n\t<meta name=\"twitter:data1\" content=\"2 minutes\" \/>\n<script type=\"application\/ld+json\" class=\"yoast-schema-graph\">{\"@context\":\"https:\/\/schema.org\",\"@graph\":[{\"@type\":\"WebPage\",\"@id\":\"https:\/\/www.region-fes-meknes.ma\/fr\/le-conseil-regional\/presentation\/\",\"url\":\"https:\/\/www.region-fes-meknes.ma\/fr\/le-conseil-regional\/presentation\/\",\"name\":\"Pr\u00e9sentation - R\u00e9gion F\u00e8s Mekn\u00e8s\",\"isPartOf\":{\"@id\":\"https:\/\/www.region-fes-meknes.ma\/#website\"},\"datePublished\":\"2017-09-23T17:22:23+00:00\",\"dateModified\":\"2018-04-02T01:23:18+00:00\",\"breadcrumb\":{\"@id\":\"https:\/\/www.region-fes-meknes.ma\/fr\/le-conseil-regional\/presentation\/#breadcrumb\"},\"inLanguage\":\"fr-FR\",\"potentialAction\":[{\"@type\":\"ReadAction\",\"target\":[\"https:\/\/www.region-fes-meknes.ma\/fr\/le-conseil-regional\/presentation\/\"]}]},{\"@type\":\"BreadcrumbList\",\"@id\":\"https:\/\/www.region-fes-meknes.ma\/fr\/le-conseil-regional\/presentation\/#breadcrumb\",\"itemListElement\":[{\"@type\":\"ListItem\",\"position\":1,\"name\":\"Accueil\",\"item\":\"https:\/\/www.region-fes-meknes.ma\/fr\/\"},{\"@type\":\"ListItem\",\"position\":2,\"name\":\"Le Conseil R\u00e9gional\",\"item\":\"https:\/\/www.region-fes-meknes.ma\/fr\/le-conseil-regional\/\"},{\"@type\":\"ListItem\",\"position\":3,\"name\":\"Pr\u00e9sentation\"}]},{\"@type\":\"WebSite\",\"@id\":\"https:\/\/www.region-fes-meknes.ma\/#website\",\"url\":\"https:\/\/www.region-fes-meknes.ma\/\",\"name\":\"Portail de la R\u00e9gion F\u00e8s-Mekn\u00e8s\",\"description\":\"Site officiel de la r\u00e9gion F\u00e8s-Mekn\u00e8s.\",\"publisher\":{\"@id\":\"https:\/\/www.region-fes-meknes.ma\/#organization\"},\"potentialAction\":[{\"@type\":\"SearchAction\",\"target\":{\"@type\":\"EntryPoint\",\"urlTemplate\":\"https:\/\/www.region-fes-meknes.ma\/?s={search_term_string}\"},\"query-input\":\"required name=search_term_string\"}],\"inLanguage\":\"fr-FR\"},{\"@type\":\"Organization\",\"@id\":\"https:\/\/www.region-fes-meknes.ma\/#organization\",\"name\":\"R\u00e9gion F\u00e8s M\u00e8kn\u00e8s\",\"url\":\"https:\/\/www.region-fes-meknes.ma\/\",\"sameAs\":[\"https:\/\/www.facebook.com\/R\u00e9gion-F\u00e8s-Mekn\u00e8s-1130195096990872\"],\"logo\":{\"@type\":\"ImageObject\",\"inLanguage\":\"fr-FR\",\"@id\":\"https:\/\/www.region-fes-meknes.ma\/#\/schema\/logo\/image\/\",\"url\":\"http:\/\/www.region-fes-meknes.ma\/wp-content\/uploads\/2017\/10\/logo-rfm4.png\",\"contentUrl\":\"http:\/\/www.region-fes-meknes.ma\/wp-content\/uploads\/2017\/10\/logo-rfm4.png\",\"width\":304,\"height\":291,\"caption\":\"R\u00e9gion F\u00e8s M\u00e8kn\u00e8s\"},\"image\":{\"@id\":\"https:\/\/www.region-fes-meknes.ma\/#\/schema\/logo\/image\/\"}}]}<\/script>\n<!-- \/ Yoast SEO plugin. -->","yoast_head_json":{"title":"Pr\u00e9sentation - R\u00e9gion F\u00e8s Mekn\u00e8s","robots":{"index":"index","follow":"follow","max-snippet":"max-snippet:-1","max-image-preview":"max-image-preview:large","max-video-preview":"max-video-preview:-1"},"canonical":"https:\/\/www.region-fes-meknes.ma\/fr\/le-conseil-regional\/presentation\/","og_locale":"fr_FR","og_type":"article","og_title":"Pr\u00e9sentation - R\u00e9gion F\u00e8s Mekn\u00e8s","og_description":"Le conseil r\u00e9gional est l&rsquo;assembl\u00e9e d\u00e9lib\u00e9rante de la r\u00e9gion \u00e9lue au\u00a0suffrage universel direct\u00a0par les \u00e9lecteurs de la r\u00e9gion. \u00c0 l&rsquo;instar des autres collectivit\u00e9s territoriales, ses membres sont \u00e9lus pour une ...","og_url":"https:\/\/www.region-fes-meknes.ma\/fr\/le-conseil-regional\/presentation\/","og_site_name":"R\u00e9gion F\u00e8s Mekn\u00e8s","article_publisher":"https:\/\/www.facebook.com\/R%c3%a9gion-F%c3%a8s-Mekn%c3%a8s-1130195096990872","article_modified_time":"2018-04-02T01:23:18+00:00","og_image":[{"width":318,"height":160,"url":"https:\/\/www.region-fes-meknes.ma\/wp-content\/uploads\/2017\/09\/conseil_region_fes_meknes.jpg","type":"image\/jpeg"}],"twitter_card":"summary_large_image","twitter_misc":{"Dur\u00e9e de lecture estim\u00e9e":"2 minutes"},"schema":{"@context":"https:\/\/schema.org","@graph":[{"@type":"WebPage","@id":"https:\/\/www.region-fes-meknes.ma\/fr\/le-conseil-regional\/presentation\/","url":"https:\/\/www.region-fes-meknes.ma\/fr\/le-conseil-regional\/presentation\/","name":"Pr\u00e9sentation - R\u00e9gion F\u00e8s Mekn\u00e8s","isPartOf":{"@id":"https:\/\/www.region-fes-meknes.ma\/#website"},"datePublished":"2017-09-23T17:22:23+00:00","dateModified":"2018-04-02T01:23:18+00:00","breadcrumb":{"@id":"https:\/\/www.region-fes-meknes.ma\/fr\/le-conseil-regional\/presentation\/#breadcrumb"},"inLanguage":"fr-FR","potentialAction":[{"@type":"ReadAction","target":["https:\/\/www.region-fes-meknes.ma\/fr\/le-conseil-regional\/presentation\/"]}]},{"@type":"BreadcrumbList","@id":"https:\/\/www.region-fes-meknes.ma\/fr\/le-conseil-regional\/presentation\/#breadcrumb","itemListElement":[{"@type":"ListItem","position":1,"name":"Accueil","item":"https:\/\/www.region-fes-meknes.ma\/fr\/"},{"@type":"ListItem","position":2,"name":"Le Conseil R\u00e9gional","item":"https:\/\/www.region-fes-meknes.ma\/fr\/le-conseil-regional\/"},{"@type":"ListItem","position":3,"name":"Pr\u00e9sentation"}]},{"@type":"WebSite","@id":"https:\/\/www.region-fes-meknes.ma\/#website","url":"https:\/\/www.region-fes-meknes.ma\/","name":"Portail de la R\u00e9gion F\u00e8s-Mekn\u00e8s","description":"Site officiel de la r\u00e9gion F\u00e8s-Mekn\u00e8s.","publisher":{"@id":"https:\/\/www.region-fes-meknes.ma\/#organization"},"potentialAction":[{"@type":"SearchAction","target":{"@type":"EntryPoint","urlTemplate":"https:\/\/www.region-fes-meknes.ma\/?s={search_term_string}"},"query-input":"required name=search_term_string"}],"inLanguage":"fr-FR"},{"@type":"Organization","@id":"https:\/\/www.region-fes-meknes.ma\/#organization","name":"R\u00e9gion F\u00e8s M\u00e8kn\u00e8s","url":"https:\/\/www.region-fes-meknes.ma\/","sameAs":["https:\/\/www.facebook.com\/R\u00e9gion-F\u00e8s-Mekn\u00e8s-1130195096990872"],"logo":{"@type":"ImageObject","inLanguage":"fr-FR","@id":"https:\/\/www.region-fes-meknes.ma\/#\/schema\/logo\/image\/","url":"http:\/\/www.region-fes-meknes.ma\/wp-content\/uploads\/2017\/10\/logo-rfm4.png","contentUrl":"http:\/\/www.region-fes-meknes.ma\/wp-content\/uploads\/2017\/10\/logo-rfm4.png","width":304,"height":291,"caption":"R\u00e9gion F\u00e8s M\u00e8kn\u00e8s"},"image":{"@id":"https:\/\/www.region-fes-meknes.ma\/#\/schema\/logo\/image\/"}}]}},"_links":{"self":[{"href":"https:\/\/www.region-fes-meknes.ma\/fr\/wp-json\/wp\/v2\/pages\/1303"}],"collection":[{"href":"https:\/\/www.region-fes-meknes.ma\/fr\/wp-json\/wp\/v2\/pages"}],"about":[{"href":"https:\/\/www.region-fes-meknes.ma\/fr\/wp-json\/wp\/v2\/types\/page"}],"author":[{"embeddable":true,"href":"https:\/\/www.region-fes-meknes.ma\/fr\/wp-json\/wp\/v2\/users\/1"}],"replies":[{"embeddable":true,"href":"https:\/\/www.region-fes-meknes.ma\/fr\/wp-json\/wp\/v2\/comments?post=1303"}],"version-history":[{"count":8,"href":"https:\/\/www.region-fes-meknes.ma\/fr\/wp-json\/wp\/v2\/pages\/1303\/revisions"}],"predecessor-version":[{"id":4671,"href":"https:\/\/www.region-fes-meknes.ma\/fr\/wp-json\/wp\/v2\/pages\/1303\/revisions\/4671"}],"up":[{"embeddable":true,"href":"https:\/\/www.region-fes-meknes.ma\/fr\/wp-json\/wp\/v2\/pages\/1301"}],"wp:featuredmedia":[{"embeddable":true,"href":"https:\/\/www.region-fes-meknes.ma\/fr\/wp-json\/wp\/v2\/media\/1707"}],"wp:attachment":[{"href":"https:\/\/www.region-fes-meknes.ma\/fr\/wp-json\/wp\/v2\/media?parent=1303"}],"curies":[{"name":"wp","href":"https:\/\/api.w.org\/{rel}","templated":true}]}}