{"id":1325,"date":"2017-09-23T19:27:36","date_gmt":"2017-09-23T17:27:36","guid":{"rendered":"http:\/\/www.region-fes-meknes.ma\/?page_id=1325"},"modified":"2018-04-02T14:44:38","modified_gmt":"2018-04-02T12:44:38","slug":"decouvrir-la-region","status":"publish","type":"page","link":"https:\/\/www.region-fes-meknes.ma\/fr\/la-region\/decouvrir-la-region\/","title":{"rendered":"D\u00e9couvrir la R\u00e9gion"},"content":{"rendered":"<h3>Potentialit\u00e9s touristiques de la r\u00e9gion F\u00e8s Mekn\u00e8s<\/h3>\n<p>La r\u00e9gion de F\u00e8s-Mekn\u00e8s regorge de richesses touristiques attrayantes et diversifi\u00e9es pouvant jouer un r\u00f4le important dans son d\u00e9veloppement socio-\u00e9conomique :<\/p>\n<ul>\n<li>Grace \u00e0 leur patrimoine historique et architectural, les deux villes m\u00e9di\u00e9vales (<a href=\"http:\/\/www.region-fes-meknes.ma\/provinces\/fes\/decouvrir-fes\/\">F\u00e8s<\/a> et <a href=\"http:\/\/www.region-fes-meknes.ma\/provinces\/meknes\/decouvrir-meknes\/\">Mekn\u00e8s<\/a>) peuvent d\u00e9velopper un tourisme essentiellement culturel : F\u00e8s, la capitale spirituelle du Royaume, est connue par ses arts traditionnels et son patrimoine architectural riche et authentique ; Mekn\u00e8s constitue avec son patrimoine et le site Volubilis un carrefour civilisationnel attractif.Les deux villes sont class\u00e9es patrimoine universel par l&rsquo;UNESCO.<\/li>\n<li><a href=\"http:\/\/www.region-fes-meknes.ma\/provinces\/my-yacoub\/decouvrir-my-yacoub\/\">La province de Moulay Yacoub<\/a> est connue par les sources thermales de Moulay Yacoub ayant des propri\u00e9t\u00e9s th\u00e9rapeutiques dans un paysage reposant et vallonn\u00e9 offrant la possibilit\u00e9 de diversifier l&rsquo;offre touristique de la r\u00e9gion en ajoutant le \u00a0\u00bb tourisme de cure \u00ab\u00a0.<\/li>\n<li><a href=\"http:\/\/www.region-fes-meknes.ma\/provinces\/ifrane\/decouvrir-ifrane\/\">La province d&rsquo;Ifrane<\/a> regorge d&rsquo;importants sites naturels attractifs au sein d&rsquo;une c\u00e9draie qui s&rsquo;\u00e9tend sur 115.920 ha ; il s&rsquo;agit de sources, lacs, rivi\u00e8res, offrant la possibilit\u00e9 de d\u00e9veloppement du tourisme de nature, celui rural et de l&rsquo;\u00e9co-tourisme :<br \/>\n&#8211; Dayet Aoua, lac hachlaf, lac ifrah, lac Nduit, lac Tifounnassime, lac Afnouine, Aguelman..<br \/>\n&#8211; Source Ben smim, Sidi rached, zenouka ajaabou, ain aghbal, ras elma, amghas, ain nokra..<\/li>\n<li><a href=\"http:\/\/www.region-fes-meknes.ma\/provinces\/sefrou\/decouvrir-sefrou\/\">La province de Sefrou<\/a>, avec un paysage naturel diversifi\u00e9, offre l&rsquo;opportunit\u00e9 de d\u00e9velopper diff\u00e9rents produits touristiques dans des sites naturels de grande attraction :<br \/>\n&#8211; For\u00eat Takaltount, for\u00eat de Taffert, massif de Bouyiblane, dayet iffer, dayet Afourgagh..<br \/>\n&#8211; Source Ain sebou, Ain Timdrine, Ain Soltane, Ain Regrag, Ain Chifa, Ain Jerrah, Ain Reggada, cascade Alla ou Ichou\u2026<br \/>\n&#8211; L&rsquo;arri\u00e8re pays de Sefrou: Imouzzer Kandar, Bhalil, Elmanzel, Sebou, Taffert, Bouyiblane.. pourrait offrir des randon\u00e9es p\u00e9destres, \u00e9questres, \u00e0 v\u00e9lo tr\u00e8s attrayantes.<\/li>\n<li><a href=\"http:\/\/www.region-fes-meknes.ma\/provinces\/taza\/decouvrir-taza\/\">La province de Taza<\/a> comprend des sites naturels au sein d&rsquo;une for\u00eat qui s&rsquo;\u00e9tend sur 210.777 ha et incluant le Parc National de Tazekka, la station estivale bab Boudir, les cascades de Ras Elma, les grottes Friouato, grottes Cha\u00e2ro et Ciker Oued el bared, la lac tamdo, Ain Elha mra ; en plus de r\u00e9serves de chasses permanentes.<\/li>\n<li><a href=\"http:\/\/www.region-fes-meknes.ma\/provinces\/el-hajeb\/decouvrir-el-hajeb\/\">La Province d&rsquo;Elhajeb<\/a> peut conna\u00eetre le d\u00e9veloppement de l&rsquo;agrotourisme, du tourisme \u00e9cologique et des activit\u00e9s recr\u00e9atrices (la chasse, la p\u00eache, les randonn\u00e9es, les circuits des lacs, le sport de montagne..) et ce, gr\u00e2ce aux sites naturels : Source Ain Khadem, source Assalama, source Ain Bitit, source Ain Bouteghzaz, source Ain Madani\u2026<\/li>\n<li><a href=\"http:\/\/www.region-fes-meknes.ma\/provinces\/taounate\/decouvrir-taounate\/\">La province de Taounate<\/a> peut attirer les visiteurs attir\u00e9s par l&rsquo;\u00e9cotourisme et de nature (randonn\u00e9es, cyclisme de montagne, chasse et p\u00eache\u2026) et ce, gr\u00e2ce sites naturels:<br \/>\n-La zone d&rsquo;Oudka \u00e0 Rhafsai (1.600 m d&rsquo;altitude) sources d&rsquo;eau fra\u00eeche et belv\u00e9d\u00e8res..<br \/>\n-La localit\u00e9 de Bouadel qui dispose d&rsquo;une source \u00e0 grand d\u00e9bit (site estival)..<br \/>\n-Les lacs collinaires et barrages (p\u00eache et sport nautique)<br \/>\n-Les montagnes et espaces forestiers (chasse et randonn\u00e9es..)<br \/>\n-Les grottes et les cavernes Kahf Arouss, Kahf Sidi Ali ben daoud, Kahf Ras lakbour ..<\/li>\n<li><a href=\"http:\/\/www.region-fes-meknes.ma\/provinces\/boulemane\/decouvrir-boulemane\/\">La province de Boulemane<\/a> est caract\u00e9ris\u00e9e par les activit\u00e9s de chasse et par les sources en eau abondantes et de fort d\u00e9bit.<br \/>\n-Les steppes d&rsquo;Alfa offrent la possibilit\u00e9 de pratiquer la chasse (cyn\u00e9g\u00e9tique) et l&rsquo;installation des amodiations de chasse.<br \/>\n-L&rsquo;abondance des sources en eau naturelles et de fort d\u00e9bit peut encourager le tourisme de nature et l&rsquo;\u00e9co-tourisme : Ain Tadout \u00e0 Sekoura, source Titzil \u00e0 Guigou, source Tissaf..<\/li>\n<\/ul>\n","protected":false},"excerpt":{"rendered":"<p>Potentialit\u00e9s touristiques de la r\u00e9gion F\u00e8s Mekn\u00e8s La r\u00e9gion de F\u00e8s-Mekn\u00e8s regorge de richesses touristiques attrayantes et diversifi\u00e9es pouvant jouer un r\u00f4le important dans son d\u00e9veloppement socio-\u00e9conomique : Grace \u00e0 &#8230;<\/p>\n","protected":false},"author":1,"featured_media":3448,"parent":1319,"menu_order":2,"comment_status":"closed","ping_status":"closed","template":"template-page-accordion.php","meta":{"_bbp_topic_count":0,"_bbp_reply_count":0,"_bbp_total_topic_count":0,"_bbp_total_reply_count":0,"_bbp_voice_count":0,"_bbp_anonymous_reply_count":0,"_bbp_topic_count_hidden":0,"_bbp_reply_count_hidden":0,"_bbp_forum_subforum_count":0},"acf":[],"yoast_head":"<!-- This site is optimized with the Yoast SEO plugin v19.5.1 - https:\/\/yoast.com\/wordpress\/plugins\/seo\/ -->\n<title>D\u00e9couvrir la R\u00e9gion - R\u00e9gion F\u00e8s Mekn\u00e8s<\/title>\n<meta name=\"robots\" content=\"index, follow, max-snippet:-1, max-image-preview:large, max-video-preview:-1\" \/>\n<link rel=\"canonical\" href=\"https:\/\/www.region-fes-meknes.ma\/fr\/la-region\/decouvrir-la-region\/\" \/>\n<meta property=\"og:locale\" content=\"fr_FR\" \/>\n<meta property=\"og:type\" content=\"article\" \/>\n<meta property=\"og:title\" content=\"D\u00e9couvrir la R\u00e9gion - R\u00e9gion F\u00e8s Mekn\u00e8s\" \/>\n<meta property=\"og:description\" content=\"Potentialit\u00e9s touristiques de la r\u00e9gion F\u00e8s Mekn\u00e8s La r\u00e9gion de F\u00e8s-Mekn\u00e8s regorge de richesses touristiques attrayantes et diversifi\u00e9es pouvant jouer un r\u00f4le important dans son d\u00e9veloppement socio-\u00e9conomique : Grace \u00e0 ...\" \/>\n<meta property=\"og:url\" content=\"https:\/\/www.region-fes-meknes.ma\/fr\/la-region\/decouvrir-la-region\/\" \/>\n<meta property=\"og:site_name\" content=\"R\u00e9gion F\u00e8s Mekn\u00e8s\" \/>\n<meta property=\"article:publisher\" content=\"https:\/\/www.facebook.com\/R%c3%a9gion-F%c3%a8s-Mekn%c3%a8s-1130195096990872\" \/>\n<meta property=\"article:modified_time\" content=\"2018-04-02T12:44:38+00:00\" \/>\n<meta property=\"og:image\" content=\"https:\/\/www.region-fes-meknes.ma\/wp-content\/uploads\/2017\/12\/decouvrir-region.jpg\" \/>\n\t<meta property=\"og:image:width\" content=\"415\" \/>\n\t<meta property=\"og:image:height\" content=\"215\" \/>\n\t<meta property=\"og:image:type\" content=\"image\/jpeg\" \/>\n<meta name=\"twitter:card\" content=\"summary_large_image\" \/>\n<meta name=\"twitter:label1\" content=\"Dur\u00e9e de lecture estim\u00e9e\" \/>\n\t<meta name=\"twitter:data1\" content=\"3 minutes\" \/>\n<script type=\"application\/ld+json\" class=\"yoast-schema-graph\">{\"@context\":\"https:\/\/schema.org\",\"@graph\":[{\"@type\":\"WebPage\",\"@id\":\"https:\/\/www.region-fes-meknes.ma\/fr\/la-region\/decouvrir-la-region\/\",\"url\":\"https:\/\/www.region-fes-meknes.ma\/fr\/la-region\/decouvrir-la-region\/\",\"name\":\"D\u00e9couvrir la R\u00e9gion - R\u00e9gion F\u00e8s Mekn\u00e8s\",\"isPartOf\":{\"@id\":\"https:\/\/www.region-fes-meknes.ma\/#website\"},\"datePublished\":\"2017-09-23T17:27:36+00:00\",\"dateModified\":\"2018-04-02T12:44:38+00:00\",\"breadcrumb\":{\"@id\":\"https:\/\/www.region-fes-meknes.ma\/fr\/la-region\/decouvrir-la-region\/#breadcrumb\"},\"inLanguage\":\"fr-FR\",\"potentialAction\":[{\"@type\":\"ReadAction\",\"target\":[\"https:\/\/www.region-fes-meknes.ma\/fr\/la-region\/decouvrir-la-region\/\"]}]},{\"@type\":\"BreadcrumbList\",\"@id\":\"https:\/\/www.region-fes-meknes.ma\/fr\/la-region\/decouvrir-la-region\/#breadcrumb\",\"itemListElement\":[{\"@type\":\"ListItem\",\"position\":1,\"name\":\"Accueil\",\"item\":\"https:\/\/www.region-fes-meknes.ma\/fr\/\"},{\"@type\":\"ListItem\",\"position\":2,\"name\":\"La R\u00e9gion\",\"item\":\"https:\/\/www.region-fes-meknes.ma\/fr\/la-region\/\"},{\"@type\":\"ListItem\",\"position\":3,\"name\":\"D\u00e9couvrir la R\u00e9gion\"}]},{\"@type\":\"WebSite\",\"@id\":\"https:\/\/www.region-fes-meknes.ma\/#website\",\"url\":\"https:\/\/www.region-fes-meknes.ma\/\",\"name\":\"Portail de la R\u00e9gion F\u00e8s-Mekn\u00e8s\",\"description\":\"Site officiel de la r\u00e9gion F\u00e8s-Mekn\u00e8s.\",\"publisher\":{\"@id\":\"https:\/\/www.region-fes-meknes.ma\/#organization\"},\"potentialAction\":[{\"@type\":\"SearchAction\",\"target\":{\"@type\":\"EntryPoint\",\"urlTemplate\":\"https:\/\/www.region-fes-meknes.ma\/?s={search_term_string}\"},\"query-input\":\"required name=search_term_string\"}],\"inLanguage\":\"fr-FR\"},{\"@type\":\"Organization\",\"@id\":\"https:\/\/www.region-fes-meknes.ma\/#organization\",\"name\":\"R\u00e9gion F\u00e8s M\u00e8kn\u00e8s\",\"url\":\"https:\/\/www.region-fes-meknes.ma\/\",\"sameAs\":[\"https:\/\/www.facebook.com\/R\u00e9gion-F\u00e8s-Mekn\u00e8s-1130195096990872\"],\"logo\":{\"@type\":\"ImageObject\",\"inLanguage\":\"fr-FR\",\"@id\":\"https:\/\/www.region-fes-meknes.ma\/#\/schema\/logo\/image\/\",\"url\":\"http:\/\/www.region-fes-meknes.ma\/wp-content\/uploads\/2017\/10\/logo-rfm4.png\",\"contentUrl\":\"http:\/\/www.region-fes-meknes.ma\/wp-content\/uploads\/2017\/10\/logo-rfm4.png\",\"width\":304,\"height\":291,\"caption\":\"R\u00e9gion F\u00e8s M\u00e8kn\u00e8s\"},\"image\":{\"@id\":\"https:\/\/www.region-fes-meknes.ma\/#\/schema\/logo\/image\/\"}}]}<\/script>\n<!-- \/ Yoast SEO plugin. -->","yoast_head_json":{"title":"D\u00e9couvrir la R\u00e9gion - R\u00e9gion F\u00e8s Mekn\u00e8s","robots":{"index":"index","follow":"follow","max-snippet":"max-snippet:-1","max-image-preview":"max-image-preview:large","max-video-preview":"max-video-preview:-1"},"canonical":"https:\/\/www.region-fes-meknes.ma\/fr\/la-region\/decouvrir-la-region\/","og_locale":"fr_FR","og_type":"article","og_title":"D\u00e9couvrir la R\u00e9gion - R\u00e9gion F\u00e8s Mekn\u00e8s","og_description":"Potentialit\u00e9s touristiques de la r\u00e9gion F\u00e8s Mekn\u00e8s La r\u00e9gion de F\u00e8s-Mekn\u00e8s regorge de richesses touristiques attrayantes et diversifi\u00e9es pouvant jouer un r\u00f4le important dans son d\u00e9veloppement socio-\u00e9conomique : Grace \u00e0 ...","og_url":"https:\/\/www.region-fes-meknes.ma\/fr\/la-region\/decouvrir-la-region\/","og_site_name":"R\u00e9gion F\u00e8s Mekn\u00e8s","article_publisher":"https:\/\/www.facebook.com\/R%c3%a9gion-F%c3%a8s-Mekn%c3%a8s-1130195096990872","article_modified_time":"2018-04-02T12:44:38+00:00","og_image":[{"width":415,"height":215,"url":"https:\/\/www.region-fes-meknes.ma\/wp-content\/uploads\/2017\/12\/decouvrir-region.jpg","type":"image\/jpeg"}],"twitter_card":"summary_large_image","twitter_misc":{"Dur\u00e9e de lecture estim\u00e9e":"3 minutes"},"schema":{"@context":"https:\/\/schema.org","@graph":[{"@type":"WebPage","@id":"https:\/\/www.region-fes-meknes.ma\/fr\/la-region\/decouvrir-la-region\/","url":"https:\/\/www.region-fes-meknes.ma\/fr\/la-region\/decouvrir-la-region\/","name":"D\u00e9couvrir la R\u00e9gion - R\u00e9gion F\u00e8s Mekn\u00e8s","isPartOf":{"@id":"https:\/\/www.region-fes-meknes.ma\/#website"},"datePublished":"2017-09-23T17:27:36+00:00","dateModified":"2018-04-02T12:44:38+00:00","breadcrumb":{"@id":"https:\/\/www.region-fes-meknes.ma\/fr\/la-region\/decouvrir-la-region\/#breadcrumb"},"inLanguage":"fr-FR","potentialAction":[{"@type":"ReadAction","target":["https:\/\/www.region-fes-meknes.ma\/fr\/la-region\/decouvrir-la-region\/"]}]},{"@type":"BreadcrumbList","@id":"https:\/\/www.region-fes-meknes.ma\/fr\/la-region\/decouvrir-la-region\/#breadcrumb","itemListElement":[{"@type":"ListItem","position":1,"name":"Accueil","item":"https:\/\/www.region-fes-meknes.ma\/fr\/"},{"@type":"ListItem","position":2,"name":"La R\u00e9gion","item":"https:\/\/www.region-fes-meknes.ma\/fr\/la-region\/"},{"@type":"ListItem","position":3,"name":"D\u00e9couvrir la R\u00e9gion"}]},{"@type":"WebSite","@id":"https:\/\/www.region-fes-meknes.ma\/#website","url":"https:\/\/www.region-fes-meknes.ma\/","name":"Portail de la R\u00e9gion F\u00e8s-Mekn\u00e8s","description":"Site officiel de la r\u00e9gion F\u00e8s-Mekn\u00e8s.","publisher":{"@id":"https:\/\/www.region-fes-meknes.ma\/#organization"},"potentialAction":[{"@type":"SearchAction","target":{"@type":"EntryPoint","urlTemplate":"https:\/\/www.region-fes-meknes.ma\/?s={search_term_string}"},"query-input":"required name=search_term_string"}],"inLanguage":"fr-FR"},{"@type":"Organization","@id":"https:\/\/www.region-fes-meknes.ma\/#organization","name":"R\u00e9gion F\u00e8s M\u00e8kn\u00e8s","url":"https:\/\/www.region-fes-meknes.ma\/","sameAs":["https:\/\/www.facebook.com\/R\u00e9gion-F\u00e8s-Mekn\u00e8s-1130195096990872"],"logo":{"@type":"ImageObject","inLanguage":"fr-FR","@id":"https:\/\/www.region-fes-meknes.ma\/#\/schema\/logo\/image\/","url":"http:\/\/www.region-fes-meknes.ma\/wp-content\/uploads\/2017\/10\/logo-rfm4.png","contentUrl":"http:\/\/www.region-fes-meknes.ma\/wp-content\/uploads\/2017\/10\/logo-rfm4.png","width":304,"height":291,"caption":"R\u00e9gion F\u00e8s M\u00e8kn\u00e8s"},"image":{"@id":"https:\/\/www.region-fes-meknes.ma\/#\/schema\/logo\/image\/"}}]}},"_links":{"self":[{"href":"https:\/\/www.region-fes-meknes.ma\/fr\/wp-json\/wp\/v2\/pages\/1325"}],"collection":[{"href":"https:\/\/www.region-fes-meknes.ma\/fr\/wp-json\/wp\/v2\/pages"}],"about":[{"href":"https:\/\/www.region-fes-meknes.ma\/fr\/wp-json\/wp\/v2\/types\/page"}],"author":[{"embeddable":true,"href":"https:\/\/www.region-fes-meknes.ma\/fr\/wp-json\/wp\/v2\/users\/1"}],"replies":[{"embeddable":true,"href":"https:\/\/www.region-fes-meknes.ma\/fr\/wp-json\/wp\/v2\/comments?post=1325"}],"version-history":[{"count":9,"href":"https:\/\/www.region-fes-meknes.ma\/fr\/wp-json\/wp\/v2\/pages\/1325\/revisions"}],"predecessor-version":[{"id":4687,"href":"https:\/\/www.region-fes-meknes.ma\/fr\/wp-json\/wp\/v2\/pages\/1325\/revisions\/4687"}],"up":[{"embeddable":true,"href":"https:\/\/www.region-fes-meknes.ma\/fr\/wp-json\/wp\/v2\/pages\/1319"}],"wp:featuredmedia":[{"embeddable":true,"href":"https:\/\/www.region-fes-meknes.ma\/fr\/wp-json\/wp\/v2\/media\/3448"}],"wp:attachment":[{"href":"https:\/\/www.region-fes-meknes.ma\/fr\/wp-json\/wp\/v2\/media?parent=1325"}],"curies":[{"name":"wp","href":"https:\/\/api.w.org\/{rel}","templated":true}]}}