{"id":1366,"date":"2020-03-12T19:36:23","date_gmt":"2020-03-12T18:36:23","guid":{"rendered":"http:\/\/www.region-fes-meknes.ma\/?page_id=1366"},"modified":"2020-03-13T16:22:40","modified_gmt":"2020-03-13T15:22:40","slug":"appels-doffres","status":"publish","type":"page","link":"https:\/\/www.region-fes-meknes.ma\/fr\/services\/appels-doffres\/","title":{"rendered":"Appels d&rsquo;offres"},"content":{"rendered":"<h3>Appels d&rsquo;offres lanc\u00e9s par le conseil r\u00e9gional de F\u00e8s-Mekn\u00e8s<\/h3>\n<p><strong><a href=\"http:\/\/www.region-fes-meknes.ma\/wp-content\/uploads\/2020\/03\/rfm-programme-previsionnel-ao-2020.pdf\" target=\"_blank\" rel=\"noopener noreferrer\">Programme pr\u00e9visionnel des appels d&rsquo;offres pour l&rsquo;ann\u00e9e budg\u00e9taire 2020<\/a><\/strong><\/p>\n<div class=\"filter-wrap\"><h3>Crit\u00e8res de filtre<\/h3><form action=\"https:\/\/www.region-fes-meknes.ma\/fr\/wp-json\/wp\/v2\" method=\"GET\" id=\"recherche-appels_offres\"><div class=\"table\"><div class=\"row\"><div class=\"cell col-4\"><select name=\"annee\" id=\"select-annee\" class=\"form-control form-select\"><option value=\"\"  >Filtrer par Ann\u00e9e ...<\/option>\\n<option value=\"2026\" selected = \"selected\">2026<\/option><option value=\"2025\" >2025<\/option><option value=\"2022\" >2022<\/option><option value=\"2020\" >2020<\/option><option value=\"2019\" >2019<\/option><option value=\"2018\" >2018<\/option><option value=\"2017\" >2017<\/option><\/select><\/div><div class=\"cell col-4\"><select name=\"etat\" id=\"select-etat\" class=\"form-control form-select\"><option value=\"\"  >Filtrer par Etat ...<\/option><option value=\"1\" >Planifi\u00e9<\/option><option value=\"2\" selected = \"selected\">Lanc\u00e9<\/option><option value=\"3\" >A relancer<\/option><option value=\"4\" >Annul\u00e9<\/option><option value=\"5\" >Attribu\u00e9<\/option><option value=\"6\" >Engag\u00e9<\/option><option value=\"7\" >Approuv\u00e9<\/option><option value=\"8\" >OS sign\u00e9<\/option><option value=\"9\" >En cours d'ex\u00e9cution<\/option><option value=\"10\" >Ex\u00e9cut\u00e9<\/option><option value=\"11\" >Infructueux<\/option><option value=\"12\" >R\u00e9sili\u00e9<\/option><\/select><\/div><div class=\"cell col-4\"><select name=\"categorie\" id=\"select-categorie\" class=\"form-control form-select\"><option value=\"\" selected = \"selected\" >Filtrer par cat\u00e9gorie ...<\/option><option value=\"1\" >Travaux<\/option><option value=\"2\" >Fournitures<\/option><option value=\"3\" >Services<\/option><\/select><\/div><\/div><\/div><\/form><\/div><div class=\"page-category\"><div class=\"table-responsive\"><table class=\"table-striped\"><thead><tr><th>Cat\u00e9gorie<\/th><th>Objet<\/th><th align=\"center\">Ouverture de plis<\/th><\/tr><\/thead><tbody>\n\n<tr vertical-align=\"middle\">\n    <td>\n\t\tServices\t<\/td>\n\t<td>\n\t\t<h4 class=\"entry-title-list\"><a href=\"https:\/\/www.region-fes-meknes.ma\/fr\/appel_offres\/%d8%a5%d8%b9%d9%84%d8%a7%d9%86-%d8%b9%d9%86-%d8%a5%d8%a8%d8%af%d8%a7%d8%a1-%d8%a7%d9%84%d8%a7%d9%87%d8%aa%d9%85%d8%a7%d9%85-%d9%84%d8%aa%d8%b3%d9%8a%d9%8a%d8%b1-%d9%88%d8%aa%d8%b4%d8%ba%d9%8a%d9%84\/\" rel=\"bookmark\">\u0625\u0639\u0644\u0627\u0646 \u0639\u0646 \u0625\u0628\u062f\u0627\u0621 \u0627\u0644\u0627\u0647\u062a\u0645\u0627\u0645 \u0644\u062a\u0633\u064a\u064a\u0631 \u0648\u062a\u0634\u063a\u064a\u0644 \u0648\u0635\u064a\u0627\u0646\u0629 \u0627\u0644\u0645\u0631\u0643\u0628 \u0645\u062a\u0639\u062f\u062f \u0627\u0644\u0627\u062e\u062a\u0635\u0627\u0635\u0627\u062a \u0641\u064a \u0645\u062c\u0627\u0644 \u0627\u0644\u0627\u0642\u062a\u0635\u0627\u062f \u0627\u0644\u0627\u062c\u062a\u0645\u0627\u0639\u064a \u0648\u0627\u0644\u062a\u0636\u0627\u0645\u0646\u064a \u0628\u0646\u0633\u0648\u062f\u0629 &#8211; \u0641\u0627\u0633<\/a><\/h4>\t\t\n\t\t<h4 class=\"entry-title-list\"><a href=\"https:\/\/www.region-fes-meknes.ma\/fr\/appel_offres\/%d8%a5%d8%b9%d9%84%d8%a7%d9%86-%d8%b9%d9%86-%d8%a5%d8%a8%d8%af%d8%a7%d8%a1-%d8%a7%d9%84%d8%a7%d9%87%d8%aa%d9%85%d8%a7%d9%85-%d9%84%d8%aa%d8%b3%d9%8a%d9%8a%d8%b1-%d9%88%d8%aa%d8%b4%d8%ba%d9%8a%d9%84\/\" rel=\"bookmark\">\u0625\u0639\u0644\u0627\u0646 \u0639\u0646 \u0625\u0628\u062f\u0627\u0621 \u0627\u0644\u0627\u0647\u062a\u0645\u0627\u0645 \u0644\u062a\u0633\u064a\u064a\u0631 \u0648\u062a\u0634\u063a\u064a\u0644 \u0648\u0635\u064a\u0627\u0646\u0629 \u0627\u0644\u0645\u0631\u0643\u0628 \u0645\u062a\u0639\u062f\u062f \u0627\u0644\u0627\u062e\u062a\u0635\u0627\u0635\u0627\u062a \u0641\u064a \u0645\u062c\u0627\u0644 \u0627\u0644\u0627\u0642\u062a\u0635\u0627\u062f \u0627\u0644\u0627\u062c\u062a\u0645\u0627\u0639\u064a \u0648\u0627\u0644\u062a\u0636\u0627\u0645\u0646\u064a \u0628\u0646\u0633\u0648\u062f\u0629 - \u0641\u0627\u0633<\/a><\/h4>\t\t\t<strong>--<\/strong>\n\t\t\t<br \/>\n\t\t\tLieu d\u2019ex\u00e9cution : \u0641\u0627\u0633<br \/>\n\t\t\t\t\t\t\n\t<\/td>\n\t<td align=\"center\">\n\t\t\t\t\t\t\t\t\t\t13\/02\/2026 00:00\t\t\t<\/td>\n<\/tr>\n\n\n<\/tbody><\/table><!-- .table-striped --><\/div><!-- .table-responsive --><\/div><!-- .page-category -->\n","protected":false},"excerpt":{"rendered":"<p>Appels d&rsquo;offres lanc\u00e9s par le conseil r\u00e9gional de F\u00e8s-Mekn\u00e8s Programme pr\u00e9visionnel des appels d&rsquo;offres pour l&rsquo;ann\u00e9e budg\u00e9taire 2020<\/p>\n","protected":false},"author":1,"featured_media":2495,"parent":1354,"menu_order":3,"comment_status":"closed","ping_status":"closed","template":"","meta":{"_bbp_topic_count":0,"_bbp_reply_count":0,"_bbp_total_topic_count":0,"_bbp_total_reply_count":0,"_bbp_voice_count":0,"_bbp_anonymous_reply_count":0,"_bbp_topic_count_hidden":0,"_bbp_reply_count_hidden":0,"_bbp_forum_subforum_count":0},"acf":[],"yoast_head":"<!-- This site is optimized with the Yoast SEO plugin v19.5.1 - https:\/\/yoast.com\/wordpress\/plugins\/seo\/ -->\n<title>Appels d&#039;offres - R\u00e9gion F\u00e8s Mekn\u00e8s<\/title>\n<meta name=\"robots\" content=\"index, follow, max-snippet:-1, max-image-preview:large, max-video-preview:-1\" \/>\n<link rel=\"canonical\" href=\"https:\/\/www.region-fes-meknes.ma\/fr\/services\/appels-doffres\/\" \/>\n<meta property=\"og:locale\" content=\"fr_FR\" \/>\n<meta property=\"og:type\" content=\"article\" \/>\n<meta property=\"og:title\" content=\"Appels d&#039;offres - R\u00e9gion F\u00e8s Mekn\u00e8s\" \/>\n<meta property=\"og:description\" content=\"Appels d&rsquo;offres lanc\u00e9s par le conseil r\u00e9gional de F\u00e8s-Mekn\u00e8s Programme pr\u00e9visionnel des appels d&rsquo;offres pour l&rsquo;ann\u00e9e budg\u00e9taire 2020\" \/>\n<meta property=\"og:url\" content=\"https:\/\/www.region-fes-meknes.ma\/fr\/services\/appels-doffres\/\" \/>\n<meta property=\"og:site_name\" content=\"R\u00e9gion F\u00e8s Mekn\u00e8s\" \/>\n<meta property=\"article:publisher\" content=\"https:\/\/www.facebook.com\/R%c3%a9gion-F%c3%a8s-Mekn%c3%a8s-1130195096990872\" \/>\n<meta property=\"article:modified_time\" content=\"2020-03-13T15:22:40+00:00\" \/>\n<meta property=\"og:image\" content=\"https:\/\/www.region-fes-meknes.ma\/wp-content\/uploads\/2017\/09\/cr_appel_offre.jpg\" \/>\n\t<meta property=\"og:image:width\" content=\"415\" \/>\n\t<meta property=\"og:image:height\" content=\"215\" \/>\n\t<meta property=\"og:image:type\" content=\"image\/jpeg\" \/>\n<meta name=\"twitter:card\" content=\"summary_large_image\" \/>\n<script type=\"application\/ld+json\" class=\"yoast-schema-graph\">{\"@context\":\"https:\/\/schema.org\",\"@graph\":[{\"@type\":\"WebPage\",\"@id\":\"https:\/\/www.region-fes-meknes.ma\/fr\/services\/appels-doffres\/\",\"url\":\"https:\/\/www.region-fes-meknes.ma\/fr\/services\/appels-doffres\/\",\"name\":\"Appels d'offres - R\u00e9gion F\u00e8s Mekn\u00e8s\",\"isPartOf\":{\"@id\":\"https:\/\/www.region-fes-meknes.ma\/#website\"},\"datePublished\":\"2020-03-12T18:36:23+00:00\",\"dateModified\":\"2020-03-13T15:22:40+00:00\",\"breadcrumb\":{\"@id\":\"https:\/\/www.region-fes-meknes.ma\/fr\/services\/appels-doffres\/#breadcrumb\"},\"inLanguage\":\"fr-FR\",\"potentialAction\":[{\"@type\":\"ReadAction\",\"target\":[\"https:\/\/www.region-fes-meknes.ma\/fr\/services\/appels-doffres\/\"]}]},{\"@type\":\"BreadcrumbList\",\"@id\":\"https:\/\/www.region-fes-meknes.ma\/fr\/services\/appels-doffres\/#breadcrumb\",\"itemListElement\":[{\"@type\":\"ListItem\",\"position\":1,\"name\":\"Accueil\",\"item\":\"https:\/\/www.region-fes-meknes.ma\/fr\/\"},{\"@type\":\"ListItem\",\"position\":2,\"name\":\"Services\",\"item\":\"https:\/\/www.region-fes-meknes.ma\/fr\/services\/\"},{\"@type\":\"ListItem\",\"position\":3,\"name\":\"Appels d&rsquo;offres\"}]},{\"@type\":\"WebSite\",\"@id\":\"https:\/\/www.region-fes-meknes.ma\/#website\",\"url\":\"https:\/\/www.region-fes-meknes.ma\/\",\"name\":\"Portail de la R\u00e9gion F\u00e8s-Mekn\u00e8s\",\"description\":\"Site officiel de la r\u00e9gion F\u00e8s-Mekn\u00e8s.\",\"publisher\":{\"@id\":\"https:\/\/www.region-fes-meknes.ma\/#organization\"},\"potentialAction\":[{\"@type\":\"SearchAction\",\"target\":{\"@type\":\"EntryPoint\",\"urlTemplate\":\"https:\/\/www.region-fes-meknes.ma\/?s={search_term_string}\"},\"query-input\":\"required name=search_term_string\"}],\"inLanguage\":\"fr-FR\"},{\"@type\":\"Organization\",\"@id\":\"https:\/\/www.region-fes-meknes.ma\/#organization\",\"name\":\"R\u00e9gion F\u00e8s M\u00e8kn\u00e8s\",\"url\":\"https:\/\/www.region-fes-meknes.ma\/\",\"sameAs\":[\"https:\/\/www.facebook.com\/R\u00e9gion-F\u00e8s-Mekn\u00e8s-1130195096990872\"],\"logo\":{\"@type\":\"ImageObject\",\"inLanguage\":\"fr-FR\",\"@id\":\"https:\/\/www.region-fes-meknes.ma\/#\/schema\/logo\/image\/\",\"url\":\"http:\/\/www.region-fes-meknes.ma\/wp-content\/uploads\/2017\/10\/logo-rfm4.png\",\"contentUrl\":\"http:\/\/www.region-fes-meknes.ma\/wp-content\/uploads\/2017\/10\/logo-rfm4.png\",\"width\":304,\"height\":291,\"caption\":\"R\u00e9gion F\u00e8s M\u00e8kn\u00e8s\"},\"image\":{\"@id\":\"https:\/\/www.region-fes-meknes.ma\/#\/schema\/logo\/image\/\"}}]}<\/script>\n<!-- \/ Yoast SEO plugin. -->","yoast_head_json":{"title":"Appels d'offres - R\u00e9gion F\u00e8s Mekn\u00e8s","robots":{"index":"index","follow":"follow","max-snippet":"max-snippet:-1","max-image-preview":"max-image-preview:large","max-video-preview":"max-video-preview:-1"},"canonical":"https:\/\/www.region-fes-meknes.ma\/fr\/services\/appels-doffres\/","og_locale":"fr_FR","og_type":"article","og_title":"Appels d'offres - R\u00e9gion F\u00e8s Mekn\u00e8s","og_description":"Appels d&rsquo;offres lanc\u00e9s par le conseil r\u00e9gional de F\u00e8s-Mekn\u00e8s Programme pr\u00e9visionnel des appels d&rsquo;offres pour l&rsquo;ann\u00e9e budg\u00e9taire 2020","og_url":"https:\/\/www.region-fes-meknes.ma\/fr\/services\/appels-doffres\/","og_site_name":"R\u00e9gion F\u00e8s Mekn\u00e8s","article_publisher":"https:\/\/www.facebook.com\/R%c3%a9gion-F%c3%a8s-Mekn%c3%a8s-1130195096990872","article_modified_time":"2020-03-13T15:22:40+00:00","og_image":[{"width":415,"height":215,"url":"https:\/\/www.region-fes-meknes.ma\/wp-content\/uploads\/2017\/09\/cr_appel_offre.jpg","type":"image\/jpeg"}],"twitter_card":"summary_large_image","schema":{"@context":"https:\/\/schema.org","@graph":[{"@type":"WebPage","@id":"https:\/\/www.region-fes-meknes.ma\/fr\/services\/appels-doffres\/","url":"https:\/\/www.region-fes-meknes.ma\/fr\/services\/appels-doffres\/","name":"Appels d'offres - R\u00e9gion F\u00e8s Mekn\u00e8s","isPartOf":{"@id":"https:\/\/www.region-fes-meknes.ma\/#website"},"datePublished":"2020-03-12T18:36:23+00:00","dateModified":"2020-03-13T15:22:40+00:00","breadcrumb":{"@id":"https:\/\/www.region-fes-meknes.ma\/fr\/services\/appels-doffres\/#breadcrumb"},"inLanguage":"fr-FR","potentialAction":[{"@type":"ReadAction","target":["https:\/\/www.region-fes-meknes.ma\/fr\/services\/appels-doffres\/"]}]},{"@type":"BreadcrumbList","@id":"https:\/\/www.region-fes-meknes.ma\/fr\/services\/appels-doffres\/#breadcrumb","itemListElement":[{"@type":"ListItem","position":1,"name":"Accueil","item":"https:\/\/www.region-fes-meknes.ma\/fr\/"},{"@type":"ListItem","position":2,"name":"Services","item":"https:\/\/www.region-fes-meknes.ma\/fr\/services\/"},{"@type":"ListItem","position":3,"name":"Appels d&rsquo;offres"}]},{"@type":"WebSite","@id":"https:\/\/www.region-fes-meknes.ma\/#website","url":"https:\/\/www.region-fes-meknes.ma\/","name":"Portail de la R\u00e9gion F\u00e8s-Mekn\u00e8s","description":"Site officiel de la r\u00e9gion F\u00e8s-Mekn\u00e8s.","publisher":{"@id":"https:\/\/www.region-fes-meknes.ma\/#organization"},"potentialAction":[{"@type":"SearchAction","target":{"@type":"EntryPoint","urlTemplate":"https:\/\/www.region-fes-meknes.ma\/?s={search_term_string}"},"query-input":"required name=search_term_string"}],"inLanguage":"fr-FR"},{"@type":"Organization","@id":"https:\/\/www.region-fes-meknes.ma\/#organization","name":"R\u00e9gion F\u00e8s M\u00e8kn\u00e8s","url":"https:\/\/www.region-fes-meknes.ma\/","sameAs":["https:\/\/www.facebook.com\/R\u00e9gion-F\u00e8s-Mekn\u00e8s-1130195096990872"],"logo":{"@type":"ImageObject","inLanguage":"fr-FR","@id":"https:\/\/www.region-fes-meknes.ma\/#\/schema\/logo\/image\/","url":"http:\/\/www.region-fes-meknes.ma\/wp-content\/uploads\/2017\/10\/logo-rfm4.png","contentUrl":"http:\/\/www.region-fes-meknes.ma\/wp-content\/uploads\/2017\/10\/logo-rfm4.png","width":304,"height":291,"caption":"R\u00e9gion F\u00e8s M\u00e8kn\u00e8s"},"image":{"@id":"https:\/\/www.region-fes-meknes.ma\/#\/schema\/logo\/image\/"}}]}},"_links":{"self":[{"href":"https:\/\/www.region-fes-meknes.ma\/fr\/wp-json\/wp\/v2\/pages\/1366"}],"collection":[{"href":"https:\/\/www.region-fes-meknes.ma\/fr\/wp-json\/wp\/v2\/pages"}],"about":[{"href":"https:\/\/www.region-fes-meknes.ma\/fr\/wp-json\/wp\/v2\/types\/page"}],"author":[{"embeddable":true,"href":"https:\/\/www.region-fes-meknes.ma\/fr\/wp-json\/wp\/v2\/users\/1"}],"replies":[{"embeddable":true,"href":"https:\/\/www.region-fes-meknes.ma\/fr\/wp-json\/wp\/v2\/comments?post=1366"}],"version-history":[{"count":4,"href":"https:\/\/www.region-fes-meknes.ma\/fr\/wp-json\/wp\/v2\/pages\/1366\/revisions"}],"predecessor-version":[{"id":14734,"href":"https:\/\/www.region-fes-meknes.ma\/fr\/wp-json\/wp\/v2\/pages\/1366\/revisions\/14734"}],"up":[{"embeddable":true,"href":"https:\/\/www.region-fes-meknes.ma\/fr\/wp-json\/wp\/v2\/pages\/1354"}],"wp:featuredmedia":[{"embeddable":true,"href":"https:\/\/www.region-fes-meknes.ma\/fr\/wp-json\/wp\/v2\/media\/2495"}],"wp:attachment":[{"href":"https:\/\/www.region-fes-meknes.ma\/fr\/wp-json\/wp\/v2\/media?parent=1366"}],"curies":[{"name":"wp","href":"https:\/\/api.w.org\/{rel}","templated":true}]}}