{"id":1445,"date":"2017-10-04T12:52:24","date_gmt":"2017-10-04T10:52:24","guid":{"rendered":"http:\/\/www.region-fes-meknes.ma\/?page_id=1445"},"modified":"2018-06-27T13:56:30","modified_gmt":"2018-06-27T12:56:30","slug":"commissions-permanentes","status":"publish","type":"page","link":"https:\/\/www.region-fes-meknes.ma\/fr\/le-conseil-regional\/composition\/commissions-permanentes\/","title":{"rendered":"Commissions permanentes"},"content":{"rendered":"<p>Conform\u00e9ment \u00e0 l&rsquo;article 45 du <a href=\"http:\/\/www.region-fes-meknes.ma\/wp-content\/uploads\/2017\/12\/reglement-interne-conseil-region-fes-meknes.pdf\" target=\"_blank\" rel=\"noopener\">R\u00e8glement int\u00e9rieur<\/a>, le Conseil R\u00e9gional a cr\u00e9\u00e9 sept commissions permanentes dont les attributions sont d\u00e9finies par l&rsquo;article 46 du m\u00eame R\u00e8glement.<\/p>\n<p><strong>=&gt; <a href=\"http:\/\/www.region-fes-meknes.ma\/le-conseil-regional\/agenda\/reunions-des-commissions\/\">Liste des R\u00e9unions<\/a><\/strong><\/p>\n","protected":false},"excerpt":{"rendered":"<p>Conform\u00e9ment \u00e0 l&rsquo;article 45 du R\u00e8glement int\u00e9rieur, le Conseil R\u00e9gional a cr\u00e9\u00e9 sept commissions permanentes dont les attributions sont d\u00e9finies par l&rsquo;article 46 du m\u00eame R\u00e8glement. =&gt; Liste des R\u00e9unions<\/p>\n","protected":false},"author":1,"featured_media":3191,"parent":1305,"menu_order":4,"comment_status":"closed","ping_status":"closed","template":"template-parent-page-list.php","meta":{"_bbp_topic_count":0,"_bbp_reply_count":0,"_bbp_total_topic_count":0,"_bbp_total_reply_count":0,"_bbp_voice_count":0,"_bbp_anonymous_reply_count":0,"_bbp_topic_count_hidden":0,"_bbp_reply_count_hidden":0,"_bbp_forum_subforum_count":0},"acf":[],"yoast_head":"<!-- This site is optimized with the Yoast SEO plugin v19.5.1 - https:\/\/yoast.com\/wordpress\/plugins\/seo\/ -->\n<title>Commissions permanentes - R\u00e9gion F\u00e8s Mekn\u00e8s<\/title>\n<meta name=\"robots\" content=\"index, follow, max-snippet:-1, max-image-preview:large, max-video-preview:-1\" \/>\n<link rel=\"canonical\" href=\"https:\/\/www.region-fes-meknes.ma\/fr\/le-conseil-regional\/composition\/commissions-permanentes\/\" \/>\n<meta property=\"og:locale\" content=\"fr_FR\" \/>\n<meta property=\"og:type\" content=\"article\" \/>\n<meta property=\"og:title\" content=\"Commissions permanentes - R\u00e9gion F\u00e8s Mekn\u00e8s\" \/>\n<meta property=\"og:description\" content=\"Conform\u00e9ment \u00e0 l&rsquo;article 45 du R\u00e8glement int\u00e9rieur, le Conseil R\u00e9gional a cr\u00e9\u00e9 sept commissions permanentes dont les attributions sont d\u00e9finies par l&rsquo;article 46 du m\u00eame R\u00e8glement. =&gt; Liste des R\u00e9unions\" \/>\n<meta property=\"og:url\" content=\"https:\/\/www.region-fes-meknes.ma\/fr\/le-conseil-regional\/composition\/commissions-permanentes\/\" \/>\n<meta property=\"og:site_name\" content=\"R\u00e9gion F\u00e8s Mekn\u00e8s\" \/>\n<meta property=\"article:publisher\" content=\"https:\/\/www.facebook.com\/R%c3%a9gion-F%c3%a8s-Mekn%c3%a8s-1130195096990872\" \/>\n<meta property=\"article:modified_time\" content=\"2018-06-27T12:56:30+00:00\" \/>\n<meta property=\"og:image\" content=\"https:\/\/www.region-fes-meknes.ma\/wp-content\/uploads\/2017\/11\/pdr-cat-171121-00.jpg\" \/>\n\t<meta property=\"og:image:width\" content=\"1090\" \/>\n\t<meta property=\"og:image:height\" content=\"722\" \/>\n\t<meta property=\"og:image:type\" content=\"image\/jpeg\" \/>\n<meta name=\"twitter:card\" content=\"summary_large_image\" \/>\n<script type=\"application\/ld+json\" class=\"yoast-schema-graph\">{\"@context\":\"https:\/\/schema.org\",\"@graph\":[{\"@type\":\"WebPage\",\"@id\":\"https:\/\/www.region-fes-meknes.ma\/fr\/le-conseil-regional\/composition\/commissions-permanentes\/\",\"url\":\"https:\/\/www.region-fes-meknes.ma\/fr\/le-conseil-regional\/composition\/commissions-permanentes\/\",\"name\":\"Commissions permanentes - R\u00e9gion F\u00e8s Mekn\u00e8s\",\"isPartOf\":{\"@id\":\"https:\/\/www.region-fes-meknes.ma\/#website\"},\"datePublished\":\"2017-10-04T10:52:24+00:00\",\"dateModified\":\"2018-06-27T12:56:30+00:00\",\"breadcrumb\":{\"@id\":\"https:\/\/www.region-fes-meknes.ma\/fr\/le-conseil-regional\/composition\/commissions-permanentes\/#breadcrumb\"},\"inLanguage\":\"fr-FR\",\"potentialAction\":[{\"@type\":\"ReadAction\",\"target\":[\"https:\/\/www.region-fes-meknes.ma\/fr\/le-conseil-regional\/composition\/commissions-permanentes\/\"]}]},{\"@type\":\"BreadcrumbList\",\"@id\":\"https:\/\/www.region-fes-meknes.ma\/fr\/le-conseil-regional\/composition\/commissions-permanentes\/#breadcrumb\",\"itemListElement\":[{\"@type\":\"ListItem\",\"position\":1,\"name\":\"Accueil\",\"item\":\"https:\/\/www.region-fes-meknes.ma\/fr\/\"},{\"@type\":\"ListItem\",\"position\":2,\"name\":\"Le Conseil R\u00e9gional\",\"item\":\"https:\/\/www.region-fes-meknes.ma\/fr\/le-conseil-regional\/\"},{\"@type\":\"ListItem\",\"position\":3,\"name\":\"Composition\",\"item\":\"https:\/\/www.region-fes-meknes.ma\/fr\/le-conseil-regional\/composition\/\"},{\"@type\":\"ListItem\",\"position\":4,\"name\":\"Commissions permanentes\"}]},{\"@type\":\"WebSite\",\"@id\":\"https:\/\/www.region-fes-meknes.ma\/#website\",\"url\":\"https:\/\/www.region-fes-meknes.ma\/\",\"name\":\"Portail de la R\u00e9gion F\u00e8s-Mekn\u00e8s\",\"description\":\"Site officiel de la r\u00e9gion F\u00e8s-Mekn\u00e8s.\",\"publisher\":{\"@id\":\"https:\/\/www.region-fes-meknes.ma\/#organization\"},\"potentialAction\":[{\"@type\":\"SearchAction\",\"target\":{\"@type\":\"EntryPoint\",\"urlTemplate\":\"https:\/\/www.region-fes-meknes.ma\/?s={search_term_string}\"},\"query-input\":\"required name=search_term_string\"}],\"inLanguage\":\"fr-FR\"},{\"@type\":\"Organization\",\"@id\":\"https:\/\/www.region-fes-meknes.ma\/#organization\",\"name\":\"R\u00e9gion F\u00e8s M\u00e8kn\u00e8s\",\"url\":\"https:\/\/www.region-fes-meknes.ma\/\",\"sameAs\":[\"https:\/\/www.facebook.com\/R\u00e9gion-F\u00e8s-Mekn\u00e8s-1130195096990872\"],\"logo\":{\"@type\":\"ImageObject\",\"inLanguage\":\"fr-FR\",\"@id\":\"https:\/\/www.region-fes-meknes.ma\/#\/schema\/logo\/image\/\",\"url\":\"http:\/\/www.region-fes-meknes.ma\/wp-content\/uploads\/2017\/10\/logo-rfm4.png\",\"contentUrl\":\"http:\/\/www.region-fes-meknes.ma\/wp-content\/uploads\/2017\/10\/logo-rfm4.png\",\"width\":304,\"height\":291,\"caption\":\"R\u00e9gion F\u00e8s M\u00e8kn\u00e8s\"},\"image\":{\"@id\":\"https:\/\/www.region-fes-meknes.ma\/#\/schema\/logo\/image\/\"}}]}<\/script>\n<!-- \/ Yoast SEO plugin. -->","yoast_head_json":{"title":"Commissions permanentes - R\u00e9gion F\u00e8s Mekn\u00e8s","robots":{"index":"index","follow":"follow","max-snippet":"max-snippet:-1","max-image-preview":"max-image-preview:large","max-video-preview":"max-video-preview:-1"},"canonical":"https:\/\/www.region-fes-meknes.ma\/fr\/le-conseil-regional\/composition\/commissions-permanentes\/","og_locale":"fr_FR","og_type":"article","og_title":"Commissions permanentes - R\u00e9gion F\u00e8s Mekn\u00e8s","og_description":"Conform\u00e9ment \u00e0 l&rsquo;article 45 du R\u00e8glement int\u00e9rieur, le Conseil R\u00e9gional a cr\u00e9\u00e9 sept commissions permanentes dont les attributions sont d\u00e9finies par l&rsquo;article 46 du m\u00eame R\u00e8glement. =&gt; Liste des R\u00e9unions","og_url":"https:\/\/www.region-fes-meknes.ma\/fr\/le-conseil-regional\/composition\/commissions-permanentes\/","og_site_name":"R\u00e9gion F\u00e8s Mekn\u00e8s","article_publisher":"https:\/\/www.facebook.com\/R%c3%a9gion-F%c3%a8s-Mekn%c3%a8s-1130195096990872","article_modified_time":"2018-06-27T12:56:30+00:00","og_image":[{"width":1090,"height":722,"url":"https:\/\/www.region-fes-meknes.ma\/wp-content\/uploads\/2017\/11\/pdr-cat-171121-00.jpg","type":"image\/jpeg"}],"twitter_card":"summary_large_image","schema":{"@context":"https:\/\/schema.org","@graph":[{"@type":"WebPage","@id":"https:\/\/www.region-fes-meknes.ma\/fr\/le-conseil-regional\/composition\/commissions-permanentes\/","url":"https:\/\/www.region-fes-meknes.ma\/fr\/le-conseil-regional\/composition\/commissions-permanentes\/","name":"Commissions permanentes - R\u00e9gion F\u00e8s Mekn\u00e8s","isPartOf":{"@id":"https:\/\/www.region-fes-meknes.ma\/#website"},"datePublished":"2017-10-04T10:52:24+00:00","dateModified":"2018-06-27T12:56:30+00:00","breadcrumb":{"@id":"https:\/\/www.region-fes-meknes.ma\/fr\/le-conseil-regional\/composition\/commissions-permanentes\/#breadcrumb"},"inLanguage":"fr-FR","potentialAction":[{"@type":"ReadAction","target":["https:\/\/www.region-fes-meknes.ma\/fr\/le-conseil-regional\/composition\/commissions-permanentes\/"]}]},{"@type":"BreadcrumbList","@id":"https:\/\/www.region-fes-meknes.ma\/fr\/le-conseil-regional\/composition\/commissions-permanentes\/#breadcrumb","itemListElement":[{"@type":"ListItem","position":1,"name":"Accueil","item":"https:\/\/www.region-fes-meknes.ma\/fr\/"},{"@type":"ListItem","position":2,"name":"Le Conseil R\u00e9gional","item":"https:\/\/www.region-fes-meknes.ma\/fr\/le-conseil-regional\/"},{"@type":"ListItem","position":3,"name":"Composition","item":"https:\/\/www.region-fes-meknes.ma\/fr\/le-conseil-regional\/composition\/"},{"@type":"ListItem","position":4,"name":"Commissions permanentes"}]},{"@type":"WebSite","@id":"https:\/\/www.region-fes-meknes.ma\/#website","url":"https:\/\/www.region-fes-meknes.ma\/","name":"Portail de la R\u00e9gion F\u00e8s-Mekn\u00e8s","description":"Site officiel de la r\u00e9gion F\u00e8s-Mekn\u00e8s.","publisher":{"@id":"https:\/\/www.region-fes-meknes.ma\/#organization"},"potentialAction":[{"@type":"SearchAction","target":{"@type":"EntryPoint","urlTemplate":"https:\/\/www.region-fes-meknes.ma\/?s={search_term_string}"},"query-input":"required name=search_term_string"}],"inLanguage":"fr-FR"},{"@type":"Organization","@id":"https:\/\/www.region-fes-meknes.ma\/#organization","name":"R\u00e9gion F\u00e8s M\u00e8kn\u00e8s","url":"https:\/\/www.region-fes-meknes.ma\/","sameAs":["https:\/\/www.facebook.com\/R\u00e9gion-F\u00e8s-Mekn\u00e8s-1130195096990872"],"logo":{"@type":"ImageObject","inLanguage":"fr-FR","@id":"https:\/\/www.region-fes-meknes.ma\/#\/schema\/logo\/image\/","url":"http:\/\/www.region-fes-meknes.ma\/wp-content\/uploads\/2017\/10\/logo-rfm4.png","contentUrl":"http:\/\/www.region-fes-meknes.ma\/wp-content\/uploads\/2017\/10\/logo-rfm4.png","width":304,"height":291,"caption":"R\u00e9gion F\u00e8s M\u00e8kn\u00e8s"},"image":{"@id":"https:\/\/www.region-fes-meknes.ma\/#\/schema\/logo\/image\/"}}]}},"_links":{"self":[{"href":"https:\/\/www.region-fes-meknes.ma\/fr\/wp-json\/wp\/v2\/pages\/1445"}],"collection":[{"href":"https:\/\/www.region-fes-meknes.ma\/fr\/wp-json\/wp\/v2\/pages"}],"about":[{"href":"https:\/\/www.region-fes-meknes.ma\/fr\/wp-json\/wp\/v2\/types\/page"}],"author":[{"embeddable":true,"href":"https:\/\/www.region-fes-meknes.ma\/fr\/wp-json\/wp\/v2\/users\/1"}],"replies":[{"embeddable":true,"href":"https:\/\/www.region-fes-meknes.ma\/fr\/wp-json\/wp\/v2\/comments?post=1445"}],"version-history":[{"count":9,"href":"https:\/\/www.region-fes-meknes.ma\/fr\/wp-json\/wp\/v2\/pages\/1445\/revisions"}],"predecessor-version":[{"id":7559,"href":"https:\/\/www.region-fes-meknes.ma\/fr\/wp-json\/wp\/v2\/pages\/1445\/revisions\/7559"}],"up":[{"embeddable":true,"href":"https:\/\/www.region-fes-meknes.ma\/fr\/wp-json\/wp\/v2\/pages\/1305"}],"wp:featuredmedia":[{"embeddable":true,"href":"https:\/\/www.region-fes-meknes.ma\/fr\/wp-json\/wp\/v2\/media\/3191"}],"wp:attachment":[{"href":"https:\/\/www.region-fes-meknes.ma\/fr\/wp-json\/wp\/v2\/media?parent=1445"}],"curies":[{"name":"wp","href":"https:\/\/api.w.org\/{rel}","templated":true}]}}