{"id":1449,"date":"2017-10-04T12:53:22","date_gmt":"2017-10-04T11:53:22","guid":{"rendered":"http:\/\/www.region-fes-meknes.ma\/?page_id=1449"},"modified":"2022-06-14T10:48:16","modified_gmt":"2022-06-14T09:48:16","slug":"instances-consultatives","status":"publish","type":"page","link":"https:\/\/www.region-fes-meknes.ma\/fr\/democratie-participative\/instances-consultatives\/","title":{"rendered":"Instances consultatives"},"content":{"rendered":"<p>Les instances consultatives sont des m\u00e9canismes de consultation et de participation au dialogue pour la gestion des contributions des citoyens et associations dans la pr\u00e9paration et le suivi des programmes de d\u00e9veloppement de leurs r\u00e9gions.<\/p>\n<p>Le Conseil R\u00e9gional de F\u00e8s &#8211; Mekn\u00e8s en a cr\u00e9\u00e9 trois.<\/p>\n<p>Loi organique relative aux r\u00e9gions<\/p>\n<p>Conform\u00e9ment aux exigences de la loi organique n\u00b0 114.11 relatives aux R\u00e9gions qui  consiste dans son article 117:<\/p>\n<p>\u00ab\u00a0<strong><em>Sont cr\u00e9\u00e9es aupr\u00e8s du conseil de la r\u00e9gion trois instances consultatives:<\/em><\/strong><\/p>\n<ul>\n<li><strong><em>une instance consultative, en partenariat avec les acteurs de la soci\u00e9t\u00e9 civile, charg\u00e9e de l\u2019\u00e9tude des affaires r\u00e9gionales relatives \u00e0 la mise en \u0153uvre des principes de l\u2019\u00e9quit\u00e9, de l\u2019\u00e9galit\u00e9 des chances et de l\u2019approche genre; <\/em><\/strong><\/li>\n<li><strong><em>une instance consultative charg\u00e9e de l\u2019\u00e9tude des questions relatives aux centres d\u2019int\u00e9r\u00eat des jeunes ;<\/em><\/strong><\/li>\n<li><strong><em>une instance consultative, en partenariat avec les acteurs \u00e9conomiques de la r\u00e9gion, charg\u00e9e de l\u2019\u00e9tude des affaires r\u00e9gionales \u00e0 caract\u00e8re \u00e9conomique.\u00a0\u00bb<\/em><\/strong><\/li>\n<\/ul>\n<p>Le r\u00e8glement int\u00e9rieur du conseil fixe les d\u00e9nominations de ces instances et les modalit\u00e9s de leur composition et de leur fonctionnement<\/p>\n","protected":false},"excerpt":{"rendered":"<p>Les instances consultatives sont des m\u00e9canismes de consultation et de participation au dialogue pour la gestion des contributions des citoyens et associations dans la pr\u00e9paration et le suivi des programmes &#8230;<\/p>\n","protected":false},"author":1,"featured_media":0,"parent":22242,"menu_order":0,"comment_status":"closed","ping_status":"closed","template":"template-parent-page.php","meta":{"_bbp_topic_count":0,"_bbp_reply_count":0,"_bbp_total_topic_count":0,"_bbp_total_reply_count":0,"_bbp_voice_count":0,"_bbp_anonymous_reply_count":0,"_bbp_topic_count_hidden":0,"_bbp_reply_count_hidden":0,"_bbp_forum_subforum_count":0},"acf":[],"yoast_head":"<!-- This site is optimized with the Yoast SEO plugin v19.5.1 - https:\/\/yoast.com\/wordpress\/plugins\/seo\/ -->\n<title>Instances consultatives - R\u00e9gion F\u00e8s Mekn\u00e8s<\/title>\n<meta name=\"robots\" content=\"index, follow, max-snippet:-1, max-image-preview:large, max-video-preview:-1\" \/>\n<link rel=\"canonical\" href=\"https:\/\/www.region-fes-meknes.ma\/fr\/democratie-participative\/instances-consultatives\/\" \/>\n<meta property=\"og:locale\" content=\"fr_FR\" \/>\n<meta property=\"og:type\" content=\"article\" \/>\n<meta property=\"og:title\" content=\"Instances consultatives - R\u00e9gion F\u00e8s Mekn\u00e8s\" \/>\n<meta property=\"og:description\" content=\"Les instances consultatives sont des m\u00e9canismes de consultation et de participation au dialogue pour la gestion des contributions des citoyens et associations dans la pr\u00e9paration et le suivi des programmes ...\" \/>\n<meta property=\"og:url\" content=\"https:\/\/www.region-fes-meknes.ma\/fr\/democratie-participative\/instances-consultatives\/\" \/>\n<meta property=\"og:site_name\" content=\"R\u00e9gion F\u00e8s Mekn\u00e8s\" \/>\n<meta property=\"article:publisher\" content=\"https:\/\/www.facebook.com\/R%c3%a9gion-F%c3%a8s-Mekn%c3%a8s-1130195096990872\" \/>\n<meta property=\"article:modified_time\" content=\"2022-06-14T09:48:16+00:00\" \/>\n<meta name=\"twitter:card\" content=\"summary_large_image\" \/>\n<meta name=\"twitter:label1\" content=\"Dur\u00e9e de lecture estim\u00e9e\" \/>\n\t<meta name=\"twitter:data1\" content=\"1 minute\" \/>\n<script type=\"application\/ld+json\" class=\"yoast-schema-graph\">{\"@context\":\"https:\/\/schema.org\",\"@graph\":[{\"@type\":\"WebPage\",\"@id\":\"https:\/\/www.region-fes-meknes.ma\/fr\/democratie-participative\/instances-consultatives\/\",\"url\":\"https:\/\/www.region-fes-meknes.ma\/fr\/democratie-participative\/instances-consultatives\/\",\"name\":\"Instances consultatives - R\u00e9gion F\u00e8s Mekn\u00e8s\",\"isPartOf\":{\"@id\":\"https:\/\/www.region-fes-meknes.ma\/#website\"},\"datePublished\":\"2017-10-04T11:53:22+00:00\",\"dateModified\":\"2022-06-14T09:48:16+00:00\",\"breadcrumb\":{\"@id\":\"https:\/\/www.region-fes-meknes.ma\/fr\/democratie-participative\/instances-consultatives\/#breadcrumb\"},\"inLanguage\":\"fr-FR\",\"potentialAction\":[{\"@type\":\"ReadAction\",\"target\":[\"https:\/\/www.region-fes-meknes.ma\/fr\/democratie-participative\/instances-consultatives\/\"]}]},{\"@type\":\"BreadcrumbList\",\"@id\":\"https:\/\/www.region-fes-meknes.ma\/fr\/democratie-participative\/instances-consultatives\/#breadcrumb\",\"itemListElement\":[{\"@type\":\"ListItem\",\"position\":1,\"name\":\"Accueil\",\"item\":\"https:\/\/www.region-fes-meknes.ma\/fr\/\"},{\"@type\":\"ListItem\",\"position\":2,\"name\":\"D\u00e9mocratie participative\",\"item\":\"https:\/\/www.region-fes-meknes.ma\/fr\/democratie-participative\/\"},{\"@type\":\"ListItem\",\"position\":3,\"name\":\"Instances consultatives\"}]},{\"@type\":\"WebSite\",\"@id\":\"https:\/\/www.region-fes-meknes.ma\/#website\",\"url\":\"https:\/\/www.region-fes-meknes.ma\/\",\"name\":\"Portail de la R\u00e9gion F\u00e8s-Mekn\u00e8s\",\"description\":\"Site officiel de la r\u00e9gion F\u00e8s-Mekn\u00e8s.\",\"publisher\":{\"@id\":\"https:\/\/www.region-fes-meknes.ma\/#organization\"},\"potentialAction\":[{\"@type\":\"SearchAction\",\"target\":{\"@type\":\"EntryPoint\",\"urlTemplate\":\"https:\/\/www.region-fes-meknes.ma\/?s={search_term_string}\"},\"query-input\":\"required name=search_term_string\"}],\"inLanguage\":\"fr-FR\"},{\"@type\":\"Organization\",\"@id\":\"https:\/\/www.region-fes-meknes.ma\/#organization\",\"name\":\"R\u00e9gion F\u00e8s M\u00e8kn\u00e8s\",\"url\":\"https:\/\/www.region-fes-meknes.ma\/\",\"sameAs\":[\"https:\/\/www.facebook.com\/R\u00e9gion-F\u00e8s-Mekn\u00e8s-1130195096990872\"],\"logo\":{\"@type\":\"ImageObject\",\"inLanguage\":\"fr-FR\",\"@id\":\"https:\/\/www.region-fes-meknes.ma\/#\/schema\/logo\/image\/\",\"url\":\"http:\/\/www.region-fes-meknes.ma\/wp-content\/uploads\/2017\/10\/logo-rfm4.png\",\"contentUrl\":\"http:\/\/www.region-fes-meknes.ma\/wp-content\/uploads\/2017\/10\/logo-rfm4.png\",\"width\":304,\"height\":291,\"caption\":\"R\u00e9gion F\u00e8s M\u00e8kn\u00e8s\"},\"image\":{\"@id\":\"https:\/\/www.region-fes-meknes.ma\/#\/schema\/logo\/image\/\"}}]}<\/script>\n<!-- \/ Yoast SEO plugin. -->","yoast_head_json":{"title":"Instances consultatives - R\u00e9gion F\u00e8s Mekn\u00e8s","robots":{"index":"index","follow":"follow","max-snippet":"max-snippet:-1","max-image-preview":"max-image-preview:large","max-video-preview":"max-video-preview:-1"},"canonical":"https:\/\/www.region-fes-meknes.ma\/fr\/democratie-participative\/instances-consultatives\/","og_locale":"fr_FR","og_type":"article","og_title":"Instances consultatives - R\u00e9gion F\u00e8s Mekn\u00e8s","og_description":"Les instances consultatives sont des m\u00e9canismes de consultation et de participation au dialogue pour la gestion des contributions des citoyens et associations dans la pr\u00e9paration et le suivi des programmes ...","og_url":"https:\/\/www.region-fes-meknes.ma\/fr\/democratie-participative\/instances-consultatives\/","og_site_name":"R\u00e9gion F\u00e8s Mekn\u00e8s","article_publisher":"https:\/\/www.facebook.com\/R%c3%a9gion-F%c3%a8s-Mekn%c3%a8s-1130195096990872","article_modified_time":"2022-06-14T09:48:16+00:00","twitter_card":"summary_large_image","twitter_misc":{"Dur\u00e9e de lecture estim\u00e9e":"1 minute"},"schema":{"@context":"https:\/\/schema.org","@graph":[{"@type":"WebPage","@id":"https:\/\/www.region-fes-meknes.ma\/fr\/democratie-participative\/instances-consultatives\/","url":"https:\/\/www.region-fes-meknes.ma\/fr\/democratie-participative\/instances-consultatives\/","name":"Instances consultatives - R\u00e9gion F\u00e8s Mekn\u00e8s","isPartOf":{"@id":"https:\/\/www.region-fes-meknes.ma\/#website"},"datePublished":"2017-10-04T11:53:22+00:00","dateModified":"2022-06-14T09:48:16+00:00","breadcrumb":{"@id":"https:\/\/www.region-fes-meknes.ma\/fr\/democratie-participative\/instances-consultatives\/#breadcrumb"},"inLanguage":"fr-FR","potentialAction":[{"@type":"ReadAction","target":["https:\/\/www.region-fes-meknes.ma\/fr\/democratie-participative\/instances-consultatives\/"]}]},{"@type":"BreadcrumbList","@id":"https:\/\/www.region-fes-meknes.ma\/fr\/democratie-participative\/instances-consultatives\/#breadcrumb","itemListElement":[{"@type":"ListItem","position":1,"name":"Accueil","item":"https:\/\/www.region-fes-meknes.ma\/fr\/"},{"@type":"ListItem","position":2,"name":"D\u00e9mocratie participative","item":"https:\/\/www.region-fes-meknes.ma\/fr\/democratie-participative\/"},{"@type":"ListItem","position":3,"name":"Instances consultatives"}]},{"@type":"WebSite","@id":"https:\/\/www.region-fes-meknes.ma\/#website","url":"https:\/\/www.region-fes-meknes.ma\/","name":"Portail de la R\u00e9gion F\u00e8s-Mekn\u00e8s","description":"Site officiel de la r\u00e9gion F\u00e8s-Mekn\u00e8s.","publisher":{"@id":"https:\/\/www.region-fes-meknes.ma\/#organization"},"potentialAction":[{"@type":"SearchAction","target":{"@type":"EntryPoint","urlTemplate":"https:\/\/www.region-fes-meknes.ma\/?s={search_term_string}"},"query-input":"required name=search_term_string"}],"inLanguage":"fr-FR"},{"@type":"Organization","@id":"https:\/\/www.region-fes-meknes.ma\/#organization","name":"R\u00e9gion F\u00e8s M\u00e8kn\u00e8s","url":"https:\/\/www.region-fes-meknes.ma\/","sameAs":["https:\/\/www.facebook.com\/R\u00e9gion-F\u00e8s-Mekn\u00e8s-1130195096990872"],"logo":{"@type":"ImageObject","inLanguage":"fr-FR","@id":"https:\/\/www.region-fes-meknes.ma\/#\/schema\/logo\/image\/","url":"http:\/\/www.region-fes-meknes.ma\/wp-content\/uploads\/2017\/10\/logo-rfm4.png","contentUrl":"http:\/\/www.region-fes-meknes.ma\/wp-content\/uploads\/2017\/10\/logo-rfm4.png","width":304,"height":291,"caption":"R\u00e9gion F\u00e8s M\u00e8kn\u00e8s"},"image":{"@id":"https:\/\/www.region-fes-meknes.ma\/#\/schema\/logo\/image\/"}}]}},"_links":{"self":[{"href":"https:\/\/www.region-fes-meknes.ma\/fr\/wp-json\/wp\/v2\/pages\/1449"}],"collection":[{"href":"https:\/\/www.region-fes-meknes.ma\/fr\/wp-json\/wp\/v2\/pages"}],"about":[{"href":"https:\/\/www.region-fes-meknes.ma\/fr\/wp-json\/wp\/v2\/types\/page"}],"author":[{"embeddable":true,"href":"https:\/\/www.region-fes-meknes.ma\/fr\/wp-json\/wp\/v2\/users\/1"}],"replies":[{"embeddable":true,"href":"https:\/\/www.region-fes-meknes.ma\/fr\/wp-json\/wp\/v2\/comments?post=1449"}],"version-history":[{"count":4,"href":"https:\/\/www.region-fes-meknes.ma\/fr\/wp-json\/wp\/v2\/pages\/1449\/revisions"}],"predecessor-version":[{"id":2084,"href":"https:\/\/www.region-fes-meknes.ma\/fr\/wp-json\/wp\/v2\/pages\/1449\/revisions\/2084"}],"up":[{"embeddable":true,"href":"https:\/\/www.region-fes-meknes.ma\/fr\/wp-json\/wp\/v2\/pages\/22242"}],"wp:attachment":[{"href":"https:\/\/www.region-fes-meknes.ma\/fr\/wp-json\/wp\/v2\/media?parent=1449"}],"curies":[{"name":"wp","href":"https:\/\/api.w.org\/{rel}","templated":true}]}}