{"id":1513,"date":"2017-10-04T13:41:44","date_gmt":"2017-10-04T11:41:44","guid":{"rendered":"http:\/\/www.region-fes-meknes.ma\/?page_id=1513"},"modified":"2018-03-14T02:41:06","modified_gmt":"2018-03-14T01:41:06","slug":"agriculture","status":"publish","type":"page","link":"https:\/\/www.region-fes-meknes.ma\/fr\/la-region\/investir-a-la-region\/agriculture\/","title":{"rendered":"Agriculture"},"content":{"rendered":"<p>Le secteur agricole est l\u2019un des secteurs prometteurs de la r\u00e9gion. En effet, la superficie agricole utile au niveau de la r\u00e9gion F\u00e8s-Mekn\u00e8s est estim\u00e9e \u00e0 1.335.639 hectares, soit 15% de la superficie agricole utile nationale. La superficie totale des terres irrigu\u00e9es est de l\u2019ordre de 1.251.456 hectares, soit 9% de la superficie totale des terres agricoles de la r\u00e9gion.<\/p>\n<p><a href=\"http:\/\/www.region-fes-meknes.ma\/wp-content\/uploads\/2017\/12\/agriculture-rfm.jpg\"><img loading=\"lazy\" class=\"aligncenter wp-image-3215 size-full\" src=\"http:\/\/www.region-fes-meknes.ma\/wp-content\/uploads\/2017\/12\/agriculture-rfm.jpg\" alt=\"\" width=\"704\" height=\"541\" srcset=\"https:\/\/www.region-fes-meknes.ma\/wp-content\/uploads\/2017\/12\/agriculture-rfm.jpg 704w, https:\/\/www.region-fes-meknes.ma\/wp-content\/uploads\/2017\/12\/agriculture-rfm-300x231.jpg 300w, https:\/\/www.region-fes-meknes.ma\/wp-content\/uploads\/2017\/12\/agriculture-rfm-100x77.jpg 100w\" sizes=\"(max-width: 704px) 100vw, 704px\" \/><\/a><\/p>\n<p><strong>\u00a0<\/strong>LES FILI\u00c8RES V\u00c9G\u00c9TALES PHARES DE LA R\u00c9GION\u00a0:<\/p>\n<ul>\n<li>Olivier<\/li>\n<li>C\u00e9r\u00e9ales<\/li>\n<\/ul>\n<p>A l\u2019instar de l\u2019agriculture, F\u00e8s-Mekn\u00e8s rec\u00e8le un potentiel de production animale englobant toutes les esp\u00e8ces du Maroc (bovin, ovin, caprin, camelin, \u00e9quid\u00e9s) et une longue tradition d\u2019\u00e9levage. Cette activit\u00e9 se caract\u00e9rise par la pr\u00e9dominance du cheptel ovin constitu\u00e9 essentiellement de deux races : Timahdite et Dammane.<\/p>\n<p><a href=\"http:\/\/www.region-fes-meknes.ma\/wp-content\/uploads\/2017\/12\/produit-terroir-rfm.jpg\"><img loading=\"lazy\" class=\"aligncenter wp-image-3217 size-full\" src=\"http:\/\/www.region-fes-meknes.ma\/wp-content\/uploads\/2017\/12\/produit-terroir-rfm.jpg\" alt=\"\" width=\"752\" height=\"564\" srcset=\"https:\/\/www.region-fes-meknes.ma\/wp-content\/uploads\/2017\/12\/produit-terroir-rfm.jpg 752w, https:\/\/www.region-fes-meknes.ma\/wp-content\/uploads\/2017\/12\/produit-terroir-rfm-300x225.jpg 300w, https:\/\/www.region-fes-meknes.ma\/wp-content\/uploads\/2017\/12\/produit-terroir-rfm-100x75.jpg 100w\" sizes=\"(max-width: 752px) 100vw, 752px\" \/><\/a><\/p>\n<p><a href=\"http:\/\/www.region-fes-meknes.ma\/wp-content\/uploads\/2017\/12\/produit-terroir2-rfm.jpg\"><img loading=\"lazy\" class=\"aligncenter wp-image-3218 size-full\" src=\"http:\/\/www.region-fes-meknes.ma\/wp-content\/uploads\/2017\/12\/produit-terroir2-rfm.jpg\" alt=\"\" width=\"746\" height=\"512\" srcset=\"https:\/\/www.region-fes-meknes.ma\/wp-content\/uploads\/2017\/12\/produit-terroir2-rfm.jpg 746w, https:\/\/www.region-fes-meknes.ma\/wp-content\/uploads\/2017\/12\/produit-terroir2-rfm-300x206.jpg 300w, https:\/\/www.region-fes-meknes.ma\/wp-content\/uploads\/2017\/12\/produit-terroir2-rfm-100x69.jpg 100w\" sizes=\"(max-width: 746px) 100vw, 746px\" \/><\/a><\/p>\n<p><a href=\"http:\/\/www.region-fes-meknes.ma\/wp-content\/uploads\/2017\/12\/agropolis.jpg\"><img loading=\"lazy\" class=\"aligncenter wp-image-3220 size-full\" src=\"http:\/\/www.region-fes-meknes.ma\/wp-content\/uploads\/2017\/12\/agropolis.jpg\" alt=\"\" width=\"744\" height=\"528\" srcset=\"https:\/\/www.region-fes-meknes.ma\/wp-content\/uploads\/2017\/12\/agropolis.jpg 744w, https:\/\/www.region-fes-meknes.ma\/wp-content\/uploads\/2017\/12\/agropolis-300x213.jpg 300w, https:\/\/www.region-fes-meknes.ma\/wp-content\/uploads\/2017\/12\/agropolis-100x71.jpg 100w\" sizes=\"(max-width: 744px) 100vw, 744px\" \/><\/a><\/p>\n","protected":false},"excerpt":{"rendered":"<p>Le secteur agricole est l\u2019un des secteurs prometteurs de la r\u00e9gion. En effet, la superficie agricole utile au niveau de la r\u00e9gion F\u00e8s-Mekn\u00e8s est estim\u00e9e \u00e0 1.335.639 hectares, soit 15% &#8230;<\/p>\n","protected":false},"author":1,"featured_media":0,"parent":1348,"menu_order":8,"comment_status":"closed","ping_status":"closed","template":"","meta":{"_bbp_topic_count":0,"_bbp_reply_count":0,"_bbp_total_topic_count":0,"_bbp_total_reply_count":0,"_bbp_voice_count":0,"_bbp_anonymous_reply_count":0,"_bbp_topic_count_hidden":0,"_bbp_reply_count_hidden":0,"_bbp_forum_subforum_count":0},"acf":[],"yoast_head":"<!-- This site is optimized with the Yoast SEO plugin v19.5.1 - https:\/\/yoast.com\/wordpress\/plugins\/seo\/ -->\n<title>Agriculture - R\u00e9gion F\u00e8s Mekn\u00e8s<\/title>\n<meta name=\"robots\" content=\"index, follow, max-snippet:-1, max-image-preview:large, max-video-preview:-1\" \/>\n<link rel=\"canonical\" href=\"https:\/\/www.region-fes-meknes.ma\/fr\/la-region\/investir-a-la-region\/agriculture\/\" \/>\n<meta property=\"og:locale\" content=\"fr_FR\" \/>\n<meta property=\"og:type\" content=\"article\" \/>\n<meta property=\"og:title\" content=\"Agriculture - R\u00e9gion F\u00e8s Mekn\u00e8s\" \/>\n<meta property=\"og:description\" content=\"Le secteur agricole est l\u2019un des secteurs prometteurs de la r\u00e9gion. En effet, la superficie agricole utile au niveau de la r\u00e9gion F\u00e8s-Mekn\u00e8s est estim\u00e9e \u00e0 1.335.639 hectares, soit 15% ...\" \/>\n<meta property=\"og:url\" content=\"https:\/\/www.region-fes-meknes.ma\/fr\/la-region\/investir-a-la-region\/agriculture\/\" \/>\n<meta property=\"og:site_name\" content=\"R\u00e9gion F\u00e8s Mekn\u00e8s\" \/>\n<meta property=\"article:publisher\" content=\"https:\/\/www.facebook.com\/R%c3%a9gion-F%c3%a8s-Mekn%c3%a8s-1130195096990872\" \/>\n<meta property=\"article:modified_time\" content=\"2018-03-14T01:41:06+00:00\" \/>\n<meta property=\"og:image\" content=\"http:\/\/www.region-fes-meknes.ma\/wp-content\/uploads\/2017\/12\/agriculture-rfm.jpg\" \/>\n<meta name=\"twitter:card\" content=\"summary_large_image\" \/>\n<meta name=\"twitter:label1\" content=\"Dur\u00e9e de lecture estim\u00e9e\" \/>\n\t<meta name=\"twitter:data1\" content=\"1 minute\" \/>\n<script type=\"application\/ld+json\" class=\"yoast-schema-graph\">{\"@context\":\"https:\/\/schema.org\",\"@graph\":[{\"@type\":\"WebPage\",\"@id\":\"https:\/\/www.region-fes-meknes.ma\/fr\/la-region\/investir-a-la-region\/agriculture\/\",\"url\":\"https:\/\/www.region-fes-meknes.ma\/fr\/la-region\/investir-a-la-region\/agriculture\/\",\"name\":\"Agriculture - R\u00e9gion F\u00e8s Mekn\u00e8s\",\"isPartOf\":{\"@id\":\"https:\/\/www.region-fes-meknes.ma\/#website\"},\"datePublished\":\"2017-10-04T11:41:44+00:00\",\"dateModified\":\"2018-03-14T01:41:06+00:00\",\"breadcrumb\":{\"@id\":\"https:\/\/www.region-fes-meknes.ma\/fr\/la-region\/investir-a-la-region\/agriculture\/#breadcrumb\"},\"inLanguage\":\"fr-FR\",\"potentialAction\":[{\"@type\":\"ReadAction\",\"target\":[\"https:\/\/www.region-fes-meknes.ma\/fr\/la-region\/investir-a-la-region\/agriculture\/\"]}]},{\"@type\":\"BreadcrumbList\",\"@id\":\"https:\/\/www.region-fes-meknes.ma\/fr\/la-region\/investir-a-la-region\/agriculture\/#breadcrumb\",\"itemListElement\":[{\"@type\":\"ListItem\",\"position\":1,\"name\":\"Accueil\",\"item\":\"https:\/\/www.region-fes-meknes.ma\/fr\/\"},{\"@type\":\"ListItem\",\"position\":2,\"name\":\"La R\u00e9gion\",\"item\":\"https:\/\/www.region-fes-meknes.ma\/fr\/la-region\/\"},{\"@type\":\"ListItem\",\"position\":3,\"name\":\"Investir \u00e0 la R\u00e9gion\",\"item\":\"https:\/\/www.region-fes-meknes.ma\/fr\/la-region\/investir-a-la-region\/\"},{\"@type\":\"ListItem\",\"position\":4,\"name\":\"Agriculture\"}]},{\"@type\":\"WebSite\",\"@id\":\"https:\/\/www.region-fes-meknes.ma\/#website\",\"url\":\"https:\/\/www.region-fes-meknes.ma\/\",\"name\":\"Portail de la R\u00e9gion F\u00e8s-Mekn\u00e8s\",\"description\":\"Site officiel de la r\u00e9gion F\u00e8s-Mekn\u00e8s.\",\"publisher\":{\"@id\":\"https:\/\/www.region-fes-meknes.ma\/#organization\"},\"potentialAction\":[{\"@type\":\"SearchAction\",\"target\":{\"@type\":\"EntryPoint\",\"urlTemplate\":\"https:\/\/www.region-fes-meknes.ma\/?s={search_term_string}\"},\"query-input\":\"required name=search_term_string\"}],\"inLanguage\":\"fr-FR\"},{\"@type\":\"Organization\",\"@id\":\"https:\/\/www.region-fes-meknes.ma\/#organization\",\"name\":\"R\u00e9gion F\u00e8s M\u00e8kn\u00e8s\",\"url\":\"https:\/\/www.region-fes-meknes.ma\/\",\"sameAs\":[\"https:\/\/www.facebook.com\/R\u00e9gion-F\u00e8s-Mekn\u00e8s-1130195096990872\"],\"logo\":{\"@type\":\"ImageObject\",\"inLanguage\":\"fr-FR\",\"@id\":\"https:\/\/www.region-fes-meknes.ma\/#\/schema\/logo\/image\/\",\"url\":\"http:\/\/www.region-fes-meknes.ma\/wp-content\/uploads\/2017\/10\/logo-rfm4.png\",\"contentUrl\":\"http:\/\/www.region-fes-meknes.ma\/wp-content\/uploads\/2017\/10\/logo-rfm4.png\",\"width\":304,\"height\":291,\"caption\":\"R\u00e9gion F\u00e8s M\u00e8kn\u00e8s\"},\"image\":{\"@id\":\"https:\/\/www.region-fes-meknes.ma\/#\/schema\/logo\/image\/\"}}]}<\/script>\n<!-- \/ Yoast SEO plugin. -->","yoast_head_json":{"title":"Agriculture - R\u00e9gion F\u00e8s Mekn\u00e8s","robots":{"index":"index","follow":"follow","max-snippet":"max-snippet:-1","max-image-preview":"max-image-preview:large","max-video-preview":"max-video-preview:-1"},"canonical":"https:\/\/www.region-fes-meknes.ma\/fr\/la-region\/investir-a-la-region\/agriculture\/","og_locale":"fr_FR","og_type":"article","og_title":"Agriculture - R\u00e9gion F\u00e8s Mekn\u00e8s","og_description":"Le secteur agricole est l\u2019un des secteurs prometteurs de la r\u00e9gion. En effet, la superficie agricole utile au niveau de la r\u00e9gion F\u00e8s-Mekn\u00e8s est estim\u00e9e \u00e0 1.335.639 hectares, soit 15% ...","og_url":"https:\/\/www.region-fes-meknes.ma\/fr\/la-region\/investir-a-la-region\/agriculture\/","og_site_name":"R\u00e9gion F\u00e8s Mekn\u00e8s","article_publisher":"https:\/\/www.facebook.com\/R%c3%a9gion-F%c3%a8s-Mekn%c3%a8s-1130195096990872","article_modified_time":"2018-03-14T01:41:06+00:00","og_image":[{"url":"http:\/\/www.region-fes-meknes.ma\/wp-content\/uploads\/2017\/12\/agriculture-rfm.jpg"}],"twitter_card":"summary_large_image","twitter_misc":{"Dur\u00e9e de lecture estim\u00e9e":"1 minute"},"schema":{"@context":"https:\/\/schema.org","@graph":[{"@type":"WebPage","@id":"https:\/\/www.region-fes-meknes.ma\/fr\/la-region\/investir-a-la-region\/agriculture\/","url":"https:\/\/www.region-fes-meknes.ma\/fr\/la-region\/investir-a-la-region\/agriculture\/","name":"Agriculture - R\u00e9gion F\u00e8s Mekn\u00e8s","isPartOf":{"@id":"https:\/\/www.region-fes-meknes.ma\/#website"},"datePublished":"2017-10-04T11:41:44+00:00","dateModified":"2018-03-14T01:41:06+00:00","breadcrumb":{"@id":"https:\/\/www.region-fes-meknes.ma\/fr\/la-region\/investir-a-la-region\/agriculture\/#breadcrumb"},"inLanguage":"fr-FR","potentialAction":[{"@type":"ReadAction","target":["https:\/\/www.region-fes-meknes.ma\/fr\/la-region\/investir-a-la-region\/agriculture\/"]}]},{"@type":"BreadcrumbList","@id":"https:\/\/www.region-fes-meknes.ma\/fr\/la-region\/investir-a-la-region\/agriculture\/#breadcrumb","itemListElement":[{"@type":"ListItem","position":1,"name":"Accueil","item":"https:\/\/www.region-fes-meknes.ma\/fr\/"},{"@type":"ListItem","position":2,"name":"La R\u00e9gion","item":"https:\/\/www.region-fes-meknes.ma\/fr\/la-region\/"},{"@type":"ListItem","position":3,"name":"Investir \u00e0 la R\u00e9gion","item":"https:\/\/www.region-fes-meknes.ma\/fr\/la-region\/investir-a-la-region\/"},{"@type":"ListItem","position":4,"name":"Agriculture"}]},{"@type":"WebSite","@id":"https:\/\/www.region-fes-meknes.ma\/#website","url":"https:\/\/www.region-fes-meknes.ma\/","name":"Portail de la R\u00e9gion F\u00e8s-Mekn\u00e8s","description":"Site officiel de la r\u00e9gion F\u00e8s-Mekn\u00e8s.","publisher":{"@id":"https:\/\/www.region-fes-meknes.ma\/#organization"},"potentialAction":[{"@type":"SearchAction","target":{"@type":"EntryPoint","urlTemplate":"https:\/\/www.region-fes-meknes.ma\/?s={search_term_string}"},"query-input":"required name=search_term_string"}],"inLanguage":"fr-FR"},{"@type":"Organization","@id":"https:\/\/www.region-fes-meknes.ma\/#organization","name":"R\u00e9gion F\u00e8s M\u00e8kn\u00e8s","url":"https:\/\/www.region-fes-meknes.ma\/","sameAs":["https:\/\/www.facebook.com\/R\u00e9gion-F\u00e8s-Mekn\u00e8s-1130195096990872"],"logo":{"@type":"ImageObject","inLanguage":"fr-FR","@id":"https:\/\/www.region-fes-meknes.ma\/#\/schema\/logo\/image\/","url":"http:\/\/www.region-fes-meknes.ma\/wp-content\/uploads\/2017\/10\/logo-rfm4.png","contentUrl":"http:\/\/www.region-fes-meknes.ma\/wp-content\/uploads\/2017\/10\/logo-rfm4.png","width":304,"height":291,"caption":"R\u00e9gion F\u00e8s M\u00e8kn\u00e8s"},"image":{"@id":"https:\/\/www.region-fes-meknes.ma\/#\/schema\/logo\/image\/"}}]}},"_links":{"self":[{"href":"https:\/\/www.region-fes-meknes.ma\/fr\/wp-json\/wp\/v2\/pages\/1513"}],"collection":[{"href":"https:\/\/www.region-fes-meknes.ma\/fr\/wp-json\/wp\/v2\/pages"}],"about":[{"href":"https:\/\/www.region-fes-meknes.ma\/fr\/wp-json\/wp\/v2\/types\/page"}],"author":[{"embeddable":true,"href":"https:\/\/www.region-fes-meknes.ma\/fr\/wp-json\/wp\/v2\/users\/1"}],"replies":[{"embeddable":true,"href":"https:\/\/www.region-fes-meknes.ma\/fr\/wp-json\/wp\/v2\/comments?post=1513"}],"version-history":[{"count":5,"href":"https:\/\/www.region-fes-meknes.ma\/fr\/wp-json\/wp\/v2\/pages\/1513\/revisions"}],"predecessor-version":[{"id":3221,"href":"https:\/\/www.region-fes-meknes.ma\/fr\/wp-json\/wp\/v2\/pages\/1513\/revisions\/3221"}],"up":[{"embeddable":true,"href":"https:\/\/www.region-fes-meknes.ma\/fr\/wp-json\/wp\/v2\/pages\/1348"}],"wp:attachment":[{"href":"https:\/\/www.region-fes-meknes.ma\/fr\/wp-json\/wp\/v2\/media?parent=1513"}],"curies":[{"name":"wp","href":"https:\/\/api.w.org\/{rel}","templated":true}]}}