{"id":1515,"date":"2017-10-04T13:42:22","date_gmt":"2017-10-04T11:42:22","guid":{"rendered":"http:\/\/www.region-fes-meknes.ma\/?page_id=1515"},"modified":"2018-03-14T02:38:33","modified_gmt":"2018-03-14T01:38:33","slug":"tourisme","status":"publish","type":"page","link":"https:\/\/www.region-fes-meknes.ma\/fr\/la-region\/decouvrir-la-region\/tourisme\/","title":{"rendered":"Tourisme"},"content":{"rendered":"<p>Le tourisme doit constituer l\u2019un des leviers les plus puissants dans le d\u00e9veloppement de la r\u00e9gion F\u00e8s-Mekn\u00e8s, non seulement parce que les pouvoirs publics comptent d\u00e9sormais en faire une locomotive essentielle du d\u00e9veloppement socio-\u00e9conomique \u00e0 l\u2019\u00e9chelle nationale, mais aussi parce que la r\u00e9gion regorge de richesses touristiques attrayantes et diversifi\u00e9es pouvant jouer un r\u00f4le important dans son d\u00e9veloppement socio\u00e9conomique.<\/p>\n<p>En effet, gr\u00e2ce \u00e0 son patrimoine historique et architectural de renomm\u00e9e internationale, la r\u00e9gion peut d\u00e9velopper un tourisme essentiellement culturel.<\/p>\n<p>Au niveau des paysages, la r\u00e9gion offre une gamme de milieux g\u00e9ographiques fort vari\u00e9e, allant des collines pittoresques du pr\u00e9-Rif au nord jusqu\u2019aux \u00e9tendues et dunes du milieu d\u00e9sertique au sud, en passant par le plat pays du Sa\u00efs, les paysages karstiques et volcaniques, en grande partie bois\u00e9s et parsem\u00e9s de lacs et de sources du Moyen-Atlas et les cimes du Haut-Atlas<\/p>\n<h3>Infrastructures touristiques dans la r\u00e9gion F\u00e8s-Mekn\u00e8s<\/h3>\n<p>La r\u00e9gion F\u00e8s-Mekn\u00e8s rec\u00e8le des potentialit\u00e9s et des atouts touristiques remarquables pouvant jouer un r\u00f4le important dans la vie \u00e9conomique et sociale. En effet, le tourisme de la r\u00e9gion est essentiellement un tourisme culturel qui se distingue par son patrimoine historique et architectural de renomm\u00e9e internationale.<\/p>\n<p>La r\u00e9gion dispose \u00e9galement d\u2019un riche capital naturel, culturel et historique susceptible de constituer un levier de d\u00e9veloppement du tourisme. On peut distinguer trois principales zones: La zone des montagnes, les stations thermales, les villes traditionnelles et les sites historiques.<\/p>\n<p>La r\u00e9gion de F\u00e8s-Mekn\u00e8s dispose de 335 \u00e9tablissements d\u2019h\u00e9bergement touristique class\u00e9s, dont la capacit\u00e9 liti\u00e8re totale s\u2019\u00e9l\u00e8ve \u00e0 19.044 lits.<\/p>\n<h3>Les principaux indicateurs touristiques de la r\u00e9gion F\u00e8s-Mekn\u00e8s<\/h3>\n<table>\n<tbody>\n<tr>\n<td rowspan=\"3\"><strong>F\u00e8s-Mekn\u00e8s<\/strong><\/td>\n<td style=\"text-align: center;\" colspan=\"3\"><strong>Arriv\u00e9es<\/strong><\/td>\n<td style=\"text-align: center;\" colspan=\"3\"><strong>Nuit\u00e9es<\/strong><\/td>\n<td style=\"text-align: center;\" colspan=\"2\"><strong>T O %<\/strong><\/td>\n<\/tr>\n<tr>\n<td style=\"text-align: center;\"><strong>2014<\/strong><\/td>\n<td style=\"text-align: center;\"><strong>2015<\/strong><\/td>\n<td style=\"text-align: center;\"><strong>%<\/strong><\/td>\n<td style=\"text-align: center;\"><strong>2014<\/strong><\/td>\n<td style=\"text-align: center;\"><strong>2015<\/strong><\/td>\n<td style=\"text-align: center;\"><strong>%<\/strong><\/td>\n<td style=\"text-align: center;\">2014<\/td>\n<td style=\"text-align: center;\">2015<\/td>\n<\/tr>\n<tr>\n<td>615.242<\/td>\n<td>577.400<\/td>\n<td>-6<\/td>\n<td>1.228.580<\/td>\n<td>1.130.000<\/td>\n<td>-8<\/td>\n<td>32<\/td>\n<td>30<\/td>\n<\/tr>\n<\/tbody>\n<\/table>\n<figure id=\"attachment_3229\" aria-describedby=\"caption-attachment-3229\" style=\"width: 1144px\" class=\"wp-caption aligncenter\"><a href=\"http:\/\/www.region-fes-meknes.ma\/wp-content\/uploads\/2017\/12\/tourisme-rfm.jpg\"><img loading=\"lazy\" class=\"wp-image-3229 size-full\" src=\"http:\/\/www.region-fes-meknes.ma\/wp-content\/uploads\/2017\/12\/tourisme-rfm.jpg\" alt=\"\" width=\"1144\" height=\"781\" srcset=\"https:\/\/www.region-fes-meknes.ma\/wp-content\/uploads\/2017\/12\/tourisme-rfm.jpg 1144w, https:\/\/www.region-fes-meknes.ma\/wp-content\/uploads\/2017\/12\/tourisme-rfm-300x205.jpg 300w, https:\/\/www.region-fes-meknes.ma\/wp-content\/uploads\/2017\/12\/tourisme-rfm-768x524.jpg 768w, https:\/\/www.region-fes-meknes.ma\/wp-content\/uploads\/2017\/12\/tourisme-rfm-1024x699.jpg 1024w, https:\/\/www.region-fes-meknes.ma\/wp-content\/uploads\/2017\/12\/tourisme-rfm-100x68.jpg 100w\" sizes=\"(max-width: 1144px) 100vw, 1144px\" \/><\/a><figcaption id=\"caption-attachment-3229\" class=\"wp-caption-text\">R\u00e9gion F\u00e8s-Mekn\u00e8s : Produits et ressources touristiques<\/figcaption><\/figure>\n","protected":false},"excerpt":{"rendered":"<p>Le tourisme doit constituer l\u2019un des leviers les plus puissants dans le d\u00e9veloppement de la r\u00e9gion F\u00e8s-Mekn\u00e8s, non seulement parce que les pouvoirs publics comptent d\u00e9sormais en faire une locomotive &#8230;<\/p>\n","protected":false},"author":1,"featured_media":0,"parent":1325,"menu_order":5,"comment_status":"closed","ping_status":"closed","template":"","meta":{"_bbp_topic_count":0,"_bbp_reply_count":0,"_bbp_total_topic_count":0,"_bbp_total_reply_count":0,"_bbp_voice_count":0,"_bbp_anonymous_reply_count":0,"_bbp_topic_count_hidden":0,"_bbp_reply_count_hidden":0,"_bbp_forum_subforum_count":0},"acf":[],"yoast_head":"<!-- This site is optimized with the Yoast SEO plugin v19.5.1 - https:\/\/yoast.com\/wordpress\/plugins\/seo\/ -->\n<title>Tourisme - R\u00e9gion F\u00e8s Mekn\u00e8s<\/title>\n<meta name=\"robots\" content=\"index, follow, max-snippet:-1, max-image-preview:large, max-video-preview:-1\" \/>\n<link rel=\"canonical\" href=\"https:\/\/www.region-fes-meknes.ma\/fr\/la-region\/decouvrir-la-region\/tourisme\/\" \/>\n<meta property=\"og:locale\" content=\"fr_FR\" \/>\n<meta property=\"og:type\" content=\"article\" \/>\n<meta property=\"og:title\" content=\"Tourisme - R\u00e9gion F\u00e8s Mekn\u00e8s\" \/>\n<meta property=\"og:description\" content=\"Le tourisme doit constituer l\u2019un des leviers les plus puissants dans le d\u00e9veloppement de la r\u00e9gion F\u00e8s-Mekn\u00e8s, non seulement parce que les pouvoirs publics comptent d\u00e9sormais en faire une locomotive ...\" \/>\n<meta property=\"og:url\" content=\"https:\/\/www.region-fes-meknes.ma\/fr\/la-region\/decouvrir-la-region\/tourisme\/\" \/>\n<meta property=\"og:site_name\" content=\"R\u00e9gion F\u00e8s Mekn\u00e8s\" \/>\n<meta property=\"article:publisher\" content=\"https:\/\/www.facebook.com\/R%c3%a9gion-F%c3%a8s-Mekn%c3%a8s-1130195096990872\" \/>\n<meta property=\"article:modified_time\" content=\"2018-03-14T01:38:33+00:00\" \/>\n<meta property=\"og:image\" content=\"http:\/\/www.region-fes-meknes.ma\/wp-content\/uploads\/2017\/12\/tourisme-rfm.jpg\" \/>\n<meta name=\"twitter:card\" content=\"summary_large_image\" \/>\n<meta name=\"twitter:label1\" content=\"Dur\u00e9e de lecture estim\u00e9e\" \/>\n\t<meta name=\"twitter:data1\" content=\"2 minutes\" \/>\n<script type=\"application\/ld+json\" class=\"yoast-schema-graph\">{\"@context\":\"https:\/\/schema.org\",\"@graph\":[{\"@type\":\"WebPage\",\"@id\":\"https:\/\/www.region-fes-meknes.ma\/fr\/la-region\/decouvrir-la-region\/tourisme\/\",\"url\":\"https:\/\/www.region-fes-meknes.ma\/fr\/la-region\/decouvrir-la-region\/tourisme\/\",\"name\":\"Tourisme - R\u00e9gion F\u00e8s Mekn\u00e8s\",\"isPartOf\":{\"@id\":\"https:\/\/www.region-fes-meknes.ma\/#website\"},\"datePublished\":\"2017-10-04T11:42:22+00:00\",\"dateModified\":\"2018-03-14T01:38:33+00:00\",\"breadcrumb\":{\"@id\":\"https:\/\/www.region-fes-meknes.ma\/fr\/la-region\/decouvrir-la-region\/tourisme\/#breadcrumb\"},\"inLanguage\":\"fr-FR\",\"potentialAction\":[{\"@type\":\"ReadAction\",\"target\":[\"https:\/\/www.region-fes-meknes.ma\/fr\/la-region\/decouvrir-la-region\/tourisme\/\"]}]},{\"@type\":\"BreadcrumbList\",\"@id\":\"https:\/\/www.region-fes-meknes.ma\/fr\/la-region\/decouvrir-la-region\/tourisme\/#breadcrumb\",\"itemListElement\":[{\"@type\":\"ListItem\",\"position\":1,\"name\":\"Accueil\",\"item\":\"https:\/\/www.region-fes-meknes.ma\/fr\/\"},{\"@type\":\"ListItem\",\"position\":2,\"name\":\"La R\u00e9gion\",\"item\":\"https:\/\/www.region-fes-meknes.ma\/fr\/la-region\/\"},{\"@type\":\"ListItem\",\"position\":3,\"name\":\"D\u00e9couvrir la R\u00e9gion\",\"item\":\"https:\/\/www.region-fes-meknes.ma\/fr\/la-region\/decouvrir-la-region\/\"},{\"@type\":\"ListItem\",\"position\":4,\"name\":\"Tourisme\"}]},{\"@type\":\"WebSite\",\"@id\":\"https:\/\/www.region-fes-meknes.ma\/#website\",\"url\":\"https:\/\/www.region-fes-meknes.ma\/\",\"name\":\"Portail de la R\u00e9gion F\u00e8s-Mekn\u00e8s\",\"description\":\"Site officiel de la r\u00e9gion F\u00e8s-Mekn\u00e8s.\",\"publisher\":{\"@id\":\"https:\/\/www.region-fes-meknes.ma\/#organization\"},\"potentialAction\":[{\"@type\":\"SearchAction\",\"target\":{\"@type\":\"EntryPoint\",\"urlTemplate\":\"https:\/\/www.region-fes-meknes.ma\/?s={search_term_string}\"},\"query-input\":\"required name=search_term_string\"}],\"inLanguage\":\"fr-FR\"},{\"@type\":\"Organization\",\"@id\":\"https:\/\/www.region-fes-meknes.ma\/#organization\",\"name\":\"R\u00e9gion F\u00e8s M\u00e8kn\u00e8s\",\"url\":\"https:\/\/www.region-fes-meknes.ma\/\",\"sameAs\":[\"https:\/\/www.facebook.com\/R\u00e9gion-F\u00e8s-Mekn\u00e8s-1130195096990872\"],\"logo\":{\"@type\":\"ImageObject\",\"inLanguage\":\"fr-FR\",\"@id\":\"https:\/\/www.region-fes-meknes.ma\/#\/schema\/logo\/image\/\",\"url\":\"http:\/\/www.region-fes-meknes.ma\/wp-content\/uploads\/2017\/10\/logo-rfm4.png\",\"contentUrl\":\"http:\/\/www.region-fes-meknes.ma\/wp-content\/uploads\/2017\/10\/logo-rfm4.png\",\"width\":304,\"height\":291,\"caption\":\"R\u00e9gion F\u00e8s M\u00e8kn\u00e8s\"},\"image\":{\"@id\":\"https:\/\/www.region-fes-meknes.ma\/#\/schema\/logo\/image\/\"}}]}<\/script>\n<!-- \/ Yoast SEO plugin. -->","yoast_head_json":{"title":"Tourisme - R\u00e9gion F\u00e8s Mekn\u00e8s","robots":{"index":"index","follow":"follow","max-snippet":"max-snippet:-1","max-image-preview":"max-image-preview:large","max-video-preview":"max-video-preview:-1"},"canonical":"https:\/\/www.region-fes-meknes.ma\/fr\/la-region\/decouvrir-la-region\/tourisme\/","og_locale":"fr_FR","og_type":"article","og_title":"Tourisme - R\u00e9gion F\u00e8s Mekn\u00e8s","og_description":"Le tourisme doit constituer l\u2019un des leviers les plus puissants dans le d\u00e9veloppement de la r\u00e9gion F\u00e8s-Mekn\u00e8s, non seulement parce que les pouvoirs publics comptent d\u00e9sormais en faire une locomotive ...","og_url":"https:\/\/www.region-fes-meknes.ma\/fr\/la-region\/decouvrir-la-region\/tourisme\/","og_site_name":"R\u00e9gion F\u00e8s Mekn\u00e8s","article_publisher":"https:\/\/www.facebook.com\/R%c3%a9gion-F%c3%a8s-Mekn%c3%a8s-1130195096990872","article_modified_time":"2018-03-14T01:38:33+00:00","og_image":[{"url":"http:\/\/www.region-fes-meknes.ma\/wp-content\/uploads\/2017\/12\/tourisme-rfm.jpg"}],"twitter_card":"summary_large_image","twitter_misc":{"Dur\u00e9e de lecture estim\u00e9e":"2 minutes"},"schema":{"@context":"https:\/\/schema.org","@graph":[{"@type":"WebPage","@id":"https:\/\/www.region-fes-meknes.ma\/fr\/la-region\/decouvrir-la-region\/tourisme\/","url":"https:\/\/www.region-fes-meknes.ma\/fr\/la-region\/decouvrir-la-region\/tourisme\/","name":"Tourisme - R\u00e9gion F\u00e8s Mekn\u00e8s","isPartOf":{"@id":"https:\/\/www.region-fes-meknes.ma\/#website"},"datePublished":"2017-10-04T11:42:22+00:00","dateModified":"2018-03-14T01:38:33+00:00","breadcrumb":{"@id":"https:\/\/www.region-fes-meknes.ma\/fr\/la-region\/decouvrir-la-region\/tourisme\/#breadcrumb"},"inLanguage":"fr-FR","potentialAction":[{"@type":"ReadAction","target":["https:\/\/www.region-fes-meknes.ma\/fr\/la-region\/decouvrir-la-region\/tourisme\/"]}]},{"@type":"BreadcrumbList","@id":"https:\/\/www.region-fes-meknes.ma\/fr\/la-region\/decouvrir-la-region\/tourisme\/#breadcrumb","itemListElement":[{"@type":"ListItem","position":1,"name":"Accueil","item":"https:\/\/www.region-fes-meknes.ma\/fr\/"},{"@type":"ListItem","position":2,"name":"La R\u00e9gion","item":"https:\/\/www.region-fes-meknes.ma\/fr\/la-region\/"},{"@type":"ListItem","position":3,"name":"D\u00e9couvrir la R\u00e9gion","item":"https:\/\/www.region-fes-meknes.ma\/fr\/la-region\/decouvrir-la-region\/"},{"@type":"ListItem","position":4,"name":"Tourisme"}]},{"@type":"WebSite","@id":"https:\/\/www.region-fes-meknes.ma\/#website","url":"https:\/\/www.region-fes-meknes.ma\/","name":"Portail de la R\u00e9gion F\u00e8s-Mekn\u00e8s","description":"Site officiel de la r\u00e9gion F\u00e8s-Mekn\u00e8s.","publisher":{"@id":"https:\/\/www.region-fes-meknes.ma\/#organization"},"potentialAction":[{"@type":"SearchAction","target":{"@type":"EntryPoint","urlTemplate":"https:\/\/www.region-fes-meknes.ma\/?s={search_term_string}"},"query-input":"required name=search_term_string"}],"inLanguage":"fr-FR"},{"@type":"Organization","@id":"https:\/\/www.region-fes-meknes.ma\/#organization","name":"R\u00e9gion F\u00e8s M\u00e8kn\u00e8s","url":"https:\/\/www.region-fes-meknes.ma\/","sameAs":["https:\/\/www.facebook.com\/R\u00e9gion-F\u00e8s-Mekn\u00e8s-1130195096990872"],"logo":{"@type":"ImageObject","inLanguage":"fr-FR","@id":"https:\/\/www.region-fes-meknes.ma\/#\/schema\/logo\/image\/","url":"http:\/\/www.region-fes-meknes.ma\/wp-content\/uploads\/2017\/10\/logo-rfm4.png","contentUrl":"http:\/\/www.region-fes-meknes.ma\/wp-content\/uploads\/2017\/10\/logo-rfm4.png","width":304,"height":291,"caption":"R\u00e9gion F\u00e8s M\u00e8kn\u00e8s"},"image":{"@id":"https:\/\/www.region-fes-meknes.ma\/#\/schema\/logo\/image\/"}}]}},"_links":{"self":[{"href":"https:\/\/www.region-fes-meknes.ma\/fr\/wp-json\/wp\/v2\/pages\/1515"}],"collection":[{"href":"https:\/\/www.region-fes-meknes.ma\/fr\/wp-json\/wp\/v2\/pages"}],"about":[{"href":"https:\/\/www.region-fes-meknes.ma\/fr\/wp-json\/wp\/v2\/types\/page"}],"author":[{"embeddable":true,"href":"https:\/\/www.region-fes-meknes.ma\/fr\/wp-json\/wp\/v2\/users\/1"}],"replies":[{"embeddable":true,"href":"https:\/\/www.region-fes-meknes.ma\/fr\/wp-json\/wp\/v2\/comments?post=1515"}],"version-history":[{"count":4,"href":"https:\/\/www.region-fes-meknes.ma\/fr\/wp-json\/wp\/v2\/pages\/1515\/revisions"}],"predecessor-version":[{"id":3230,"href":"https:\/\/www.region-fes-meknes.ma\/fr\/wp-json\/wp\/v2\/pages\/1515\/revisions\/3230"}],"up":[{"embeddable":true,"href":"https:\/\/www.region-fes-meknes.ma\/fr\/wp-json\/wp\/v2\/pages\/1325"}],"wp:attachment":[{"href":"https:\/\/www.region-fes-meknes.ma\/fr\/wp-json\/wp\/v2\/media?parent=1515"}],"curies":[{"name":"wp","href":"https:\/\/api.w.org\/{rel}","templated":true}]}}