{"id":1517,"date":"2017-10-04T13:42:44","date_gmt":"2017-10-04T11:42:44","guid":{"rendered":"http:\/\/www.region-fes-meknes.ma\/?page_id=1517"},"modified":"2017-12-23T12:01:41","modified_gmt":"2017-12-23T11:01:41","slug":"industrie","status":"publish","type":"page","link":"https:\/\/www.region-fes-meknes.ma\/fr\/la-region\/investir-a-la-region\/industrie\/","title":{"rendered":"Industrie"},"content":{"rendered":"<p>La r\u00e9gion de F\u00e8s-Mekn\u00e8s b\u00e9n\u00e9ficie de plusieurs atouts susceptibles d\u2019encourager la promotion du secteur industriel notamment :<\/p>\n<ul>\n<li>L\u2019abondance d\u2019une main d\u2019oeuvre qualifi\u00e9e<\/li>\n<li>La disponibilit\u00e9 de la mati\u00e8re premi\u00e8re d\u2019origine agricole, sylvestre et mini\u00e8re<\/li>\n<li>La situation g\u00e9ographique \u00e0 l\u2019intersection de deux axes principaux au centre du Royaume<\/li>\n<li>L\u2019existence d\u2019une infrastructure d\u2019accueil importante<\/li>\n<\/ul>\n<p>Ainsi, le tissu industriel r\u00e9gional compte 997 \u00e9tablissements qui emploient environ 47.467 personnes, soit <strong>9% <\/strong>au niveau national. Ce tissu est marqu\u00e9 par une nette concentration \u00e0 F\u00e8s (plus de 61% des entreprises) suivi de la pr\u00e9fecture de Mekn\u00e8s (18% des entreprises de la r\u00e9gion) . Les deux pr\u00e9fectures attirent 80% des investissements industriels de la r\u00e9gion. L\u2019industrie de la r\u00e9gion participe \u00e0 hauteur de <strong>6% <\/strong>de la production nationale mais les exportations industrielles r\u00e9gionales ne sont que de <strong>2,4% <\/strong>des exportations nationales. Pr\u00e8s de 60% de la valeur ajout\u00e9e de l\u2019industrie de la r\u00e9gion est g\u00e9n\u00e9r\u00e9e par les secteurs agro-alimentaires, textile et cuir.<\/p>\n<figure id=\"attachment_3224\" aria-describedby=\"caption-attachment-3224\" style=\"width: 1124px\" class=\"wp-caption aligncenter\"><a href=\"http:\/\/www.region-fes-meknes.ma\/wp-content\/uploads\/2017\/12\/zoneinidstrielle-rfm.jpg\"><img loading=\"lazy\" class=\"wp-image-3224 size-full\" src=\"http:\/\/www.region-fes-meknes.ma\/wp-content\/uploads\/2017\/12\/zoneinidstrielle-rfm.jpg\" alt=\"\" width=\"1124\" height=\"789\" srcset=\"https:\/\/www.region-fes-meknes.ma\/wp-content\/uploads\/2017\/12\/zoneinidstrielle-rfm.jpg 1124w, https:\/\/www.region-fes-meknes.ma\/wp-content\/uploads\/2017\/12\/zoneinidstrielle-rfm-300x211.jpg 300w, https:\/\/www.region-fes-meknes.ma\/wp-content\/uploads\/2017\/12\/zoneinidstrielle-rfm-768x539.jpg 768w, https:\/\/www.region-fes-meknes.ma\/wp-content\/uploads\/2017\/12\/zoneinidstrielle-rfm-1024x719.jpg 1024w, https:\/\/www.region-fes-meknes.ma\/wp-content\/uploads\/2017\/12\/zoneinidstrielle-rfm-100x70.jpg 100w\" sizes=\"(max-width: 1124px) 100vw, 1124px\" \/><\/a><figcaption id=\"caption-attachment-3224\" class=\"wp-caption-text\">R\u00e9gion F\u00e9s Mekn\u00e8s : surface totales des zones industrielles existantes en ha<\/figcaption><\/figure>\n<p><strong><em>Fiche signal\u00e9tique de la Zone industrielle Mejjat (Mekn\u00e8s)<\/em><\/strong><\/p>\n<ul>\n<li>Lieu de r\u00e9alisation\u00a0: CR de Mejjat<\/li>\n<li>Ma\u00eetre d\u2019ouvrage\u00a0: Ste Al Omrane<\/li>\n<li>Foncier support du projet\u00a0: Terrain domanial<\/li>\n<li>Date d\u00e9but des travaux\u00a0: Ao\u00fbt 2001<\/li>\n<li>Date fin travaux\u00a0: Avril 2004<\/li>\n<li>Superficie brute du terrain\u00a0: 57 ha 75 a<\/li>\n<li>Superficie cessible\u00a0: 40 ha 24 a 14 ca<\/li>\n<li>Nombre de lots\u00a0: 380 + 3 lot \u00e9quipements communs.<\/li>\n<li>Co\u00fbt global du projet\u00a0: 65\u00a0500 000,00 dh<\/li>\n<li>Subvention Fonds Hassan II\u00a0: 36\u00a0140 000,00 dh soit 53% du co\u00fbt du projet.<\/li>\n<li>Reliquat subvention F.H. II pour la r\u00e9habilitation de la zone\u00a0: 14\u00a0000 000,00 dh<\/li>\n<li>R\u00e9alisation des travaux de r\u00e9habilitation\u00a0: D\u00e9cembre 2010 jusqu\u2019\u00e0 octobre 2011<\/li>\n<li>Prix de vente\u00a0: (Prix communiqu\u00e9s par la soci\u00e9t\u00e9 Al Omrane) 84 \u00e0 120dh\/m2<\/li>\n<li>Projets en activit\u00e9s 53 Projets en cours de valorisation 12 Projets valoris\u00e9s et non op\u00e9rationnels 10.<\/li>\n<\/ul>\n<p><strong><em>Fiche signal\u00e9tique de la Zone industrielle Sidi Slimane Moulkifane<\/em><\/strong><\/p>\n<ul>\n<li>Lieu de r\u00e9alisation\u00a0: CR de Sidi Slimane Moul ElKifane<\/li>\n<li>Ma\u00eetre d\u2019ouvrage\u00a0:Ste Al Omrane<\/li>\n<li>Foncier support du projet\u00a0: Terrain domanial<\/li>\n<li>Date d\u00e9but travaux\u00a0: Avril 2001<\/li>\n<li>Date fin travaux\u00a0: Juillet 2003<\/li>\n<li>Superficie brute du terrain\u00a0: 24 ha 26 a<\/li>\n<li>Superficie cessible\u00a0: 146 275 m\u00b2<\/li>\n<li>Nombre de lots\u00a0: 175 lots+ 2 lots \u00e9quipements.<\/li>\n<li>Co\u00fbt du projet\u00a0: 24 300 00,00dh<\/li>\n<li>Subvention Fonds Hassan II\u00a0: 10 000 000,00dh<\/li>\n<li>Lancement des travaux de r\u00e9habilitation\u00a0: (Apr\u00e8s accord du Fonds Hassan II) F\u00e9vrier 2013<\/li>\n<li>Prix de vente\u00a0: (Prix communiqu\u00e9s par la soci\u00e9t\u00e9 Al Omrane) Entre 60 et 120 dh\/m2<\/li>\n<li>Nombre d\u2019emplois pr\u00e9visionnels\u00a0: 4800<\/li>\n<li>Projets en activit\u00e9s\u00a0: 26<\/li>\n<li>Projets en cours de valorisation\u00a0: 1<\/li>\n<li>Projets valoris\u00e9s et non op\u00e9rationnels\u00a0: 9<\/li>\n<\/ul>\n<p><strong><em>Fiche d\u2019information Zone industrielle MIFTAH EL KHEIR ( My Yacoub)<\/em><\/strong><\/p>\n<ul>\n<li>Date de cr\u00e9ation : 2009<\/li>\n<li>Localisation : Ras El Ma commune Ain Chkef Province MoulayYacoub<\/li>\n<li>Consistance du projet : 193 lots r\u00e9partis :\n<ul>\n<li>Lots industriels : 189<\/li>\n<li>Lot d\u2019activit\u00e9 : 1 station de service<\/li>\n<li>Administration : 02<\/li>\n<li>Mosqu\u00e9e : 01<\/li>\n<\/ul>\n<\/li>\n<li>Type de zone : IN2 destin\u00e9e aux activit\u00e9s industrielles de 2\u00e8me et 3\u00e8me cat\u00e9gorie<\/li>\n<li>Maitre d\u2019ouvrage : Soci\u00e9t\u00e9 Al Omrane F\u00e8s<\/li>\n<li>Situation fonci\u00e8re :\n<ul>\n<li>Superficie Brute Totale : 45 Ha<\/li>\n<li>Superficie cessible : 30 Ha<\/li>\n<li>Statut du terrain : Domanial<\/li>\n<li>Titre foncier n\u00b0 : 17012\/69<\/li>\n<li>Prix de cession des lots : 700 DH\/m2<\/li>\n<\/ul>\n<\/li>\n<li>Cout du projet : 155,8 Mdh<\/li>\n<li>Emplois pr\u00e9visionnels : 6000 emplois directs<\/li>\n<li>Valorisation : Janvier 2016\n<ul>\n<li>Nombre Total des lots : 189 lots industriels<\/li>\n<li>Nombre de lots attribu\u00e9s par la commission provinciale : 146<\/li>\n<li>Nombre de lots valoris\u00e9s : 08<\/li>\n<li>Nombre de lots en cours de valorisation : 20<\/li>\n<li>Lots restants disponibles : 43<\/li>\n<li>Nombre d\u2019unit\u00e9s op\u00e9rationnelles : 06<\/li>\n<\/ul>\n<\/li>\n<li>Types d\u2019activit\u00e9s exerc\u00e9es :\n<ul>\n<li>Production d\u2019aliment de b\u00e9tail : 02 unit\u00e9s<\/li>\n<li>Minoterie : 01 unit\u00e9<\/li>\n<li>Production et conditionnement de semences s\u00e9lectionn\u00e9s : 01 unit\u00e9<\/li>\n<li>Fabrication de mobilier et appareils m\u00e9dicaux : 01 unit\u00e9<\/li>\n<li>Fabrication de semelles : 01 unit\u00e9<\/li>\n<\/ul>\n<\/li>\n<li>Montant global de l\u2019investissement g\u00e9n\u00e9r\u00e9 par les unit\u00e9s en activit\u00e9 : 117 Mdh<\/li>\n<li>Nombre d\u2019emplois total cr\u00e9e par les unit\u00e9s en activit\u00e9 : 244<\/li>\n<li>Taux de valorisation : 15%<\/li>\n<li>Taux d\u2019attribution : 78%<\/li>\n<li>Equipements existants :\n<ul>\n<li>Assainissement<\/li>\n<li>T\u00e9l\u00e9phone<\/li>\n<li>Eau<\/li>\n<li>Voirie<\/li>\n<li>Eclairage public<\/li>\n<\/ul>\n<\/li>\n<li>Situation actuelle de la zone : zone r\u00e9ceptionn\u00e9e et titr\u00e9e<\/li>\n<\/ul>\n<p><strong><em>Fiche d\u2019information Zone industrielle Hamria ( Moulay Yacoub)<\/em><\/strong><\/p>\n<ul>\n<li>Date de cr\u00e9ation : 1993<\/li>\n<li>Localisation : Hamria commune Louadaine Province Moulay Yacoub<\/li>\n<li>Consistance du projet : 46 lots:<\/li>\n<li>Type de zone IN3:<\/li>\n<li>Maitre d\u2019ouvrage : Commune Louadaine<\/li>\n<li>Situation fonci\u00e8re :\n<ul>\n<li>Superficie Brute Totale : 33 389 m2<\/li>\n<li>Superficie cessible : 20 418 m2<\/li>\n<li>Statut du terrain : Titr\u00e9e<\/li>\n<li>Titre foncier n\u00b0 : 69\/512<\/li>\n<li>Prix de cession des lots : 150 Dh\/m2<\/li>\n<\/ul>\n<\/li>\n<li>Cout du projet : 3\u00a0000 000,00<\/li>\n<li>Concours du Fonds Hassan II dans les travaux d\u2019am\u00e9nagement : N\u00e9ant<\/li>\n<li>Emplois pr\u00e9visionnels 230<\/li>\n<li>Valorisation:\n<ul>\n<li>Nombre Total des lots : 46 lots industriels<\/li>\n<li>Nombre de lots attribu\u00e9s par la commission provinciale : 41<\/li>\n<li>Nombre de lots valoris\u00e9s : 40<\/li>\n<li>Nombre de lots en cours de valorisation : 01<\/li>\n<li>Lots restants disponibles : 05<\/li>\n<li>Nombre d\u2019unit\u00e9s op\u00e9rationnelles : 06<\/li>\n<\/ul>\n<\/li>\n<li>Types d\u2019activit\u00e9s exerc\u00e9es : agro-industrie<\/li>\n<li>Montant global de l\u2019investissement g\u00e9n\u00e9r\u00e9 par les unit\u00e9s en activit\u00e9 :\n<ul>\n<li>Nombre d\u2019emplois total cr\u00e9e par les unit\u00e9s en activit\u00e9 : 30<\/li>\n<li>Taux de valorisation : 87%<\/li>\n<li>Taux d\u2019attribution : 89%<\/li>\n<\/ul>\n<\/li>\n<\/ul>\n<p><strong><em>FICHE D&rsquo;INFORMATION &#8211; ZONE INDUSTRIELLE AIN CHEGAG<\/em><\/strong><\/p>\n<ul>\n<li>Pr\u00e9sentation : renforcement des capacit\u00e9s d\u2019accueil industriel de la r\u00e9gion<\/li>\n<li>Site d\u2019implantation : CR AIN CHEGAG<\/li>\n<li>Consistance : 82 Ha dont 50 Ha d\u00e9di\u00e9 au<\/li>\n<li>Porteur : Chambre De Commerce, D\u2019industrie Et Des Services<\/li>\n<li>Partenaires : MEF, MICNT, Province de Sefrou, CCIS, Commune rurales Ain Cheggag, FEDIC<\/li>\n<li>Etat d\u2019avancement :\n<ul>\n<li>Apurement du Foncier<\/li>\n<li>Etude de positionnement et de montage technico financi\u00e8re de l\u2019espace industriel Ain Cheggag sur les 82 ha financ\u00e9e par le MICIEN \u00e0 hauteur de 2 MDH est en cours de r\u00e9alisation<\/li>\n<li>La r\u00e9alisation de l\u2019\u00e9tude technico-financi\u00e8re de la Zone Industrielle Ain Cheggag est en cours (1\u00e8re et 2\u00e8me phases valid\u00e9es).<\/li>\n<\/ul>\n<\/li>\n<\/ul>\n<p><strong><em>Fiche d\u2019information Zones industrielles et zones d\u2019activit\u00e9s (programm\u00e9es)\u00a0<\/em><em>(Taounate)<\/em><\/strong><\/p>\n<ol>\n<li><strong>Localisation : Commune d\u2019Ain Aicha Cercle Tissa<\/strong>\n<ul>\n<li>Consistance du projet : Le projet consiste en la cr\u00e9ation :\n<ul>\n<li>D\u2019une zone artisanale destin\u00e9e \u00e0 accueillir les artisans de la commune d\u2019Ain Aicha et des communes avoisinantes.<\/li>\n<li>D\u2019une zone industrielle destin\u00e9e \u00e0 accueillir les industries agroalimentaires.<\/li>\n<li>D&rsquo;une zone logistique.<\/li>\n<li>D&rsquo;une zone commerciale.<\/li>\n<li>D&rsquo;une zone de services.<\/li>\n<\/ul>\n<\/li>\n<li>Superficie brute totale : 11 ha 47 \u00e0 39 ca<\/li>\n<li>Co\u00fbt du projet : 32.423.612,00 dhs<\/li>\n<li>Emplois pr\u00e9visionnel : 800 emplois directs<\/li>\n<li>Nombre total de lots : 29<\/li>\n<\/ul>\n<\/li>\n<li><strong>Localisation : Commune de Rhafsai Pachalik Rhafsai<\/strong>\n<ul>\n<li>Consistance du projet : Le projet consiste en la r\u00e9alisation des \u00e9tudes et travaux relatifs au Projet de cr\u00e9ation d\u2019une zone d\u2019activit\u00e9s \u00e9conomiques.<\/li>\n<li>Type de zone : zone d\u2019activit\u00e9s \u00e9conomiques.<\/li>\n<li>Superficie brute totale : \u00e0 mobiliser par la Commune 2,3 ha<\/li>\n<li>Co\u00fbt du projet : 14.000.000,00 dhs<\/li>\n<\/ul>\n<\/li>\n<\/ol>\n<p><strong><em>Fiche d\u2019information Zones industrielles et zones d\u2019activit\u00e9s (Ifrane)<\/em><\/strong><\/p>\n<ul>\n<li>Date de cr\u00e9ation\u00a0: 1994<\/li>\n<li>Localisation\u00a0: Ain Aghbal Azrou<\/li>\n<li>Situation fonci\u00e8re\u00a0:\n<ul>\n<li>superficie brute totale\u00a0: 24675m2<\/li>\n<li>superficie cessible\u00a0: 19740 m2<\/li>\n<li>nombre de lots valoris\u00e9s\u00a0: 13<\/li>\n<li>nombre de lots en cours de valorisation\u00a0: 104<\/li>\n<li>lots restants disponibles\u00a0: 29<\/li>\n<li>nombre d\u2019unit\u00e9s op\u00e9rationnelles\u00a0: 104<\/li>\n<\/ul>\n<\/li>\n<li>Types d\u2019activit\u00e9s exerc\u00e9es\u00a0: m\u00e9canique, t\u00f4lerie, soudure, tours, menuiserie.<\/li>\n<li>Nombre d\u2019emploi total cr\u00e9e par les unit\u00e9s en activit\u00e9\u00a0: 400<\/li>\n<\/ul>\n","protected":false},"excerpt":{"rendered":"<p>La r\u00e9gion de F\u00e8s-Mekn\u00e8s b\u00e9n\u00e9ficie de plusieurs atouts susceptibles d\u2019encourager la promotion du secteur industriel notamment : L\u2019abondance d\u2019une main d\u2019oeuvre qualifi\u00e9e La disponibilit\u00e9 de la mati\u00e8re premi\u00e8re d\u2019origine agricole, &#8230;<\/p>\n","protected":false},"author":1,"featured_media":1945,"parent":1348,"menu_order":6,"comment_status":"closed","ping_status":"closed","template":"","meta":{"_bbp_topic_count":0,"_bbp_reply_count":0,"_bbp_total_topic_count":0,"_bbp_total_reply_count":0,"_bbp_voice_count":0,"_bbp_anonymous_reply_count":0,"_bbp_topic_count_hidden":0,"_bbp_reply_count_hidden":0,"_bbp_forum_subforum_count":0},"acf":[],"yoast_head":"<!-- This site is optimized with the Yoast SEO plugin v19.5.1 - https:\/\/yoast.com\/wordpress\/plugins\/seo\/ -->\n<title>Industrie - R\u00e9gion F\u00e8s Mekn\u00e8s<\/title>\n<meta name=\"robots\" content=\"index, follow, max-snippet:-1, max-image-preview:large, max-video-preview:-1\" \/>\n<link rel=\"canonical\" href=\"https:\/\/www.region-fes-meknes.ma\/fr\/la-region\/investir-a-la-region\/industrie\/\" \/>\n<meta property=\"og:locale\" content=\"fr_FR\" \/>\n<meta property=\"og:type\" content=\"article\" \/>\n<meta property=\"og:title\" content=\"Industrie - R\u00e9gion F\u00e8s Mekn\u00e8s\" \/>\n<meta property=\"og:description\" content=\"La r\u00e9gion de F\u00e8s-Mekn\u00e8s b\u00e9n\u00e9ficie de plusieurs atouts susceptibles d\u2019encourager la promotion du secteur industriel notamment : L\u2019abondance d\u2019une main d\u2019oeuvre qualifi\u00e9e La disponibilit\u00e9 de la mati\u00e8re premi\u00e8re d\u2019origine agricole, ...\" \/>\n<meta property=\"og:url\" content=\"https:\/\/www.region-fes-meknes.ma\/fr\/la-region\/investir-a-la-region\/industrie\/\" \/>\n<meta property=\"og:site_name\" content=\"R\u00e9gion F\u00e8s Mekn\u00e8s\" \/>\n<meta property=\"article:publisher\" content=\"https:\/\/www.facebook.com\/R%c3%a9gion-F%c3%a8s-Mekn%c3%a8s-1130195096990872\" \/>\n<meta property=\"article:modified_time\" content=\"2017-12-23T11:01:41+00:00\" \/>\n<meta property=\"og:image\" content=\"https:\/\/www.region-fes-meknes.ma\/wp-content\/uploads\/2017\/10\/industrie.jpg\" \/>\n\t<meta property=\"og:image:width\" content=\"710\" \/>\n\t<meta property=\"og:image:height\" content=\"395\" \/>\n\t<meta property=\"og:image:type\" content=\"image\/jpeg\" \/>\n<meta name=\"twitter:card\" content=\"summary_large_image\" \/>\n<meta name=\"twitter:label1\" content=\"Dur\u00e9e de lecture estim\u00e9e\" \/>\n\t<meta name=\"twitter:data1\" content=\"6 minutes\" \/>\n<script type=\"application\/ld+json\" class=\"yoast-schema-graph\">{\"@context\":\"https:\/\/schema.org\",\"@graph\":[{\"@type\":\"WebPage\",\"@id\":\"https:\/\/www.region-fes-meknes.ma\/fr\/la-region\/investir-a-la-region\/industrie\/\",\"url\":\"https:\/\/www.region-fes-meknes.ma\/fr\/la-region\/investir-a-la-region\/industrie\/\",\"name\":\"Industrie - R\u00e9gion F\u00e8s Mekn\u00e8s\",\"isPartOf\":{\"@id\":\"https:\/\/www.region-fes-meknes.ma\/#website\"},\"datePublished\":\"2017-10-04T11:42:44+00:00\",\"dateModified\":\"2017-12-23T11:01:41+00:00\",\"breadcrumb\":{\"@id\":\"https:\/\/www.region-fes-meknes.ma\/fr\/la-region\/investir-a-la-region\/industrie\/#breadcrumb\"},\"inLanguage\":\"fr-FR\",\"potentialAction\":[{\"@type\":\"ReadAction\",\"target\":[\"https:\/\/www.region-fes-meknes.ma\/fr\/la-region\/investir-a-la-region\/industrie\/\"]}]},{\"@type\":\"BreadcrumbList\",\"@id\":\"https:\/\/www.region-fes-meknes.ma\/fr\/la-region\/investir-a-la-region\/industrie\/#breadcrumb\",\"itemListElement\":[{\"@type\":\"ListItem\",\"position\":1,\"name\":\"Accueil\",\"item\":\"https:\/\/www.region-fes-meknes.ma\/fr\/\"},{\"@type\":\"ListItem\",\"position\":2,\"name\":\"La R\u00e9gion\",\"item\":\"https:\/\/www.region-fes-meknes.ma\/fr\/la-region\/\"},{\"@type\":\"ListItem\",\"position\":3,\"name\":\"Investir \u00e0 la R\u00e9gion\",\"item\":\"https:\/\/www.region-fes-meknes.ma\/fr\/la-region\/investir-a-la-region\/\"},{\"@type\":\"ListItem\",\"position\":4,\"name\":\"Industrie\"}]},{\"@type\":\"WebSite\",\"@id\":\"https:\/\/www.region-fes-meknes.ma\/#website\",\"url\":\"https:\/\/www.region-fes-meknes.ma\/\",\"name\":\"Portail de la R\u00e9gion F\u00e8s-Mekn\u00e8s\",\"description\":\"Site officiel de la r\u00e9gion F\u00e8s-Mekn\u00e8s.\",\"publisher\":{\"@id\":\"https:\/\/www.region-fes-meknes.ma\/#organization\"},\"potentialAction\":[{\"@type\":\"SearchAction\",\"target\":{\"@type\":\"EntryPoint\",\"urlTemplate\":\"https:\/\/www.region-fes-meknes.ma\/?s={search_term_string}\"},\"query-input\":\"required name=search_term_string\"}],\"inLanguage\":\"fr-FR\"},{\"@type\":\"Organization\",\"@id\":\"https:\/\/www.region-fes-meknes.ma\/#organization\",\"name\":\"R\u00e9gion F\u00e8s M\u00e8kn\u00e8s\",\"url\":\"https:\/\/www.region-fes-meknes.ma\/\",\"sameAs\":[\"https:\/\/www.facebook.com\/R\u00e9gion-F\u00e8s-Mekn\u00e8s-1130195096990872\"],\"logo\":{\"@type\":\"ImageObject\",\"inLanguage\":\"fr-FR\",\"@id\":\"https:\/\/www.region-fes-meknes.ma\/#\/schema\/logo\/image\/\",\"url\":\"http:\/\/www.region-fes-meknes.ma\/wp-content\/uploads\/2017\/10\/logo-rfm4.png\",\"contentUrl\":\"http:\/\/www.region-fes-meknes.ma\/wp-content\/uploads\/2017\/10\/logo-rfm4.png\",\"width\":304,\"height\":291,\"caption\":\"R\u00e9gion F\u00e8s M\u00e8kn\u00e8s\"},\"image\":{\"@id\":\"https:\/\/www.region-fes-meknes.ma\/#\/schema\/logo\/image\/\"}}]}<\/script>\n<!-- \/ Yoast SEO plugin. -->","yoast_head_json":{"title":"Industrie - R\u00e9gion F\u00e8s Mekn\u00e8s","robots":{"index":"index","follow":"follow","max-snippet":"max-snippet:-1","max-image-preview":"max-image-preview:large","max-video-preview":"max-video-preview:-1"},"canonical":"https:\/\/www.region-fes-meknes.ma\/fr\/la-region\/investir-a-la-region\/industrie\/","og_locale":"fr_FR","og_type":"article","og_title":"Industrie - R\u00e9gion F\u00e8s Mekn\u00e8s","og_description":"La r\u00e9gion de F\u00e8s-Mekn\u00e8s b\u00e9n\u00e9ficie de plusieurs atouts susceptibles d\u2019encourager la promotion du secteur industriel notamment : L\u2019abondance d\u2019une main d\u2019oeuvre qualifi\u00e9e La disponibilit\u00e9 de la mati\u00e8re premi\u00e8re d\u2019origine agricole, ...","og_url":"https:\/\/www.region-fes-meknes.ma\/fr\/la-region\/investir-a-la-region\/industrie\/","og_site_name":"R\u00e9gion F\u00e8s Mekn\u00e8s","article_publisher":"https:\/\/www.facebook.com\/R%c3%a9gion-F%c3%a8s-Mekn%c3%a8s-1130195096990872","article_modified_time":"2017-12-23T11:01:41+00:00","og_image":[{"width":710,"height":395,"url":"https:\/\/www.region-fes-meknes.ma\/wp-content\/uploads\/2017\/10\/industrie.jpg","type":"image\/jpeg"}],"twitter_card":"summary_large_image","twitter_misc":{"Dur\u00e9e de lecture estim\u00e9e":"6 minutes"},"schema":{"@context":"https:\/\/schema.org","@graph":[{"@type":"WebPage","@id":"https:\/\/www.region-fes-meknes.ma\/fr\/la-region\/investir-a-la-region\/industrie\/","url":"https:\/\/www.region-fes-meknes.ma\/fr\/la-region\/investir-a-la-region\/industrie\/","name":"Industrie - R\u00e9gion F\u00e8s Mekn\u00e8s","isPartOf":{"@id":"https:\/\/www.region-fes-meknes.ma\/#website"},"datePublished":"2017-10-04T11:42:44+00:00","dateModified":"2017-12-23T11:01:41+00:00","breadcrumb":{"@id":"https:\/\/www.region-fes-meknes.ma\/fr\/la-region\/investir-a-la-region\/industrie\/#breadcrumb"},"inLanguage":"fr-FR","potentialAction":[{"@type":"ReadAction","target":["https:\/\/www.region-fes-meknes.ma\/fr\/la-region\/investir-a-la-region\/industrie\/"]}]},{"@type":"BreadcrumbList","@id":"https:\/\/www.region-fes-meknes.ma\/fr\/la-region\/investir-a-la-region\/industrie\/#breadcrumb","itemListElement":[{"@type":"ListItem","position":1,"name":"Accueil","item":"https:\/\/www.region-fes-meknes.ma\/fr\/"},{"@type":"ListItem","position":2,"name":"La R\u00e9gion","item":"https:\/\/www.region-fes-meknes.ma\/fr\/la-region\/"},{"@type":"ListItem","position":3,"name":"Investir \u00e0 la R\u00e9gion","item":"https:\/\/www.region-fes-meknes.ma\/fr\/la-region\/investir-a-la-region\/"},{"@type":"ListItem","position":4,"name":"Industrie"}]},{"@type":"WebSite","@id":"https:\/\/www.region-fes-meknes.ma\/#website","url":"https:\/\/www.region-fes-meknes.ma\/","name":"Portail de la R\u00e9gion F\u00e8s-Mekn\u00e8s","description":"Site officiel de la r\u00e9gion F\u00e8s-Mekn\u00e8s.","publisher":{"@id":"https:\/\/www.region-fes-meknes.ma\/#organization"},"potentialAction":[{"@type":"SearchAction","target":{"@type":"EntryPoint","urlTemplate":"https:\/\/www.region-fes-meknes.ma\/?s={search_term_string}"},"query-input":"required name=search_term_string"}],"inLanguage":"fr-FR"},{"@type":"Organization","@id":"https:\/\/www.region-fes-meknes.ma\/#organization","name":"R\u00e9gion F\u00e8s M\u00e8kn\u00e8s","url":"https:\/\/www.region-fes-meknes.ma\/","sameAs":["https:\/\/www.facebook.com\/R\u00e9gion-F\u00e8s-Mekn\u00e8s-1130195096990872"],"logo":{"@type":"ImageObject","inLanguage":"fr-FR","@id":"https:\/\/www.region-fes-meknes.ma\/#\/schema\/logo\/image\/","url":"http:\/\/www.region-fes-meknes.ma\/wp-content\/uploads\/2017\/10\/logo-rfm4.png","contentUrl":"http:\/\/www.region-fes-meknes.ma\/wp-content\/uploads\/2017\/10\/logo-rfm4.png","width":304,"height":291,"caption":"R\u00e9gion F\u00e8s M\u00e8kn\u00e8s"},"image":{"@id":"https:\/\/www.region-fes-meknes.ma\/#\/schema\/logo\/image\/"}}]}},"_links":{"self":[{"href":"https:\/\/www.region-fes-meknes.ma\/fr\/wp-json\/wp\/v2\/pages\/1517"}],"collection":[{"href":"https:\/\/www.region-fes-meknes.ma\/fr\/wp-json\/wp\/v2\/pages"}],"about":[{"href":"https:\/\/www.region-fes-meknes.ma\/fr\/wp-json\/wp\/v2\/types\/page"}],"author":[{"embeddable":true,"href":"https:\/\/www.region-fes-meknes.ma\/fr\/wp-json\/wp\/v2\/users\/1"}],"replies":[{"embeddable":true,"href":"https:\/\/www.region-fes-meknes.ma\/fr\/wp-json\/wp\/v2\/comments?post=1517"}],"version-history":[{"count":4,"href":"https:\/\/www.region-fes-meknes.ma\/fr\/wp-json\/wp\/v2\/pages\/1517\/revisions"}],"predecessor-version":[{"id":3225,"href":"https:\/\/www.region-fes-meknes.ma\/fr\/wp-json\/wp\/v2\/pages\/1517\/revisions\/3225"}],"up":[{"embeddable":true,"href":"https:\/\/www.region-fes-meknes.ma\/fr\/wp-json\/wp\/v2\/pages\/1348"}],"wp:featuredmedia":[{"embeddable":true,"href":"https:\/\/www.region-fes-meknes.ma\/fr\/wp-json\/wp\/v2\/media\/1945"}],"wp:attachment":[{"href":"https:\/\/www.region-fes-meknes.ma\/fr\/wp-json\/wp\/v2\/media?parent=1517"}],"curies":[{"name":"wp","href":"https:\/\/api.w.org\/{rel}","templated":true}]}}