{"id":1523,"date":"2017-10-04T13:44:34","date_gmt":"2017-10-04T11:44:34","guid":{"rendered":"http:\/\/www.region-fes-meknes.ma\/?page_id=1523"},"modified":"2018-03-14T02:51:02","modified_gmt":"2018-03-14T01:51:02","slug":"economie-sociale-et-solidaire","status":"publish","type":"page","link":"https:\/\/www.region-fes-meknes.ma\/fr\/la-region\/decouvrir-la-region\/economie-sociale-et-solidaire\/","title":{"rendered":"Economie sociale et solidaire"},"content":{"rendered":"<p><strong>La dynamique r\u00e9gionale du tissu coop\u00e9ratif<\/strong><\/p>\n<p>Le tissu coop\u00e9ratif de la r\u00e9gion de F\u00e8s-Mekn\u00e8s regroupe quelques 1835 coop\u00e9ratives au 31 d\u00e9cembre 2015, soit une part de 11,7% l\u2019effectif national total de coop\u00e9ratives. L\u2019ensemble des coop\u00e9ratives de la r\u00e9gion r\u00e9unissent 36. 093 adh\u00e9rents, soit 6,7% de l\u2019effectif national total des adh\u00e9rents des coop\u00e9ratives.<\/p>\n<p>Au niveau de la dynamique spatiale provinciale, on constate que les deux provinces Taza et Boulemane r\u00e9unissent pr\u00e8s de 42,3% de coop\u00e9ratives de la r\u00e9gion, avec respectivement des parts de 22,1% et 20,2%. Elles sont suivies de provinces dont les proportions sont sup\u00e9rieures \u00e0 10% telles que Taounate 14,4%, Mekn\u00e8s 11% et Sefrou 10,4%.<\/p>\n<p>Par ailleurs, il n\u2019y a que 6,7% des coop\u00e9ratives de la r\u00e9gion qui sont en activit\u00e9 dans la pr\u00e9fecture de F\u00e8s contre 6,3% \u00e0 Ifrane, 4,9% \u00e0 Moulay Yacoub et 4% \u00e0 El Hajeb.<\/p>\n<p>Du point de vue des effectifs des adh\u00e9rents, la province de Taza regroupe 16,4% de l\u2019effectif r\u00e9gional total. Elle est suivie des provinces de Mekn\u00e8s avec 16,1%, Boulemane avec 13,6%, Taounate 12,7% et F\u00e8s 11,1%. Ainsi, environ 70% d\u2019adh\u00e9rents de coop\u00e9ratives au niveau de la r\u00e9gion de F\u00e8s Mekn\u00e8s sont concentr\u00e9s dans ces cinq provinces.<\/p>\n<p><em><strong>Tableau : R\u00e9partition des coop\u00e9ratives et de leurs adh\u00e9rents par province au 31 d\u00e9cembre 2015<\/strong><\/em><\/p>\n<table class=\" aligncenter\">\n<tbody>\n<tr>\n<td>Provinces\/Pr\u00e9fectures<\/td>\n<td>Nombre de coop\u00e9ratives<\/td>\n<td>%<\/td>\n<td>Nombres d&rsquo;adh\u00e9rents<\/td>\n<td>%<\/td>\n<\/tr>\n<tr>\n<td>Boulemane<\/td>\n<td>370<\/td>\n<td>20,2<\/td>\n<td>4910<\/td>\n<td>13,6<\/td>\n<\/tr>\n<tr>\n<td>El Hajeb<\/td>\n<td>74<\/td>\n<td>4,0<\/td>\n<td>1749<\/td>\n<td>4,8<\/td>\n<\/tr>\n<tr>\n<td>F\u00e8s<\/td>\n<td>123<\/td>\n<td>6,7<\/td>\n<td>4017<\/td>\n<td>11,1<\/td>\n<\/tr>\n<tr>\n<td>Ifrane<\/td>\n<td>115<\/td>\n<td>6,\u00a03<\/td>\n<td>3215<\/td>\n<td>9, 0<\/td>\n<\/tr>\n<tr>\n<td>Mekn\u00e8s<\/td>\n<td>203<\/td>\n<td>11,0<\/td>\n<td>5802<\/td>\n<td>16,1<\/td>\n<\/tr>\n<tr>\n<td>My Yacoub<\/td>\n<td>90<\/td>\n<td>4,9<\/td>\n<td>2971<\/td>\n<td>8,2<\/td>\n<\/tr>\n<tr>\n<td>Sefrou<\/td>\n<td>191<\/td>\n<td>10,4<\/td>\n<td>2913<\/td>\n<td>8,1<\/td>\n<\/tr>\n<tr>\n<td>Taounate<\/td>\n<td>264<\/td>\n<td>14,4<\/td>\n<td>4597<\/td>\n<td>12,7<\/td>\n<\/tr>\n<tr>\n<td>Taza<\/td>\n<td>405<\/td>\n<td>22,1<\/td>\n<td>5919<\/td>\n<td>16,4<\/td>\n<\/tr>\n<tr>\n<td>Total r\u00e9gional<\/td>\n<td>1835<\/td>\n<td>100,0<\/td>\n<td>36093<\/td>\n<td>100,0<\/td>\n<\/tr>\n<tr>\n<td>Total national<\/td>\n<td>15735<\/td>\n<td>&#8211;<\/td>\n<td>536920<\/td>\n<td>&#8211;<\/td>\n<\/tr>\n<tr>\n<td>R\u00e9gional\/National en (%)<\/td>\n<td>11,7<\/td>\n<td>&#8211;<\/td>\n<td>6,7<\/td>\n<td>&#8211;<\/td>\n<\/tr>\n<\/tbody>\n<\/table>\n<p style=\"text-align: center;\"><em>Source : ODCO<\/em><\/p>\n<p><strong>La dynamique sectorielle<\/strong><\/p>\n<p>Bien que les activit\u00e9s de coop\u00e9ratives embrassent au Maroc une vingtaine de secteurs, leur appr\u00e9hension au niveau de la r\u00e9gion de F\u00e8s \u2013Mekn\u00e8s ne se r\u00e9alise significativement que pour six principaux secteurs, mis en exergue dans le tableau ci-apr\u00e8s. Ainsi, on note que :<\/p>\n<ul>\n<li>Le secteur de l\u2019agriculture est le principal domaine d\u2019activit\u00e9s de 74,6% de coop\u00e9ratives au niveau de la r\u00e9gion de F\u00e8s \u2013Mekn\u00e8s contre 67% au niveau national ;<\/li>\n<li>L\u2019artisanat est le second secteur d\u2019activit\u00e9s avec 15,6% des coop\u00e9ratives de la r\u00e9gion contre 15,9% au niveau national ;<\/li>\n<li>L\u2019habitat constitue le troisi\u00e8me domaine d\u2019activit\u00e9s avec 4,1% de coop\u00e9ratives de la r\u00e9gion contre 7,\u00a03% au niveau national ;<\/li>\n<li>Les secteurs Forets, Plantes m\u00e9dicinales et aromatiques et Alphab\u00e9tisation ne regroupent respectivement que 1,2%, 1,2% et 1,1% de coop\u00e9ratives de la r\u00e9gion contre respectivement 1,5%, 1% et 0,8% au niveau national.<\/li>\n<\/ul>\n<p>Les proportions \u00e9lev\u00e9es des coop\u00e9ratives actives dans l\u2019agriculture et dans l\u2019artisanat sont certainement li\u00e9es aux vocations agricole et artisanale de la r\u00e9gion\u00a0de F\u00e8s-Mekn\u00e8s. Dans ce contexte, les donn\u00e9es du tableau ci-dessous permettent de constater que :<\/p>\n<ul>\n<li>Les provinces de Taza, Boulemane et Taounate regroupent ensemble pr\u00e8s de 66% de coop\u00e9ratives actives dans le secteur agricole et que les coop\u00e9ratives agricoles y repr\u00e9sentent respectivement 84,4%, 87% et 90% ;<\/li>\n<li>Les provinces de F\u00e8s, Mekn\u00e8s, Sefrou et Boulemane concentrent pr\u00e8s de 70% de coop\u00e9ratives de la r\u00e9gion actives dans le secteur de l\u2019artisanat avec des proportions respectives de 26%, 18,2%, 15% et 11,2%. Au sein de chacune de ces provinces, le nombre de coop\u00e9ratives \u00e0 vocation artisanale repr\u00e9sente respectivement 61%, 25,6%, 22,5% et 8,6%.<\/li>\n<\/ul>\n<p><em><strong>Tableau: R\u00e9partition r\u00e9gionale et nationale des coop\u00e9ratives par secteur au 31 d\u00e9cembre 2015<\/strong><\/em><\/p>\n<table class=\" aligncenter\">\n<tbody>\n<tr>\n<td rowspan=\"2\">Secteur<\/td>\n<td colspan=\"2\">R\u00e9gion<\/td>\n<td colspan=\"2\">Nation<\/td>\n<\/tr>\n<tr>\n<td>Effectif<\/td>\n<td>%<\/td>\n<td>Effectif<\/td>\n<td>%<\/td>\n<\/tr>\n<tr>\n<td>Agriculture<\/td>\n<td>1370<\/td>\n<td>74,6<\/td>\n<td>10542<\/td>\n<td>67,0<\/td>\n<\/tr>\n<tr>\n<td>Artisanal<\/td>\n<td>286<\/td>\n<td>15,6<\/td>\n<td>2497<\/td>\n<td>15,9<\/td>\n<\/tr>\n<tr>\n<td>Habitat<\/td>\n<td>76<\/td>\n<td>4,1<\/td>\n<td>1146<\/td>\n<td>7,3<\/td>\n<\/tr>\n<tr>\n<td>Forets<\/td>\n<td>22<\/td>\n<td>1,2<\/td>\n<td>236<\/td>\n<td>1,5<\/td>\n<\/tr>\n<tr>\n<td>Plantes m\u00e9dicinales et aromatiques<\/td>\n<td>22<\/td>\n<td>1,2<\/td>\n<td>157<\/td>\n<td>1,0<\/td>\n<\/tr>\n<tr>\n<td>Alphab\u00e9tisation<\/td>\n<td>21<\/td>\n<td>1,1<\/td>\n<td>122<\/td>\n<td>0,8<\/td>\n<\/tr>\n<tr>\n<td>Autres secteurs<\/td>\n<td>38<\/td>\n<td>2,2<\/td>\n<td>1035<\/td>\n<td>6,5<\/td>\n<\/tr>\n<tr>\n<td>Total<\/td>\n<td>1835<\/td>\n<td>100,0<\/td>\n<td>15735<\/td>\n<td>100,0<\/td>\n<\/tr>\n<\/tbody>\n<\/table>\n<p style=\"text-align: center;\"><em>Source<\/em> : ODCO<\/p>\n<p><em>Tableau: R\u00e9partition des coop\u00e9ratives par secteur et province (2015)<\/em><\/p>\n<table class=\" aligncenter\">\n<tbody>\n<tr>\n<td>Secteur\/province<\/td>\n<td>Boulemane<\/td>\n<td>El Hajeb<\/td>\n<td>F\u00e8s<\/td>\n<td>Ifrane<\/td>\n<td>Mekn\u00e8s<\/td>\n<td>My Yacoub<\/td>\n<td>Sefrou<\/td>\n<td>Taounate<\/td>\n<td>Taza<\/td>\n<td>Total<\/td>\n<\/tr>\n<tr>\n<td>Arts culinaire<\/td>\n<td>2<\/td>\n<td>1<\/td>\n<td>2<\/td>\n<td>2<\/td>\n<td>1<\/td>\n<td>1<\/td>\n<td>3<\/td>\n<td><\/td>\n<td>3<\/td>\n<td>15<\/td>\n<\/tr>\n<tr>\n<td>Alphab\u00e9tisation<\/td>\n<td>3<\/td>\n<td><\/td>\n<td>4<\/td>\n<td><\/td>\n<td>3<\/td>\n<td><\/td>\n<td>2<\/td>\n<td>1<\/td>\n<td>8<\/td>\n<td>21<\/td>\n<\/tr>\n<tr>\n<td>Arganier<\/td>\n<td>1<\/td>\n<td><\/td>\n<td><\/td>\n<td><\/td>\n<td><\/td>\n<td><\/td>\n<td><\/td>\n<td><\/td>\n<td><\/td>\n<td>1<\/td>\n<\/tr>\n<tr>\n<td>Art et culture<\/td>\n<td><\/td>\n<td><\/td>\n<td>1<\/td>\n<td><\/td>\n<td><\/td>\n<td><\/td>\n<td><\/td>\n<td><\/td>\n<td><\/td>\n<td>1<\/td>\n<\/tr>\n<tr>\n<td>Artisanat<\/td>\n<td>32<\/td>\n<td>14<\/td>\n<td>75<\/td>\n<td>22<\/td>\n<td>52<\/td>\n<td><\/td>\n<td>43<\/td>\n<td>20<\/td>\n<td>28<\/td>\n<td>286<\/td>\n<\/tr>\n<tr>\n<td>Conseil-gestion<\/td>\n<td><\/td>\n<td><\/td>\n<td><\/td>\n<td><\/td>\n<td>1<\/td>\n<td><\/td>\n<td><\/td>\n<td><\/td>\n<td><\/td>\n<td>1<\/td>\n<\/tr>\n<tr>\n<td>Commer\u00e7ants d\u00e9taillants<\/td>\n<td><\/td>\n<td><\/td>\n<td><\/td>\n<td><\/td>\n<td>3<\/td>\n<td><\/td>\n<td><\/td>\n<td>1<\/td>\n<td><\/td>\n<td>4<\/td>\n<\/tr>\n<tr>\n<td>Consommation<\/td>\n<td><\/td>\n<td><\/td>\n<td>1<\/td>\n<td><\/td>\n<td>1<\/td>\n<td><\/td>\n<td><\/td>\n<td><\/td>\n<td><\/td>\n<td>2<\/td>\n<\/tr>\n<tr>\n<td>Exploitation des carri\u00e8res<\/td>\n<td><\/td>\n<td><\/td>\n<td><\/td>\n<td>2<\/td>\n<td>1<\/td>\n<td><\/td>\n<td><\/td>\n<td><\/td>\n<td><\/td>\n<td>3<\/td>\n<\/tr>\n<tr>\n<td>Forets<\/td>\n<td>1<\/td>\n<td>1<\/td>\n<td><\/td>\n<td>6<\/td>\n<td><\/td>\n<td><\/td>\n<td>4<\/td>\n<td><\/td>\n<td>10<\/td>\n<td>22<\/td>\n<\/tr>\n<tr>\n<td>Agriculture<\/td>\n<td>322<\/td>\n<td>57<\/td>\n<td>10<\/td>\n<td>71<\/td>\n<td>112<\/td>\n<td>88<\/td>\n<td>130<\/td>\n<td>238<\/td>\n<td>342<\/td>\n<td>1370<\/td>\n<\/tr>\n<tr>\n<td>Habitat<\/td>\n<td><\/td>\n<td>1<\/td>\n<td>24<\/td>\n<td>7<\/td>\n<td>22<\/td>\n<td><\/td>\n<td>8<\/td>\n<td><\/td>\n<td>14<\/td>\n<td>76<\/td>\n<\/tr>\n<tr>\n<td>Main d\u2019\u0153uvre<\/td>\n<td>1<\/td>\n<td><\/td>\n<td><\/td>\n<td><\/td>\n<td><\/td>\n<td><\/td>\n<td><\/td>\n<td><\/td>\n<td><\/td>\n<td>1<\/td>\n<\/tr>\n<tr>\n<td>Mines<\/td>\n<td>1<\/td>\n<td><\/td>\n<td><\/td>\n<td><\/td>\n<td><\/td>\n<td><\/td>\n<td><\/td>\n<td><\/td>\n<td><\/td>\n<td>1<\/td>\n<\/tr>\n<tr>\n<td>Plantes aromatiques et m\u00e9dicinales<\/td>\n<td>7<\/td>\n<td><\/td>\n<td><\/td>\n<td>5<\/td>\n<td>5<\/td>\n<td>1<\/td>\n<td>1<\/td>\n<td>3<\/td>\n<td><\/td>\n<td>22<\/td>\n<\/tr>\n<tr>\n<td>Recyclage<\/td>\n<td><\/td>\n<td><\/td>\n<td>1<\/td>\n<td><\/td>\n<td>1<\/td>\n<td><\/td>\n<td><\/td>\n<td><\/td>\n<td><\/td>\n<td>2<\/td>\n<\/tr>\n<tr>\n<td>Tourisme<\/td>\n<td><\/td>\n<td><\/td>\n<td><\/td>\n<td><\/td>\n<td><\/td>\n<td><\/td>\n<td><\/td>\n<td>1<\/td>\n<td><\/td>\n<td>1<\/td>\n<\/tr>\n<tr>\n<td>Transport<\/td>\n<td><\/td>\n<td><\/td>\n<td>5<\/td>\n<td><\/td>\n<td>1<\/td>\n<td><\/td>\n<td><\/td>\n<td><\/td>\n<td><\/td>\n<td>6<\/td>\n<\/tr>\n<tr>\n<td>Total<\/td>\n<td>370<\/td>\n<td>74<\/td>\n<td>123<\/td>\n<td>115<\/td>\n<td>203<\/td>\n<td>90<\/td>\n<td>191<\/td>\n<td>264<\/td>\n<td>405<\/td>\n<td>1835<\/td>\n<\/tr>\n<\/tbody>\n<\/table>\n<p style=\"text-align: center;\"><em>Source : ODCO<\/em><\/p>\n","protected":false},"excerpt":{"rendered":"<p>La dynamique r\u00e9gionale du tissu coop\u00e9ratif Le tissu coop\u00e9ratif de la r\u00e9gion de F\u00e8s-Mekn\u00e8s regroupe quelques 1835 coop\u00e9ratives au 31 d\u00e9cembre 2015, soit une part de 11,7% l\u2019effectif national total &#8230;<\/p>\n","protected":false},"author":1,"featured_media":0,"parent":1325,"menu_order":6,"comment_status":"closed","ping_status":"closed","template":"","meta":{"_bbp_topic_count":0,"_bbp_reply_count":0,"_bbp_total_topic_count":0,"_bbp_total_reply_count":0,"_bbp_voice_count":0,"_bbp_anonymous_reply_count":0,"_bbp_topic_count_hidden":0,"_bbp_reply_count_hidden":0,"_bbp_forum_subforum_count":0},"acf":[],"yoast_head":"<!-- This site is optimized with the Yoast SEO plugin v19.5.1 - https:\/\/yoast.com\/wordpress\/plugins\/seo\/ -->\n<title>Economie sociale et solidaire - R\u00e9gion F\u00e8s Mekn\u00e8s<\/title>\n<meta name=\"robots\" content=\"index, follow, max-snippet:-1, max-image-preview:large, max-video-preview:-1\" \/>\n<link rel=\"canonical\" href=\"https:\/\/www.region-fes-meknes.ma\/fr\/la-region\/decouvrir-la-region\/economie-sociale-et-solidaire\/\" \/>\n<meta property=\"og:locale\" content=\"fr_FR\" \/>\n<meta property=\"og:type\" content=\"article\" \/>\n<meta property=\"og:title\" content=\"Economie sociale et solidaire - R\u00e9gion F\u00e8s Mekn\u00e8s\" \/>\n<meta property=\"og:description\" content=\"La dynamique r\u00e9gionale du tissu coop\u00e9ratif Le tissu coop\u00e9ratif de la r\u00e9gion de F\u00e8s-Mekn\u00e8s regroupe quelques 1835 coop\u00e9ratives au 31 d\u00e9cembre 2015, soit une part de 11,7% l\u2019effectif national total ...\" \/>\n<meta property=\"og:url\" content=\"https:\/\/www.region-fes-meknes.ma\/fr\/la-region\/decouvrir-la-region\/economie-sociale-et-solidaire\/\" \/>\n<meta property=\"og:site_name\" content=\"R\u00e9gion F\u00e8s Mekn\u00e8s\" \/>\n<meta property=\"article:publisher\" content=\"https:\/\/www.facebook.com\/R%c3%a9gion-F%c3%a8s-Mekn%c3%a8s-1130195096990872\" \/>\n<meta property=\"article:modified_time\" content=\"2018-03-14T01:51:02+00:00\" \/>\n<meta name=\"twitter:card\" content=\"summary_large_image\" \/>\n<meta name=\"twitter:label1\" content=\"Dur\u00e9e de lecture estim\u00e9e\" \/>\n\t<meta name=\"twitter:data1\" content=\"3 minutes\" \/>\n<script type=\"application\/ld+json\" class=\"yoast-schema-graph\">{\"@context\":\"https:\/\/schema.org\",\"@graph\":[{\"@type\":\"WebPage\",\"@id\":\"https:\/\/www.region-fes-meknes.ma\/fr\/la-region\/decouvrir-la-region\/economie-sociale-et-solidaire\/\",\"url\":\"https:\/\/www.region-fes-meknes.ma\/fr\/la-region\/decouvrir-la-region\/economie-sociale-et-solidaire\/\",\"name\":\"Economie sociale et solidaire - R\u00e9gion F\u00e8s Mekn\u00e8s\",\"isPartOf\":{\"@id\":\"https:\/\/www.region-fes-meknes.ma\/#website\"},\"datePublished\":\"2017-10-04T11:44:34+00:00\",\"dateModified\":\"2018-03-14T01:51:02+00:00\",\"breadcrumb\":{\"@id\":\"https:\/\/www.region-fes-meknes.ma\/fr\/la-region\/decouvrir-la-region\/economie-sociale-et-solidaire\/#breadcrumb\"},\"inLanguage\":\"fr-FR\",\"potentialAction\":[{\"@type\":\"ReadAction\",\"target\":[\"https:\/\/www.region-fes-meknes.ma\/fr\/la-region\/decouvrir-la-region\/economie-sociale-et-solidaire\/\"]}]},{\"@type\":\"BreadcrumbList\",\"@id\":\"https:\/\/www.region-fes-meknes.ma\/fr\/la-region\/decouvrir-la-region\/economie-sociale-et-solidaire\/#breadcrumb\",\"itemListElement\":[{\"@type\":\"ListItem\",\"position\":1,\"name\":\"Accueil\",\"item\":\"https:\/\/www.region-fes-meknes.ma\/fr\/\"},{\"@type\":\"ListItem\",\"position\":2,\"name\":\"La R\u00e9gion\",\"item\":\"https:\/\/www.region-fes-meknes.ma\/fr\/la-region\/\"},{\"@type\":\"ListItem\",\"position\":3,\"name\":\"D\u00e9couvrir la R\u00e9gion\",\"item\":\"https:\/\/www.region-fes-meknes.ma\/fr\/la-region\/decouvrir-la-region\/\"},{\"@type\":\"ListItem\",\"position\":4,\"name\":\"Economie sociale et solidaire\"}]},{\"@type\":\"WebSite\",\"@id\":\"https:\/\/www.region-fes-meknes.ma\/#website\",\"url\":\"https:\/\/www.region-fes-meknes.ma\/\",\"name\":\"Portail de la R\u00e9gion F\u00e8s-Mekn\u00e8s\",\"description\":\"Site officiel de la r\u00e9gion F\u00e8s-Mekn\u00e8s.\",\"publisher\":{\"@id\":\"https:\/\/www.region-fes-meknes.ma\/#organization\"},\"potentialAction\":[{\"@type\":\"SearchAction\",\"target\":{\"@type\":\"EntryPoint\",\"urlTemplate\":\"https:\/\/www.region-fes-meknes.ma\/?s={search_term_string}\"},\"query-input\":\"required name=search_term_string\"}],\"inLanguage\":\"fr-FR\"},{\"@type\":\"Organization\",\"@id\":\"https:\/\/www.region-fes-meknes.ma\/#organization\",\"name\":\"R\u00e9gion F\u00e8s M\u00e8kn\u00e8s\",\"url\":\"https:\/\/www.region-fes-meknes.ma\/\",\"sameAs\":[\"https:\/\/www.facebook.com\/R\u00e9gion-F\u00e8s-Mekn\u00e8s-1130195096990872\"],\"logo\":{\"@type\":\"ImageObject\",\"inLanguage\":\"fr-FR\",\"@id\":\"https:\/\/www.region-fes-meknes.ma\/#\/schema\/logo\/image\/\",\"url\":\"http:\/\/www.region-fes-meknes.ma\/wp-content\/uploads\/2017\/10\/logo-rfm4.png\",\"contentUrl\":\"http:\/\/www.region-fes-meknes.ma\/wp-content\/uploads\/2017\/10\/logo-rfm4.png\",\"width\":304,\"height\":291,\"caption\":\"R\u00e9gion F\u00e8s M\u00e8kn\u00e8s\"},\"image\":{\"@id\":\"https:\/\/www.region-fes-meknes.ma\/#\/schema\/logo\/image\/\"}}]}<\/script>\n<!-- \/ Yoast SEO plugin. -->","yoast_head_json":{"title":"Economie sociale et solidaire - R\u00e9gion F\u00e8s Mekn\u00e8s","robots":{"index":"index","follow":"follow","max-snippet":"max-snippet:-1","max-image-preview":"max-image-preview:large","max-video-preview":"max-video-preview:-1"},"canonical":"https:\/\/www.region-fes-meknes.ma\/fr\/la-region\/decouvrir-la-region\/economie-sociale-et-solidaire\/","og_locale":"fr_FR","og_type":"article","og_title":"Economie sociale et solidaire - R\u00e9gion F\u00e8s Mekn\u00e8s","og_description":"La dynamique r\u00e9gionale du tissu coop\u00e9ratif Le tissu coop\u00e9ratif de la r\u00e9gion de F\u00e8s-Mekn\u00e8s regroupe quelques 1835 coop\u00e9ratives au 31 d\u00e9cembre 2015, soit une part de 11,7% l\u2019effectif national total ...","og_url":"https:\/\/www.region-fes-meknes.ma\/fr\/la-region\/decouvrir-la-region\/economie-sociale-et-solidaire\/","og_site_name":"R\u00e9gion F\u00e8s Mekn\u00e8s","article_publisher":"https:\/\/www.facebook.com\/R%c3%a9gion-F%c3%a8s-Mekn%c3%a8s-1130195096990872","article_modified_time":"2018-03-14T01:51:02+00:00","twitter_card":"summary_large_image","twitter_misc":{"Dur\u00e9e de lecture estim\u00e9e":"3 minutes"},"schema":{"@context":"https:\/\/schema.org","@graph":[{"@type":"WebPage","@id":"https:\/\/www.region-fes-meknes.ma\/fr\/la-region\/decouvrir-la-region\/economie-sociale-et-solidaire\/","url":"https:\/\/www.region-fes-meknes.ma\/fr\/la-region\/decouvrir-la-region\/economie-sociale-et-solidaire\/","name":"Economie sociale et solidaire - R\u00e9gion F\u00e8s Mekn\u00e8s","isPartOf":{"@id":"https:\/\/www.region-fes-meknes.ma\/#website"},"datePublished":"2017-10-04T11:44:34+00:00","dateModified":"2018-03-14T01:51:02+00:00","breadcrumb":{"@id":"https:\/\/www.region-fes-meknes.ma\/fr\/la-region\/decouvrir-la-region\/economie-sociale-et-solidaire\/#breadcrumb"},"inLanguage":"fr-FR","potentialAction":[{"@type":"ReadAction","target":["https:\/\/www.region-fes-meknes.ma\/fr\/la-region\/decouvrir-la-region\/economie-sociale-et-solidaire\/"]}]},{"@type":"BreadcrumbList","@id":"https:\/\/www.region-fes-meknes.ma\/fr\/la-region\/decouvrir-la-region\/economie-sociale-et-solidaire\/#breadcrumb","itemListElement":[{"@type":"ListItem","position":1,"name":"Accueil","item":"https:\/\/www.region-fes-meknes.ma\/fr\/"},{"@type":"ListItem","position":2,"name":"La R\u00e9gion","item":"https:\/\/www.region-fes-meknes.ma\/fr\/la-region\/"},{"@type":"ListItem","position":3,"name":"D\u00e9couvrir la R\u00e9gion","item":"https:\/\/www.region-fes-meknes.ma\/fr\/la-region\/decouvrir-la-region\/"},{"@type":"ListItem","position":4,"name":"Economie sociale et solidaire"}]},{"@type":"WebSite","@id":"https:\/\/www.region-fes-meknes.ma\/#website","url":"https:\/\/www.region-fes-meknes.ma\/","name":"Portail de la R\u00e9gion F\u00e8s-Mekn\u00e8s","description":"Site officiel de la r\u00e9gion F\u00e8s-Mekn\u00e8s.","publisher":{"@id":"https:\/\/www.region-fes-meknes.ma\/#organization"},"potentialAction":[{"@type":"SearchAction","target":{"@type":"EntryPoint","urlTemplate":"https:\/\/www.region-fes-meknes.ma\/?s={search_term_string}"},"query-input":"required name=search_term_string"}],"inLanguage":"fr-FR"},{"@type":"Organization","@id":"https:\/\/www.region-fes-meknes.ma\/#organization","name":"R\u00e9gion F\u00e8s M\u00e8kn\u00e8s","url":"https:\/\/www.region-fes-meknes.ma\/","sameAs":["https:\/\/www.facebook.com\/R\u00e9gion-F\u00e8s-Mekn\u00e8s-1130195096990872"],"logo":{"@type":"ImageObject","inLanguage":"fr-FR","@id":"https:\/\/www.region-fes-meknes.ma\/#\/schema\/logo\/image\/","url":"http:\/\/www.region-fes-meknes.ma\/wp-content\/uploads\/2017\/10\/logo-rfm4.png","contentUrl":"http:\/\/www.region-fes-meknes.ma\/wp-content\/uploads\/2017\/10\/logo-rfm4.png","width":304,"height":291,"caption":"R\u00e9gion F\u00e8s M\u00e8kn\u00e8s"},"image":{"@id":"https:\/\/www.region-fes-meknes.ma\/#\/schema\/logo\/image\/"}}]}},"_links":{"self":[{"href":"https:\/\/www.region-fes-meknes.ma\/fr\/wp-json\/wp\/v2\/pages\/1523"}],"collection":[{"href":"https:\/\/www.region-fes-meknes.ma\/fr\/wp-json\/wp\/v2\/pages"}],"about":[{"href":"https:\/\/www.region-fes-meknes.ma\/fr\/wp-json\/wp\/v2\/types\/page"}],"author":[{"embeddable":true,"href":"https:\/\/www.region-fes-meknes.ma\/fr\/wp-json\/wp\/v2\/users\/1"}],"replies":[{"embeddable":true,"href":"https:\/\/www.region-fes-meknes.ma\/fr\/wp-json\/wp\/v2\/comments?post=1523"}],"version-history":[{"count":3,"href":"https:\/\/www.region-fes-meknes.ma\/fr\/wp-json\/wp\/v2\/pages\/1523\/revisions"}],"predecessor-version":[{"id":4235,"href":"https:\/\/www.region-fes-meknes.ma\/fr\/wp-json\/wp\/v2\/pages\/1523\/revisions\/4235"}],"up":[{"embeddable":true,"href":"https:\/\/www.region-fes-meknes.ma\/fr\/wp-json\/wp\/v2\/pages\/1325"}],"wp:attachment":[{"href":"https:\/\/www.region-fes-meknes.ma\/fr\/wp-json\/wp\/v2\/media?parent=1523"}],"curies":[{"name":"wp","href":"https:\/\/api.w.org\/{rel}","templated":true}]}}