{"id":15346,"date":"2020-06-21T22:40:34","date_gmt":"2020-06-21T21:40:34","guid":{"rendered":"http:\/\/www.region-fes-meknes.ma\/?page_id=15346"},"modified":"2020-06-21T22:55:08","modified_gmt":"2020-06-21T21:55:08","slug":"visites-des-projets","status":"publish","type":"page","link":"https:\/\/www.region-fes-meknes.ma\/fr\/le-conseil-regional\/projets\/visites-des-projets\/","title":{"rendered":"Visites des projets"},"content":{"rendered":"<div class=\"page-category\">\n<article id=\"post-15342\" class=\"list-article clearfix post-15342 post type-post status-publish format-standard has-post-thumbnail hentry category-actualites category-visite-projets province-taounate\">\n\n\t<div class=\"list-article-thumb\">\n\t\t<a href=\"https:\/\/www.region-fes-meknes.ma\/fr\/actualites\/travaux-de-construction-de-deux-terrains-de-proximite-a-la-province-de-taounate\/\">\n\t\t\t<img width=\"226\" height=\"150\" src=\"https:\/\/www.region-fes-meknes.ma\/wp-content\/uploads\/2020\/06\/AREPFMA-1.png\" class=\"attachment-rfm22-blog-small size-rfm22-blog-small wp-post-image\" alt=\"AREPFMA (1)\" loading=\"lazy\" srcset=\"https:\/\/www.region-fes-meknes.ma\/wp-content\/uploads\/2020\/06\/AREPFMA-1.png 1090w, https:\/\/www.region-fes-meknes.ma\/wp-content\/uploads\/2020\/06\/AREPFMA-1-300x199.png 300w, https:\/\/www.region-fes-meknes.ma\/wp-content\/uploads\/2020\/06\/AREPFMA-1-1024x678.png 1024w, https:\/\/www.region-fes-meknes.ma\/wp-content\/uploads\/2020\/06\/AREPFMA-1-768x509.png 768w, https:\/\/www.region-fes-meknes.ma\/wp-content\/uploads\/2020\/06\/AREPFMA-1-100x66.png 100w\" sizes=\"(max-width: 226px) 100vw, 226px\" \/>\t\t<\/a>\n\t<\/div>\n\n\t<div class=\"list-article-content\">\n\t\t<div class=\"list-article-meta\">\n\t\t\t<a href=\"https:\/\/www.region-fes-meknes.ma\/fr\/category\/actualites\/\" rel=\"category tag\">Actualit\u00e9s<\/a> \/ <a href=\"https:\/\/www.region-fes-meknes.ma\/fr\/category\/visite-projets\/\" rel=\"category tag\">Visite Projets<\/a>\t\t<\/div>\n\t\t<header class=\"list-entry-header\">\n\t\t\t<h2 class=\"entry-title\"><a href=\"https:\/\/www.region-fes-meknes.ma\/fr\/actualites\/travaux-de-construction-de-deux-terrains-de-proximite-a-la-province-de-taounate\/\" rel=\"bookmark\">Travaux de construction de deux terrains de proximit\u00e9 \u00e0 la province de Taounate<\/a><\/h2><i class=\"fa fa-calendar\"><\/i> <strong>19\/06\/2020<\/strong>\t\t<\/header><!-- .entry-header -->\n\t\t<div class=\"entry-excerpt\">\n\t\t\t<p>Dans le cadre du renforcement de l\u2019infrastructure sportive \u00e0 la province de Taounate, deux terrains de proximit\u00e9 seront construits aux communes de Bibane et Galaz pour un investissement global de &#8230;<\/p>\n\t\t\t<a class=\"read-more-link\" href=\"https:\/\/www.region-fes-meknes.ma\/fr\/actualites\/travaux-de-construction-de-deux-terrains-de-proximite-a-la-province-de-taounate\/\"> Lire la suite<\/a>\n\t\t\t\t\t<\/div><!-- .entry-content -->\n\t<\/div>\n\n<\/article><!-- #post-## -->\n\n<\/div>\n","protected":false},"excerpt":{"rendered":"","protected":false},"author":1,"featured_media":0,"parent":15349,"menu_order":2,"comment_status":"closed","ping_status":"closed","template":"","meta":{"_bbp_topic_count":0,"_bbp_reply_count":0,"_bbp_total_topic_count":0,"_bbp_total_reply_count":0,"_bbp_voice_count":0,"_bbp_anonymous_reply_count":0,"_bbp_topic_count_hidden":0,"_bbp_reply_count_hidden":0,"_bbp_forum_subforum_count":0},"acf":[],"yoast_head":"<!-- This site is optimized with the Yoast SEO plugin v19.5.1 - https:\/\/yoast.com\/wordpress\/plugins\/seo\/ -->\n<title>Visites des projets - R\u00e9gion F\u00e8s Mekn\u00e8s<\/title>\n<meta name=\"robots\" content=\"index, follow, max-snippet:-1, max-image-preview:large, max-video-preview:-1\" \/>\n<link rel=\"canonical\" href=\"https:\/\/www.region-fes-meknes.ma\/fr\/le-conseil-regional\/projets\/visites-des-projets\/\" \/>\n<meta property=\"og:locale\" content=\"fr_FR\" \/>\n<meta property=\"og:type\" content=\"article\" \/>\n<meta property=\"og:title\" content=\"Visites des projets - R\u00e9gion F\u00e8s Mekn\u00e8s\" \/>\n<meta property=\"og:url\" content=\"https:\/\/www.region-fes-meknes.ma\/fr\/le-conseil-regional\/projets\/visites-des-projets\/\" \/>\n<meta property=\"og:site_name\" content=\"R\u00e9gion F\u00e8s Mekn\u00e8s\" \/>\n<meta property=\"article:publisher\" content=\"https:\/\/www.facebook.com\/R%c3%a9gion-F%c3%a8s-Mekn%c3%a8s-1130195096990872\" \/>\n<meta property=\"article:modified_time\" content=\"2020-06-21T21:55:08+00:00\" \/>\n<meta name=\"twitter:card\" content=\"summary_large_image\" \/>\n<script type=\"application\/ld+json\" class=\"yoast-schema-graph\">{\"@context\":\"https:\/\/schema.org\",\"@graph\":[{\"@type\":\"WebPage\",\"@id\":\"https:\/\/www.region-fes-meknes.ma\/fr\/le-conseil-regional\/projets\/visites-des-projets\/\",\"url\":\"https:\/\/www.region-fes-meknes.ma\/fr\/le-conseil-regional\/projets\/visites-des-projets\/\",\"name\":\"Visites des projets - R\u00e9gion F\u00e8s Mekn\u00e8s\",\"isPartOf\":{\"@id\":\"https:\/\/www.region-fes-meknes.ma\/#website\"},\"datePublished\":\"2020-06-21T21:40:34+00:00\",\"dateModified\":\"2020-06-21T21:55:08+00:00\",\"breadcrumb\":{\"@id\":\"https:\/\/www.region-fes-meknes.ma\/fr\/le-conseil-regional\/projets\/visites-des-projets\/#breadcrumb\"},\"inLanguage\":\"fr-FR\",\"potentialAction\":[{\"@type\":\"ReadAction\",\"target\":[\"https:\/\/www.region-fes-meknes.ma\/fr\/le-conseil-regional\/projets\/visites-des-projets\/\"]}]},{\"@type\":\"BreadcrumbList\",\"@id\":\"https:\/\/www.region-fes-meknes.ma\/fr\/le-conseil-regional\/projets\/visites-des-projets\/#breadcrumb\",\"itemListElement\":[{\"@type\":\"ListItem\",\"position\":1,\"name\":\"Accueil\",\"item\":\"https:\/\/www.region-fes-meknes.ma\/fr\/\"},{\"@type\":\"ListItem\",\"position\":2,\"name\":\"Le Conseil R\u00e9gional\",\"item\":\"https:\/\/www.region-fes-meknes.ma\/fr\/le-conseil-regional\/\"},{\"@type\":\"ListItem\",\"position\":3,\"name\":\"Projets\",\"item\":\"https:\/\/www.region-fes-meknes.ma\/fr\/le-conseil-regional\/projets\/\"},{\"@type\":\"ListItem\",\"position\":4,\"name\":\"Visites des projets\"}]},{\"@type\":\"WebSite\",\"@id\":\"https:\/\/www.region-fes-meknes.ma\/#website\",\"url\":\"https:\/\/www.region-fes-meknes.ma\/\",\"name\":\"Portail de la R\u00e9gion F\u00e8s-Mekn\u00e8s\",\"description\":\"Site officiel de la r\u00e9gion F\u00e8s-Mekn\u00e8s.\",\"publisher\":{\"@id\":\"https:\/\/www.region-fes-meknes.ma\/#organization\"},\"potentialAction\":[{\"@type\":\"SearchAction\",\"target\":{\"@type\":\"EntryPoint\",\"urlTemplate\":\"https:\/\/www.region-fes-meknes.ma\/?s={search_term_string}\"},\"query-input\":\"required name=search_term_string\"}],\"inLanguage\":\"fr-FR\"},{\"@type\":\"Organization\",\"@id\":\"https:\/\/www.region-fes-meknes.ma\/#organization\",\"name\":\"R\u00e9gion F\u00e8s M\u00e8kn\u00e8s\",\"url\":\"https:\/\/www.region-fes-meknes.ma\/\",\"sameAs\":[\"https:\/\/www.facebook.com\/R\u00e9gion-F\u00e8s-Mekn\u00e8s-1130195096990872\"],\"logo\":{\"@type\":\"ImageObject\",\"inLanguage\":\"fr-FR\",\"@id\":\"https:\/\/www.region-fes-meknes.ma\/#\/schema\/logo\/image\/\",\"url\":\"http:\/\/www.region-fes-meknes.ma\/wp-content\/uploads\/2017\/10\/logo-rfm4.png\",\"contentUrl\":\"http:\/\/www.region-fes-meknes.ma\/wp-content\/uploads\/2017\/10\/logo-rfm4.png\",\"width\":304,\"height\":291,\"caption\":\"R\u00e9gion F\u00e8s M\u00e8kn\u00e8s\"},\"image\":{\"@id\":\"https:\/\/www.region-fes-meknes.ma\/#\/schema\/logo\/image\/\"}}]}<\/script>\n<!-- \/ Yoast SEO plugin. -->","yoast_head_json":{"title":"Visites des projets - R\u00e9gion F\u00e8s Mekn\u00e8s","robots":{"index":"index","follow":"follow","max-snippet":"max-snippet:-1","max-image-preview":"max-image-preview:large","max-video-preview":"max-video-preview:-1"},"canonical":"https:\/\/www.region-fes-meknes.ma\/fr\/le-conseil-regional\/projets\/visites-des-projets\/","og_locale":"fr_FR","og_type":"article","og_title":"Visites des projets - R\u00e9gion F\u00e8s Mekn\u00e8s","og_url":"https:\/\/www.region-fes-meknes.ma\/fr\/le-conseil-regional\/projets\/visites-des-projets\/","og_site_name":"R\u00e9gion F\u00e8s Mekn\u00e8s","article_publisher":"https:\/\/www.facebook.com\/R%c3%a9gion-F%c3%a8s-Mekn%c3%a8s-1130195096990872","article_modified_time":"2020-06-21T21:55:08+00:00","twitter_card":"summary_large_image","schema":{"@context":"https:\/\/schema.org","@graph":[{"@type":"WebPage","@id":"https:\/\/www.region-fes-meknes.ma\/fr\/le-conseil-regional\/projets\/visites-des-projets\/","url":"https:\/\/www.region-fes-meknes.ma\/fr\/le-conseil-regional\/projets\/visites-des-projets\/","name":"Visites des projets - R\u00e9gion F\u00e8s Mekn\u00e8s","isPartOf":{"@id":"https:\/\/www.region-fes-meknes.ma\/#website"},"datePublished":"2020-06-21T21:40:34+00:00","dateModified":"2020-06-21T21:55:08+00:00","breadcrumb":{"@id":"https:\/\/www.region-fes-meknes.ma\/fr\/le-conseil-regional\/projets\/visites-des-projets\/#breadcrumb"},"inLanguage":"fr-FR","potentialAction":[{"@type":"ReadAction","target":["https:\/\/www.region-fes-meknes.ma\/fr\/le-conseil-regional\/projets\/visites-des-projets\/"]}]},{"@type":"BreadcrumbList","@id":"https:\/\/www.region-fes-meknes.ma\/fr\/le-conseil-regional\/projets\/visites-des-projets\/#breadcrumb","itemListElement":[{"@type":"ListItem","position":1,"name":"Accueil","item":"https:\/\/www.region-fes-meknes.ma\/fr\/"},{"@type":"ListItem","position":2,"name":"Le Conseil R\u00e9gional","item":"https:\/\/www.region-fes-meknes.ma\/fr\/le-conseil-regional\/"},{"@type":"ListItem","position":3,"name":"Projets","item":"https:\/\/www.region-fes-meknes.ma\/fr\/le-conseil-regional\/projets\/"},{"@type":"ListItem","position":4,"name":"Visites des projets"}]},{"@type":"WebSite","@id":"https:\/\/www.region-fes-meknes.ma\/#website","url":"https:\/\/www.region-fes-meknes.ma\/","name":"Portail de la R\u00e9gion F\u00e8s-Mekn\u00e8s","description":"Site officiel de la r\u00e9gion F\u00e8s-Mekn\u00e8s.","publisher":{"@id":"https:\/\/www.region-fes-meknes.ma\/#organization"},"potentialAction":[{"@type":"SearchAction","target":{"@type":"EntryPoint","urlTemplate":"https:\/\/www.region-fes-meknes.ma\/?s={search_term_string}"},"query-input":"required name=search_term_string"}],"inLanguage":"fr-FR"},{"@type":"Organization","@id":"https:\/\/www.region-fes-meknes.ma\/#organization","name":"R\u00e9gion F\u00e8s M\u00e8kn\u00e8s","url":"https:\/\/www.region-fes-meknes.ma\/","sameAs":["https:\/\/www.facebook.com\/R\u00e9gion-F\u00e8s-Mekn\u00e8s-1130195096990872"],"logo":{"@type":"ImageObject","inLanguage":"fr-FR","@id":"https:\/\/www.region-fes-meknes.ma\/#\/schema\/logo\/image\/","url":"http:\/\/www.region-fes-meknes.ma\/wp-content\/uploads\/2017\/10\/logo-rfm4.png","contentUrl":"http:\/\/www.region-fes-meknes.ma\/wp-content\/uploads\/2017\/10\/logo-rfm4.png","width":304,"height":291,"caption":"R\u00e9gion F\u00e8s M\u00e8kn\u00e8s"},"image":{"@id":"https:\/\/www.region-fes-meknes.ma\/#\/schema\/logo\/image\/"}}]}},"_links":{"self":[{"href":"https:\/\/www.region-fes-meknes.ma\/fr\/wp-json\/wp\/v2\/pages\/15346"}],"collection":[{"href":"https:\/\/www.region-fes-meknes.ma\/fr\/wp-json\/wp\/v2\/pages"}],"about":[{"href":"https:\/\/www.region-fes-meknes.ma\/fr\/wp-json\/wp\/v2\/types\/page"}],"author":[{"embeddable":true,"href":"https:\/\/www.region-fes-meknes.ma\/fr\/wp-json\/wp\/v2\/users\/1"}],"replies":[{"embeddable":true,"href":"https:\/\/www.region-fes-meknes.ma\/fr\/wp-json\/wp\/v2\/comments?post=15346"}],"version-history":[{"count":2,"href":"https:\/\/www.region-fes-meknes.ma\/fr\/wp-json\/wp\/v2\/pages\/15346\/revisions"}],"predecessor-version":[{"id":15358,"href":"https:\/\/www.region-fes-meknes.ma\/fr\/wp-json\/wp\/v2\/pages\/15346\/revisions\/15358"}],"up":[{"embeddable":true,"href":"https:\/\/www.region-fes-meknes.ma\/fr\/wp-json\/wp\/v2\/pages\/15349"}],"wp:attachment":[{"href":"https:\/\/www.region-fes-meknes.ma\/fr\/wp-json\/wp\/v2\/media?parent=15346"}],"curies":[{"name":"wp","href":"https:\/\/api.w.org\/{rel}","templated":true}]}}