{"id":2115,"date":"2017-10-29T14:31:55","date_gmt":"2017-10-29T13:31:55","guid":{"rendered":"http:\/\/www.region-fes-meknes.ma\/?page_id=2115"},"modified":"2018-04-03T23:16:46","modified_gmt":"2018-04-03T21:16:46","slug":"agence-regionale-dexecution-des-projets","status":"publish","type":"page","link":"https:\/\/www.region-fes-meknes.ma\/fr\/administration-regionale\/agence-regionale-dexecution-des-projets\/","title":{"rendered":"Agence R\u00e9gionale d&rsquo;Ex\u00e9cution des Projets"},"content":{"rendered":"<h3 style=\"text-align: center;\">L\u2019Agence R\u00e9gionale d&rsquo;Ex\u00e9cution des Projets de la R\u00e9gion F\u00e8s-Mekn\u00e8s<\/h3>\n<h5 style=\"text-align: center;\">Etablissement public cr\u00e9\u00e9 aupr\u00e8s du conseil r\u00e9gional<\/h5>\n<p>De l&rsquo;esprit de la nouvelle loi relative \u00e0 la r\u00e9gionalisation avanc\u00e9e, on d\u00e9duit que le souci majeur du l\u00e9gislateur est d&rsquo;attribuer des pouvoirs assez \u00e9tendus aux r\u00e9gions en les positionnant en tant qu&rsquo;acteurs de premier plan de d\u00e9veloppement \u00e9conomique dans leurs territoires respectifs. C\u2019est dans ce sens qu&rsquo;il a pr\u00e9conis\u00e9 que les programmes de d\u00e9veloppement doivent \u00eatre ex\u00e9cut\u00e9s dans un cadre contractuel et de coop\u00e9ration. Il a \u00e9t\u00e9 \u00e9galement indispensable de renforcer ses capacit\u00e9s de gestion, des projets notamment, par le biais d\u2019un organe performant \u00e9chappant aux m\u00e9faits des enjeux politiques et des chevauchements entre le volet strat\u00e9gique et d\u00e9cisionnel d\u2019une part et le volet op\u00e9rationnel et ex\u00e9cutif d\u2019autre part. Cette s\u00e9paration ou bien sp\u00e9cification des attributions est dans le but de permettre \u00e0 la r\u00e9gion de ne pas avoir les lourdeurs et les soucis de la gestion administrative et technique, notamment les projets d\u2019investissements qui seront de grandes envergures, et \u00e9galement avoir l\u2019aisance d\u2019attirer des profils sp\u00e9cialis\u00e9s gr\u00e2ce \u00e0 la contractualisation tout en ob\u00e9issant \u00e0 une logique de rentabilit\u00e9.<\/p>\n<p>La mise en place de l\u2019Agence R\u00e9gionale d\u2019Ex\u00e9cution des Projets de la r\u00e9gion F\u00e8s-Mekn\u00e8s (AREP-FM) trouve son essence dans les dispositions de la loi organique n\u00b0 111-14 relative aux r\u00e9gions, notamment ses articles 128 et suivants. Elle est charg\u00e9e, d\u00e8s sa cr\u00e9ation, d\u2019apporter toute forme d\u2019assistance juridique et d\u2019ing\u00e9nierie technico-financi\u00e8re \u00e0 la demande du conseil en plus de l\u2019ex\u00e9cution des projets et des programmes adopt\u00e9s par ce dernier.<\/p>\n<p>Sur cette base, la cr\u00e9ation de l\u2019AREP-FM a \u00e9t\u00e9 concr\u00e9tis\u00e9e par la d\u00e9cision du conseil de la r\u00e9gion F\u00e8s-Mekn\u00e8s n\u00b0 15- 2016 en date du 7 mars 2016. Il y a eu ensuite la d\u00e9signation du comit\u00e9 de supervision et de contr\u00f4le, par d\u00e9cision de monsieur le pr\u00e9sident du conseil de la r\u00e9gion F\u00e8s-Mekn\u00e8s n\u00b0 0019\/16 en date du 02 mai 2016, qui est un organe repr\u00e9sentant le conseil r\u00e9gional en plus des services ext\u00e9rieurs \u00e0 travers Monsieur le WALI de la R\u00e9gion, charg\u00e9 de veiller au bon fonctionnement de cet \u00e9tablissement et de suivre ses activit\u00e9s.<\/p>\n<p>La mise en place de l\u2019AREP-FM sous l\u2019autorit\u00e9 du conseil r\u00e9gional, est dans le sens d\u2019avoir un organe ex\u00e9cutif poss\u00e9dant une expertise pointue dans les domaines de comp\u00e9tence de cette collectivit\u00e9 que ce soit la planification, la promotion \u00e9conomique et sociale, le marketing territorial, le renforcement des capacit\u00e9s de gestion, l\u2019ex\u00e9cution directe des grands projets structurants ou bien le conseil technique et juridique.<\/p>\n<p>D\u00e9pourvu des biais dont p\u00e2tissent les administrations locales ; masse salariale tr\u00e8s lourde, faible taux d\u2019encadrement, inad\u00e9quation poste\/profil, etc., cet organe est en phase de se constituer sur des bases solides en adoptant une organisation \u00e0 m\u00eame de prendre en charge ses missions et de r\u00e9pondre aux attentes du conseil r\u00e9gional\u00a0:<\/p>\n<p><img loading=\"lazy\" class=\"aligncenter wp-image-2186 size-full\" src=\"http:\/\/www.region-fes-meknes.ma\/wp-content\/uploads\/2017\/10\/arep-organigramme.png?_t=1509533265\" alt=\"\" width=\"533\" height=\"489\" srcset=\"https:\/\/www.region-fes-meknes.ma\/wp-content\/uploads\/2017\/10\/arep-organigramme.png 533w, https:\/\/www.region-fes-meknes.ma\/wp-content\/uploads\/2017\/10\/arep-organigramme-300x275.png 300w, https:\/\/www.region-fes-meknes.ma\/wp-content\/uploads\/2017\/10\/arep-organigramme-100x92.png 100w\" sizes=\"(max-width: 533px) 100vw, 533px\" \/><\/p>\n<p>Actuellement l\u2019AREP-FM est en phase de recrutement des responsables de ses divisions et services. Etant donn\u00e9 que cette op\u00e9ration de recrutement constitue une phase d\u00e9terminante pour qualifier l\u2019AREP-FM \u00e0 prendre en charge ses missions, et afin d\u2019assurer les meilleurs conditions d\u2019\u00e9quit\u00e9 et de transparence, les commissions de s\u00e9lection ont \u00e9t\u00e9 compos\u00e9es de responsables des services ext\u00e9rieurs, d\u2019universitaires et \u00e9galement de repr\u00e9sentant de la soci\u00e9t\u00e9 civile, sous la supervision du bureau du conseil r\u00e9gional. Cette initiative avait \u00e9galement pour objectif de s\u2019ouvrir vers les diff\u00e9rents acteurs locaux et d\u2019initier les voies de coop\u00e9ration et de partenariat, tant n\u00e9cessaires \u00e0 la mutualisation des moyens et l\u2019activation des programmes de d\u00e9veloppement.<\/p>\n<p>&nbsp;<\/p>\n","protected":false},"excerpt":{"rendered":"<p>L\u2019Agence R\u00e9gionale d&rsquo;Ex\u00e9cution des Projets de la R\u00e9gion F\u00e8s-Mekn\u00e8s Etablissement public cr\u00e9\u00e9 aupr\u00e8s du conseil r\u00e9gional De l&rsquo;esprit de la nouvelle loi relative \u00e0 la r\u00e9gionalisation avanc\u00e9e, on d\u00e9duit que &#8230;<\/p>\n","protected":false},"author":1,"featured_media":4743,"parent":1323,"menu_order":5,"comment_status":"closed","ping_status":"closed","template":"","meta":{"_bbp_topic_count":0,"_bbp_reply_count":0,"_bbp_total_topic_count":0,"_bbp_total_reply_count":0,"_bbp_voice_count":0,"_bbp_anonymous_reply_count":0,"_bbp_topic_count_hidden":0,"_bbp_reply_count_hidden":0,"_bbp_forum_subforum_count":0},"acf":[],"yoast_head":"<!-- This site is optimized with the Yoast SEO plugin v19.5.1 - https:\/\/yoast.com\/wordpress\/plugins\/seo\/ -->\n<title>Agence R\u00e9gionale d&#039;Ex\u00e9cution des Projets - R\u00e9gion F\u00e8s Mekn\u00e8s<\/title>\n<meta name=\"robots\" content=\"index, follow, max-snippet:-1, max-image-preview:large, max-video-preview:-1\" \/>\n<link rel=\"canonical\" href=\"https:\/\/www.region-fes-meknes.ma\/fr\/administration-regionale\/agence-regionale-dexecution-des-projets\/\" \/>\n<meta property=\"og:locale\" content=\"fr_FR\" \/>\n<meta property=\"og:type\" content=\"article\" \/>\n<meta property=\"og:title\" content=\"Agence R\u00e9gionale d&#039;Ex\u00e9cution des Projets - R\u00e9gion F\u00e8s Mekn\u00e8s\" \/>\n<meta property=\"og:description\" content=\"L\u2019Agence R\u00e9gionale d&rsquo;Ex\u00e9cution des Projets de la R\u00e9gion F\u00e8s-Mekn\u00e8s Etablissement public cr\u00e9\u00e9 aupr\u00e8s du conseil r\u00e9gional De l&rsquo;esprit de la nouvelle loi relative \u00e0 la r\u00e9gionalisation avanc\u00e9e, on d\u00e9duit que ...\" \/>\n<meta property=\"og:url\" content=\"https:\/\/www.region-fes-meknes.ma\/fr\/administration-regionale\/agence-regionale-dexecution-des-projets\/\" \/>\n<meta property=\"og:site_name\" content=\"R\u00e9gion F\u00e8s Mekn\u00e8s\" \/>\n<meta property=\"article:publisher\" content=\"https:\/\/www.facebook.com\/R%c3%a9gion-F%c3%a8s-Mekn%c3%a8s-1130195096990872\" \/>\n<meta property=\"article:modified_time\" content=\"2018-04-03T21:16:46+00:00\" \/>\n<meta property=\"og:image\" content=\"https:\/\/www.region-fes-meknes.ma\/wp-content\/uploads\/2018\/04\/rfm-arep.jpg\" \/>\n\t<meta property=\"og:image:width\" content=\"300\" \/>\n\t<meta property=\"og:image:height\" content=\"150\" \/>\n\t<meta property=\"og:image:type\" content=\"image\/jpeg\" \/>\n<meta name=\"twitter:card\" content=\"summary_large_image\" \/>\n<meta name=\"twitter:label1\" content=\"Dur\u00e9e de lecture estim\u00e9e\" \/>\n\t<meta name=\"twitter:data1\" content=\"3 minutes\" \/>\n<script type=\"application\/ld+json\" class=\"yoast-schema-graph\">{\"@context\":\"https:\/\/schema.org\",\"@graph\":[{\"@type\":\"WebPage\",\"@id\":\"https:\/\/www.region-fes-meknes.ma\/fr\/administration-regionale\/agence-regionale-dexecution-des-projets\/\",\"url\":\"https:\/\/www.region-fes-meknes.ma\/fr\/administration-regionale\/agence-regionale-dexecution-des-projets\/\",\"name\":\"Agence R\u00e9gionale d'Ex\u00e9cution des Projets - R\u00e9gion F\u00e8s Mekn\u00e8s\",\"isPartOf\":{\"@id\":\"https:\/\/www.region-fes-meknes.ma\/#website\"},\"datePublished\":\"2017-10-29T13:31:55+00:00\",\"dateModified\":\"2018-04-03T21:16:46+00:00\",\"breadcrumb\":{\"@id\":\"https:\/\/www.region-fes-meknes.ma\/fr\/administration-regionale\/agence-regionale-dexecution-des-projets\/#breadcrumb\"},\"inLanguage\":\"fr-FR\",\"potentialAction\":[{\"@type\":\"ReadAction\",\"target\":[\"https:\/\/www.region-fes-meknes.ma\/fr\/administration-regionale\/agence-regionale-dexecution-des-projets\/\"]}]},{\"@type\":\"BreadcrumbList\",\"@id\":\"https:\/\/www.region-fes-meknes.ma\/fr\/administration-regionale\/agence-regionale-dexecution-des-projets\/#breadcrumb\",\"itemListElement\":[{\"@type\":\"ListItem\",\"position\":1,\"name\":\"Accueil\",\"item\":\"https:\/\/www.region-fes-meknes.ma\/fr\/\"},{\"@type\":\"ListItem\",\"position\":2,\"name\":\"Administration R\u00e9gionale\",\"item\":\"https:\/\/www.region-fes-meknes.ma\/fr\/administration-regionale\/\"},{\"@type\":\"ListItem\",\"position\":3,\"name\":\"Agence R\u00e9gionale d&rsquo;Ex\u00e9cution des Projets\"}]},{\"@type\":\"WebSite\",\"@id\":\"https:\/\/www.region-fes-meknes.ma\/#website\",\"url\":\"https:\/\/www.region-fes-meknes.ma\/\",\"name\":\"Portail de la R\u00e9gion F\u00e8s-Mekn\u00e8s\",\"description\":\"Site officiel de la r\u00e9gion F\u00e8s-Mekn\u00e8s.\",\"publisher\":{\"@id\":\"https:\/\/www.region-fes-meknes.ma\/#organization\"},\"potentialAction\":[{\"@type\":\"SearchAction\",\"target\":{\"@type\":\"EntryPoint\",\"urlTemplate\":\"https:\/\/www.region-fes-meknes.ma\/?s={search_term_string}\"},\"query-input\":\"required name=search_term_string\"}],\"inLanguage\":\"fr-FR\"},{\"@type\":\"Organization\",\"@id\":\"https:\/\/www.region-fes-meknes.ma\/#organization\",\"name\":\"R\u00e9gion F\u00e8s M\u00e8kn\u00e8s\",\"url\":\"https:\/\/www.region-fes-meknes.ma\/\",\"sameAs\":[\"https:\/\/www.facebook.com\/R\u00e9gion-F\u00e8s-Mekn\u00e8s-1130195096990872\"],\"logo\":{\"@type\":\"ImageObject\",\"inLanguage\":\"fr-FR\",\"@id\":\"https:\/\/www.region-fes-meknes.ma\/#\/schema\/logo\/image\/\",\"url\":\"http:\/\/www.region-fes-meknes.ma\/wp-content\/uploads\/2017\/10\/logo-rfm4.png\",\"contentUrl\":\"http:\/\/www.region-fes-meknes.ma\/wp-content\/uploads\/2017\/10\/logo-rfm4.png\",\"width\":304,\"height\":291,\"caption\":\"R\u00e9gion F\u00e8s M\u00e8kn\u00e8s\"},\"image\":{\"@id\":\"https:\/\/www.region-fes-meknes.ma\/#\/schema\/logo\/image\/\"}}]}<\/script>\n<!-- \/ Yoast SEO plugin. -->","yoast_head_json":{"title":"Agence R\u00e9gionale d'Ex\u00e9cution des Projets - R\u00e9gion F\u00e8s Mekn\u00e8s","robots":{"index":"index","follow":"follow","max-snippet":"max-snippet:-1","max-image-preview":"max-image-preview:large","max-video-preview":"max-video-preview:-1"},"canonical":"https:\/\/www.region-fes-meknes.ma\/fr\/administration-regionale\/agence-regionale-dexecution-des-projets\/","og_locale":"fr_FR","og_type":"article","og_title":"Agence R\u00e9gionale d'Ex\u00e9cution des Projets - R\u00e9gion F\u00e8s Mekn\u00e8s","og_description":"L\u2019Agence R\u00e9gionale d&rsquo;Ex\u00e9cution des Projets de la R\u00e9gion F\u00e8s-Mekn\u00e8s Etablissement public cr\u00e9\u00e9 aupr\u00e8s du conseil r\u00e9gional De l&rsquo;esprit de la nouvelle loi relative \u00e0 la r\u00e9gionalisation avanc\u00e9e, on d\u00e9duit que ...","og_url":"https:\/\/www.region-fes-meknes.ma\/fr\/administration-regionale\/agence-regionale-dexecution-des-projets\/","og_site_name":"R\u00e9gion F\u00e8s Mekn\u00e8s","article_publisher":"https:\/\/www.facebook.com\/R%c3%a9gion-F%c3%a8s-Mekn%c3%a8s-1130195096990872","article_modified_time":"2018-04-03T21:16:46+00:00","og_image":[{"width":300,"height":150,"url":"https:\/\/www.region-fes-meknes.ma\/wp-content\/uploads\/2018\/04\/rfm-arep.jpg","type":"image\/jpeg"}],"twitter_card":"summary_large_image","twitter_misc":{"Dur\u00e9e de lecture estim\u00e9e":"3 minutes"},"schema":{"@context":"https:\/\/schema.org","@graph":[{"@type":"WebPage","@id":"https:\/\/www.region-fes-meknes.ma\/fr\/administration-regionale\/agence-regionale-dexecution-des-projets\/","url":"https:\/\/www.region-fes-meknes.ma\/fr\/administration-regionale\/agence-regionale-dexecution-des-projets\/","name":"Agence R\u00e9gionale d'Ex\u00e9cution des Projets - R\u00e9gion F\u00e8s Mekn\u00e8s","isPartOf":{"@id":"https:\/\/www.region-fes-meknes.ma\/#website"},"datePublished":"2017-10-29T13:31:55+00:00","dateModified":"2018-04-03T21:16:46+00:00","breadcrumb":{"@id":"https:\/\/www.region-fes-meknes.ma\/fr\/administration-regionale\/agence-regionale-dexecution-des-projets\/#breadcrumb"},"inLanguage":"fr-FR","potentialAction":[{"@type":"ReadAction","target":["https:\/\/www.region-fes-meknes.ma\/fr\/administration-regionale\/agence-regionale-dexecution-des-projets\/"]}]},{"@type":"BreadcrumbList","@id":"https:\/\/www.region-fes-meknes.ma\/fr\/administration-regionale\/agence-regionale-dexecution-des-projets\/#breadcrumb","itemListElement":[{"@type":"ListItem","position":1,"name":"Accueil","item":"https:\/\/www.region-fes-meknes.ma\/fr\/"},{"@type":"ListItem","position":2,"name":"Administration R\u00e9gionale","item":"https:\/\/www.region-fes-meknes.ma\/fr\/administration-regionale\/"},{"@type":"ListItem","position":3,"name":"Agence R\u00e9gionale d&rsquo;Ex\u00e9cution des Projets"}]},{"@type":"WebSite","@id":"https:\/\/www.region-fes-meknes.ma\/#website","url":"https:\/\/www.region-fes-meknes.ma\/","name":"Portail de la R\u00e9gion F\u00e8s-Mekn\u00e8s","description":"Site officiel de la r\u00e9gion F\u00e8s-Mekn\u00e8s.","publisher":{"@id":"https:\/\/www.region-fes-meknes.ma\/#organization"},"potentialAction":[{"@type":"SearchAction","target":{"@type":"EntryPoint","urlTemplate":"https:\/\/www.region-fes-meknes.ma\/?s={search_term_string}"},"query-input":"required name=search_term_string"}],"inLanguage":"fr-FR"},{"@type":"Organization","@id":"https:\/\/www.region-fes-meknes.ma\/#organization","name":"R\u00e9gion F\u00e8s M\u00e8kn\u00e8s","url":"https:\/\/www.region-fes-meknes.ma\/","sameAs":["https:\/\/www.facebook.com\/R\u00e9gion-F\u00e8s-Mekn\u00e8s-1130195096990872"],"logo":{"@type":"ImageObject","inLanguage":"fr-FR","@id":"https:\/\/www.region-fes-meknes.ma\/#\/schema\/logo\/image\/","url":"http:\/\/www.region-fes-meknes.ma\/wp-content\/uploads\/2017\/10\/logo-rfm4.png","contentUrl":"http:\/\/www.region-fes-meknes.ma\/wp-content\/uploads\/2017\/10\/logo-rfm4.png","width":304,"height":291,"caption":"R\u00e9gion F\u00e8s M\u00e8kn\u00e8s"},"image":{"@id":"https:\/\/www.region-fes-meknes.ma\/#\/schema\/logo\/image\/"}}]}},"_links":{"self":[{"href":"https:\/\/www.region-fes-meknes.ma\/fr\/wp-json\/wp\/v2\/pages\/2115"}],"collection":[{"href":"https:\/\/www.region-fes-meknes.ma\/fr\/wp-json\/wp\/v2\/pages"}],"about":[{"href":"https:\/\/www.region-fes-meknes.ma\/fr\/wp-json\/wp\/v2\/types\/page"}],"author":[{"embeddable":true,"href":"https:\/\/www.region-fes-meknes.ma\/fr\/wp-json\/wp\/v2\/users\/1"}],"replies":[{"embeddable":true,"href":"https:\/\/www.region-fes-meknes.ma\/fr\/wp-json\/wp\/v2\/comments?post=2115"}],"version-history":[{"count":8,"href":"https:\/\/www.region-fes-meknes.ma\/fr\/wp-json\/wp\/v2\/pages\/2115\/revisions"}],"predecessor-version":[{"id":4797,"href":"https:\/\/www.region-fes-meknes.ma\/fr\/wp-json\/wp\/v2\/pages\/2115\/revisions\/4797"}],"up":[{"embeddable":true,"href":"https:\/\/www.region-fes-meknes.ma\/fr\/wp-json\/wp\/v2\/pages\/1323"}],"wp:featuredmedia":[{"embeddable":true,"href":"https:\/\/www.region-fes-meknes.ma\/fr\/wp-json\/wp\/v2\/media\/4743"}],"wp:attachment":[{"href":"https:\/\/www.region-fes-meknes.ma\/fr\/wp-json\/wp\/v2\/media?parent=2115"}],"curies":[{"name":"wp","href":"https:\/\/api.w.org\/{rel}","templated":true}]}}