{"id":2117,"date":"2017-10-29T14:32:38","date_gmt":"2017-10-29T13:32:38","guid":{"rendered":"http:\/\/www.region-fes-meknes.ma\/?page_id=2117"},"modified":"2018-04-03T14:24:13","modified_gmt":"2018-04-03T12:24:13","slug":"societe-de-developpement-regional","status":"publish","type":"page","link":"https:\/\/www.region-fes-meknes.ma\/fr\/administration-regionale\/societe-de-developpement-regional\/","title":{"rendered":"Soci\u00e9t\u00e9 de D\u00e9veloppement R\u00e9gional"},"content":{"rendered":"<p>La loi organique sur les r\u00e9gions a consacr\u00e9 son troisi\u00e8me chapitre aux soci\u00e9t\u00e9s de d\u00e9veloppement r\u00e9gional en stipulant que les r\u00e9gions, les groupements de r\u00e9gions et les groupements de collectivit\u00e9s territoriales peuvent les cr\u00e9er sous forme de soci\u00e9t\u00e9s anonymes ou participer \u00e0 leur capital, en association avec une ou plusieurs personnes morales de droit public ou priv\u00e9.<\/p>\n<p>Ces soci\u00e9t\u00e9s sont cr\u00e9\u00e9es pour exercer des activit\u00e9s \u00e0 caract\u00e8re \u00e9conomique entrant dans le champs des comp\u00e9tences de la r\u00e9gion ou pour la gestion d&rsquo;un service public relevant de la r\u00e9gion.<\/p>\n","protected":false},"excerpt":{"rendered":"<p>La loi organique sur les r\u00e9gions a consacr\u00e9 son troisi\u00e8me chapitre aux soci\u00e9t\u00e9s de d\u00e9veloppement r\u00e9gional en stipulant que les r\u00e9gions, les groupements de r\u00e9gions et les groupements de collectivit\u00e9s &#8230;<\/p>\n","protected":false},"author":1,"featured_media":4742,"parent":1323,"menu_order":6,"comment_status":"closed","ping_status":"closed","template":"","meta":{"_bbp_topic_count":0,"_bbp_reply_count":0,"_bbp_total_topic_count":0,"_bbp_total_reply_count":0,"_bbp_voice_count":0,"_bbp_anonymous_reply_count":0,"_bbp_topic_count_hidden":0,"_bbp_reply_count_hidden":0,"_bbp_forum_subforum_count":0},"acf":[],"yoast_head":"<!-- This site is optimized with the Yoast SEO plugin v19.5.1 - https:\/\/yoast.com\/wordpress\/plugins\/seo\/ -->\n<title>Soci\u00e9t\u00e9 de D\u00e9veloppement R\u00e9gional - R\u00e9gion F\u00e8s Mekn\u00e8s<\/title>\n<meta name=\"robots\" content=\"index, follow, max-snippet:-1, max-image-preview:large, max-video-preview:-1\" \/>\n<link rel=\"canonical\" href=\"https:\/\/www.region-fes-meknes.ma\/fr\/administration-regionale\/societe-de-developpement-regional\/\" \/>\n<meta property=\"og:locale\" content=\"fr_FR\" \/>\n<meta property=\"og:type\" content=\"article\" \/>\n<meta property=\"og:title\" content=\"Soci\u00e9t\u00e9 de D\u00e9veloppement R\u00e9gional - R\u00e9gion F\u00e8s Mekn\u00e8s\" \/>\n<meta property=\"og:description\" content=\"La loi organique sur les r\u00e9gions a consacr\u00e9 son troisi\u00e8me chapitre aux soci\u00e9t\u00e9s de d\u00e9veloppement r\u00e9gional en stipulant que les r\u00e9gions, les groupements de r\u00e9gions et les groupements de collectivit\u00e9s ...\" \/>\n<meta property=\"og:url\" content=\"https:\/\/www.region-fes-meknes.ma\/fr\/administration-regionale\/societe-de-developpement-regional\/\" \/>\n<meta property=\"og:site_name\" content=\"R\u00e9gion F\u00e8s Mekn\u00e8s\" \/>\n<meta property=\"article:publisher\" content=\"https:\/\/www.facebook.com\/R%c3%a9gion-F%c3%a8s-Mekn%c3%a8s-1130195096990872\" \/>\n<meta property=\"article:modified_time\" content=\"2018-04-03T12:24:13+00:00\" \/>\n<meta property=\"og:image\" content=\"https:\/\/www.region-fes-meknes.ma\/wp-content\/uploads\/2018\/04\/rfm-sdr.jpg\" \/>\n\t<meta property=\"og:image:width\" content=\"300\" \/>\n\t<meta property=\"og:image:height\" content=\"150\" \/>\n\t<meta property=\"og:image:type\" content=\"image\/jpeg\" \/>\n<meta name=\"twitter:card\" content=\"summary_large_image\" \/>\n<meta name=\"twitter:label1\" content=\"Dur\u00e9e de lecture estim\u00e9e\" \/>\n\t<meta name=\"twitter:data1\" content=\"1 minute\" \/>\n<script type=\"application\/ld+json\" class=\"yoast-schema-graph\">{\"@context\":\"https:\/\/schema.org\",\"@graph\":[{\"@type\":\"WebPage\",\"@id\":\"https:\/\/www.region-fes-meknes.ma\/fr\/administration-regionale\/societe-de-developpement-regional\/\",\"url\":\"https:\/\/www.region-fes-meknes.ma\/fr\/administration-regionale\/societe-de-developpement-regional\/\",\"name\":\"Soci\u00e9t\u00e9 de D\u00e9veloppement R\u00e9gional - R\u00e9gion F\u00e8s Mekn\u00e8s\",\"isPartOf\":{\"@id\":\"https:\/\/www.region-fes-meknes.ma\/#website\"},\"datePublished\":\"2017-10-29T13:32:38+00:00\",\"dateModified\":\"2018-04-03T12:24:13+00:00\",\"breadcrumb\":{\"@id\":\"https:\/\/www.region-fes-meknes.ma\/fr\/administration-regionale\/societe-de-developpement-regional\/#breadcrumb\"},\"inLanguage\":\"fr-FR\",\"potentialAction\":[{\"@type\":\"ReadAction\",\"target\":[\"https:\/\/www.region-fes-meknes.ma\/fr\/administration-regionale\/societe-de-developpement-regional\/\"]}]},{\"@type\":\"BreadcrumbList\",\"@id\":\"https:\/\/www.region-fes-meknes.ma\/fr\/administration-regionale\/societe-de-developpement-regional\/#breadcrumb\",\"itemListElement\":[{\"@type\":\"ListItem\",\"position\":1,\"name\":\"Accueil\",\"item\":\"https:\/\/www.region-fes-meknes.ma\/fr\/\"},{\"@type\":\"ListItem\",\"position\":2,\"name\":\"Administration R\u00e9gionale\",\"item\":\"https:\/\/www.region-fes-meknes.ma\/fr\/administration-regionale\/\"},{\"@type\":\"ListItem\",\"position\":3,\"name\":\"Soci\u00e9t\u00e9 de D\u00e9veloppement R\u00e9gional\"}]},{\"@type\":\"WebSite\",\"@id\":\"https:\/\/www.region-fes-meknes.ma\/#website\",\"url\":\"https:\/\/www.region-fes-meknes.ma\/\",\"name\":\"Portail de la R\u00e9gion F\u00e8s-Mekn\u00e8s\",\"description\":\"Site officiel de la r\u00e9gion F\u00e8s-Mekn\u00e8s.\",\"publisher\":{\"@id\":\"https:\/\/www.region-fes-meknes.ma\/#organization\"},\"potentialAction\":[{\"@type\":\"SearchAction\",\"target\":{\"@type\":\"EntryPoint\",\"urlTemplate\":\"https:\/\/www.region-fes-meknes.ma\/?s={search_term_string}\"},\"query-input\":\"required name=search_term_string\"}],\"inLanguage\":\"fr-FR\"},{\"@type\":\"Organization\",\"@id\":\"https:\/\/www.region-fes-meknes.ma\/#organization\",\"name\":\"R\u00e9gion F\u00e8s M\u00e8kn\u00e8s\",\"url\":\"https:\/\/www.region-fes-meknes.ma\/\",\"sameAs\":[\"https:\/\/www.facebook.com\/R\u00e9gion-F\u00e8s-Mekn\u00e8s-1130195096990872\"],\"logo\":{\"@type\":\"ImageObject\",\"inLanguage\":\"fr-FR\",\"@id\":\"https:\/\/www.region-fes-meknes.ma\/#\/schema\/logo\/image\/\",\"url\":\"http:\/\/www.region-fes-meknes.ma\/wp-content\/uploads\/2017\/10\/logo-rfm4.png\",\"contentUrl\":\"http:\/\/www.region-fes-meknes.ma\/wp-content\/uploads\/2017\/10\/logo-rfm4.png\",\"width\":304,\"height\":291,\"caption\":\"R\u00e9gion F\u00e8s M\u00e8kn\u00e8s\"},\"image\":{\"@id\":\"https:\/\/www.region-fes-meknes.ma\/#\/schema\/logo\/image\/\"}}]}<\/script>\n<!-- \/ Yoast SEO plugin. -->","yoast_head_json":{"title":"Soci\u00e9t\u00e9 de D\u00e9veloppement R\u00e9gional - R\u00e9gion F\u00e8s Mekn\u00e8s","robots":{"index":"index","follow":"follow","max-snippet":"max-snippet:-1","max-image-preview":"max-image-preview:large","max-video-preview":"max-video-preview:-1"},"canonical":"https:\/\/www.region-fes-meknes.ma\/fr\/administration-regionale\/societe-de-developpement-regional\/","og_locale":"fr_FR","og_type":"article","og_title":"Soci\u00e9t\u00e9 de D\u00e9veloppement R\u00e9gional - R\u00e9gion F\u00e8s Mekn\u00e8s","og_description":"La loi organique sur les r\u00e9gions a consacr\u00e9 son troisi\u00e8me chapitre aux soci\u00e9t\u00e9s de d\u00e9veloppement r\u00e9gional en stipulant que les r\u00e9gions, les groupements de r\u00e9gions et les groupements de collectivit\u00e9s ...","og_url":"https:\/\/www.region-fes-meknes.ma\/fr\/administration-regionale\/societe-de-developpement-regional\/","og_site_name":"R\u00e9gion F\u00e8s Mekn\u00e8s","article_publisher":"https:\/\/www.facebook.com\/R%c3%a9gion-F%c3%a8s-Mekn%c3%a8s-1130195096990872","article_modified_time":"2018-04-03T12:24:13+00:00","og_image":[{"width":300,"height":150,"url":"https:\/\/www.region-fes-meknes.ma\/wp-content\/uploads\/2018\/04\/rfm-sdr.jpg","type":"image\/jpeg"}],"twitter_card":"summary_large_image","twitter_misc":{"Dur\u00e9e de lecture estim\u00e9e":"1 minute"},"schema":{"@context":"https:\/\/schema.org","@graph":[{"@type":"WebPage","@id":"https:\/\/www.region-fes-meknes.ma\/fr\/administration-regionale\/societe-de-developpement-regional\/","url":"https:\/\/www.region-fes-meknes.ma\/fr\/administration-regionale\/societe-de-developpement-regional\/","name":"Soci\u00e9t\u00e9 de D\u00e9veloppement R\u00e9gional - R\u00e9gion F\u00e8s Mekn\u00e8s","isPartOf":{"@id":"https:\/\/www.region-fes-meknes.ma\/#website"},"datePublished":"2017-10-29T13:32:38+00:00","dateModified":"2018-04-03T12:24:13+00:00","breadcrumb":{"@id":"https:\/\/www.region-fes-meknes.ma\/fr\/administration-regionale\/societe-de-developpement-regional\/#breadcrumb"},"inLanguage":"fr-FR","potentialAction":[{"@type":"ReadAction","target":["https:\/\/www.region-fes-meknes.ma\/fr\/administration-regionale\/societe-de-developpement-regional\/"]}]},{"@type":"BreadcrumbList","@id":"https:\/\/www.region-fes-meknes.ma\/fr\/administration-regionale\/societe-de-developpement-regional\/#breadcrumb","itemListElement":[{"@type":"ListItem","position":1,"name":"Accueil","item":"https:\/\/www.region-fes-meknes.ma\/fr\/"},{"@type":"ListItem","position":2,"name":"Administration R\u00e9gionale","item":"https:\/\/www.region-fes-meknes.ma\/fr\/administration-regionale\/"},{"@type":"ListItem","position":3,"name":"Soci\u00e9t\u00e9 de D\u00e9veloppement R\u00e9gional"}]},{"@type":"WebSite","@id":"https:\/\/www.region-fes-meknes.ma\/#website","url":"https:\/\/www.region-fes-meknes.ma\/","name":"Portail de la R\u00e9gion F\u00e8s-Mekn\u00e8s","description":"Site officiel de la r\u00e9gion F\u00e8s-Mekn\u00e8s.","publisher":{"@id":"https:\/\/www.region-fes-meknes.ma\/#organization"},"potentialAction":[{"@type":"SearchAction","target":{"@type":"EntryPoint","urlTemplate":"https:\/\/www.region-fes-meknes.ma\/?s={search_term_string}"},"query-input":"required name=search_term_string"}],"inLanguage":"fr-FR"},{"@type":"Organization","@id":"https:\/\/www.region-fes-meknes.ma\/#organization","name":"R\u00e9gion F\u00e8s M\u00e8kn\u00e8s","url":"https:\/\/www.region-fes-meknes.ma\/","sameAs":["https:\/\/www.facebook.com\/R\u00e9gion-F\u00e8s-Mekn\u00e8s-1130195096990872"],"logo":{"@type":"ImageObject","inLanguage":"fr-FR","@id":"https:\/\/www.region-fes-meknes.ma\/#\/schema\/logo\/image\/","url":"http:\/\/www.region-fes-meknes.ma\/wp-content\/uploads\/2017\/10\/logo-rfm4.png","contentUrl":"http:\/\/www.region-fes-meknes.ma\/wp-content\/uploads\/2017\/10\/logo-rfm4.png","width":304,"height":291,"caption":"R\u00e9gion F\u00e8s M\u00e8kn\u00e8s"},"image":{"@id":"https:\/\/www.region-fes-meknes.ma\/#\/schema\/logo\/image\/"}}]}},"_links":{"self":[{"href":"https:\/\/www.region-fes-meknes.ma\/fr\/wp-json\/wp\/v2\/pages\/2117"}],"collection":[{"href":"https:\/\/www.region-fes-meknes.ma\/fr\/wp-json\/wp\/v2\/pages"}],"about":[{"href":"https:\/\/www.region-fes-meknes.ma\/fr\/wp-json\/wp\/v2\/types\/page"}],"author":[{"embeddable":true,"href":"https:\/\/www.region-fes-meknes.ma\/fr\/wp-json\/wp\/v2\/users\/1"}],"replies":[{"embeddable":true,"href":"https:\/\/www.region-fes-meknes.ma\/fr\/wp-json\/wp\/v2\/comments?post=2117"}],"version-history":[{"count":3,"href":"https:\/\/www.region-fes-meknes.ma\/fr\/wp-json\/wp\/v2\/pages\/2117\/revisions"}],"predecessor-version":[{"id":4241,"href":"https:\/\/www.region-fes-meknes.ma\/fr\/wp-json\/wp\/v2\/pages\/2117\/revisions\/4241"}],"up":[{"embeddable":true,"href":"https:\/\/www.region-fes-meknes.ma\/fr\/wp-json\/wp\/v2\/pages\/1323"}],"wp:featuredmedia":[{"embeddable":true,"href":"https:\/\/www.region-fes-meknes.ma\/fr\/wp-json\/wp\/v2\/media\/4742"}],"wp:attachment":[{"href":"https:\/\/www.region-fes-meknes.ma\/fr\/wp-json\/wp\/v2\/media?parent=2117"}],"curies":[{"name":"wp","href":"https:\/\/api.w.org\/{rel}","templated":true}]}}