{"id":2147,"date":"2017-10-30T00:02:45","date_gmt":"2017-10-29T23:02:45","guid":{"rendered":"http:\/\/www.region-fes-meknes.ma\/?page_id=2147"},"modified":"2018-04-03T14:32:05","modified_gmt":"2018-04-03T12:32:05","slug":"appels-a-candidature","status":"publish","type":"page","link":"https:\/\/www.region-fes-meknes.ma\/fr\/services\/appels-a-candidature\/","title":{"rendered":"Appels \u00e0 candidature"},"content":{"rendered":"<p>Liste des concours lanc\u00e9s par le Conseil R\u00e9gional de F\u00e8s &#8211; Mekn\u00e8s.<\/p>\n<div class=\"page-category\"><div class=\"table-responsive\"><table class=\"table-striped\"><thead><tr><th>Titre<\/th><th>D\u00e9lai D\u00e9p\u00f4t Candidatures<\/th><th>Date Concours<\/th><th>Convoqu\u00e9s Ecrit<\/th><th>Convoqu\u00e9s Oral<\/th><th>R\u00e9sultats<\/th><th>D\u00e9sistements<\/th><\/tr><\/thead><tbody>\n<tr vertical-align=\"middle\">\n\t<td class=\"nowrap\">\n\t\t<h4 class=\"entry-title-list\"> <a href=\"https:\/\/www.region-fes-meknes.ma\/fr\/appel_candidature\/%d8%a7%d8%b9%d9%84%d8%a7%d9%86-%d8%b9%d9%86-%d9%81%d8%aa%d8%ad-%d9%88%d8%a7%d8%ac%d8%b1%d8%a7%d8%a1-%d8%a7%d9%85%d8%aa%d8%ad%d8%a7%d9%86-%d8%a7%d9%84%d9%83%d9%81%d8%a7%d8%a1%d8%a9-%d8%a7%d9%84%d9%85\/\" rel=\"bookmark\">\u0627\u0639\u0644\u0627\u0646 \u0639\u0646 \u0641\u062a\u062d \u0648\u0627\u062c\u0631\u0627\u0621 \u0627\u0645\u062a\u062d\u0627\u0646 \u0627\u0644\u0643\u0641\u0627\u0621\u0629 \u0627\u0644\u0645\u0647\u0646\u064a\u0629 \u0628\u0631\u0633\u0645 \u0633\u0646\u0629 2025 \u0644\u0641\u0627\u0626\u062f\u0629 \u0647\u064a\u0626\u0627\u062a \u0645\u0647\u0646\u062f\u0633\u064a \u0627\u0644\u062f\u0648\u0644\u0629 \u0645\u0646 \u0627\u0644\u062f\u0631\u062c\u0629 \u0627\u0644\u0623\u0648\u0644\u0649 \u0648\u0627\u0644\u0645\u062a\u0635\u0631\u0641\u064a\u0646 \u0645\u0646 \u0627\u0644\u062f\u0631\u062c\u0629 \u0627\u0644\u062b\u0627\u0644\u062b\u0629<\/a><\/h4>\t\tDate de publication :\t\t<strong>\t\t\t\t\t\t\t\t11\/11\/2025\t\t\t\t<\/strong>\n\t\t\t\t    <br \/>\n\t\t\t<a href=\"https:\/\/www.region-fes-meknes.ma\/wp-content\/uploads\/2025\/11\/\u0627\u0645\u062a\u062d\u0627\u0646-\u0627\u0644\u0643\u0641\u0627\u0621\u0629-\u0627\u0644\u0645\u0647\u0646\u064a\u0629-\u0628\u0631\u0633\u0645-\u0633\u0646\u0629-2025.pdf\" target=\"_blank\">D\u00e9cision d\u2019ouverture du concours<\/a>\n\t\t\t<\/td>\n\t<td align=\"center\">\n\t\t\t\t\t\t\t\t\t\t26\/11\/2025\t\t\t<\/td>\n\t<td align=\"center\">\n\t\t\t\t\t\t\t\t\t\t29\/11\/2025\t\t\t<\/td>\n\t<td align=\"center\">\n\t\t\t<\/td>\n\t<td align=\"center\">\n\t\t\t\t\t<a href=\"https:\/\/www.region-fes-meknes.ma\/wp-content\/uploads\/2025\/11\/Resultats-ecrits-EAP-RFM-2025-1..pdf\" target=\"_blank\">T\u00e9l\u00e9charger<\/a>\n\t\t\t<\/td>\n\t<td align=\"center\">\n\t\t\t\t\t<a href=\"https:\/\/www.region-fes-meknes.ma\/wp-content\/uploads\/2025\/11\/Resultats_EAP-RFM-2025-1er-Tranche..pdf\" target=\"_blank\">T\u00e9l\u00e9charger<\/a>\n\t\t\t<\/td>\n\t<td align=\"center\">\n\t\t\t<\/td>\n<\/tr>\n\n<tr vertical-align=\"middle\">\n\t<td class=\"nowrap\">\n\t\t<h4 class=\"entry-title-list\"> <a href=\"https:\/\/www.region-fes-meknes.ma\/fr\/appel_candidature\/%d8%a7%d8%b9%d9%84%d8%a7%d9%86-%d8%b9%d9%86-%d9%81%d8%aa%d8%ad-%d9%88%d8%a7%d8%ac%d8%b1%d8%a7%d8%a1-%d8%a7%d9%85%d8%aa%d8%ad%d8%a7%d9%86-%d8%a7%d9%84%d9%83%d9%81%d8%a7%d8%a1%d8%a9-%d8%a7%d9%84%d9%85-2\/\" rel=\"bookmark\">\u0627\u0639\u0644\u0627\u0646 \u0639\u0646 \u0641\u062a\u062d \u0648\u0627\u062c\u0631\u0627\u0621 \u0627\u0645\u062a\u062d\u0627\u0646 \u0627\u0644\u0643\u0641\u0627\u0621\u0629 \u0627\u0644\u0645\u0647\u0646\u064a\u0629 \u0628\u0631\u0633\u0645 \u0633\u0646\u0629 2025 \u0644\u0641\u0627\u0626\u062f\u0629 \u0647\u064a\u0626\u0629 \u0627\u0644\u062a\u0642\u0646\u064a\u064a\u0646 \u0645\u0646 \u0627\u0644\u062f\u0631\u062c\u0629 \u0627\u0644\u062b\u0627\u0644\u062b\u0629<\/a><\/h4>\t\tDate de publication :\t\t<strong>\t\t\t\t\t\t\t\t11\/11\/2025\t\t\t\t<\/strong>\n\t\t\t\t    <br \/>\n\t\t\t<a href=\"https:\/\/www.region-fes-meknes.ma\/wp-content\/uploads\/2025\/11\/\u0641\u0626\u0629-\u0627\u0644\u062a\u0642\u0646\u064a\u064a\u0646.pdf\" target=\"_blank\">D\u00e9cision d\u2019ouverture du concours<\/a>\n\t\t\t<\/td>\n\t<td align=\"center\">\n\t\t\t\t\t\t\t\t\t\t22\/12\/2025\t\t\t<\/td>\n\t<td align=\"center\">\n\t\t\t\t\t\t\t\t\t\t27\/12\/2025\t\t\t<\/td>\n\t<td align=\"center\">\n\t\t\t<\/td>\n\t<td align=\"center\">\n\t\t\t<\/td>\n\t<td align=\"center\">\n\t\t\t<\/td>\n\t<td align=\"center\">\n\t\t\t<\/td>\n<\/tr>\n\n<tr vertical-align=\"middle\">\n\t<td class=\"nowrap\">\n\t\t<h4 class=\"entry-title-list\"> <a href=\"https:\/\/www.region-fes-meknes.ma\/fr\/appel_candidature\/%d9%81%d8%aa%d8%ad-%d8%a8%d8%a7%d8%a8-%d8%a7%d9%84%d8%aa%d8%b1%d8%b4%d9%8a%d8%ad-%d9%84%d8%b4%d8%ba%d9%84-%d9%85%d9%86%d8%a7%d8%b5%d8%a8-%d8%a7%d9%84%d9%85%d8%b3%d8%a4%d9%88%d9%84%d9%8a%d8%a9-%d8%a8\/\" rel=\"bookmark\">\u0641\u062a\u062d \u0628\u0627\u0628 \u0627\u0644\u062a\u0631\u0634\u064a\u062d \u0644\u0634\u063a\u0644 \u0645\u0646\u0627\u0635\u0628 \u0627\u0644\u0645\u0633\u0624\u0648\u0644\u064a\u0629 \u0628\u0627\u062f\u0627\u0631\u0629 \u062c\u0647\u0629 \u0641\u0627\u0633 \u0645\u0643\u0646\u0627\u0633<\/a><\/h4>\t\tNombre de postes :\t\t<strong>6<\/strong><br \/>\n\t\t\t\tDate de publication :\t\t<strong>\t\t\t\t\t\t\t\t10\/03\/2025\t\t\t\t<\/strong>\n\t\t\t\t    <br \/>\n\t\t\t<a href=\"https:\/\/www.region-fes-meknes.ma\/wp-content\/uploads\/2025\/03\/\u0642\u0631\u0627\u0631-\u0641\u062a\u062d-\u0628\u0627\u0628-\u0627\u0644\u062a\u0631\u0634\u062d-5-\u0645\u0635\u0627\u0644\u062d.pdf\" target=\"_blank\">D\u00e9cision d\u2019ouverture du concours<\/a>\n\t\t\t<\/td>\n\t<td align=\"center\">\n\t\t\t\t\t\t\t\t\t\t10\/04\/2025\t\t\t<\/td>\n\t<td align=\"center\">\n\t\t\t\t\t<\/td>\n\t<td align=\"center\">\n\t\t\t<\/td>\n\t<td align=\"center\">\n\t\t\t\t\t<a href=\"https:\/\/www.region-fes-meknes.ma\/wp-content\/uploads\/2025\/03\/Resultats_preselection-chefs-de-services-RFM-2025.pdf\" target=\"_blank\">T\u00e9l\u00e9charger<\/a>\n\t\t\t<\/td>\n\t<td align=\"center\">\n\t\t\t\t\t<a href=\"https:\/\/www.region-fes-meknes.ma\/wp-content\/uploads\/2025\/03\/Resultats_Chefs-de-Services-RFM-2025.pdf\" target=\"_blank\">T\u00e9l\u00e9charger<\/a>\n\t\t\t<\/td>\n\t<td align=\"center\">\n\t\t\t<\/td>\n<\/tr>\n\n<tr vertical-align=\"middle\">\n\t<td class=\"nowrap\">\n\t\t<h4 class=\"entry-title-list\"> <a href=\"https:\/\/www.region-fes-meknes.ma\/fr\/appel_candidature\/%d8%a7%d9%85%d8%aa%d8%ad%d8%a7%d9%86-%d8%a7%d9%84%d9%83%d9%81%d8%a7%d8%a1%d8%a9-%d8%a7%d9%84%d9%85%d9%87%d9%86%d9%8a%d8%a9-%d8%a8%d9%85%d8%ac%d9%84%d8%b3-%d8%ac%d9%87%d8%a9-%d9%81%d8%a7%d8%b3-%d9%85-2\/\" rel=\"bookmark\">\u0627\u0645\u062a\u062d\u0627\u0646 \u0627\u0644\u0643\u0641\u0627\u0621\u0629 \u0627\u0644\u0645\u0647\u0646\u064a\u0629 \u0628\u0645\u062c\u0644\u0633 \u062c\u0647\u0629 \u0641\u0627\u0633 \u0645\u0643\u0646\u0627\u0633<\/a><\/h4>\t\tDate de publication :\t\t<strong>\t\t\t\t\t\t\t\t28\/11\/2024\t\t\t\t<\/strong>\n\t\t\t\t    <br \/>\n\t\t\t<a href=\"https:\/\/www.region-fes-meknes.ma\/wp-content\/uploads\/2024\/11\/EAP-REGION-FM_2024.pdf\" target=\"_blank\">D\u00e9cision d\u2019ouverture du concours<\/a>\n\t\t\t<\/td>\n\t<td align=\"center\">\n\t\t\t\t\t\t\t\t\t\t20\/12\/2024\t\t\t<\/td>\n\t<td align=\"center\">\n\t\t\t\t\t\t\t\t\t\t30\/12\/2024\t\t\t<\/td>\n\t<td align=\"center\">\n\t\t\t<\/td>\n\t<td align=\"center\">\n\t\t\t\t\t<a href=\"https:\/\/www.region-fes-meknes.ma\/wp-content\/uploads\/2024\/11\/\u0646\u062a\u0627\u0626\u062c-\u0627\u0644\u0627\u062e\u062a\u0628\u0627\u0631\u0627\u062a-\u0627\u0644\u0643\u062a\u0627\u0628\u064a\u0629-EAP-2024.pdf\" target=\"_blank\">T\u00e9l\u00e9charger<\/a>\n\t\t\t<\/td>\n\t<td align=\"center\">\n\t\t\t\t\t<a href=\"https:\/\/www.region-fes-meknes.ma\/wp-content\/uploads\/2024\/11\/\u0627\u0644\u0646\u062a\u0627\u0626\u062c-\u0627\u0644\u0646\u0647\u0627\u0626\u064a\u0629-EAP-2024.pdf\" target=\"_blank\">T\u00e9l\u00e9charger<\/a>\n\t\t\t<\/td>\n\t<td align=\"center\">\n\t\t\t<\/td>\n<\/tr>\n\n<tr vertical-align=\"middle\">\n\t<td class=\"nowrap\">\n\t\t<h4 class=\"entry-title-list\"> <a href=\"https:\/\/www.region-fes-meknes.ma\/fr\/appel_candidature\/%d8%a7%d9%85%d8%aa%d8%ad%d8%a7%d9%86-%d8%a7%d9%84%d9%83%d9%81%d8%a7%d8%a1%d8%a9-%d8%a7%d9%84%d9%85%d9%87%d9%86%d9%8a%d8%a9-%d8%a8%d9%85%d8%ac%d9%84%d8%b3-%d8%ac%d9%87%d8%a9-%d9%81%d8%a7%d8%b3-%d9%85\/\" rel=\"bookmark\">\u0627\u0645\u062a\u062d\u0627\u0646 \u0627\u0644\u0643\u0641\u0627\u0621\u0629 \u0627\u0644\u0645\u0647\u0646\u064a\u0629 \u0628\u0645\u062c\u0644\u0633 \u062c\u0647\u0629 \u0641\u0627\u0633 \u0645\u0643\u0646\u0627\u0633<\/a><\/h4>\t\tDate de publication :\t\t<strong>\t\t\t\t\t\t\t\t16\/11\/2023\t\t\t\t<\/strong>\n\t\t\t\t    <br \/>\n\t\t\t<a href=\"https:\/\/www.region-fes-meknes.ma\/wp-content\/uploads\/2023\/11\/EAPConseilRgion2023.pdf\" target=\"_blank\">D\u00e9cision d\u2019ouverture du concours<\/a>\n\t\t\t<\/td>\n\t<td align=\"center\">\n\t\t\t\t\t\t\t\t\t\t06\/12\/2023\t\t\t<\/td>\n\t<td align=\"center\">\n\t\t\t\t\t\t\t\t\t\t09\/12\/2023\t\t\t<\/td>\n\t<td align=\"center\">\n\t\t\t<\/td>\n\t<td align=\"center\">\n\t\t\t\t\t<a href=\"https:\/\/www.region-fes-meknes.ma\/wp-content\/uploads\/2023\/11\/CamScanner-13-12-2023-11.58-1.pdf\" target=\"_blank\">T\u00e9l\u00e9charger<\/a>\n\t\t\t<\/td>\n\t<td align=\"center\">\n\t\t\t\t\t<a href=\"https:\/\/www.region-fes-meknes.ma\/wp-content\/uploads\/2023\/11\/DOC_028.pdf\" target=\"_blank\">T\u00e9l\u00e9charger<\/a>\n\t\t\t<\/td>\n\t<td align=\"center\">\n\t\t\t<\/td>\n<\/tr>\n\n<tr vertical-align=\"middle\">\n\t<td class=\"nowrap\">\n\t\t<h4 class=\"entry-title-list\"> <a href=\"https:\/\/www.region-fes-meknes.ma\/fr\/appel_candidature\/%d9%81%d8%aa%d8%ad-%d8%a8%d8%a7%d8%a8-%d8%a7%d9%84%d8%aa%d8%b1%d8%b4%d9%8a%d8%ad-%d9%84%d9%85%d9%86%d8%a7%d8%b5%d8%a8-%d8%a7%d9%84%d9%85%d8%b3%d8%a4%d9%88%d9%84%d9%8a%d8%a9-%d8%a8%d9%85%d8%ac%d9%84\/\" rel=\"bookmark\">\u0641\u062a\u062d \u0628\u0627\u0628 \u0627\u0644\u062a\u0631\u0634\u064a\u062d \u0644\u0645\u0646\u0627\u0635\u0628 \u0627\u0644\u0645\u0633\u0624\u0648\u0644\u064a\u0629 \u0628\u0645\u062c\u0644\u0633 \u062c\u0647\u0629 \u0641\u0627\u0633 \u0645\u0643\u0646\u0627\u0633<\/a><\/h4>\t\tNombre de postes :\t\t<strong>6<\/strong><br \/>\n\t\t\t\tDate de publication :\t\t<strong>\t\t\t\t\t\t\t\t15\/02\/2023\t\t\t\t<\/strong>\n\t\t\t\t    <br \/>\n\t\t\t<a href=\"https:\/\/www.region-fes-meknes.ma\/wp-content\/uploads\/2023\/02\/Arrete_15022023123013.pdf\" target=\"_blank\">D\u00e9cision d\u2019ouverture du concours<\/a>\n\t\t\t<\/td>\n\t<td align=\"center\">\n\t\t\t\t\t\t\t\t\t\t13\/03\/2023\t\t\t<\/td>\n\t<td align=\"center\">\n\t\t\t\t\t\t\t\t\t\t09\/06\/2023\t\t\t<\/td>\n\t<td align=\"center\">\n\t\t\t\t\t<a href=\"https:\/\/www.region-fes-meknes.ma\/wp-content\/uploads\/2023\/02\/\u0625\u0639\u0644\u0627\u0646-1.pdf\" target=\"_blank\">T\u00e9l\u00e9charger<\/a>\n\t\t\t<\/td>\n\t<td align=\"center\">\n\t\t\t<\/td>\n\t<td align=\"center\">\n\t\t\t<\/td>\n\t<td align=\"center\">\n\t\t\t<\/td>\n<\/tr>\n\n<tr vertical-align=\"middle\">\n\t<td class=\"nowrap\">\n\t\t<h4 class=\"entry-title-list\"> <a href=\"https:\/\/www.region-fes-meknes.ma\/fr\/appel_candidature\/%d9%81%d8%aa%d8%ad-%d8%a8%d8%a7%d8%a8-%d8%a7%d9%84%d8%aa%d8%b1%d8%b4%d9%8a%d8%ad-%d9%84%d8%b4%d8%ba%d9%84-%d9%85%d9%86%d8%b5%d8%a8-%d9%85%d8%af%d9%8a%d8%b1-%d8%a7%d9%84%d9%88%d9%83%d8%a7%d9%84%d8%a9\/\" rel=\"bookmark\">\u0641\u062a\u062d \u0628\u0627\u0628 \u0627\u0644\u062a\u0631\u0634\u064a\u062d \u0644\u0634\u063a\u0644 \u0645\u0646\u0635\u0628 \u0645\u062f\u064a\u0631 \u0627\u0644\u0648\u0643\u0627\u0644\u0629 \u0627\u0644\u062c\u0647\u0648\u064a\u0629 \u0644\u062a\u0646\u0641\u064a\u0630 \u0627\u0644\u0645\u0634\u0627\u0631\u064a\u0639 \u0644\u062c\u0647\u0629 \u0641\u0627\u0633 \u0645\u0643\u0646\u0627\u0633<\/a><\/h4>\t\tNombre de postes :\t\t<strong>1<\/strong><br \/>\n\t\t\t\tDate de publication :\t\t<strong>\t\t\t\t\t\t\t\t26\/01\/2022\t\t\t\t<\/strong>\n\t\t\t\t    <br \/>\n\t\t\t<a href=\"https:\/\/www.region-fes-meknes.ma\/wp-content\/uploads\/2022\/01\/D.AREP-RFM.pdf\" target=\"_blank\">D\u00e9cision d\u2019ouverture du concours<\/a>\n\t\t\t<\/td>\n\t<td align=\"center\">\n\t\t\t\t\t\t\t\t\t\t21\/02\/2022\t\t\t<\/td>\n\t<td align=\"center\">\n\t\t\t\t\t<\/td>\n\t<td align=\"center\">\n\t\t\t\t\t<a href=\"https:\/\/www.region-fes-meknes.ma\/wp-content\/uploads\/2022\/01\/D.AREP-RFM-pr\u00e9selection.pdf\" target=\"_blank\">T\u00e9l\u00e9charger<\/a>\n\t\t\t<\/td>\n\t<td align=\"center\">\n\t\t\t<\/td>\n\t<td align=\"center\">\n\t\t\t<\/td>\n\t<td align=\"center\">\n\t\t\t<\/td>\n<\/tr>\n\n<tr vertical-align=\"middle\">\n\t<td class=\"nowrap\">\n\t\t<h4 class=\"entry-title-list\"> <a href=\"https:\/\/www.region-fes-meknes.ma\/fr\/appel_candidature\/19945\/\" rel=\"bookmark\">\u0641\u062a\u062d \u0628\u0627\u0628 \u0627\u0644\u062a\u0631\u0634\u064a\u062d \u0644\u0634\u063a\u0644 \u0645\u0646\u0635\u0628 \u0627\u0644\u0645\u062f\u064a\u0631 \u0627\u0644\u0639\u0627\u0645 \u0644\u0644\u0645\u0635\u0627\u0644\u062d \u0628\u0625\u062f\u0627\u0631\u0629 \u0645\u062c\u0644\u0633 \u062c\u0647\u0629 \u0641\u0627\u0633 \u0645\u0643\u0646\u0627\u0633<\/a><\/h4>\t\tNombre de postes :\t\t<strong>1<\/strong><br \/>\n\t\t\t\tDate de publication :\t\t<strong>\t\t\t\t\t\t\t\t24\/12\/2021\t\t\t\t<\/strong>\n\t\t\t\t    <br \/>\n\t\t\t<a href=\"https:\/\/www.region-fes-meknes.ma\/wp-content\/uploads\/2021\/12\/DGS-RFM.pdf\" target=\"_blank\">D\u00e9cision d\u2019ouverture du concours<\/a>\n\t\t\t<\/td>\n\t<td align=\"center\">\n\t\t\t\t\t\t\t\t\t\t17\/01\/2022\t\t\t<\/td>\n\t<td align=\"center\">\n\t\t\t\t\t\t\t\t\t\t27\/01\/2022\t\t\t<\/td>\n\t<td align=\"center\">\n\t\t\t\t\t<a href=\"https:\/\/www.region-fes-meknes.ma\/wp-content\/uploads\/2021\/12\/Annonce-r\u00e9sultats-pr\u00e9s\u00e9lection-dgs-rfm_20012022130710.pdf\" target=\"_blank\">T\u00e9l\u00e9charger<\/a>\n\t\t\t<\/td>\n\t<td align=\"center\">\n\t\t\t<\/td>\n\t<td align=\"center\">\n\t\t\t\t\t<a href=\"https:\/\/www.region-fes-meknes.ma\/wp-content\/uploads\/2021\/12\/RsultatsDGSRFM.pdf\" target=\"_blank\">T\u00e9l\u00e9charger<\/a>\n\t\t\t<\/td>\n\t<td align=\"center\">\n\t\t\t<\/td>\n<\/tr>\n\n<tr vertical-align=\"middle\">\n\t<td class=\"nowrap\">\n\t\t<h4 class=\"entry-title-list\"> <a href=\"https:\/\/www.region-fes-meknes.ma\/fr\/appel_candidature\/19952\/\" rel=\"bookmark\">\u0641\u062a\u062d \u0628\u0627\u0628 \u0627\u0644\u062a\u0631\u0634\u064a\u062d \u0644\u0634\u063a\u0644 \u0645\u0646\u0635\u0628 \u0645\u062f\u064a\u0631 \u0627\u0644\u0648\u0643\u0627\u0644\u0629 \u0627\u0644\u062c\u0647\u0648\u064a\u0629 \u0644\u062a\u0646\u0641\u064a\u0630 \u0627\u0644\u0645\u0634\u0627\u0631\u064a\u0639 \u0644\u062c\u0647\u0629 \u0641\u0627\u0633 \u0645\u0643\u0646\u0627\u0633 &#8211; \u0625\u0644\u063a\u0627\u0621 \u0627\u0644\u0645\u0628\u0627\u0631\u0627\u0629<\/a><\/h4>\t\tNombre de postes :\t\t<strong>1<\/strong><br \/>\n\t\t\t\tDate de publication :\t\t<strong>\t\t\t\t\t\t\t\t24\/12\/2021\t\t\t\t<\/strong>\n\t\t\t\t    <br \/>\n\t\t\t<a href=\"https:\/\/www.region-fes-meknes.ma\/wp-content\/uploads\/2021\/12\/D.AREP-RFM.pdf\" target=\"_blank\">D\u00e9cision d\u2019ouverture du concours<\/a>\n\t\t\t<\/td>\n\t<td align=\"center\">\n\t\t\t\t\t\t\t\t\t\t17\/01\/2022\t\t\t<\/td>\n\t<td align=\"center\">\n\t\t\t\t\t<\/td>\n\t<td align=\"center\">\n\t\t\t<\/td>\n\t<td align=\"center\">\n\t\t\t<\/td>\n\t<td align=\"center\">\n\t\t\t<\/td>\n\t<td align=\"center\">\n\t\t\t<\/td>\n<\/tr>\n\n<tr vertical-align=\"middle\">\n\t<td class=\"nowrap\">\n\t\t<h4 class=\"entry-title-list\"> <a href=\"https:\/\/www.region-fes-meknes.ma\/fr\/appel_candidature\/%d9%85%d8%ac%d9%84%d8%b3-%d8%ac%d9%87%d8%a9-%d9%81%d8%a7%d8%b3-%d9%85%d9%83%d9%86%d8%a7%d8%b3-%d8%a7%d8%b9%d9%84%d8%a7%d9%86-%d9%88%d9%86%d8%aa%d8%a7%d8%a6%d8%ac-%d9%84%d8%a7%d9%85%d8%aa%d8%ad%d8%a7\/\" rel=\"bookmark\">\u0645\u062c\u0644\u0633 \u062c\u0647\u0629 \u0641\u0627\u0633 \u0645\u0643\u0646\u0627\u0633: \u0642\u0631\u0627\u0631 \u0648\u0646\u062a\u0627\u0626\u062c \u0627\u0645\u062a\u062d\u0627\u0646\u0627\u062a \u0627\u0644\u0643\u0641\u0627\u0621\u0629 \u0627\u0644\u0645\u0647\u0646\u064a\u0629 \u0628\u0631\u0633\u0645 \u0633\u0646\u0629 2021<\/a><\/h4>\t\tNombre de postes :\t\t<strong>9<\/strong><br \/>\n\t\t\t\tDate de publication :\t\t<strong>\t\t\t\t\t\t\t\t08\/12\/2021\t\t\t\t<\/strong>\n\t\t\t\t    <br \/>\n\t\t\t<a href=\"https:\/\/www.region-fes-meknes.ma\/wp-content\/uploads\/2021\/12\/avis-d_aptitude-professionnelle.pdf\" target=\"_blank\">D\u00e9cision d\u2019ouverture du concours<\/a>\n\t\t\t<\/td>\n\t<td align=\"center\">\n\t\t\t\t\t\t\t\t\t\t24\/12\/2021\t\t\t<\/td>\n\t<td align=\"center\">\n\t\t\t\t\t\t\t\t\t\t31\/12\/2021\t\t\t<\/td>\n\t<td align=\"center\">\n\t\t\t<\/td>\n\t<td align=\"center\">\n\t\t\t\t\t<a href=\"https:\/\/www.region-fes-meknes.ma\/wp-content\/uploads\/2022\/01\/R\u00e9sultats_\u00e9crit_EAP-RFM-2021.pdf\" target=\"_blank\">T\u00e9l\u00e9charger<\/a>\n\t\t\t<\/td>\n\t<td align=\"center\">\n\t\t\t\t\t<a href=\"https:\/\/www.region-fes-meknes.ma\/wp-content\/uploads\/2021\/12\/R\u00e9sultats_EAP-RFM-2021-1.pdf\" target=\"_blank\">T\u00e9l\u00e9charger<\/a>\n\t\t\t<\/td>\n\t<td align=\"center\">\n\t\t\t<\/td>\n<\/tr>\n<\/tbody><\/table><\/div><div class='wp-pagenavi' role='navigation'>\n<span aria-current='page' class='current'>1<\/span><a class=\"page larger\" title=\"Page 2\" href=\"https:\/\/www.region-fes-meknes.ma\/fr\/wp-json\/wp\/v2\/pages\/2147\/page\/2\/\">2<\/a><a class=\"nextpostslink\" rel=\"next\" aria-label=\"Page suivante\" href=\"https:\/\/www.region-fes-meknes.ma\/fr\/wp-json\/wp\/v2\/pages\/2147\/page\/2\/\">\u203a<\/a>\n<\/div><\/div>\n","protected":false},"excerpt":{"rendered":"<p>Liste des concours lanc\u00e9s par le Conseil R\u00e9gional de F\u00e8s &#8211; Mekn\u00e8s.<\/p>\n","protected":false},"author":1,"featured_media":4179,"parent":1354,"menu_order":4,"comment_status":"closed","ping_status":"closed","template":"template-fullwidth.php","meta":{"_bbp_topic_count":0,"_bbp_reply_count":0,"_bbp_total_topic_count":0,"_bbp_total_reply_count":0,"_bbp_voice_count":0,"_bbp_anonymous_reply_count":0,"_bbp_topic_count_hidden":0,"_bbp_reply_count_hidden":0,"_bbp_forum_subforum_count":0},"acf":[],"yoast_head":"<!-- This site is optimized with the Yoast SEO plugin v19.5.1 - https:\/\/yoast.com\/wordpress\/plugins\/seo\/ -->\n<title>Appels \u00e0 candidature - R\u00e9gion F\u00e8s Mekn\u00e8s<\/title>\n<meta name=\"robots\" content=\"index, follow, max-snippet:-1, max-image-preview:large, max-video-preview:-1\" \/>\n<link rel=\"canonical\" href=\"https:\/\/www.region-fes-meknes.ma\/fr\/services\/appels-a-candidature\/\" \/>\n<meta property=\"og:locale\" content=\"fr_FR\" \/>\n<meta property=\"og:type\" content=\"article\" \/>\n<meta property=\"og:title\" content=\"Appels \u00e0 candidature - R\u00e9gion F\u00e8s Mekn\u00e8s\" \/>\n<meta property=\"og:description\" content=\"Liste des concours lanc\u00e9s par le Conseil R\u00e9gional de F\u00e8s &#8211; Mekn\u00e8s.\" \/>\n<meta property=\"og:url\" content=\"https:\/\/www.region-fes-meknes.ma\/fr\/services\/appels-a-candidature\/\" \/>\n<meta property=\"og:site_name\" content=\"R\u00e9gion F\u00e8s Mekn\u00e8s\" \/>\n<meta property=\"article:publisher\" content=\"https:\/\/www.facebook.com\/R%c3%a9gion-F%c3%a8s-Mekn%c3%a8s-1130195096990872\" \/>\n<meta property=\"article:modified_time\" content=\"2018-04-03T12:32:05+00:00\" \/>\n<meta property=\"og:image\" content=\"https:\/\/www.region-fes-meknes.ma\/wp-content\/uploads\/2018\/03\/appel-candidature.png\" \/>\n\t<meta property=\"og:image:width\" content=\"415\" \/>\n\t<meta property=\"og:image:height\" content=\"215\" \/>\n\t<meta property=\"og:image:type\" content=\"image\/png\" \/>\n<meta name=\"twitter:card\" content=\"summary_large_image\" \/>\n<script type=\"application\/ld+json\" class=\"yoast-schema-graph\">{\"@context\":\"https:\/\/schema.org\",\"@graph\":[{\"@type\":\"WebPage\",\"@id\":\"https:\/\/www.region-fes-meknes.ma\/fr\/services\/appels-a-candidature\/\",\"url\":\"https:\/\/www.region-fes-meknes.ma\/fr\/services\/appels-a-candidature\/\",\"name\":\"Appels \u00e0 candidature - R\u00e9gion F\u00e8s Mekn\u00e8s\",\"isPartOf\":{\"@id\":\"https:\/\/www.region-fes-meknes.ma\/#website\"},\"datePublished\":\"2017-10-29T23:02:45+00:00\",\"dateModified\":\"2018-04-03T12:32:05+00:00\",\"breadcrumb\":{\"@id\":\"https:\/\/www.region-fes-meknes.ma\/fr\/services\/appels-a-candidature\/#breadcrumb\"},\"inLanguage\":\"fr-FR\",\"potentialAction\":[{\"@type\":\"ReadAction\",\"target\":[\"https:\/\/www.region-fes-meknes.ma\/fr\/services\/appels-a-candidature\/\"]}]},{\"@type\":\"BreadcrumbList\",\"@id\":\"https:\/\/www.region-fes-meknes.ma\/fr\/services\/appels-a-candidature\/#breadcrumb\",\"itemListElement\":[{\"@type\":\"ListItem\",\"position\":1,\"name\":\"Accueil\",\"item\":\"https:\/\/www.region-fes-meknes.ma\/fr\/\"},{\"@type\":\"ListItem\",\"position\":2,\"name\":\"Services\",\"item\":\"https:\/\/www.region-fes-meknes.ma\/fr\/services\/\"},{\"@type\":\"ListItem\",\"position\":3,\"name\":\"Appels \u00e0 candidature\"}]},{\"@type\":\"WebSite\",\"@id\":\"https:\/\/www.region-fes-meknes.ma\/#website\",\"url\":\"https:\/\/www.region-fes-meknes.ma\/\",\"name\":\"Portail de la R\u00e9gion F\u00e8s-Mekn\u00e8s\",\"description\":\"Site officiel de la r\u00e9gion F\u00e8s-Mekn\u00e8s.\",\"publisher\":{\"@id\":\"https:\/\/www.region-fes-meknes.ma\/#organization\"},\"potentialAction\":[{\"@type\":\"SearchAction\",\"target\":{\"@type\":\"EntryPoint\",\"urlTemplate\":\"https:\/\/www.region-fes-meknes.ma\/?s={search_term_string}\"},\"query-input\":\"required name=search_term_string\"}],\"inLanguage\":\"fr-FR\"},{\"@type\":\"Organization\",\"@id\":\"https:\/\/www.region-fes-meknes.ma\/#organization\",\"name\":\"R\u00e9gion F\u00e8s M\u00e8kn\u00e8s\",\"url\":\"https:\/\/www.region-fes-meknes.ma\/\",\"sameAs\":[\"https:\/\/www.facebook.com\/R\u00e9gion-F\u00e8s-Mekn\u00e8s-1130195096990872\"],\"logo\":{\"@type\":\"ImageObject\",\"inLanguage\":\"fr-FR\",\"@id\":\"https:\/\/www.region-fes-meknes.ma\/#\/schema\/logo\/image\/\",\"url\":\"http:\/\/www.region-fes-meknes.ma\/wp-content\/uploads\/2017\/10\/logo-rfm4.png\",\"contentUrl\":\"http:\/\/www.region-fes-meknes.ma\/wp-content\/uploads\/2017\/10\/logo-rfm4.png\",\"width\":304,\"height\":291,\"caption\":\"R\u00e9gion F\u00e8s M\u00e8kn\u00e8s\"},\"image\":{\"@id\":\"https:\/\/www.region-fes-meknes.ma\/#\/schema\/logo\/image\/\"}}]}<\/script>\n<!-- \/ Yoast SEO plugin. -->","yoast_head_json":{"title":"Appels \u00e0 candidature - R\u00e9gion F\u00e8s Mekn\u00e8s","robots":{"index":"index","follow":"follow","max-snippet":"max-snippet:-1","max-image-preview":"max-image-preview:large","max-video-preview":"max-video-preview:-1"},"canonical":"https:\/\/www.region-fes-meknes.ma\/fr\/services\/appels-a-candidature\/","og_locale":"fr_FR","og_type":"article","og_title":"Appels \u00e0 candidature - R\u00e9gion F\u00e8s Mekn\u00e8s","og_description":"Liste des concours lanc\u00e9s par le Conseil R\u00e9gional de F\u00e8s &#8211; Mekn\u00e8s.","og_url":"https:\/\/www.region-fes-meknes.ma\/fr\/services\/appels-a-candidature\/","og_site_name":"R\u00e9gion F\u00e8s Mekn\u00e8s","article_publisher":"https:\/\/www.facebook.com\/R%c3%a9gion-F%c3%a8s-Mekn%c3%a8s-1130195096990872","article_modified_time":"2018-04-03T12:32:05+00:00","og_image":[{"width":415,"height":215,"url":"https:\/\/www.region-fes-meknes.ma\/wp-content\/uploads\/2018\/03\/appel-candidature.png","type":"image\/png"}],"twitter_card":"summary_large_image","schema":{"@context":"https:\/\/schema.org","@graph":[{"@type":"WebPage","@id":"https:\/\/www.region-fes-meknes.ma\/fr\/services\/appels-a-candidature\/","url":"https:\/\/www.region-fes-meknes.ma\/fr\/services\/appels-a-candidature\/","name":"Appels \u00e0 candidature - R\u00e9gion F\u00e8s Mekn\u00e8s","isPartOf":{"@id":"https:\/\/www.region-fes-meknes.ma\/#website"},"datePublished":"2017-10-29T23:02:45+00:00","dateModified":"2018-04-03T12:32:05+00:00","breadcrumb":{"@id":"https:\/\/www.region-fes-meknes.ma\/fr\/services\/appels-a-candidature\/#breadcrumb"},"inLanguage":"fr-FR","potentialAction":[{"@type":"ReadAction","target":["https:\/\/www.region-fes-meknes.ma\/fr\/services\/appels-a-candidature\/"]}]},{"@type":"BreadcrumbList","@id":"https:\/\/www.region-fes-meknes.ma\/fr\/services\/appels-a-candidature\/#breadcrumb","itemListElement":[{"@type":"ListItem","position":1,"name":"Accueil","item":"https:\/\/www.region-fes-meknes.ma\/fr\/"},{"@type":"ListItem","position":2,"name":"Services","item":"https:\/\/www.region-fes-meknes.ma\/fr\/services\/"},{"@type":"ListItem","position":3,"name":"Appels \u00e0 candidature"}]},{"@type":"WebSite","@id":"https:\/\/www.region-fes-meknes.ma\/#website","url":"https:\/\/www.region-fes-meknes.ma\/","name":"Portail de la R\u00e9gion F\u00e8s-Mekn\u00e8s","description":"Site officiel de la r\u00e9gion F\u00e8s-Mekn\u00e8s.","publisher":{"@id":"https:\/\/www.region-fes-meknes.ma\/#organization"},"potentialAction":[{"@type":"SearchAction","target":{"@type":"EntryPoint","urlTemplate":"https:\/\/www.region-fes-meknes.ma\/?s={search_term_string}"},"query-input":"required name=search_term_string"}],"inLanguage":"fr-FR"},{"@type":"Organization","@id":"https:\/\/www.region-fes-meknes.ma\/#organization","name":"R\u00e9gion F\u00e8s M\u00e8kn\u00e8s","url":"https:\/\/www.region-fes-meknes.ma\/","sameAs":["https:\/\/www.facebook.com\/R\u00e9gion-F\u00e8s-Mekn\u00e8s-1130195096990872"],"logo":{"@type":"ImageObject","inLanguage":"fr-FR","@id":"https:\/\/www.region-fes-meknes.ma\/#\/schema\/logo\/image\/","url":"http:\/\/www.region-fes-meknes.ma\/wp-content\/uploads\/2017\/10\/logo-rfm4.png","contentUrl":"http:\/\/www.region-fes-meknes.ma\/wp-content\/uploads\/2017\/10\/logo-rfm4.png","width":304,"height":291,"caption":"R\u00e9gion F\u00e8s M\u00e8kn\u00e8s"},"image":{"@id":"https:\/\/www.region-fes-meknes.ma\/#\/schema\/logo\/image\/"}}]}},"_links":{"self":[{"href":"https:\/\/www.region-fes-meknes.ma\/fr\/wp-json\/wp\/v2\/pages\/2147"}],"collection":[{"href":"https:\/\/www.region-fes-meknes.ma\/fr\/wp-json\/wp\/v2\/pages"}],"about":[{"href":"https:\/\/www.region-fes-meknes.ma\/fr\/wp-json\/wp\/v2\/types\/page"}],"author":[{"embeddable":true,"href":"https:\/\/www.region-fes-meknes.ma\/fr\/wp-json\/wp\/v2\/users\/1"}],"replies":[{"embeddable":true,"href":"https:\/\/www.region-fes-meknes.ma\/fr\/wp-json\/wp\/v2\/comments?post=2147"}],"version-history":[{"count":9,"href":"https:\/\/www.region-fes-meknes.ma\/fr\/wp-json\/wp\/v2\/pages\/2147\/revisions"}],"predecessor-version":[{"id":4748,"href":"https:\/\/www.region-fes-meknes.ma\/fr\/wp-json\/wp\/v2\/pages\/2147\/revisions\/4748"}],"up":[{"embeddable":true,"href":"https:\/\/www.region-fes-meknes.ma\/fr\/wp-json\/wp\/v2\/pages\/1354"}],"wp:featuredmedia":[{"embeddable":true,"href":"https:\/\/www.region-fes-meknes.ma\/fr\/wp-json\/wp\/v2\/media\/4179"}],"wp:attachment":[{"href":"https:\/\/www.region-fes-meknes.ma\/fr\/wp-json\/wp\/v2\/media?parent=2147"}],"curies":[{"name":"wp","href":"https:\/\/api.w.org\/{rel}","templated":true}]}}