{"id":22,"date":"2016-02-12T08:11:05","date_gmt":"2016-02-12T07:11:05","guid":{"rendered":"http:\/\/www.temaconcept.com\/?page_id=22"},"modified":"2017-11-18T18:39:38","modified_gmt":"2017-11-18T17:39:38","slug":"salon-de-lagriculture","status":"publish","type":"page","link":"https:\/\/www.region-fes-meknes.ma\/fr\/evenements\/salon-de-lagriculture\/","title":{"rendered":"Salon de l&rsquo;agriculture"},"content":{"rendered":"<article id=\"post-5087\" class=\"post-5087 evenement type-evenement status-publish has-post-thumbnail hentry\">\n\t<header class=\"entry-header\">\n\t\t<h1 class=\"entry-title\">13\u00e8me \u00e9dition du Salon International de l&rsquo;Agriculture<\/h1>        \t\t<div class=\"entry-meta\">\n\t\t\t<i class=\"fa fa-calendar\" aria-hidden=\"true\"><\/i> du 24 au 28 avril 2018\t\t<\/div><!-- .entry-meta -->\n        \t<\/header><!-- .entry-header -->\n\n\t<div class=\"evenement-meta\">\n\t<\/div>\n\n\t<div class=\"entry-content\">\n\t\n\t        <p>\n            <img width=\"1090\" height=\"722\" src=\"https:\/\/www.region-fes-meknes.ma\/wp-content\/uploads\/2018\/04\/rfm-siam-2018-00.jpg\" class=\"attachment-full size-full wp-post-image\" alt=\"rfm siam 2018 00\" loading=\"lazy\" srcset=\"https:\/\/www.region-fes-meknes.ma\/wp-content\/uploads\/2018\/04\/rfm-siam-2018-00.jpg 1090w, https:\/\/www.region-fes-meknes.ma\/wp-content\/uploads\/2018\/04\/rfm-siam-2018-00-300x199.jpg 300w, https:\/\/www.region-fes-meknes.ma\/wp-content\/uploads\/2018\/04\/rfm-siam-2018-00-768x509.jpg 768w, https:\/\/www.region-fes-meknes.ma\/wp-content\/uploads\/2018\/04\/rfm-siam-2018-00-1024x678.jpg 1024w, https:\/\/www.region-fes-meknes.ma\/wp-content\/uploads\/2018\/04\/rfm-siam-2018-00-100x66.jpg 100w\" sizes=\"(max-width: 1090px) 100vw, 1090px\" \/>        <\/p>\n    \t    \t\t<h3 class=\"evenement-subtitle\">Participation RFM : <\/h3><p>La R\u00e9gion F\u00e8s &#8211; Mekn\u00e8s prend part au Salon International de l\u2019Agriculture au Maroc avec son propre stand\u00a0 repr\u00e9sentant les atouts de la r\u00e9gion. Une participation dict\u00e9e par la volont\u00e9 du Conseil R\u00e9gional de renforcer l\u2019image de marque des produits agricoles, notamment ceux du terroir, dans leur diversit\u00e9 et leur qualit\u00e9.<\/p>\n<p>Pour cette 13<sup>\u00e8me<\/sup> \u00e9dition, la R\u00e9gion F\u00e8s &#8211; Mekn\u00e8s participe \u00e0 ce grand rendez-vous de l\u2019agriculture au Maroc, dans l\u2019objectif de prospecter de nouvelles opportunit\u00e9s d\u2019investissement pour les producteurs r\u00e9gionaux et de nouer des contacts d\u2019affaires avec importants importateurs potentiels pour trouver de nouveaux d\u00e9bouch\u00e9s \u00e0 ce secteur.<\/p>\n<strong>Lien externe : <\/strong><a href=\"https:\/\/www.salon-agriculture.com\/\" target=\"_blank\" title=\"Cliquez pour acc\ufffdder au site externe\">Site Web du Salon<\/a>\t<\/div><!-- .entry-content -->\n\n\t<div class=\"gallerie-content\">\n\t\t\n\n\n\n\t<\/div><!-- .gallerie-content -->\n\t\n\t\t<div class=\"gallerie-content\">\n    <div class=\"swiper swiper-carousel\">\n        <div class=\"swiper-wrapper\">\n                            <div class=\"swiper-slide\">\n                    <img src=\"https:\/\/www.region-fes-meknes.ma\/wp-content\/uploads\/2018\/04\/rfm-siam-2018-01.jpg\" alt=\"\" \/>\n                    <p><\/p>\n                <\/div>\n                            <div class=\"swiper-slide\">\n                    <img src=\"https:\/\/www.region-fes-meknes.ma\/wp-content\/uploads\/2018\/04\/rfm-siam-2018-02.jpg\" alt=\"\" \/>\n                    <p><\/p>\n                <\/div>\n                            <div class=\"swiper-slide\">\n                    <img src=\"https:\/\/www.region-fes-meknes.ma\/wp-content\/uploads\/2018\/04\/rfm-siam-2018-03.jpg\" alt=\"\" \/>\n                    <p><\/p>\n                <\/div>\n                            <div class=\"swiper-slide\">\n                    <img src=\"https:\/\/www.region-fes-meknes.ma\/wp-content\/uploads\/2018\/04\/rfm-siam-2018-04.jpg\" alt=\"\" \/>\n                    <p><\/p>\n                <\/div>\n                            <div class=\"swiper-slide\">\n                    <img src=\"https:\/\/www.region-fes-meknes.ma\/wp-content\/uploads\/2018\/04\/rfm-siam-2018-05.jpg\" alt=\"\" \/>\n                    <p><\/p>\n                <\/div>\n                            <div class=\"swiper-slide\">\n                    <img src=\"https:\/\/www.region-fes-meknes.ma\/wp-content\/uploads\/2018\/04\/rfm-siam-2018-06.jpg\" alt=\"\" \/>\n                    <p><\/p>\n                <\/div>\n                            <div class=\"swiper-slide\">\n                    <img src=\"https:\/\/www.region-fes-meknes.ma\/wp-content\/uploads\/2018\/04\/rfm-siam-2018-07.jpg\" alt=\"\" \/>\n                    <p><\/p>\n                <\/div>\n                            <div class=\"swiper-slide\">\n                    <img src=\"https:\/\/www.region-fes-meknes.ma\/wp-content\/uploads\/2018\/04\/rfm-siam-2018-08.jpg\" alt=\"\" \/>\n                    <p><\/p>\n                <\/div>\n                            <div class=\"swiper-slide\">\n                    <img src=\"https:\/\/www.region-fes-meknes.ma\/wp-content\/uploads\/2018\/04\/rfm-siam-2018-09.jpg\" alt=\"\" \/>\n                    <p><\/p>\n                <\/div>\n                            <div class=\"swiper-slide\">\n                    <img src=\"https:\/\/www.region-fes-meknes.ma\/wp-content\/uploads\/2018\/04\/rfm-siam-2018-10.jpg\" alt=\"\" \/>\n                    <p><\/p>\n                <\/div>\n                            <div class=\"swiper-slide\">\n                    <img src=\"https:\/\/www.region-fes-meknes.ma\/wp-content\/uploads\/2018\/04\/rfm-siam-2018-11.jpg\" alt=\"\" \/>\n                    <p><\/p>\n                <\/div>\n                            <div class=\"swiper-slide\">\n                    <img src=\"https:\/\/www.region-fes-meknes.ma\/wp-content\/uploads\/2018\/04\/rfm-siam-2018-12.jpg\" alt=\"\" \/>\n                    <p><\/p>\n                <\/div>\n                    <\/div>\n        <div class=\"swiper-button-next\"><\/div>\n        <div class=\"swiper-button-prev\"><\/div>\n    <\/div>\n<\/div><!-- .gallerie-content -->\n\n    \t<footer class=\"entry-footer\">\n\t\t\t<\/footer><!-- .entry-footer -->\n    \t<\/article><!-- #post-## -->\n\n<div class=\"page-category\"><div class=\"table-responsive\"><table class=\"table-striped\"><thead><tr><th>Titre<\/th><th>P\u00e9riode<\/th><\/tr><\/thead><tbody>\n<tr>\n\t<td>\n\t\t<h4 class=\"entry-title-list\"><a href=\"https:\/\/www.region-fes-meknes.ma\/fr\/evenement\/12eme-edition-du-salon-international-de-lagriculture\/\" rel=\"bookmark\">12\u00e8me \u00e9dition du Salon International de l&rsquo;Agriculture<\/a><\/h4>\t<\/td>\n\t<td>\n\t\tDu 18 au 23 avril 2017\t<\/td>\n<\/tr>\n\n<\/tbody><\/table><!-- .table-striped --><\/div><!-- .table-responsive --><\/div><!-- .page-category -->\n","protected":false},"excerpt":{"rendered":"","protected":false},"author":1,"featured_media":1795,"parent":21,"menu_order":3,"comment_status":"closed","ping_status":"closed","template":"","meta":{"_bbp_topic_count":0,"_bbp_reply_count":0,"_bbp_total_topic_count":0,"_bbp_total_reply_count":0,"_bbp_voice_count":0,"_bbp_anonymous_reply_count":0,"_bbp_topic_count_hidden":0,"_bbp_reply_count_hidden":0,"_bbp_forum_subforum_count":0},"acf":[],"yoast_head":"<!-- This site is optimized with the Yoast SEO plugin v19.5.1 - https:\/\/yoast.com\/wordpress\/plugins\/seo\/ -->\n<title>Salon de l&#039;agriculture - R\u00e9gion F\u00e8s Mekn\u00e8s<\/title>\n<meta name=\"robots\" content=\"index, follow, max-snippet:-1, max-image-preview:large, max-video-preview:-1\" \/>\n<link rel=\"canonical\" href=\"https:\/\/www.region-fes-meknes.ma\/fr\/evenements\/salon-de-lagriculture\/\" \/>\n<meta property=\"og:locale\" content=\"fr_FR\" \/>\n<meta property=\"og:type\" content=\"article\" \/>\n<meta property=\"og:title\" content=\"Salon de l&#039;agriculture - R\u00e9gion F\u00e8s Mekn\u00e8s\" \/>\n<meta property=\"og:url\" content=\"https:\/\/www.region-fes-meknes.ma\/fr\/evenements\/salon-de-lagriculture\/\" \/>\n<meta property=\"og:site_name\" content=\"R\u00e9gion F\u00e8s Mekn\u00e8s\" \/>\n<meta property=\"article:publisher\" content=\"https:\/\/www.facebook.com\/R%c3%a9gion-F%c3%a8s-Mekn%c3%a8s-1130195096990872\" \/>\n<meta property=\"article:modified_time\" content=\"2017-11-18T17:39:38+00:00\" \/>\n<meta property=\"og:image\" content=\"https:\/\/www.region-fes-meknes.ma\/wp-content\/uploads\/2016\/02\/salon-agriculture.jpg\" \/>\n\t<meta property=\"og:image:width\" content=\"1630\" \/>\n\t<meta property=\"og:image:height\" content=\"860\" \/>\n\t<meta property=\"og:image:type\" content=\"image\/jpeg\" \/>\n<meta name=\"twitter:card\" content=\"summary_large_image\" \/>\n<script type=\"application\/ld+json\" class=\"yoast-schema-graph\">{\"@context\":\"https:\/\/schema.org\",\"@graph\":[{\"@type\":\"WebPage\",\"@id\":\"https:\/\/www.region-fes-meknes.ma\/fr\/evenements\/salon-de-lagriculture\/\",\"url\":\"https:\/\/www.region-fes-meknes.ma\/fr\/evenements\/salon-de-lagriculture\/\",\"name\":\"Salon de l'agriculture - R\u00e9gion F\u00e8s Mekn\u00e8s\",\"isPartOf\":{\"@id\":\"https:\/\/www.region-fes-meknes.ma\/#website\"},\"datePublished\":\"2016-02-12T07:11:05+00:00\",\"dateModified\":\"2017-11-18T17:39:38+00:00\",\"breadcrumb\":{\"@id\":\"https:\/\/www.region-fes-meknes.ma\/fr\/evenements\/salon-de-lagriculture\/#breadcrumb\"},\"inLanguage\":\"fr-FR\",\"potentialAction\":[{\"@type\":\"ReadAction\",\"target\":[\"https:\/\/www.region-fes-meknes.ma\/fr\/evenements\/salon-de-lagriculture\/\"]}]},{\"@type\":\"BreadcrumbList\",\"@id\":\"https:\/\/www.region-fes-meknes.ma\/fr\/evenements\/salon-de-lagriculture\/#breadcrumb\",\"itemListElement\":[{\"@type\":\"ListItem\",\"position\":1,\"name\":\"Accueil\",\"item\":\"https:\/\/www.region-fes-meknes.ma\/fr\/\"},{\"@type\":\"ListItem\",\"position\":2,\"name\":\"Ev\u00e9nements\",\"item\":\"https:\/\/www.region-fes-meknes.ma\/fr\/evenements\/\"},{\"@type\":\"ListItem\",\"position\":3,\"name\":\"Salon de l&rsquo;agriculture\"}]},{\"@type\":\"WebSite\",\"@id\":\"https:\/\/www.region-fes-meknes.ma\/#website\",\"url\":\"https:\/\/www.region-fes-meknes.ma\/\",\"name\":\"Portail de la R\u00e9gion F\u00e8s-Mekn\u00e8s\",\"description\":\"Site officiel de la r\u00e9gion F\u00e8s-Mekn\u00e8s.\",\"publisher\":{\"@id\":\"https:\/\/www.region-fes-meknes.ma\/#organization\"},\"potentialAction\":[{\"@type\":\"SearchAction\",\"target\":{\"@type\":\"EntryPoint\",\"urlTemplate\":\"https:\/\/www.region-fes-meknes.ma\/?s={search_term_string}\"},\"query-input\":\"required name=search_term_string\"}],\"inLanguage\":\"fr-FR\"},{\"@type\":\"Organization\",\"@id\":\"https:\/\/www.region-fes-meknes.ma\/#organization\",\"name\":\"R\u00e9gion F\u00e8s M\u00e8kn\u00e8s\",\"url\":\"https:\/\/www.region-fes-meknes.ma\/\",\"sameAs\":[\"https:\/\/www.facebook.com\/R\u00e9gion-F\u00e8s-Mekn\u00e8s-1130195096990872\"],\"logo\":{\"@type\":\"ImageObject\",\"inLanguage\":\"fr-FR\",\"@id\":\"https:\/\/www.region-fes-meknes.ma\/#\/schema\/logo\/image\/\",\"url\":\"http:\/\/www.region-fes-meknes.ma\/wp-content\/uploads\/2017\/10\/logo-rfm4.png\",\"contentUrl\":\"http:\/\/www.region-fes-meknes.ma\/wp-content\/uploads\/2017\/10\/logo-rfm4.png\",\"width\":304,\"height\":291,\"caption\":\"R\u00e9gion F\u00e8s M\u00e8kn\u00e8s\"},\"image\":{\"@id\":\"https:\/\/www.region-fes-meknes.ma\/#\/schema\/logo\/image\/\"}}]}<\/script>\n<!-- \/ Yoast SEO plugin. -->","yoast_head_json":{"title":"Salon de l'agriculture - R\u00e9gion F\u00e8s Mekn\u00e8s","robots":{"index":"index","follow":"follow","max-snippet":"max-snippet:-1","max-image-preview":"max-image-preview:large","max-video-preview":"max-video-preview:-1"},"canonical":"https:\/\/www.region-fes-meknes.ma\/fr\/evenements\/salon-de-lagriculture\/","og_locale":"fr_FR","og_type":"article","og_title":"Salon de l'agriculture - R\u00e9gion F\u00e8s Mekn\u00e8s","og_url":"https:\/\/www.region-fes-meknes.ma\/fr\/evenements\/salon-de-lagriculture\/","og_site_name":"R\u00e9gion F\u00e8s Mekn\u00e8s","article_publisher":"https:\/\/www.facebook.com\/R%c3%a9gion-F%c3%a8s-Mekn%c3%a8s-1130195096990872","article_modified_time":"2017-11-18T17:39:38+00:00","og_image":[{"width":1630,"height":860,"url":"https:\/\/www.region-fes-meknes.ma\/wp-content\/uploads\/2016\/02\/salon-agriculture.jpg","type":"image\/jpeg"}],"twitter_card":"summary_large_image","schema":{"@context":"https:\/\/schema.org","@graph":[{"@type":"WebPage","@id":"https:\/\/www.region-fes-meknes.ma\/fr\/evenements\/salon-de-lagriculture\/","url":"https:\/\/www.region-fes-meknes.ma\/fr\/evenements\/salon-de-lagriculture\/","name":"Salon de l'agriculture - R\u00e9gion F\u00e8s Mekn\u00e8s","isPartOf":{"@id":"https:\/\/www.region-fes-meknes.ma\/#website"},"datePublished":"2016-02-12T07:11:05+00:00","dateModified":"2017-11-18T17:39:38+00:00","breadcrumb":{"@id":"https:\/\/www.region-fes-meknes.ma\/fr\/evenements\/salon-de-lagriculture\/#breadcrumb"},"inLanguage":"fr-FR","potentialAction":[{"@type":"ReadAction","target":["https:\/\/www.region-fes-meknes.ma\/fr\/evenements\/salon-de-lagriculture\/"]}]},{"@type":"BreadcrumbList","@id":"https:\/\/www.region-fes-meknes.ma\/fr\/evenements\/salon-de-lagriculture\/#breadcrumb","itemListElement":[{"@type":"ListItem","position":1,"name":"Accueil","item":"https:\/\/www.region-fes-meknes.ma\/fr\/"},{"@type":"ListItem","position":2,"name":"Ev\u00e9nements","item":"https:\/\/www.region-fes-meknes.ma\/fr\/evenements\/"},{"@type":"ListItem","position":3,"name":"Salon de l&rsquo;agriculture"}]},{"@type":"WebSite","@id":"https:\/\/www.region-fes-meknes.ma\/#website","url":"https:\/\/www.region-fes-meknes.ma\/","name":"Portail de la R\u00e9gion F\u00e8s-Mekn\u00e8s","description":"Site officiel de la r\u00e9gion F\u00e8s-Mekn\u00e8s.","publisher":{"@id":"https:\/\/www.region-fes-meknes.ma\/#organization"},"potentialAction":[{"@type":"SearchAction","target":{"@type":"EntryPoint","urlTemplate":"https:\/\/www.region-fes-meknes.ma\/?s={search_term_string}"},"query-input":"required name=search_term_string"}],"inLanguage":"fr-FR"},{"@type":"Organization","@id":"https:\/\/www.region-fes-meknes.ma\/#organization","name":"R\u00e9gion F\u00e8s M\u00e8kn\u00e8s","url":"https:\/\/www.region-fes-meknes.ma\/","sameAs":["https:\/\/www.facebook.com\/R\u00e9gion-F\u00e8s-Mekn\u00e8s-1130195096990872"],"logo":{"@type":"ImageObject","inLanguage":"fr-FR","@id":"https:\/\/www.region-fes-meknes.ma\/#\/schema\/logo\/image\/","url":"http:\/\/www.region-fes-meknes.ma\/wp-content\/uploads\/2017\/10\/logo-rfm4.png","contentUrl":"http:\/\/www.region-fes-meknes.ma\/wp-content\/uploads\/2017\/10\/logo-rfm4.png","width":304,"height":291,"caption":"R\u00e9gion F\u00e8s M\u00e8kn\u00e8s"},"image":{"@id":"https:\/\/www.region-fes-meknes.ma\/#\/schema\/logo\/image\/"}}]}},"_links":{"self":[{"href":"https:\/\/www.region-fes-meknes.ma\/fr\/wp-json\/wp\/v2\/pages\/22"}],"collection":[{"href":"https:\/\/www.region-fes-meknes.ma\/fr\/wp-json\/wp\/v2\/pages"}],"about":[{"href":"https:\/\/www.region-fes-meknes.ma\/fr\/wp-json\/wp\/v2\/types\/page"}],"author":[{"embeddable":true,"href":"https:\/\/www.region-fes-meknes.ma\/fr\/wp-json\/wp\/v2\/users\/1"}],"replies":[{"embeddable":true,"href":"https:\/\/www.region-fes-meknes.ma\/fr\/wp-json\/wp\/v2\/comments?post=22"}],"version-history":[{"count":13,"href":"https:\/\/www.region-fes-meknes.ma\/fr\/wp-json\/wp\/v2\/pages\/22\/revisions"}],"predecessor-version":[{"id":2700,"href":"https:\/\/www.region-fes-meknes.ma\/fr\/wp-json\/wp\/v2\/pages\/22\/revisions\/2700"}],"up":[{"embeddable":true,"href":"https:\/\/www.region-fes-meknes.ma\/fr\/wp-json\/wp\/v2\/pages\/21"}],"wp:featuredmedia":[{"embeddable":true,"href":"https:\/\/www.region-fes-meknes.ma\/fr\/wp-json\/wp\/v2\/media\/1795"}],"wp:attachment":[{"href":"https:\/\/www.region-fes-meknes.ma\/fr\/wp-json\/wp\/v2\/media?parent=22"}],"curies":[{"name":"wp","href":"https:\/\/api.w.org\/{rel}","templated":true}]}}