{"id":2321,"date":"2017-11-05T14:52:38","date_gmt":"2017-11-05T13:52:38","guid":{"rendered":"http:\/\/www.region-fes-meknes.ma\/?page_id=2321"},"modified":"2018-01-11T17:39:07","modified_gmt":"2018-01-11T16:39:07","slug":"commission-de-la-femme-de-la-jeunesse-et-du-sport","status":"publish","type":"page","link":"https:\/\/www.region-fes-meknes.ma\/fr\/le-conseil-regional\/composition\/commissions-permanentes\/commission-de-la-femme-de-la-jeunesse-et-du-sport\/","title":{"rendered":"Commission de la femme, de la jeunesse et du sport"},"content":{"rendered":"<p>La commission est charg\u00e9e de l&rsquo;\u00e9tude de toutes les questions li\u00e9es \u00e0 la femme, \u00e0 la jeunesse et au sport.<\/p>\n<p>Elle est compos\u00e9e de 9 membres.<\/p>\n<div class=\"result-wrap\" id=\"result-wrap\"><h3>Liste des membres<\/h3><div class=\"result-annuaire-wrap clearfix\"><div class=\"result-membre filtre\"><h4 class=\"membre-nom\">EL BHIYYAH NADIA<\/h4><div class=\"membre-info-wrapper\"><div class=\"membre-avatar\"><img width=\"78\" height=\"100\" src=\"https:\/\/www.region-fes-meknes.ma\/wp-content\/uploads\/2021\/11\/el-bhiyyah-nadia-78x100.jpg\" class=\"attachment-tc-user-small size-tc-user-small\" alt=\"el bhiyyah nadia\" loading=\"lazy\" srcset=\"https:\/\/www.region-fes-meknes.ma\/wp-content\/uploads\/2021\/11\/el-bhiyyah-nadia-78x100.jpg 78w, https:\/\/www.region-fes-meknes.ma\/wp-content\/uploads\/2021\/11\/el-bhiyyah-nadia-233x300.jpg 233w, https:\/\/www.region-fes-meknes.ma\/wp-content\/uploads\/2021\/11\/el-bhiyyah-nadia.jpg 413w\" sizes=\"(max-width: 78px) 100vw, 78px\" \/><\/div><!-- .membre-avatar --><div class=\"membre-info-parti\"><img class=\"membre-pp-icon\" src=\"https:\/\/www.region-fes-meknes.ma\/wp-content\/plugins\/tc-annuaire-membre\/images\/parti_politique\/RNI.jpg\" \/>RNI<\/div><!-- .membre-info-parti --><div class=\"membre-info\"><div class=\"membre-meta-b\">Pr\u00e9sident<\/div><\/div><!-- .membre-info --><\/div><!-- .membre-info-wrapper --><div class=\"membre-meta-c\">Membre<\/div><\/div><!-- .result-membre --><div class=\"result-membre filtre\"><h4 class=\"membre-nom\">AMIMI DRISS<\/h4><div class=\"membre-info-wrapper\"><div class=\"membre-avatar\"><img width=\"78\" height=\"100\" src=\"https:\/\/www.region-fes-meknes.ma\/wp-content\/uploads\/2021\/11\/amimi-driss-78x100.jpg\" class=\"attachment-tc-user-small size-tc-user-small\" alt=\"amimi driss\" loading=\"lazy\" srcset=\"https:\/\/www.region-fes-meknes.ma\/wp-content\/uploads\/2021\/11\/amimi-driss-78x100.jpg 78w, https:\/\/www.region-fes-meknes.ma\/wp-content\/uploads\/2021\/11\/amimi-driss-233x300.jpg 233w, https:\/\/www.region-fes-meknes.ma\/wp-content\/uploads\/2021\/11\/amimi-driss.jpg 413w\" sizes=\"(max-width: 78px) 100vw, 78px\" \/><\/div><!-- .membre-avatar --><div class=\"membre-info-parti\"><img class=\"membre-pp-icon\" src=\"https:\/\/www.region-fes-meknes.ma\/wp-content\/plugins\/tc-annuaire-membre\/images\/parti_politique\/PAM.jpg\" \/>PAM<\/div><!-- .membre-info-parti --><div class=\"membre-info\"><div class=\"membre-meta-b\">Vice-Pr\u00e9sident<\/div><\/div><!-- .membre-info --><\/div><!-- .membre-info-wrapper --><div class=\"membre-meta-c\">Membre<\/div><\/div><!-- .result-membre --><div class=\"result-membre filtre\"><h4 class=\"membre-nom\">EZZOUMI HALIMA<\/h4><div class=\"membre-info-wrapper\"><div class=\"membre-avatar\"><img width=\"78\" height=\"100\" src=\"https:\/\/www.region-fes-meknes.ma\/wp-content\/uploads\/2021\/11\/ezzoumi-halima-78x100.jpg\" class=\"attachment-tc-user-small size-tc-user-small\" alt=\"ezzoumi halima\" loading=\"lazy\" srcset=\"https:\/\/www.region-fes-meknes.ma\/wp-content\/uploads\/2021\/11\/ezzoumi-halima-78x100.jpg 78w, https:\/\/www.region-fes-meknes.ma\/wp-content\/uploads\/2021\/11\/ezzoumi-halima-233x300.jpg 233w, https:\/\/www.region-fes-meknes.ma\/wp-content\/uploads\/2021\/11\/ezzoumi-halima.jpg 413w\" sizes=\"(max-width: 78px) 100vw, 78px\" \/><\/div><!-- .membre-avatar --><div class=\"membre-info-parti\"><img class=\"membre-pp-icon\" src=\"https:\/\/www.region-fes-meknes.ma\/wp-content\/plugins\/tc-annuaire-membre\/images\/parti_politique\/PI.jpg\" \/>PI<\/div><!-- .membre-info-parti --><div class=\"membre-info\"><div class=\"membre-meta-b\">Membre<\/div><\/div><!-- .membre-info --><\/div><!-- .membre-info-wrapper --><div class=\"membre-meta-c\">3\u00e8me Vice-Pr\u00e9sident<\/div><\/div><!-- .result-membre --><div class=\"result-membre filtre\"><h4 class=\"membre-nom\">MOUKNII FATIHA<\/h4><div class=\"membre-info-wrapper\"><div class=\"membre-avatar\"><img width=\"78\" height=\"100\" src=\"https:\/\/www.region-fes-meknes.ma\/wp-content\/uploads\/2021\/11\/mouknii-fatiha-78x100.jpg\" class=\"attachment-tc-user-small size-tc-user-small\" alt=\"mouknii fatiha\" loading=\"lazy\" srcset=\"https:\/\/www.region-fes-meknes.ma\/wp-content\/uploads\/2021\/11\/mouknii-fatiha-78x100.jpg 78w, https:\/\/www.region-fes-meknes.ma\/wp-content\/uploads\/2021\/11\/mouknii-fatiha-233x300.jpg 233w, https:\/\/www.region-fes-meknes.ma\/wp-content\/uploads\/2021\/11\/mouknii-fatiha.jpg 413w\" sizes=\"(max-width: 78px) 100vw, 78px\" \/><\/div><!-- .membre-avatar --><div class=\"membre-info-parti\"><img class=\"membre-pp-icon\" src=\"https:\/\/www.region-fes-meknes.ma\/wp-content\/plugins\/tc-annuaire-membre\/images\/parti_politique\/PI.jpg\" \/>PI<\/div><!-- .membre-info-parti --><div class=\"membre-info\"><div class=\"membre-meta-b\">Membre<\/div><\/div><!-- .membre-info --><\/div><!-- .membre-info-wrapper --><div class=\"membre-meta-c\">Membre<\/div><\/div><!-- .result-membre --><div class=\"result-membre filtre\"><h4 class=\"membre-nom\">EL FATHI NADIA<\/h4><div class=\"membre-info-wrapper\"><div class=\"membre-avatar\"><img width=\"78\" height=\"100\" src=\"https:\/\/www.region-fes-meknes.ma\/wp-content\/uploads\/2021\/11\/el-fathi-nadia-78x100.jpg\" class=\"attachment-tc-user-small size-tc-user-small\" alt=\"el fathi nadia\" loading=\"lazy\" srcset=\"https:\/\/www.region-fes-meknes.ma\/wp-content\/uploads\/2021\/11\/el-fathi-nadia-78x100.jpg 78w, https:\/\/www.region-fes-meknes.ma\/wp-content\/uploads\/2021\/11\/el-fathi-nadia-233x300.jpg 233w, https:\/\/www.region-fes-meknes.ma\/wp-content\/uploads\/2021\/11\/el-fathi-nadia.jpg 413w\" sizes=\"(max-width: 78px) 100vw, 78px\" \/><\/div><!-- .membre-avatar --><div class=\"membre-info-parti\"><img class=\"membre-pp-icon\" src=\"https:\/\/www.region-fes-meknes.ma\/wp-content\/plugins\/tc-annuaire-membre\/images\/parti_politique\/MP.jpg\" \/>MP<\/div><!-- .membre-info-parti --><div class=\"membre-info\"><div class=\"membre-meta-b\">Membre<\/div><\/div><!-- .membre-info --><\/div><!-- .membre-info-wrapper --><div class=\"membre-meta-c\">Membre<\/div><\/div><!-- .result-membre --><div class=\"result-membre filtre\"><h4 class=\"membre-nom\">ISMAILI MOHAMMED RAOUF<\/h4><div class=\"membre-info-wrapper\"><div class=\"membre-avatar\"><img width=\"78\" height=\"100\" src=\"https:\/\/www.region-fes-meknes.ma\/wp-content\/uploads\/2017\/10\/mohammed-raouf-ismaili-78x100.jpg\" class=\"attachment-tc-user-small size-tc-user-small\" alt=\"mohammed raouf ismaili\" loading=\"lazy\" srcset=\"https:\/\/www.region-fes-meknes.ma\/wp-content\/uploads\/2017\/10\/mohammed-raouf-ismaili-78x100.jpg 78w, https:\/\/www.region-fes-meknes.ma\/wp-content\/uploads\/2017\/10\/mohammed-raouf-ismaili-233x300.jpg 233w, https:\/\/www.region-fes-meknes.ma\/wp-content\/uploads\/2017\/10\/mohammed-raouf-ismaili.jpg 413w\" sizes=\"(max-width: 78px) 100vw, 78px\" \/><\/div><!-- .membre-avatar --><div class=\"membre-info-parti\"><img class=\"membre-pp-icon\" src=\"https:\/\/www.region-fes-meknes.ma\/wp-content\/plugins\/tc-annuaire-membre\/images\/parti_politique\/UC.jpg\" \/>UC<\/div><!-- .membre-info-parti --><div class=\"membre-info\"><div class=\"membre-meta-b\">Membre<\/div><\/div><!-- .membre-info --><\/div><!-- .membre-info-wrapper --><div class=\"membre-meta-c\">Membre<\/div><\/div><!-- .result-membre --><div class=\"result-membre filtre\"><h4 class=\"membre-nom\">ASSAOUA ABDELGHANI<\/h4><div class=\"membre-info-wrapper\"><div class=\"membre-avatar\"><img width=\"78\" height=\"100\" src=\"https:\/\/www.region-fes-meknes.ma\/wp-content\/uploads\/2021\/11\/assaoua-abdelghani-78x100.jpg\" class=\"attachment-tc-user-small size-tc-user-small\" alt=\"assaoua abdelghani\" loading=\"lazy\" srcset=\"https:\/\/www.region-fes-meknes.ma\/wp-content\/uploads\/2021\/11\/assaoua-abdelghani-78x100.jpg 78w, https:\/\/www.region-fes-meknes.ma\/wp-content\/uploads\/2021\/11\/assaoua-abdelghani-233x300.jpg 233w, https:\/\/www.region-fes-meknes.ma\/wp-content\/uploads\/2021\/11\/assaoua-abdelghani.jpg 413w\" sizes=\"(max-width: 78px) 100vw, 78px\" \/><\/div><!-- .membre-avatar --><div class=\"membre-info-parti\"><img class=\"membre-pp-icon\" src=\"https:\/\/www.region-fes-meknes.ma\/wp-content\/plugins\/tc-annuaire-membre\/images\/parti_politique\/PPS.jpg\" \/>PPS<\/div><!-- .membre-info-parti --><div class=\"membre-info\"><div class=\"membre-meta-b\">Membre<\/div><\/div><!-- .membre-info --><\/div><!-- .membre-info-wrapper --><div class=\"membre-meta-c\">Membre<\/div><\/div><!-- .result-membre --><div class=\"result-membre filtre\"><h4 class=\"membre-nom\">AZIZI ALAOUI KHADIJA<\/h4><div class=\"membre-info-wrapper\"><div class=\"membre-avatar\"><img width=\"78\" height=\"100\" src=\"https:\/\/www.region-fes-meknes.ma\/wp-content\/uploads\/2021\/11\/azizi-alaoui-khadija-78x100.jpg\" class=\"attachment-tc-user-small size-tc-user-small\" alt=\"azizi alaoui khadija\" loading=\"lazy\" srcset=\"https:\/\/www.region-fes-meknes.ma\/wp-content\/uploads\/2021\/11\/azizi-alaoui-khadija-78x100.jpg 78w, https:\/\/www.region-fes-meknes.ma\/wp-content\/uploads\/2021\/11\/azizi-alaoui-khadija-233x300.jpg 233w, https:\/\/www.region-fes-meknes.ma\/wp-content\/uploads\/2021\/11\/azizi-alaoui-khadija.jpg 413w\" sizes=\"(max-width: 78px) 100vw, 78px\" \/><\/div><!-- .membre-avatar --><div class=\"membre-info-parti\"><img class=\"membre-pp-icon\" src=\"https:\/\/www.region-fes-meknes.ma\/wp-content\/plugins\/tc-annuaire-membre\/images\/parti_politique\/RNI.jpg\" \/>RNI<\/div><!-- .membre-info-parti --><div class=\"membre-info\"><div class=\"membre-meta-b\">Membre<\/div><\/div><!-- .membre-info --><\/div><!-- .membre-info-wrapper --><div class=\"membre-meta-c\">Membre<\/div><\/div><!-- .result-membre --><div class=\"result-membre filtre\"><h4 class=\"membre-nom\">BOUAOUAD ADILA<\/h4><div class=\"membre-info-wrapper\"><div class=\"membre-avatar\"><img width=\"78\" height=\"100\" src=\"https:\/\/www.region-fes-meknes.ma\/wp-content\/uploads\/2021\/11\/bouaouad-adila-78x100.jpg\" class=\"attachment-tc-user-small size-tc-user-small\" alt=\"bouaouad adila\" loading=\"lazy\" srcset=\"https:\/\/www.region-fes-meknes.ma\/wp-content\/uploads\/2021\/11\/bouaouad-adila-78x100.jpg 78w, https:\/\/www.region-fes-meknes.ma\/wp-content\/uploads\/2021\/11\/bouaouad-adila-233x300.jpg 233w, https:\/\/www.region-fes-meknes.ma\/wp-content\/uploads\/2021\/11\/bouaouad-adila.jpg 413w\" sizes=\"(max-width: 78px) 100vw, 78px\" \/><\/div><!-- .membre-avatar --><div class=\"membre-info-parti\"><img class=\"membre-pp-icon\" src=\"https:\/\/www.region-fes-meknes.ma\/wp-content\/plugins\/tc-annuaire-membre\/images\/parti_politique\/RNI.jpg\" \/>RNI<\/div><!-- .membre-info-parti --><div class=\"membre-info\"><div class=\"membre-meta-b\">Membre<\/div><\/div><!-- .membre-info --><\/div><!-- .membre-info-wrapper --><div class=\"membre-meta-c\">Membre<\/div><\/div><!-- .result-membre --><\/div><!-- .result-annuaire-wrap --><\/div><!-- .result-wrap --><br style=\"clear: both;\" \/>\n<div class=\"filter-wrap\"><form action=\"https:\/\/www.region-fes-meknes.ma\/fr\/wp-json\/wp\/v2\" method=\"GET\" id=\"recherche-reunion\"><div class=\"table\"><div class=\"row\"><div class=\"cell col-4\"><select name=\"annee\" id=\"select-annee\" class=\"form-control form-select\"><option value=\"\"  >Filtrer par Ann\u00e9e ...<\/option>\\n<option value=\"2022\" selected = \"selected\">2022<\/option><option value=\"2021\" >2021<\/option><option value=\"2020\" >2020<\/option><option value=\"2019\" >2019<\/option><option value=\"2018\" >2018<\/option><option value=\"2017\" >2017<\/option><\/select><\/div><div class=\"cell col-4\"><select name=\"reunion_soustype\" id=\"select-reunion_soustype\" class=\"form-control form-select\"><option value=\"\" selected = \"selected\" >Filtrer par Commission ...<\/option><option value=\"cadr\" >Commission de l\u2019agriculture et du d\u00e9veloppement rural<\/option><option value=\"cat\" >Commission de l\u2019am\u00e9nagement du territoire<\/option><option value=\"cfjs\" >Commission de la femme, de la jeunesse et du sport<\/option><option value=\"cfe\" >Commission de la formation et de l\u2019emploi<\/option><option value=\"crec\" >Commission des relations ext\u00e9rieures et de la coop\u00e9ration<\/option><option value=\"cbafp\" >Commission du budget, des affaires financi\u00e8res et de la programmation<\/option><option value=\"cdesce\" >Commission du d\u00e9veloppement \u00e9conomique, social, culturel et environnemental<\/option><\/select><\/div><\/div><\/div><\/form><\/div><div class=\"page-category\"><div class=\"table-responsive\"><table class=\"table-striped\"><thead><tr><th>Date<\/th><th>R\u00e9union<\/th><\/tr><\/thead><tbody>\n<tr>\n\t<td>\n\t\t\t\t\t\t\t\t\t\t19\/09\/2022\t\t\t<\/td>\n\t<td>\n\t\t<h4 class=\"entry-title-list\"><a href=\"https:\/\/www.region-fes-meknes.ma\/fr\/reunion\/reunion-de-la-commission-de-la-formation-et-de-la-promotion-de-lemploi\/\" rel=\"bookmark\">R\u00e9union de la Commission de la Formation et de la Promotion de l&rsquo;Emploi<\/a><\/h4>\t<\/td>\n<\/tr>\n\n\n<tr>\n\t<td>\n\t\t\t\t\t\t\t\t\t\t15\/09\/2022\t\t\t<\/td>\n\t<td>\n\t\t<h4 class=\"entry-title-list\"><a href=\"https:\/\/www.region-fes-meknes.ma\/fr\/reunion\/reunion-de-la-commission-des-relations-exterieures-et-de-la-cooperation-4\/\" rel=\"bookmark\">R\u00e9union de la Commission des Relations Ext\u00e9rieures et de la Coop\u00e9ration<\/a><\/h4>\t<\/td>\n<\/tr>\n\n<\/tbody><\/table><!-- table-striped --><\/div><!-- table-responsive --><\/div><!-- .page-category -->\n","protected":false},"excerpt":{"rendered":"<p>La commission est charg\u00e9e de l&rsquo;\u00e9tude de toutes les questions li\u00e9es \u00e0 la femme, \u00e0 la jeunesse et au sport. Elle est compos\u00e9e de 9 membres.<\/p>\n","protected":false},"author":1,"featured_media":0,"parent":1445,"menu_order":6,"comment_status":"closed","ping_status":"closed","template":"","meta":{"_bbp_topic_count":0,"_bbp_reply_count":0,"_bbp_total_topic_count":0,"_bbp_total_reply_count":0,"_bbp_voice_count":0,"_bbp_anonymous_reply_count":0,"_bbp_topic_count_hidden":0,"_bbp_reply_count_hidden":0,"_bbp_forum_subforum_count":0},"acf":[],"yoast_head":"<!-- This site is optimized with the Yoast SEO plugin v19.5.1 - https:\/\/yoast.com\/wordpress\/plugins\/seo\/ -->\n<title>Commission de la femme, de la jeunesse et du sport - R\u00e9gion F\u00e8s Mekn\u00e8s<\/title>\n<meta name=\"robots\" content=\"index, follow, max-snippet:-1, max-image-preview:large, max-video-preview:-1\" \/>\n<link rel=\"canonical\" href=\"https:\/\/www.region-fes-meknes.ma\/fr\/le-conseil-regional\/composition\/commissions-permanentes\/commission-de-la-femme-de-la-jeunesse-et-du-sport\/\" \/>\n<meta property=\"og:locale\" content=\"fr_FR\" \/>\n<meta property=\"og:type\" content=\"article\" \/>\n<meta property=\"og:title\" content=\"Commission de la femme, de la jeunesse et du sport - R\u00e9gion F\u00e8s Mekn\u00e8s\" \/>\n<meta property=\"og:description\" content=\"La commission est charg\u00e9e de l&rsquo;\u00e9tude de toutes les questions li\u00e9es \u00e0 la femme, \u00e0 la jeunesse et au sport. Elle est compos\u00e9e de 9 membres.\" \/>\n<meta property=\"og:url\" content=\"https:\/\/www.region-fes-meknes.ma\/fr\/le-conseil-regional\/composition\/commissions-permanentes\/commission-de-la-femme-de-la-jeunesse-et-du-sport\/\" \/>\n<meta property=\"og:site_name\" content=\"R\u00e9gion F\u00e8s Mekn\u00e8s\" \/>\n<meta property=\"article:publisher\" content=\"https:\/\/www.facebook.com\/R%c3%a9gion-F%c3%a8s-Mekn%c3%a8s-1130195096990872\" \/>\n<meta property=\"article:modified_time\" content=\"2018-01-11T16:39:07+00:00\" \/>\n<meta name=\"twitter:card\" content=\"summary_large_image\" \/>\n<script type=\"application\/ld+json\" class=\"yoast-schema-graph\">{\"@context\":\"https:\/\/schema.org\",\"@graph\":[{\"@type\":\"WebPage\",\"@id\":\"https:\/\/www.region-fes-meknes.ma\/fr\/le-conseil-regional\/composition\/commissions-permanentes\/commission-de-la-femme-de-la-jeunesse-et-du-sport\/\",\"url\":\"https:\/\/www.region-fes-meknes.ma\/fr\/le-conseil-regional\/composition\/commissions-permanentes\/commission-de-la-femme-de-la-jeunesse-et-du-sport\/\",\"name\":\"Commission de la femme, de la jeunesse et du sport - R\u00e9gion F\u00e8s Mekn\u00e8s\",\"isPartOf\":{\"@id\":\"https:\/\/www.region-fes-meknes.ma\/#website\"},\"datePublished\":\"2017-11-05T13:52:38+00:00\",\"dateModified\":\"2018-01-11T16:39:07+00:00\",\"breadcrumb\":{\"@id\":\"https:\/\/www.region-fes-meknes.ma\/fr\/le-conseil-regional\/composition\/commissions-permanentes\/commission-de-la-femme-de-la-jeunesse-et-du-sport\/#breadcrumb\"},\"inLanguage\":\"fr-FR\",\"potentialAction\":[{\"@type\":\"ReadAction\",\"target\":[\"https:\/\/www.region-fes-meknes.ma\/fr\/le-conseil-regional\/composition\/commissions-permanentes\/commission-de-la-femme-de-la-jeunesse-et-du-sport\/\"]}]},{\"@type\":\"BreadcrumbList\",\"@id\":\"https:\/\/www.region-fes-meknes.ma\/fr\/le-conseil-regional\/composition\/commissions-permanentes\/commission-de-la-femme-de-la-jeunesse-et-du-sport\/#breadcrumb\",\"itemListElement\":[{\"@type\":\"ListItem\",\"position\":1,\"name\":\"Accueil\",\"item\":\"https:\/\/www.region-fes-meknes.ma\/fr\/\"},{\"@type\":\"ListItem\",\"position\":2,\"name\":\"Le Conseil R\u00e9gional\",\"item\":\"https:\/\/www.region-fes-meknes.ma\/fr\/le-conseil-regional\/\"},{\"@type\":\"ListItem\",\"position\":3,\"name\":\"Composition\",\"item\":\"https:\/\/www.region-fes-meknes.ma\/fr\/le-conseil-regional\/composition\/\"},{\"@type\":\"ListItem\",\"position\":4,\"name\":\"Commissions permanentes\",\"item\":\"https:\/\/www.region-fes-meknes.ma\/fr\/le-conseil-regional\/composition\/commissions-permanentes\/\"},{\"@type\":\"ListItem\",\"position\":5,\"name\":\"Commission de la femme, de la jeunesse et du sport\"}]},{\"@type\":\"WebSite\",\"@id\":\"https:\/\/www.region-fes-meknes.ma\/#website\",\"url\":\"https:\/\/www.region-fes-meknes.ma\/\",\"name\":\"Portail de la R\u00e9gion F\u00e8s-Mekn\u00e8s\",\"description\":\"Site officiel de la r\u00e9gion F\u00e8s-Mekn\u00e8s.\",\"publisher\":{\"@id\":\"https:\/\/www.region-fes-meknes.ma\/#organization\"},\"potentialAction\":[{\"@type\":\"SearchAction\",\"target\":{\"@type\":\"EntryPoint\",\"urlTemplate\":\"https:\/\/www.region-fes-meknes.ma\/?s={search_term_string}\"},\"query-input\":\"required name=search_term_string\"}],\"inLanguage\":\"fr-FR\"},{\"@type\":\"Organization\",\"@id\":\"https:\/\/www.region-fes-meknes.ma\/#organization\",\"name\":\"R\u00e9gion F\u00e8s M\u00e8kn\u00e8s\",\"url\":\"https:\/\/www.region-fes-meknes.ma\/\",\"sameAs\":[\"https:\/\/www.facebook.com\/R\u00e9gion-F\u00e8s-Mekn\u00e8s-1130195096990872\"],\"logo\":{\"@type\":\"ImageObject\",\"inLanguage\":\"fr-FR\",\"@id\":\"https:\/\/www.region-fes-meknes.ma\/#\/schema\/logo\/image\/\",\"url\":\"http:\/\/www.region-fes-meknes.ma\/wp-content\/uploads\/2017\/10\/logo-rfm4.png\",\"contentUrl\":\"http:\/\/www.region-fes-meknes.ma\/wp-content\/uploads\/2017\/10\/logo-rfm4.png\",\"width\":304,\"height\":291,\"caption\":\"R\u00e9gion F\u00e8s M\u00e8kn\u00e8s\"},\"image\":{\"@id\":\"https:\/\/www.region-fes-meknes.ma\/#\/schema\/logo\/image\/\"}}]}<\/script>\n<!-- \/ Yoast SEO plugin. -->","yoast_head_json":{"title":"Commission de la femme, de la jeunesse et du sport - R\u00e9gion F\u00e8s Mekn\u00e8s","robots":{"index":"index","follow":"follow","max-snippet":"max-snippet:-1","max-image-preview":"max-image-preview:large","max-video-preview":"max-video-preview:-1"},"canonical":"https:\/\/www.region-fes-meknes.ma\/fr\/le-conseil-regional\/composition\/commissions-permanentes\/commission-de-la-femme-de-la-jeunesse-et-du-sport\/","og_locale":"fr_FR","og_type":"article","og_title":"Commission de la femme, de la jeunesse et du sport - R\u00e9gion F\u00e8s Mekn\u00e8s","og_description":"La commission est charg\u00e9e de l&rsquo;\u00e9tude de toutes les questions li\u00e9es \u00e0 la femme, \u00e0 la jeunesse et au sport. Elle est compos\u00e9e de 9 membres.","og_url":"https:\/\/www.region-fes-meknes.ma\/fr\/le-conseil-regional\/composition\/commissions-permanentes\/commission-de-la-femme-de-la-jeunesse-et-du-sport\/","og_site_name":"R\u00e9gion F\u00e8s Mekn\u00e8s","article_publisher":"https:\/\/www.facebook.com\/R%c3%a9gion-F%c3%a8s-Mekn%c3%a8s-1130195096990872","article_modified_time":"2018-01-11T16:39:07+00:00","twitter_card":"summary_large_image","schema":{"@context":"https:\/\/schema.org","@graph":[{"@type":"WebPage","@id":"https:\/\/www.region-fes-meknes.ma\/fr\/le-conseil-regional\/composition\/commissions-permanentes\/commission-de-la-femme-de-la-jeunesse-et-du-sport\/","url":"https:\/\/www.region-fes-meknes.ma\/fr\/le-conseil-regional\/composition\/commissions-permanentes\/commission-de-la-femme-de-la-jeunesse-et-du-sport\/","name":"Commission de la femme, de la jeunesse et du sport - R\u00e9gion F\u00e8s Mekn\u00e8s","isPartOf":{"@id":"https:\/\/www.region-fes-meknes.ma\/#website"},"datePublished":"2017-11-05T13:52:38+00:00","dateModified":"2018-01-11T16:39:07+00:00","breadcrumb":{"@id":"https:\/\/www.region-fes-meknes.ma\/fr\/le-conseil-regional\/composition\/commissions-permanentes\/commission-de-la-femme-de-la-jeunesse-et-du-sport\/#breadcrumb"},"inLanguage":"fr-FR","potentialAction":[{"@type":"ReadAction","target":["https:\/\/www.region-fes-meknes.ma\/fr\/le-conseil-regional\/composition\/commissions-permanentes\/commission-de-la-femme-de-la-jeunesse-et-du-sport\/"]}]},{"@type":"BreadcrumbList","@id":"https:\/\/www.region-fes-meknes.ma\/fr\/le-conseil-regional\/composition\/commissions-permanentes\/commission-de-la-femme-de-la-jeunesse-et-du-sport\/#breadcrumb","itemListElement":[{"@type":"ListItem","position":1,"name":"Accueil","item":"https:\/\/www.region-fes-meknes.ma\/fr\/"},{"@type":"ListItem","position":2,"name":"Le Conseil R\u00e9gional","item":"https:\/\/www.region-fes-meknes.ma\/fr\/le-conseil-regional\/"},{"@type":"ListItem","position":3,"name":"Composition","item":"https:\/\/www.region-fes-meknes.ma\/fr\/le-conseil-regional\/composition\/"},{"@type":"ListItem","position":4,"name":"Commissions permanentes","item":"https:\/\/www.region-fes-meknes.ma\/fr\/le-conseil-regional\/composition\/commissions-permanentes\/"},{"@type":"ListItem","position":5,"name":"Commission de la femme, de la jeunesse et du sport"}]},{"@type":"WebSite","@id":"https:\/\/www.region-fes-meknes.ma\/#website","url":"https:\/\/www.region-fes-meknes.ma\/","name":"Portail de la R\u00e9gion F\u00e8s-Mekn\u00e8s","description":"Site officiel de la r\u00e9gion F\u00e8s-Mekn\u00e8s.","publisher":{"@id":"https:\/\/www.region-fes-meknes.ma\/#organization"},"potentialAction":[{"@type":"SearchAction","target":{"@type":"EntryPoint","urlTemplate":"https:\/\/www.region-fes-meknes.ma\/?s={search_term_string}"},"query-input":"required name=search_term_string"}],"inLanguage":"fr-FR"},{"@type":"Organization","@id":"https:\/\/www.region-fes-meknes.ma\/#organization","name":"R\u00e9gion F\u00e8s M\u00e8kn\u00e8s","url":"https:\/\/www.region-fes-meknes.ma\/","sameAs":["https:\/\/www.facebook.com\/R\u00e9gion-F\u00e8s-Mekn\u00e8s-1130195096990872"],"logo":{"@type":"ImageObject","inLanguage":"fr-FR","@id":"https:\/\/www.region-fes-meknes.ma\/#\/schema\/logo\/image\/","url":"http:\/\/www.region-fes-meknes.ma\/wp-content\/uploads\/2017\/10\/logo-rfm4.png","contentUrl":"http:\/\/www.region-fes-meknes.ma\/wp-content\/uploads\/2017\/10\/logo-rfm4.png","width":304,"height":291,"caption":"R\u00e9gion F\u00e8s M\u00e8kn\u00e8s"},"image":{"@id":"https:\/\/www.region-fes-meknes.ma\/#\/schema\/logo\/image\/"}}]}},"_links":{"self":[{"href":"https:\/\/www.region-fes-meknes.ma\/fr\/wp-json\/wp\/v2\/pages\/2321"}],"collection":[{"href":"https:\/\/www.region-fes-meknes.ma\/fr\/wp-json\/wp\/v2\/pages"}],"about":[{"href":"https:\/\/www.region-fes-meknes.ma\/fr\/wp-json\/wp\/v2\/types\/page"}],"author":[{"embeddable":true,"href":"https:\/\/www.region-fes-meknes.ma\/fr\/wp-json\/wp\/v2\/users\/1"}],"replies":[{"embeddable":true,"href":"https:\/\/www.region-fes-meknes.ma\/fr\/wp-json\/wp\/v2\/comments?post=2321"}],"version-history":[{"count":6,"href":"https:\/\/www.region-fes-meknes.ma\/fr\/wp-json\/wp\/v2\/pages\/2321\/revisions"}],"predecessor-version":[{"id":3709,"href":"https:\/\/www.region-fes-meknes.ma\/fr\/wp-json\/wp\/v2\/pages\/2321\/revisions\/3709"}],"up":[{"embeddable":true,"href":"https:\/\/www.region-fes-meknes.ma\/fr\/wp-json\/wp\/v2\/pages\/1445"}],"wp:attachment":[{"href":"https:\/\/www.region-fes-meknes.ma\/fr\/wp-json\/wp\/v2\/media?parent=2321"}],"curies":[{"name":"wp","href":"https:\/\/api.w.org\/{rel}","templated":true}]}}