{"id":2946,"date":"2017-11-28T15:28:50","date_gmt":"2017-11-28T14:28:50","guid":{"rendered":"http:\/\/www.region-fes-meknes.ma\/?page_id=2946"},"modified":"2017-11-28T16:44:12","modified_gmt":"2017-11-28T15:44:12","slug":"communiques-de-presse","status":"publish","type":"page","link":"https:\/\/www.region-fes-meknes.ma\/fr\/mediatheque\/espace-presse\/communiques-de-presse\/","title":{"rendered":"Communiqu\u00e9s de presse"},"content":{"rendered":"<h3>Communiqu\u00e9s de presse du Conseil R\u00e9gional de F\u00e8s-Mekn\u00e8s<\/h3>\n<div class=\"page-category\">\n<article id=\"post-9474\" class=\"list-article clearfix post-9474 post type-post status-publish format-standard has-post-thumbnail hentry category-actualites category-communiques-de-presse province-ifrane\">\n\n\t<div class=\"list-article-thumb\">\n\t\t<a href=\"https:\/\/www.region-fes-meknes.ma\/fr\/espace_presse\/communiques-de-presse\/2eme-edition-du-festival-akham-inchaden-les-3-et-4-novembre-2018\/\">\n\t\t\t<img width=\"226\" height=\"150\" src=\"https:\/\/www.region-fes-meknes.ma\/wp-content\/uploads\/2018\/10\/rfm-2eme-edition-akham-inchaden-00.jpg\" class=\"attachment-rfm22-blog-small size-rfm22-blog-small wp-post-image\" alt=\"rfm 2eme edition akham inchaden 00\" loading=\"lazy\" srcset=\"https:\/\/www.region-fes-meknes.ma\/wp-content\/uploads\/2018\/10\/rfm-2eme-edition-akham-inchaden-00.jpg 1090w, https:\/\/www.region-fes-meknes.ma\/wp-content\/uploads\/2018\/10\/rfm-2eme-edition-akham-inchaden-00-300x199.jpg 300w, https:\/\/www.region-fes-meknes.ma\/wp-content\/uploads\/2018\/10\/rfm-2eme-edition-akham-inchaden-00-768x509.jpg 768w, https:\/\/www.region-fes-meknes.ma\/wp-content\/uploads\/2018\/10\/rfm-2eme-edition-akham-inchaden-00-1024x678.jpg 1024w, https:\/\/www.region-fes-meknes.ma\/wp-content\/uploads\/2018\/10\/rfm-2eme-edition-akham-inchaden-00-100x66.jpg 100w\" sizes=\"(max-width: 226px) 100vw, 226px\" \/>\t\t<\/a>\n\t<\/div>\n\n\t<div class=\"list-article-content\">\n\t\t<div class=\"list-article-meta\">\n\t\t\t<a href=\"https:\/\/www.region-fes-meknes.ma\/fr\/category\/actualites\/\" rel=\"category tag\">Actualit\u00e9s<\/a> \/ <a href=\"https:\/\/www.region-fes-meknes.ma\/fr\/category\/espace_presse\/communiques-de-presse\/\" rel=\"category tag\">Communiqu\u00e9s de presse<\/a>\t\t<\/div>\n\t\t<header class=\"list-entry-header\">\n\t\t\t<h2 class=\"entry-title\"><a href=\"https:\/\/www.region-fes-meknes.ma\/fr\/espace_presse\/communiques-de-presse\/2eme-edition-du-festival-akham-inchaden-les-3-et-4-novembre-2018\/\" rel=\"bookmark\">2\u00e8me \u00e9dition du festival AKHAM INCHADEN, les 3 et 4 novembre 2018<\/a><\/h2><i class=\"fa fa-calendar\"><\/i> <strong>31\/10\/2018<\/strong>\t\t<\/header><!-- .entry-header -->\n\t\t<div class=\"entry-excerpt\">\n\t\t\t<p>Dans le cadre de l\u2019int\u00e9r\u00eat port\u00e9 aux diff\u00e9rentes composantes du patrimoine immat\u00e9riel incarnant les sp\u00e9cificit\u00e9s de l\u2019identit\u00e9 nationale marocaine, dont la po\u00e9sie amazighe en est l\u2019un de ses principaux affluents, &#8230;<\/p>\n\t\t\t<a class=\"read-more-link\" href=\"https:\/\/www.region-fes-meknes.ma\/fr\/espace_presse\/communiques-de-presse\/2eme-edition-du-festival-akham-inchaden-les-3-et-4-novembre-2018\/\"> Lire la suite<\/a>\n\t\t\t\t\t<\/div><!-- .entry-content -->\n\t<\/div>\n\n<\/article><!-- #post-## -->\n\n\n<article id=\"post-9445\" class=\"list-article clearfix post-9445 post type-post status-publish format-standard has-post-thumbnail hentry category-actualites category-communiques-de-presse category-cooperation\">\n\n\t<div class=\"list-article-thumb\">\n\t\t<a href=\"https:\/\/www.region-fes-meknes.ma\/fr\/cooperation\/visite-dune-delegation-chinoise-au-conseil-de-la-region-fes-meknes\/\">\n\t\t\t<img width=\"226\" height=\"150\" src=\"https:\/\/www.region-fes-meknes.ma\/wp-content\/uploads\/2018\/10\/rfm-visite-delegation-chinoise-181025-00.jpg\" class=\"attachment-rfm22-blog-small size-rfm22-blog-small wp-post-image\" alt=\"rfm visite delegation chinoise 181025 00\" loading=\"lazy\" srcset=\"https:\/\/www.region-fes-meknes.ma\/wp-content\/uploads\/2018\/10\/rfm-visite-delegation-chinoise-181025-00.jpg 1090w, https:\/\/www.region-fes-meknes.ma\/wp-content\/uploads\/2018\/10\/rfm-visite-delegation-chinoise-181025-00-300x199.jpg 300w, https:\/\/www.region-fes-meknes.ma\/wp-content\/uploads\/2018\/10\/rfm-visite-delegation-chinoise-181025-00-768x509.jpg 768w, https:\/\/www.region-fes-meknes.ma\/wp-content\/uploads\/2018\/10\/rfm-visite-delegation-chinoise-181025-00-1024x678.jpg 1024w, https:\/\/www.region-fes-meknes.ma\/wp-content\/uploads\/2018\/10\/rfm-visite-delegation-chinoise-181025-00-100x66.jpg 100w\" sizes=\"(max-width: 226px) 100vw, 226px\" \/>\t\t<\/a>\n\t<\/div>\n\n\t<div class=\"list-article-content\">\n\t\t<div class=\"list-article-meta\">\n\t\t\t<a href=\"https:\/\/www.region-fes-meknes.ma\/fr\/category\/actualites\/\" rel=\"category tag\">Actualit\u00e9s<\/a> \/ <a href=\"https:\/\/www.region-fes-meknes.ma\/fr\/category\/espace_presse\/communiques-de-presse\/\" rel=\"category tag\">Communiqu\u00e9s de presse<\/a> \/ <a href=\"https:\/\/www.region-fes-meknes.ma\/fr\/category\/cooperation\/\" rel=\"category tag\">Coop\u00e9ration<\/a>\t\t<\/div>\n\t\t<header class=\"list-entry-header\">\n\t\t\t<h2 class=\"entry-title\"><a href=\"https:\/\/www.region-fes-meknes.ma\/fr\/cooperation\/visite-dune-delegation-chinoise-au-conseil-de-la-region-fes-meknes\/\" rel=\"bookmark\">Visite d\u2019une d\u00e9l\u00e9gation chinoise au Conseil de la r\u00e9gion F\u00e8s Mekn\u00e8s<\/a><\/h2><i class=\"fa fa-calendar\"><\/i> <strong>25\/10\/2018<\/strong>\t\t<\/header><!-- .entry-header -->\n\t\t<div class=\"entry-excerpt\">\n\t\t\t<p>Le 1er vice-pr\u00e9sident du conseil r\u00e9gional F\u00e8s Mekn\u00e8s, Monsieur Driss Squalli Adaoui ainsi que Monsieur Lehsen El Aouani, 2\u00e8me vice-pr\u00e9sident ont accueilli le Jeudi 25 Octobre 2018 au si\u00e8ge du &#8230;<\/p>\n\t\t\t<a class=\"read-more-link\" href=\"https:\/\/www.region-fes-meknes.ma\/fr\/cooperation\/visite-dune-delegation-chinoise-au-conseil-de-la-region-fes-meknes\/\"> Lire la suite<\/a>\n\t\t\t\t\t<\/div><!-- .entry-content -->\n\t<\/div>\n\n<\/article><!-- #post-## -->\n\n\n<article id=\"post-9376\" class=\"list-article clearfix post-9376 reunion type-reunion status-publish has-post-thumbnail hentry category-actualites category-communiques-de-presse\">\n\n\t<div class=\"list-article-thumb\">\n\t\t<a href=\"https:\/\/www.region-fes-meknes.ma\/fr\/reunion\/reunion-du-comite-de-supervision-et-de-controle-de-lagence-regionale-dexecution-des-projets-au-siege-de-la-region-fes-meknes-le-jeudi-18-octobre-a-15h\/\">\n\t\t\t<img width=\"226\" height=\"150\" src=\"https:\/\/www.region-fes-meknes.ma\/wp-content\/uploads\/2018\/10\/reun-arep-181018-00.jpg\" class=\"attachment-rfm22-blog-small size-rfm22-blog-small wp-post-image\" alt=\"reun arep 181018 00\" loading=\"lazy\" srcset=\"https:\/\/www.region-fes-meknes.ma\/wp-content\/uploads\/2018\/10\/reun-arep-181018-00.jpg 1090w, https:\/\/www.region-fes-meknes.ma\/wp-content\/uploads\/2018\/10\/reun-arep-181018-00-300x199.jpg 300w, https:\/\/www.region-fes-meknes.ma\/wp-content\/uploads\/2018\/10\/reun-arep-181018-00-768x509.jpg 768w, https:\/\/www.region-fes-meknes.ma\/wp-content\/uploads\/2018\/10\/reun-arep-181018-00-1024x678.jpg 1024w, https:\/\/www.region-fes-meknes.ma\/wp-content\/uploads\/2018\/10\/reun-arep-181018-00-100x66.jpg 100w\" sizes=\"(max-width: 226px) 100vw, 226px\" \/>\t\t<\/a>\n\t<\/div>\n\n\t<div class=\"list-article-content\">\n\t\t<div class=\"list-article-meta\">\n\t\t\t<a href=\"https:\/\/www.region-fes-meknes.ma\/fr\/category\/actualites\/\" rel=\"category tag\">Actualit\u00e9s<\/a> \/ <a href=\"https:\/\/www.region-fes-meknes.ma\/fr\/category\/espace_presse\/communiques-de-presse\/\" rel=\"category tag\">Communiqu\u00e9s de presse<\/a>\t\t<\/div>\n\t\t<header class=\"list-entry-header\">\n\t\t\t<h2 class=\"entry-title\"><a href=\"https:\/\/www.region-fes-meknes.ma\/fr\/reunion\/reunion-du-comite-de-supervision-et-de-controle-de-lagence-regionale-dexecution-des-projets-au-siege-de-la-region-fes-meknes-le-jeudi-18-octobre-a-15h\/\" rel=\"bookmark\">R\u00e9union du comit\u00e9 de supervision et de contr\u00f4le de l&rsquo;agence r\u00e9gionale d&rsquo;ex\u00e9cution des projets au si\u00e8ge de la r\u00e9gion F\u00e8s-Mekn\u00e8s, le jeudi 18 octobre \u00e0 15h<\/a><\/h2><i class=\"fa fa-calendar\"><\/i> <strong>18\/10\/2018 15:00<\/strong>\t\t<\/header><!-- .entry-header -->\n\t\t<div class=\"entry-excerpt\">\n\t\t\t<p>Le comit\u00e9 de supervision et de contr\u00f4le de l\u2019Agence R\u00e9gionale d\u2019Ex\u00e9cution des Projets de la r\u00e9gion F\u00e8s-Mekn\u00e8s s\u2019est r\u00e9uni le 18 Octobre 2018. La r\u00e9union a \u00e9t\u00e9 l\u2019occasion de pr\u00e9senter &#8230;<\/p>\n\t\t\t<a class=\"read-more-link\" href=\"https:\/\/www.region-fes-meknes.ma\/fr\/reunion\/reunion-du-comite-de-supervision-et-de-controle-de-lagence-regionale-dexecution-des-projets-au-siege-de-la-region-fes-meknes-le-jeudi-18-octobre-a-15h\/\"> Lire la suite<\/a>\n\t\t\t\t\t<\/div><!-- .entry-content -->\n\t<\/div>\n\n<\/article><!-- #post-## -->\n\n\n<article id=\"post-8816\" class=\"list-article clearfix post-8816 reunion type-reunion status-publish hentry category-actualites category-communiques-de-presse\">\n\n\t<div class=\"list-article-thumb\">\n\t\t<a href=\"https:\/\/www.region-fes-meknes.ma\/fr\/reunion\/foire-de-lartisanat-de-bouadel-taounate-du-10-au-19-aout-2018\/\">\n\t\t\t<img alt=\"\" src=\"https:\/\/www.region-fes-meknes.ma\/wp-content\/themes\/rfm22\/assets\/images\/placholder2.jpg\">\t\t<\/a>\n\t<\/div>\n\n\t<div class=\"list-article-content\">\n\t\t<div class=\"list-article-meta\">\n\t\t\t<a href=\"https:\/\/www.region-fes-meknes.ma\/fr\/category\/actualites\/\" rel=\"category tag\">Actualit\u00e9s<\/a> \/ <a href=\"https:\/\/www.region-fes-meknes.ma\/fr\/category\/espace_presse\/communiques-de-presse\/\" rel=\"category tag\">Communiqu\u00e9s de presse<\/a>\t\t<\/div>\n\t\t<header class=\"list-entry-header\">\n\t\t\t<h2 class=\"entry-title\"><a href=\"https:\/\/www.region-fes-meknes.ma\/fr\/reunion\/foire-de-lartisanat-de-bouadel-taounate-du-10-au-19-aout-2018\/\" rel=\"bookmark\">Foire de l&rsquo;artisanat de Bouadel &#8211; Taounate du 10 au 19 ao\u00fbt 2018<\/a><\/h2><i class=\"fa fa-calendar\"><\/i> <strong>10\/08\/2018<\/strong>\t\t<\/header><!-- .entry-header -->\n\t\t<div class=\"entry-excerpt\">\n\t\t\t<p>Dans le cadre de la c\u00e9l\u00e9bration\u00a0du 19\u00e8me anniversaire de la glorieuse f\u00eate du tr\u00f4ne, la chambre de l&rsquo;artisanat de la r\u00e9gion F\u00e8s Mekn\u00e8s, en partenariat avec le conseil R\u00e9gional de &#8230;<\/p>\n\t\t\t<a class=\"read-more-link\" href=\"https:\/\/www.region-fes-meknes.ma\/fr\/reunion\/foire-de-lartisanat-de-bouadel-taounate-du-10-au-19-aout-2018\/\"> Lire la suite<\/a>\n\t\t\t\t\t<\/div><!-- .entry-content -->\n\t<\/div>\n\n<\/article><!-- #post-## -->\n\n\n<article id=\"post-5244\" class=\"list-article clearfix post-5244 post type-post status-publish format-standard has-post-thumbnail hentry category-communiques-de-presse\">\n\n\t<div class=\"list-article-thumb\">\n\t\t<a href=\"https:\/\/www.region-fes-meknes.ma\/fr\/espace_presse\/communiques-de-presse\/du-4-au-13-mai-2018-au-parc-expo-le-maroc-sinvite-a-la-foire-de-tours\/\">\n\t\t\t<img width=\"226\" height=\"150\" src=\"https:\/\/www.region-fes-meknes.ma\/wp-content\/uploads\/2018\/05\/communique-presse-foire-de-tours-180322-00.jpg\" class=\"attachment-rfm22-blog-small size-rfm22-blog-small wp-post-image\" alt=\"communique presse foire de tours 180322 00\" loading=\"lazy\" srcset=\"https:\/\/www.region-fes-meknes.ma\/wp-content\/uploads\/2018\/05\/communique-presse-foire-de-tours-180322-00.jpg 1090w, https:\/\/www.region-fes-meknes.ma\/wp-content\/uploads\/2018\/05\/communique-presse-foire-de-tours-180322-00-300x199.jpg 300w, https:\/\/www.region-fes-meknes.ma\/wp-content\/uploads\/2018\/05\/communique-presse-foire-de-tours-180322-00-768x509.jpg 768w, https:\/\/www.region-fes-meknes.ma\/wp-content\/uploads\/2018\/05\/communique-presse-foire-de-tours-180322-00-1024x678.jpg 1024w, https:\/\/www.region-fes-meknes.ma\/wp-content\/uploads\/2018\/05\/communique-presse-foire-de-tours-180322-00-100x66.jpg 100w\" sizes=\"(max-width: 226px) 100vw, 226px\" \/>\t\t<\/a>\n\t<\/div>\n\n\t<div class=\"list-article-content\">\n\t\t<div class=\"list-article-meta\">\n\t\t\t<a href=\"https:\/\/www.region-fes-meknes.ma\/fr\/category\/espace_presse\/communiques-de-presse\/\" rel=\"category tag\">Communiqu\u00e9s de presse<\/a>\t\t<\/div>\n\t\t<header class=\"list-entry-header\">\n\t\t\t<h2 class=\"entry-title\"><a href=\"https:\/\/www.region-fes-meknes.ma\/fr\/espace_presse\/communiques-de-presse\/du-4-au-13-mai-2018-au-parc-expo-le-maroc-sinvite-a-la-foire-de-tours\/\" rel=\"bookmark\">Du 4 au 13 mai 2018,\u00a0au parc EXPO,\u00a0le Maroc s\u2019invite \u00e0 la Foire\u00a0de Tours<\/a><\/h2><i class=\"fa fa-calendar\"><\/i> <strong>10\/05\/2018<\/strong>\t\t<\/header><!-- .entry-header -->\n\t\t<div class=\"entry-excerpt\">\n\t\t\t<p>La Foire de Tours 2018, 5\u00e8me de France en surface commercialis\u00e9e, invite les visiteurs au voyage et met \u00e0 l\u2019honneur le MAROC. Sans m\u00eame prendre l\u2019avion, le public se trouvera &#8230;<\/p>\n\t\t\t<a class=\"read-more-link\" href=\"https:\/\/www.region-fes-meknes.ma\/fr\/espace_presse\/communiques-de-presse\/du-4-au-13-mai-2018-au-parc-expo-le-maroc-sinvite-a-la-foire-de-tours\/\"> Lire la suite<\/a>\n\t\t\t\t\t<\/div><!-- .entry-content -->\n\t<\/div>\n\n<\/article><!-- #post-## -->\n\n\n<article id=\"post-5104\" class=\"list-article clearfix post-5104 post type-post status-publish format-standard has-post-thumbnail hentry category-actualites category-communiques-de-presse\">\n\n\t<div class=\"list-article-thumb\">\n\t\t<a href=\"https:\/\/www.region-fes-meknes.ma\/fr\/actualites\/communique-de-presse-siam-2018\/\">\n\t\t\t<img width=\"226\" height=\"150\" src=\"https:\/\/www.region-fes-meknes.ma\/wp-content\/uploads\/2018\/04\/rfm-siam-soiree-00.jpg\" class=\"attachment-rfm22-blog-small size-rfm22-blog-small wp-post-image\" alt=\"SIAM Soir\u00e9e\" loading=\"lazy\" srcset=\"https:\/\/www.region-fes-meknes.ma\/wp-content\/uploads\/2018\/04\/rfm-siam-soiree-00.jpg 1090w, https:\/\/www.region-fes-meknes.ma\/wp-content\/uploads\/2018\/04\/rfm-siam-soiree-00-300x199.jpg 300w, https:\/\/www.region-fes-meknes.ma\/wp-content\/uploads\/2018\/04\/rfm-siam-soiree-00-768x509.jpg 768w, https:\/\/www.region-fes-meknes.ma\/wp-content\/uploads\/2018\/04\/rfm-siam-soiree-00-1024x678.jpg 1024w, https:\/\/www.region-fes-meknes.ma\/wp-content\/uploads\/2018\/04\/rfm-siam-soiree-00-100x66.jpg 100w\" sizes=\"(max-width: 226px) 100vw, 226px\" \/>\t\t<\/a>\n\t<\/div>\n\n\t<div class=\"list-article-content\">\n\t\t<div class=\"list-article-meta\">\n\t\t\t<a href=\"https:\/\/www.region-fes-meknes.ma\/fr\/category\/actualites\/\" rel=\"category tag\">Actualit\u00e9s<\/a> \/ <a href=\"https:\/\/www.region-fes-meknes.ma\/fr\/category\/espace_presse\/communiques-de-presse\/\" rel=\"category tag\">Communiqu\u00e9s de presse<\/a>\t\t<\/div>\n\t\t<header class=\"list-entry-header\">\n\t\t\t<h2 class=\"entry-title\"><a href=\"https:\/\/www.region-fes-meknes.ma\/fr\/actualites\/communique-de-presse-siam-2018\/\" rel=\"bookmark\">Communiqu\u00e9 de presse SIAM 2018<\/a><\/h2><i class=\"fa fa-calendar\"><\/i> <strong>25\/04\/2018<\/strong>\t\t<\/header><!-- .entry-header -->\n\t\t<div class=\"entry-excerpt\">\n\t\t\t<p>Dans le cadre des activit\u00e9s programm\u00e9es \u00e0 la marge de la 13\u00e8me \u00e9dition du Salon International d\u2019Agriculture au Maroc, il a \u00e9t\u00e9 pr\u00e9vu l\u2019organisation des soir\u00e9es artistiques par le conseil &#8230;<\/p>\n\t\t\t<a class=\"read-more-link\" href=\"https:\/\/www.region-fes-meknes.ma\/fr\/actualites\/communique-de-presse-siam-2018\/\"> Lire la suite<\/a>\n\t\t\t\t\t<\/div><!-- .entry-content -->\n\t<\/div>\n\n<\/article><!-- #post-## -->\n\n<\/div>\n","protected":false},"excerpt":{"rendered":"<p>Communiqu\u00e9s de presse du Conseil R\u00e9gional de F\u00e8s-Mekn\u00e8s<\/p>\n","protected":false},"author":1,"featured_media":2955,"parent":1368,"menu_order":0,"comment_status":"closed","ping_status":"closed","template":"","meta":{"_bbp_topic_count":0,"_bbp_reply_count":0,"_bbp_total_topic_count":0,"_bbp_total_reply_count":0,"_bbp_voice_count":0,"_bbp_anonymous_reply_count":0,"_bbp_topic_count_hidden":0,"_bbp_reply_count_hidden":0,"_bbp_forum_subforum_count":0},"acf":[],"yoast_head":"<!-- This site is optimized with the Yoast SEO plugin v19.5.1 - https:\/\/yoast.com\/wordpress\/plugins\/seo\/ -->\n<title>Communiqu\u00e9s de presse - R\u00e9gion F\u00e8s Mekn\u00e8s<\/title>\n<meta name=\"robots\" content=\"index, follow, max-snippet:-1, max-image-preview:large, max-video-preview:-1\" \/>\n<link rel=\"canonical\" href=\"https:\/\/www.region-fes-meknes.ma\/fr\/mediatheque\/espace-presse\/communiques-de-presse\/\" \/>\n<meta property=\"og:locale\" content=\"fr_FR\" \/>\n<meta property=\"og:type\" content=\"article\" \/>\n<meta property=\"og:title\" content=\"Communiqu\u00e9s de presse - R\u00e9gion F\u00e8s Mekn\u00e8s\" \/>\n<meta property=\"og:description\" content=\"Communiqu\u00e9s de presse du Conseil R\u00e9gional de F\u00e8s-Mekn\u00e8s\" \/>\n<meta property=\"og:url\" content=\"https:\/\/www.region-fes-meknes.ma\/fr\/mediatheque\/espace-presse\/communiques-de-presse\/\" \/>\n<meta property=\"og:site_name\" content=\"R\u00e9gion F\u00e8s Mekn\u00e8s\" \/>\n<meta property=\"article:publisher\" content=\"https:\/\/www.facebook.com\/R%c3%a9gion-F%c3%a8s-Mekn%c3%a8s-1130195096990872\" \/>\n<meta property=\"article:modified_time\" content=\"2017-11-28T15:44:12+00:00\" \/>\n<meta property=\"og:image\" content=\"https:\/\/www.region-fes-meknes.ma\/wp-content\/uploads\/2017\/11\/communiques-de-presse.jpg\" \/>\n\t<meta property=\"og:image:width\" content=\"450\" \/>\n\t<meta property=\"og:image:height\" content=\"212\" \/>\n\t<meta property=\"og:image:type\" content=\"image\/jpeg\" \/>\n<meta name=\"twitter:card\" content=\"summary_large_image\" \/>\n<script type=\"application\/ld+json\" class=\"yoast-schema-graph\">{\"@context\":\"https:\/\/schema.org\",\"@graph\":[{\"@type\":\"WebPage\",\"@id\":\"https:\/\/www.region-fes-meknes.ma\/fr\/mediatheque\/espace-presse\/communiques-de-presse\/\",\"url\":\"https:\/\/www.region-fes-meknes.ma\/fr\/mediatheque\/espace-presse\/communiques-de-presse\/\",\"name\":\"Communiqu\u00e9s de presse - R\u00e9gion F\u00e8s Mekn\u00e8s\",\"isPartOf\":{\"@id\":\"https:\/\/www.region-fes-meknes.ma\/#website\"},\"datePublished\":\"2017-11-28T14:28:50+00:00\",\"dateModified\":\"2017-11-28T15:44:12+00:00\",\"breadcrumb\":{\"@id\":\"https:\/\/www.region-fes-meknes.ma\/fr\/mediatheque\/espace-presse\/communiques-de-presse\/#breadcrumb\"},\"inLanguage\":\"fr-FR\",\"potentialAction\":[{\"@type\":\"ReadAction\",\"target\":[\"https:\/\/www.region-fes-meknes.ma\/fr\/mediatheque\/espace-presse\/communiques-de-presse\/\"]}]},{\"@type\":\"BreadcrumbList\",\"@id\":\"https:\/\/www.region-fes-meknes.ma\/fr\/mediatheque\/espace-presse\/communiques-de-presse\/#breadcrumb\",\"itemListElement\":[{\"@type\":\"ListItem\",\"position\":1,\"name\":\"Accueil\",\"item\":\"https:\/\/www.region-fes-meknes.ma\/fr\/\"},{\"@type\":\"ListItem\",\"position\":2,\"name\":\"M\u00e9diath\u00e8que\",\"item\":\"https:\/\/www.region-fes-meknes.ma\/fr\/mediatheque\/\"},{\"@type\":\"ListItem\",\"position\":3,\"name\":\"Espace Presse\",\"item\":\"https:\/\/www.region-fes-meknes.ma\/fr\/mediatheque\/espace-presse\/\"},{\"@type\":\"ListItem\",\"position\":4,\"name\":\"Communiqu\u00e9s de presse\"}]},{\"@type\":\"WebSite\",\"@id\":\"https:\/\/www.region-fes-meknes.ma\/#website\",\"url\":\"https:\/\/www.region-fes-meknes.ma\/\",\"name\":\"Portail de la R\u00e9gion F\u00e8s-Mekn\u00e8s\",\"description\":\"Site officiel de la r\u00e9gion F\u00e8s-Mekn\u00e8s.\",\"publisher\":{\"@id\":\"https:\/\/www.region-fes-meknes.ma\/#organization\"},\"potentialAction\":[{\"@type\":\"SearchAction\",\"target\":{\"@type\":\"EntryPoint\",\"urlTemplate\":\"https:\/\/www.region-fes-meknes.ma\/?s={search_term_string}\"},\"query-input\":\"required name=search_term_string\"}],\"inLanguage\":\"fr-FR\"},{\"@type\":\"Organization\",\"@id\":\"https:\/\/www.region-fes-meknes.ma\/#organization\",\"name\":\"R\u00e9gion F\u00e8s M\u00e8kn\u00e8s\",\"url\":\"https:\/\/www.region-fes-meknes.ma\/\",\"sameAs\":[\"https:\/\/www.facebook.com\/R\u00e9gion-F\u00e8s-Mekn\u00e8s-1130195096990872\"],\"logo\":{\"@type\":\"ImageObject\",\"inLanguage\":\"fr-FR\",\"@id\":\"https:\/\/www.region-fes-meknes.ma\/#\/schema\/logo\/image\/\",\"url\":\"http:\/\/www.region-fes-meknes.ma\/wp-content\/uploads\/2017\/10\/logo-rfm4.png\",\"contentUrl\":\"http:\/\/www.region-fes-meknes.ma\/wp-content\/uploads\/2017\/10\/logo-rfm4.png\",\"width\":304,\"height\":291,\"caption\":\"R\u00e9gion F\u00e8s M\u00e8kn\u00e8s\"},\"image\":{\"@id\":\"https:\/\/www.region-fes-meknes.ma\/#\/schema\/logo\/image\/\"}}]}<\/script>\n<!-- \/ Yoast SEO plugin. -->","yoast_head_json":{"title":"Communiqu\u00e9s de presse - R\u00e9gion F\u00e8s Mekn\u00e8s","robots":{"index":"index","follow":"follow","max-snippet":"max-snippet:-1","max-image-preview":"max-image-preview:large","max-video-preview":"max-video-preview:-1"},"canonical":"https:\/\/www.region-fes-meknes.ma\/fr\/mediatheque\/espace-presse\/communiques-de-presse\/","og_locale":"fr_FR","og_type":"article","og_title":"Communiqu\u00e9s de presse - R\u00e9gion F\u00e8s Mekn\u00e8s","og_description":"Communiqu\u00e9s de presse du Conseil R\u00e9gional de F\u00e8s-Mekn\u00e8s","og_url":"https:\/\/www.region-fes-meknes.ma\/fr\/mediatheque\/espace-presse\/communiques-de-presse\/","og_site_name":"R\u00e9gion F\u00e8s Mekn\u00e8s","article_publisher":"https:\/\/www.facebook.com\/R%c3%a9gion-F%c3%a8s-Mekn%c3%a8s-1130195096990872","article_modified_time":"2017-11-28T15:44:12+00:00","og_image":[{"width":450,"height":212,"url":"https:\/\/www.region-fes-meknes.ma\/wp-content\/uploads\/2017\/11\/communiques-de-presse.jpg","type":"image\/jpeg"}],"twitter_card":"summary_large_image","schema":{"@context":"https:\/\/schema.org","@graph":[{"@type":"WebPage","@id":"https:\/\/www.region-fes-meknes.ma\/fr\/mediatheque\/espace-presse\/communiques-de-presse\/","url":"https:\/\/www.region-fes-meknes.ma\/fr\/mediatheque\/espace-presse\/communiques-de-presse\/","name":"Communiqu\u00e9s de presse - R\u00e9gion F\u00e8s Mekn\u00e8s","isPartOf":{"@id":"https:\/\/www.region-fes-meknes.ma\/#website"},"datePublished":"2017-11-28T14:28:50+00:00","dateModified":"2017-11-28T15:44:12+00:00","breadcrumb":{"@id":"https:\/\/www.region-fes-meknes.ma\/fr\/mediatheque\/espace-presse\/communiques-de-presse\/#breadcrumb"},"inLanguage":"fr-FR","potentialAction":[{"@type":"ReadAction","target":["https:\/\/www.region-fes-meknes.ma\/fr\/mediatheque\/espace-presse\/communiques-de-presse\/"]}]},{"@type":"BreadcrumbList","@id":"https:\/\/www.region-fes-meknes.ma\/fr\/mediatheque\/espace-presse\/communiques-de-presse\/#breadcrumb","itemListElement":[{"@type":"ListItem","position":1,"name":"Accueil","item":"https:\/\/www.region-fes-meknes.ma\/fr\/"},{"@type":"ListItem","position":2,"name":"M\u00e9diath\u00e8que","item":"https:\/\/www.region-fes-meknes.ma\/fr\/mediatheque\/"},{"@type":"ListItem","position":3,"name":"Espace Presse","item":"https:\/\/www.region-fes-meknes.ma\/fr\/mediatheque\/espace-presse\/"},{"@type":"ListItem","position":4,"name":"Communiqu\u00e9s de presse"}]},{"@type":"WebSite","@id":"https:\/\/www.region-fes-meknes.ma\/#website","url":"https:\/\/www.region-fes-meknes.ma\/","name":"Portail de la R\u00e9gion F\u00e8s-Mekn\u00e8s","description":"Site officiel de la r\u00e9gion F\u00e8s-Mekn\u00e8s.","publisher":{"@id":"https:\/\/www.region-fes-meknes.ma\/#organization"},"potentialAction":[{"@type":"SearchAction","target":{"@type":"EntryPoint","urlTemplate":"https:\/\/www.region-fes-meknes.ma\/?s={search_term_string}"},"query-input":"required name=search_term_string"}],"inLanguage":"fr-FR"},{"@type":"Organization","@id":"https:\/\/www.region-fes-meknes.ma\/#organization","name":"R\u00e9gion F\u00e8s M\u00e8kn\u00e8s","url":"https:\/\/www.region-fes-meknes.ma\/","sameAs":["https:\/\/www.facebook.com\/R\u00e9gion-F\u00e8s-Mekn\u00e8s-1130195096990872"],"logo":{"@type":"ImageObject","inLanguage":"fr-FR","@id":"https:\/\/www.region-fes-meknes.ma\/#\/schema\/logo\/image\/","url":"http:\/\/www.region-fes-meknes.ma\/wp-content\/uploads\/2017\/10\/logo-rfm4.png","contentUrl":"http:\/\/www.region-fes-meknes.ma\/wp-content\/uploads\/2017\/10\/logo-rfm4.png","width":304,"height":291,"caption":"R\u00e9gion F\u00e8s M\u00e8kn\u00e8s"},"image":{"@id":"https:\/\/www.region-fes-meknes.ma\/#\/schema\/logo\/image\/"}}]}},"_links":{"self":[{"href":"https:\/\/www.region-fes-meknes.ma\/fr\/wp-json\/wp\/v2\/pages\/2946"}],"collection":[{"href":"https:\/\/www.region-fes-meknes.ma\/fr\/wp-json\/wp\/v2\/pages"}],"about":[{"href":"https:\/\/www.region-fes-meknes.ma\/fr\/wp-json\/wp\/v2\/types\/page"}],"author":[{"embeddable":true,"href":"https:\/\/www.region-fes-meknes.ma\/fr\/wp-json\/wp\/v2\/users\/1"}],"replies":[{"embeddable":true,"href":"https:\/\/www.region-fes-meknes.ma\/fr\/wp-json\/wp\/v2\/comments?post=2946"}],"version-history":[{"count":3,"href":"https:\/\/www.region-fes-meknes.ma\/fr\/wp-json\/wp\/v2\/pages\/2946\/revisions"}],"predecessor-version":[{"id":2990,"href":"https:\/\/www.region-fes-meknes.ma\/fr\/wp-json\/wp\/v2\/pages\/2946\/revisions\/2990"}],"up":[{"embeddable":true,"href":"https:\/\/www.region-fes-meknes.ma\/fr\/wp-json\/wp\/v2\/pages\/1368"}],"wp:featuredmedia":[{"embeddable":true,"href":"https:\/\/www.region-fes-meknes.ma\/fr\/wp-json\/wp\/v2\/media\/2955"}],"wp:attachment":[{"href":"https:\/\/www.region-fes-meknes.ma\/fr\/wp-json\/wp\/v2\/media?parent=2946"}],"curies":[{"name":"wp","href":"https:\/\/api.w.org\/{rel}","templated":true}]}}