{"id":2950,"date":"2017-11-28T15:32:29","date_gmt":"2017-11-28T14:32:29","guid":{"rendered":"http:\/\/www.region-fes-meknes.ma\/?page_id=2950"},"modified":"2017-11-28T16:46:42","modified_gmt":"2017-11-28T15:46:42","slug":"presse-audio-visuelle","status":"publish","type":"page","link":"https:\/\/www.region-fes-meknes.ma\/fr\/mediatheque\/espace-presse\/presse-audio-visuelle\/","title":{"rendered":"Presse audio-visuelle"},"content":{"rendered":"<h3>La R\u00e9gion F\u00e8s-Mekn\u00e8s dans la presse audio-visuelle (Radios, t\u00e9l\u00e9visions&#8230;)<\/h3>\n\n<section class=\"no-results not-found\">\n\t\n\t<h2>Nothing Found<\/h2>\n\t<div class=\"page-content\">\n\t\t\n\t\t\t<p>It seems we can&rsquo;t find what you&rsquo;re looking for. Perhaps searching can help.<\/p>\n\t\t\t\n<form role=\"search\" method=\"get\" id=\"search-form\" action=\"https:\/\/www.region-fes-meknes.ma\/fr\/\">\n    <label for=\"search\">Search in https:\/\/www.region-fes-meknes.ma\/fr\/<\/label>\n    <input class=\"input-field\" type=\"text\" name=\"s\" id=\"search\" value=\"\" placeholder=\"Rechercher\u2026\"\/>\n    <button type=\"submit\" id=\"searchsubmit\">\n        <i class=\"fa fa-search icon\"> <\/i>\n    <\/button>\n<\/form>\n\n\t\t\t<\/div><!-- .page-content -->\n<\/section><!-- .no-results -->\n\n","protected":false},"excerpt":{"rendered":"<p>La R\u00e9gion F\u00e8s-Mekn\u00e8s dans la presse audio-visuelle (Radios, t\u00e9l\u00e9visions&#8230;)<\/p>\n","protected":false},"author":1,"featured_media":2956,"parent":1368,"menu_order":1,"comment_status":"closed","ping_status":"closed","template":"","meta":{"_bbp_topic_count":0,"_bbp_reply_count":0,"_bbp_total_topic_count":0,"_bbp_total_reply_count":0,"_bbp_voice_count":0,"_bbp_anonymous_reply_count":0,"_bbp_topic_count_hidden":0,"_bbp_reply_count_hidden":0,"_bbp_forum_subforum_count":0},"acf":[],"yoast_head":"<!-- This site is optimized with the Yoast SEO plugin v19.5.1 - https:\/\/yoast.com\/wordpress\/plugins\/seo\/ -->\n<title>Presse audio-visuelle - R\u00e9gion F\u00e8s Mekn\u00e8s<\/title>\n<meta name=\"robots\" content=\"index, follow, max-snippet:-1, max-image-preview:large, max-video-preview:-1\" \/>\n<link rel=\"canonical\" href=\"https:\/\/www.region-fes-meknes.ma\/fr\/mediatheque\/espace-presse\/presse-audio-visuelle\/\" \/>\n<meta property=\"og:locale\" content=\"fr_FR\" \/>\n<meta property=\"og:type\" content=\"article\" \/>\n<meta property=\"og:title\" content=\"Presse audio-visuelle - R\u00e9gion F\u00e8s Mekn\u00e8s\" \/>\n<meta property=\"og:description\" content=\"La R\u00e9gion F\u00e8s-Mekn\u00e8s dans la presse audio-visuelle (Radios, t\u00e9l\u00e9visions&#8230;)\" \/>\n<meta property=\"og:url\" content=\"https:\/\/www.region-fes-meknes.ma\/fr\/mediatheque\/espace-presse\/presse-audio-visuelle\/\" \/>\n<meta property=\"og:site_name\" content=\"R\u00e9gion F\u00e8s Mekn\u00e8s\" \/>\n<meta property=\"article:publisher\" content=\"https:\/\/www.facebook.com\/R%c3%a9gion-F%c3%a8s-Mekn%c3%a8s-1130195096990872\" \/>\n<meta property=\"article:modified_time\" content=\"2017-11-28T15:46:42+00:00\" \/>\n<meta property=\"og:image\" content=\"https:\/\/www.region-fes-meknes.ma\/wp-content\/uploads\/2017\/11\/presse_audiovisuelle.jpg\" \/>\n\t<meta property=\"og:image:width\" content=\"680\" \/>\n\t<meta property=\"og:image:height\" content=\"330\" \/>\n\t<meta property=\"og:image:type\" content=\"image\/jpeg\" \/>\n<meta name=\"twitter:card\" content=\"summary_large_image\" \/>\n<script type=\"application\/ld+json\" class=\"yoast-schema-graph\">{\"@context\":\"https:\/\/schema.org\",\"@graph\":[{\"@type\":\"WebPage\",\"@id\":\"https:\/\/www.region-fes-meknes.ma\/fr\/mediatheque\/espace-presse\/presse-audio-visuelle\/\",\"url\":\"https:\/\/www.region-fes-meknes.ma\/fr\/mediatheque\/espace-presse\/presse-audio-visuelle\/\",\"name\":\"Presse audio-visuelle - R\u00e9gion F\u00e8s Mekn\u00e8s\",\"isPartOf\":{\"@id\":\"https:\/\/www.region-fes-meknes.ma\/#website\"},\"datePublished\":\"2017-11-28T14:32:29+00:00\",\"dateModified\":\"2017-11-28T15:46:42+00:00\",\"breadcrumb\":{\"@id\":\"https:\/\/www.region-fes-meknes.ma\/fr\/mediatheque\/espace-presse\/presse-audio-visuelle\/#breadcrumb\"},\"inLanguage\":\"fr-FR\",\"potentialAction\":[{\"@type\":\"ReadAction\",\"target\":[\"https:\/\/www.region-fes-meknes.ma\/fr\/mediatheque\/espace-presse\/presse-audio-visuelle\/\"]}]},{\"@type\":\"BreadcrumbList\",\"@id\":\"https:\/\/www.region-fes-meknes.ma\/fr\/mediatheque\/espace-presse\/presse-audio-visuelle\/#breadcrumb\",\"itemListElement\":[{\"@type\":\"ListItem\",\"position\":1,\"name\":\"Accueil\",\"item\":\"https:\/\/www.region-fes-meknes.ma\/fr\/\"},{\"@type\":\"ListItem\",\"position\":2,\"name\":\"M\u00e9diath\u00e8que\",\"item\":\"https:\/\/www.region-fes-meknes.ma\/fr\/mediatheque\/\"},{\"@type\":\"ListItem\",\"position\":3,\"name\":\"Espace Presse\",\"item\":\"https:\/\/www.region-fes-meknes.ma\/fr\/mediatheque\/espace-presse\/\"},{\"@type\":\"ListItem\",\"position\":4,\"name\":\"Presse audio-visuelle\"}]},{\"@type\":\"WebSite\",\"@id\":\"https:\/\/www.region-fes-meknes.ma\/#website\",\"url\":\"https:\/\/www.region-fes-meknes.ma\/\",\"name\":\"Portail de la R\u00e9gion F\u00e8s-Mekn\u00e8s\",\"description\":\"Site officiel de la r\u00e9gion F\u00e8s-Mekn\u00e8s.\",\"publisher\":{\"@id\":\"https:\/\/www.region-fes-meknes.ma\/#organization\"},\"potentialAction\":[{\"@type\":\"SearchAction\",\"target\":{\"@type\":\"EntryPoint\",\"urlTemplate\":\"https:\/\/www.region-fes-meknes.ma\/?s={search_term_string}\"},\"query-input\":\"required name=search_term_string\"}],\"inLanguage\":\"fr-FR\"},{\"@type\":\"Organization\",\"@id\":\"https:\/\/www.region-fes-meknes.ma\/#organization\",\"name\":\"R\u00e9gion F\u00e8s M\u00e8kn\u00e8s\",\"url\":\"https:\/\/www.region-fes-meknes.ma\/\",\"sameAs\":[\"https:\/\/www.facebook.com\/R\u00e9gion-F\u00e8s-Mekn\u00e8s-1130195096990872\"],\"logo\":{\"@type\":\"ImageObject\",\"inLanguage\":\"fr-FR\",\"@id\":\"https:\/\/www.region-fes-meknes.ma\/#\/schema\/logo\/image\/\",\"url\":\"http:\/\/www.region-fes-meknes.ma\/wp-content\/uploads\/2017\/10\/logo-rfm4.png\",\"contentUrl\":\"http:\/\/www.region-fes-meknes.ma\/wp-content\/uploads\/2017\/10\/logo-rfm4.png\",\"width\":304,\"height\":291,\"caption\":\"R\u00e9gion F\u00e8s M\u00e8kn\u00e8s\"},\"image\":{\"@id\":\"https:\/\/www.region-fes-meknes.ma\/#\/schema\/logo\/image\/\"}}]}<\/script>\n<!-- \/ Yoast SEO plugin. -->","yoast_head_json":{"title":"Presse audio-visuelle - R\u00e9gion F\u00e8s Mekn\u00e8s","robots":{"index":"index","follow":"follow","max-snippet":"max-snippet:-1","max-image-preview":"max-image-preview:large","max-video-preview":"max-video-preview:-1"},"canonical":"https:\/\/www.region-fes-meknes.ma\/fr\/mediatheque\/espace-presse\/presse-audio-visuelle\/","og_locale":"fr_FR","og_type":"article","og_title":"Presse audio-visuelle - R\u00e9gion F\u00e8s Mekn\u00e8s","og_description":"La R\u00e9gion F\u00e8s-Mekn\u00e8s dans la presse audio-visuelle (Radios, t\u00e9l\u00e9visions&#8230;)","og_url":"https:\/\/www.region-fes-meknes.ma\/fr\/mediatheque\/espace-presse\/presse-audio-visuelle\/","og_site_name":"R\u00e9gion F\u00e8s Mekn\u00e8s","article_publisher":"https:\/\/www.facebook.com\/R%c3%a9gion-F%c3%a8s-Mekn%c3%a8s-1130195096990872","article_modified_time":"2017-11-28T15:46:42+00:00","og_image":[{"width":680,"height":330,"url":"https:\/\/www.region-fes-meknes.ma\/wp-content\/uploads\/2017\/11\/presse_audiovisuelle.jpg","type":"image\/jpeg"}],"twitter_card":"summary_large_image","schema":{"@context":"https:\/\/schema.org","@graph":[{"@type":"WebPage","@id":"https:\/\/www.region-fes-meknes.ma\/fr\/mediatheque\/espace-presse\/presse-audio-visuelle\/","url":"https:\/\/www.region-fes-meknes.ma\/fr\/mediatheque\/espace-presse\/presse-audio-visuelle\/","name":"Presse audio-visuelle - R\u00e9gion F\u00e8s Mekn\u00e8s","isPartOf":{"@id":"https:\/\/www.region-fes-meknes.ma\/#website"},"datePublished":"2017-11-28T14:32:29+00:00","dateModified":"2017-11-28T15:46:42+00:00","breadcrumb":{"@id":"https:\/\/www.region-fes-meknes.ma\/fr\/mediatheque\/espace-presse\/presse-audio-visuelle\/#breadcrumb"},"inLanguage":"fr-FR","potentialAction":[{"@type":"ReadAction","target":["https:\/\/www.region-fes-meknes.ma\/fr\/mediatheque\/espace-presse\/presse-audio-visuelle\/"]}]},{"@type":"BreadcrumbList","@id":"https:\/\/www.region-fes-meknes.ma\/fr\/mediatheque\/espace-presse\/presse-audio-visuelle\/#breadcrumb","itemListElement":[{"@type":"ListItem","position":1,"name":"Accueil","item":"https:\/\/www.region-fes-meknes.ma\/fr\/"},{"@type":"ListItem","position":2,"name":"M\u00e9diath\u00e8que","item":"https:\/\/www.region-fes-meknes.ma\/fr\/mediatheque\/"},{"@type":"ListItem","position":3,"name":"Espace Presse","item":"https:\/\/www.region-fes-meknes.ma\/fr\/mediatheque\/espace-presse\/"},{"@type":"ListItem","position":4,"name":"Presse audio-visuelle"}]},{"@type":"WebSite","@id":"https:\/\/www.region-fes-meknes.ma\/#website","url":"https:\/\/www.region-fes-meknes.ma\/","name":"Portail de la R\u00e9gion F\u00e8s-Mekn\u00e8s","description":"Site officiel de la r\u00e9gion F\u00e8s-Mekn\u00e8s.","publisher":{"@id":"https:\/\/www.region-fes-meknes.ma\/#organization"},"potentialAction":[{"@type":"SearchAction","target":{"@type":"EntryPoint","urlTemplate":"https:\/\/www.region-fes-meknes.ma\/?s={search_term_string}"},"query-input":"required name=search_term_string"}],"inLanguage":"fr-FR"},{"@type":"Organization","@id":"https:\/\/www.region-fes-meknes.ma\/#organization","name":"R\u00e9gion F\u00e8s M\u00e8kn\u00e8s","url":"https:\/\/www.region-fes-meknes.ma\/","sameAs":["https:\/\/www.facebook.com\/R\u00e9gion-F\u00e8s-Mekn\u00e8s-1130195096990872"],"logo":{"@type":"ImageObject","inLanguage":"fr-FR","@id":"https:\/\/www.region-fes-meknes.ma\/#\/schema\/logo\/image\/","url":"http:\/\/www.region-fes-meknes.ma\/wp-content\/uploads\/2017\/10\/logo-rfm4.png","contentUrl":"http:\/\/www.region-fes-meknes.ma\/wp-content\/uploads\/2017\/10\/logo-rfm4.png","width":304,"height":291,"caption":"R\u00e9gion F\u00e8s M\u00e8kn\u00e8s"},"image":{"@id":"https:\/\/www.region-fes-meknes.ma\/#\/schema\/logo\/image\/"}}]}},"_links":{"self":[{"href":"https:\/\/www.region-fes-meknes.ma\/fr\/wp-json\/wp\/v2\/pages\/2950"}],"collection":[{"href":"https:\/\/www.region-fes-meknes.ma\/fr\/wp-json\/wp\/v2\/pages"}],"about":[{"href":"https:\/\/www.region-fes-meknes.ma\/fr\/wp-json\/wp\/v2\/types\/page"}],"author":[{"embeddable":true,"href":"https:\/\/www.region-fes-meknes.ma\/fr\/wp-json\/wp\/v2\/users\/1"}],"replies":[{"embeddable":true,"href":"https:\/\/www.region-fes-meknes.ma\/fr\/wp-json\/wp\/v2\/comments?post=2950"}],"version-history":[{"count":3,"href":"https:\/\/www.region-fes-meknes.ma\/fr\/wp-json\/wp\/v2\/pages\/2950\/revisions"}],"predecessor-version":[{"id":2991,"href":"https:\/\/www.region-fes-meknes.ma\/fr\/wp-json\/wp\/v2\/pages\/2950\/revisions\/2991"}],"up":[{"embeddable":true,"href":"https:\/\/www.region-fes-meknes.ma\/fr\/wp-json\/wp\/v2\/pages\/1368"}],"wp:featuredmedia":[{"embeddable":true,"href":"https:\/\/www.region-fes-meknes.ma\/fr\/wp-json\/wp\/v2\/media\/2956"}],"wp:attachment":[{"href":"https:\/\/www.region-fes-meknes.ma\/fr\/wp-json\/wp\/v2\/media?parent=2950"}],"curies":[{"name":"wp","href":"https:\/\/api.w.org\/{rel}","templated":true}]}}