{"id":3140,"date":"2017-12-10T17:32:13","date_gmt":"2017-12-10T16:32:13","guid":{"rendered":"http:\/\/www.region-fes-meknes.ma\/?page_id=3140"},"modified":"2020-06-23T17:21:23","modified_gmt":"2020-06-23T16:21:23","slug":"schema-directeur-regional-de-la-formation-continue","status":"publish","type":"page","link":"https:\/\/www.region-fes-meknes.ma\/fr\/administration-regionale\/etudes\/schema-directeur-regional-de-la-formation-continue\/","title":{"rendered":"Sch\u00e9ma Directeur R\u00e9gional de la Formation Continue"},"content":{"rendered":"<p>En application des dispositions de la loi organique n\u00b0 111.14, notamment son article 56, qui accorde aux conseillers le droit de b\u00e9n\u00e9ficier d\u2019une formation continue dans les domaines en relation avec les comp\u00e9tences qui sont d\u00e9volues \u00e0 la r\u00e9gion\u00a0;<\/p>\n<p>Et conform\u00e9ment aux dispositions de l&rsquo;article 82 de la m\u00eame loi, qui stipule que la supervision de la formation continue des membres des conseils et du personnel des collectivit\u00e9s territoriales est une des comp\u00e9tences propres \u00e0 la R\u00e9gion\u00a0;<\/p>\n<p>Et\u00a0en application des articles du d\u00e9cret n\u00b0 2.16.297 (publi\u00e9 le 29 Juin, 2016), en particulier l&rsquo;article 2 en vertu duquel, la R\u00e9gion \u00e9labore, au cours de la premi\u00e8re ann\u00e9e du mandat du Conseil, le sch\u00e9ma directeur r\u00e9gional de la formation continue qui est : \u00ab\u00a0Un document r\u00e9gional qui fixe, \u00e0 partir d&rsquo;un diagnostic pr\u00e9alable des qualifications des membres des conseils des collectivit\u00e9s territoriales, des missions de gestion qui leur sont confi\u00e9es et des comp\u00e9tences d\u00e9volues aux collectivit\u00e9s territoriales, les axes et les priorit\u00e9s de la formation, sa dur\u00e9e et l&rsquo;enveloppe budg\u00e9taire qui doit lui \u00eatre affect\u00e9e\u00a0\u00bb (article III du d\u00e9cret n\u00b0 2.16.297)<\/p>\n<p>Et en application de l&rsquo;article 4 du m\u00eame d\u00e9cret, qui stipule la cr\u00e9ation d\u2019une commission r\u00e9gionale de la formation continue sous la direction du Pr\u00e9sident du Conseil, il a \u00e9t\u00e9 cr\u00e9\u00e9 cette commission \u00e0 la r\u00e9gion de F\u00e8s &#8211; Mekn\u00e8s le 02 mai 2017, et lors de sa premi\u00e8re r\u00e9union le 14 Septembre 2017, elle a confi\u00e9 la mission d\u2019\u00e9laboration du sch\u00e9ma directeur r\u00e9gional de la formation continue aux universit\u00e9s, dans le cadre du protocole de coop\u00e9ration entre les deux parties, et elle a approuv\u00e9 les termes de r\u00e9f\u00e9rence propres \u00e0 la r\u00e9alisation de ce projet.<\/p>\n<p>Se basant sur l\u2019annexe de la convention-cadre de coop\u00e9ration avec les universit\u00e9, la mission d\u2019\u00e9laboration du sch\u00e9ma directeur r\u00e9gional de la formation continue de la r\u00e9gion de F\u00e8s-Mekn\u00e8s pour la p\u00e9riode 2017-2021, consiste en toutes les op\u00e9rations n\u00e9cessaires \u00e0 sa r\u00e9alisation conform\u00e9ment aux termes de r\u00e9f\u00e9rence arr\u00eat\u00e9s, sur une dur\u00e9e de 75 jours pour un budget de 700.000 dirhams \u00e0 virer sur le compte de l\u2019universit\u00e9 charg\u00e9e de la coordination.<\/p>\n<table>\n<tbody>\n<tr>\n<td>\n<p style=\"text-align: center;\"><strong>Phases<\/strong><\/p>\n<\/td>\n<td>\n<p style=\"text-align: center;\"><strong>D\u00e9lais<\/strong><br \/>\n<strong>(Jours \/Experts)<\/strong><\/p>\n<\/td>\n<\/tr>\n<tr>\n<td><strong>Phase 1<\/strong>\u00a0: L\u2019\u00e9laboration d\u2019une note m\u00e9thodologique<\/td>\n<td>\n<p style=\"text-align: center;\"><strong>15<\/strong><\/p>\n<\/td>\n<\/tr>\n<tr>\n<td><strong>Phase 2<\/strong>\u00a0: L\u2019\u00e9laboration d\u2019un diagnostic de l\u2019existant<\/td>\n<td>\n<p style=\"text-align: center;\"><strong>30<\/strong><\/p>\n<\/td>\n<\/tr>\n<tr>\n<td><strong>Phase 3<\/strong> : L\u2019\u00e9laboration d\u2019une strat\u00e9gie de formation continue et des programmes annuels de formation continue<\/td>\n<td>\n<p style=\"text-align: center;\"><strong>30<\/strong><\/p>\n<\/td>\n<\/tr>\n<tr>\n<td>\n<p style=\"text-align: center;\"><strong>Total<\/strong><\/p>\n<\/td>\n<td>\n<p style=\"text-align: center;\"><strong>75<\/strong><\/p>\n<\/td>\n<\/tr>\n<\/tbody>\n<\/table>\n<p>Les termes de r\u00e9f\u00e9rence pour l\u2019\u00e9laboration du sch\u00e9ma directeur r\u00e9gional stipules la cr\u00e9ation d\u2019un comit\u00e9 de pilotage charg\u00e9 de valider les livrables de chaque phase avant leurs transmission \u00e0 la commission r\u00e9gionale pour approbation d\u00e9finitive.<\/p>\n<p>L\u2019ordre de commencement de la mission a \u00e9t\u00e9 donn\u00e9 le 15 novembre 2017. Le rapport de la premi\u00e8re phase a \u00e9t\u00e9 soumis \u00e0 la validation du comit\u00e9 de pilotage le 25 d\u00e9cembre 2017.<\/p>\n<p>Il est \u00e0 noter que le total des membres des conseils des collectivit\u00e9s territoriales qui b\u00e9n\u00e9ficieront de la formation apr\u00e8s \u00e9laboration du shama directeur, s\u2019\u00e9l\u00e8ve \u00e0 4309 \u00e9lus r\u00e9partis comme suit\u00a0:<\/p>\n<table>\n<tbody>\n<tr>\n<td style=\"text-align: center;\"><strong>Pr\u00e9fectures ou Provinces<\/strong><\/td>\n<td style=\"text-align: center;\"><strong>Nombre des communes<\/strong><\/td>\n<td style=\"text-align: center;\"><strong>Elus conseils communaux<\/strong><\/td>\n<td style=\"text-align: center;\"><strong>Elus conseils provinciaux\/pr\u00e9fectoraux<\/strong><\/td>\n<td style=\"text-align: center;\"><strong>Elus conseil r\u00e9gional<\/strong><\/td>\n<\/tr>\n<tr>\n<td>FES<\/td>\n<td style=\"text-align: center;\">05<\/td>\n<td style=\"text-align: center;\">295<\/td>\n<td style=\"text-align: center;\">31<\/td>\n<td style=\"text-align: center;\" rowspan=\"9\">69<\/td>\n<\/tr>\n<tr>\n<td>MEKNES<\/td>\n<td style=\"text-align: center;\">21<\/td>\n<td style=\"text-align: center;\">471<\/td>\n<td style=\"text-align: center;\">27<\/td>\n<\/tr>\n<tr>\n<td>ELHAJEB<\/td>\n<td style=\"text-align: center;\">16<\/td>\n<td style=\"text-align: center;\">344<\/td>\n<td style=\"text-align: center;\">15<\/td>\n<\/tr>\n<tr>\n<td>IFRAN<\/td>\n<td style=\"text-align: center;\">10<\/td>\n<td style=\"text-align: center;\">198<\/td>\n<td style=\"text-align: center;\">13<\/td>\n<\/tr>\n<tr>\n<td>BOULMNANE<\/td>\n<td style=\"text-align: center;\">21<\/td>\n<td style=\"text-align: center;\">381<\/td>\n<td style=\"text-align: center;\">13<\/td>\n<\/tr>\n<tr>\n<td>TAZA<\/td>\n<td style=\"text-align: center;\">38<\/td>\n<td style=\"text-align: center;\">712<\/td>\n<td style=\"text-align: center;\">21<\/td>\n<\/tr>\n<tr>\n<td>TAOUANTE<\/td>\n<td style=\"text-align: center;\">49<\/td>\n<td style=\"text-align: center;\">1020<\/td>\n<td style=\"text-align: center;\">23<\/td>\n<\/tr>\n<tr>\n<td>SEFROU<\/td>\n<td style=\"text-align: center;\">23<\/td>\n<td style=\"text-align: center;\">433<\/td>\n<td style=\"text-align: center;\">15<\/td>\n<\/tr>\n<tr>\n<td>MLY\u00a0 YACCOUB<\/td>\n<td style=\"text-align: center;\">11<\/td>\n<td style=\"text-align: center;\">215<\/td>\n<td style=\"text-align: center;\">13<\/td>\n<\/tr>\n<tr>\n<td style=\"text-align: center;\"><strong>TOTAL<\/strong><\/td>\n<td style=\"text-align: center;\"><strong>194<\/strong><\/td>\n<td style=\"text-align: center;\"><strong>4069<\/strong><\/td>\n<td style=\"text-align: center;\"><strong>171<\/strong><\/td>\n<td style=\"text-align: center;\" width=\"105\"><strong>69<\/strong><\/td>\n<\/tr>\n<\/tbody>\n<\/table>\n<h3><\/h3>\n","protected":false},"excerpt":{"rendered":"<p>En application des dispositions de la loi organique n\u00b0 111.14, notamment son article 56, qui accorde aux conseillers le droit de b\u00e9n\u00e9ficier d\u2019une formation continue dans les domaines en relation &#8230;<\/p>\n","protected":false},"author":1,"featured_media":4417,"parent":1327,"menu_order":3,"comment_status":"closed","ping_status":"closed","template":"","meta":{"_bbp_topic_count":0,"_bbp_reply_count":0,"_bbp_total_topic_count":0,"_bbp_total_reply_count":0,"_bbp_voice_count":0,"_bbp_anonymous_reply_count":0,"_bbp_topic_count_hidden":0,"_bbp_reply_count_hidden":0,"_bbp_forum_subforum_count":0},"acf":[],"yoast_head":"<!-- This site is optimized with the Yoast SEO plugin v19.5.1 - https:\/\/yoast.com\/wordpress\/plugins\/seo\/ -->\n<title>Sch\u00e9ma Directeur R\u00e9gional de la Formation Continue - R\u00e9gion F\u00e8s Mekn\u00e8s<\/title>\n<meta name=\"robots\" content=\"index, follow, max-snippet:-1, max-image-preview:large, max-video-preview:-1\" \/>\n<link rel=\"canonical\" href=\"https:\/\/www.region-fes-meknes.ma\/fr\/administration-regionale\/etudes\/schema-directeur-regional-de-la-formation-continue\/\" \/>\n<meta property=\"og:locale\" content=\"fr_FR\" \/>\n<meta property=\"og:type\" content=\"article\" \/>\n<meta property=\"og:title\" content=\"Sch\u00e9ma Directeur R\u00e9gional de la Formation Continue - R\u00e9gion F\u00e8s Mekn\u00e8s\" \/>\n<meta property=\"og:description\" content=\"En application des dispositions de la loi organique n\u00b0 111.14, notamment son article 56, qui accorde aux conseillers le droit de b\u00e9n\u00e9ficier d\u2019une formation continue dans les domaines en relation ...\" \/>\n<meta property=\"og:url\" content=\"https:\/\/www.region-fes-meknes.ma\/fr\/administration-regionale\/etudes\/schema-directeur-regional-de-la-formation-continue\/\" \/>\n<meta property=\"og:site_name\" content=\"R\u00e9gion F\u00e8s Mekn\u00e8s\" \/>\n<meta property=\"article:publisher\" content=\"https:\/\/www.facebook.com\/R%c3%a9gion-F%c3%a8s-Mekn%c3%a8s-1130195096990872\" \/>\n<meta property=\"article:modified_time\" content=\"2020-06-23T16:21:23+00:00\" \/>\n<meta property=\"og:image\" content=\"https:\/\/www.region-fes-meknes.ma\/wp-content\/uploads\/2018\/03\/sdrfc-rfm.jpg\" \/>\n\t<meta property=\"og:image:width\" content=\"660\" \/>\n\t<meta property=\"og:image:height\" content=\"330\" \/>\n\t<meta property=\"og:image:type\" content=\"image\/jpeg\" \/>\n<meta name=\"twitter:card\" content=\"summary_large_image\" \/>\n<meta name=\"twitter:label1\" content=\"Dur\u00e9e de lecture estim\u00e9e\" \/>\n\t<meta name=\"twitter:data1\" content=\"3 minutes\" \/>\n<script type=\"application\/ld+json\" class=\"yoast-schema-graph\">{\"@context\":\"https:\/\/schema.org\",\"@graph\":[{\"@type\":\"WebPage\",\"@id\":\"https:\/\/www.region-fes-meknes.ma\/fr\/administration-regionale\/etudes\/schema-directeur-regional-de-la-formation-continue\/\",\"url\":\"https:\/\/www.region-fes-meknes.ma\/fr\/administration-regionale\/etudes\/schema-directeur-regional-de-la-formation-continue\/\",\"name\":\"Sch\u00e9ma Directeur R\u00e9gional de la Formation Continue - R\u00e9gion F\u00e8s Mekn\u00e8s\",\"isPartOf\":{\"@id\":\"https:\/\/www.region-fes-meknes.ma\/#website\"},\"datePublished\":\"2017-12-10T16:32:13+00:00\",\"dateModified\":\"2020-06-23T16:21:23+00:00\",\"breadcrumb\":{\"@id\":\"https:\/\/www.region-fes-meknes.ma\/fr\/administration-regionale\/etudes\/schema-directeur-regional-de-la-formation-continue\/#breadcrumb\"},\"inLanguage\":\"fr-FR\",\"potentialAction\":[{\"@type\":\"ReadAction\",\"target\":[\"https:\/\/www.region-fes-meknes.ma\/fr\/administration-regionale\/etudes\/schema-directeur-regional-de-la-formation-continue\/\"]}]},{\"@type\":\"BreadcrumbList\",\"@id\":\"https:\/\/www.region-fes-meknes.ma\/fr\/administration-regionale\/etudes\/schema-directeur-regional-de-la-formation-continue\/#breadcrumb\",\"itemListElement\":[{\"@type\":\"ListItem\",\"position\":1,\"name\":\"Accueil\",\"item\":\"https:\/\/www.region-fes-meknes.ma\/fr\/\"},{\"@type\":\"ListItem\",\"position\":2,\"name\":\"Administration R\u00e9gionale\",\"item\":\"https:\/\/www.region-fes-meknes.ma\/fr\/administration-regionale\/\"},{\"@type\":\"ListItem\",\"position\":3,\"name\":\"Etudes\",\"item\":\"https:\/\/www.region-fes-meknes.ma\/fr\/administration-regionale\/etudes\/\"},{\"@type\":\"ListItem\",\"position\":4,\"name\":\"Sch\u00e9ma Directeur R\u00e9gional de la Formation Continue\"}]},{\"@type\":\"WebSite\",\"@id\":\"https:\/\/www.region-fes-meknes.ma\/#website\",\"url\":\"https:\/\/www.region-fes-meknes.ma\/\",\"name\":\"Portail de la R\u00e9gion F\u00e8s-Mekn\u00e8s\",\"description\":\"Site officiel de la r\u00e9gion F\u00e8s-Mekn\u00e8s.\",\"publisher\":{\"@id\":\"https:\/\/www.region-fes-meknes.ma\/#organization\"},\"potentialAction\":[{\"@type\":\"SearchAction\",\"target\":{\"@type\":\"EntryPoint\",\"urlTemplate\":\"https:\/\/www.region-fes-meknes.ma\/?s={search_term_string}\"},\"query-input\":\"required name=search_term_string\"}],\"inLanguage\":\"fr-FR\"},{\"@type\":\"Organization\",\"@id\":\"https:\/\/www.region-fes-meknes.ma\/#organization\",\"name\":\"R\u00e9gion F\u00e8s M\u00e8kn\u00e8s\",\"url\":\"https:\/\/www.region-fes-meknes.ma\/\",\"sameAs\":[\"https:\/\/www.facebook.com\/R\u00e9gion-F\u00e8s-Mekn\u00e8s-1130195096990872\"],\"logo\":{\"@type\":\"ImageObject\",\"inLanguage\":\"fr-FR\",\"@id\":\"https:\/\/www.region-fes-meknes.ma\/#\/schema\/logo\/image\/\",\"url\":\"http:\/\/www.region-fes-meknes.ma\/wp-content\/uploads\/2017\/10\/logo-rfm4.png\",\"contentUrl\":\"http:\/\/www.region-fes-meknes.ma\/wp-content\/uploads\/2017\/10\/logo-rfm4.png\",\"width\":304,\"height\":291,\"caption\":\"R\u00e9gion F\u00e8s M\u00e8kn\u00e8s\"},\"image\":{\"@id\":\"https:\/\/www.region-fes-meknes.ma\/#\/schema\/logo\/image\/\"}}]}<\/script>\n<!-- \/ Yoast SEO plugin. -->","yoast_head_json":{"title":"Sch\u00e9ma Directeur R\u00e9gional de la Formation Continue - R\u00e9gion F\u00e8s Mekn\u00e8s","robots":{"index":"index","follow":"follow","max-snippet":"max-snippet:-1","max-image-preview":"max-image-preview:large","max-video-preview":"max-video-preview:-1"},"canonical":"https:\/\/www.region-fes-meknes.ma\/fr\/administration-regionale\/etudes\/schema-directeur-regional-de-la-formation-continue\/","og_locale":"fr_FR","og_type":"article","og_title":"Sch\u00e9ma Directeur R\u00e9gional de la Formation Continue - R\u00e9gion F\u00e8s Mekn\u00e8s","og_description":"En application des dispositions de la loi organique n\u00b0 111.14, notamment son article 56, qui accorde aux conseillers le droit de b\u00e9n\u00e9ficier d\u2019une formation continue dans les domaines en relation ...","og_url":"https:\/\/www.region-fes-meknes.ma\/fr\/administration-regionale\/etudes\/schema-directeur-regional-de-la-formation-continue\/","og_site_name":"R\u00e9gion F\u00e8s Mekn\u00e8s","article_publisher":"https:\/\/www.facebook.com\/R%c3%a9gion-F%c3%a8s-Mekn%c3%a8s-1130195096990872","article_modified_time":"2020-06-23T16:21:23+00:00","og_image":[{"width":660,"height":330,"url":"https:\/\/www.region-fes-meknes.ma\/wp-content\/uploads\/2018\/03\/sdrfc-rfm.jpg","type":"image\/jpeg"}],"twitter_card":"summary_large_image","twitter_misc":{"Dur\u00e9e de lecture estim\u00e9e":"3 minutes"},"schema":{"@context":"https:\/\/schema.org","@graph":[{"@type":"WebPage","@id":"https:\/\/www.region-fes-meknes.ma\/fr\/administration-regionale\/etudes\/schema-directeur-regional-de-la-formation-continue\/","url":"https:\/\/www.region-fes-meknes.ma\/fr\/administration-regionale\/etudes\/schema-directeur-regional-de-la-formation-continue\/","name":"Sch\u00e9ma Directeur R\u00e9gional de la Formation Continue - R\u00e9gion F\u00e8s Mekn\u00e8s","isPartOf":{"@id":"https:\/\/www.region-fes-meknes.ma\/#website"},"datePublished":"2017-12-10T16:32:13+00:00","dateModified":"2020-06-23T16:21:23+00:00","breadcrumb":{"@id":"https:\/\/www.region-fes-meknes.ma\/fr\/administration-regionale\/etudes\/schema-directeur-regional-de-la-formation-continue\/#breadcrumb"},"inLanguage":"fr-FR","potentialAction":[{"@type":"ReadAction","target":["https:\/\/www.region-fes-meknes.ma\/fr\/administration-regionale\/etudes\/schema-directeur-regional-de-la-formation-continue\/"]}]},{"@type":"BreadcrumbList","@id":"https:\/\/www.region-fes-meknes.ma\/fr\/administration-regionale\/etudes\/schema-directeur-regional-de-la-formation-continue\/#breadcrumb","itemListElement":[{"@type":"ListItem","position":1,"name":"Accueil","item":"https:\/\/www.region-fes-meknes.ma\/fr\/"},{"@type":"ListItem","position":2,"name":"Administration R\u00e9gionale","item":"https:\/\/www.region-fes-meknes.ma\/fr\/administration-regionale\/"},{"@type":"ListItem","position":3,"name":"Etudes","item":"https:\/\/www.region-fes-meknes.ma\/fr\/administration-regionale\/etudes\/"},{"@type":"ListItem","position":4,"name":"Sch\u00e9ma Directeur R\u00e9gional de la Formation Continue"}]},{"@type":"WebSite","@id":"https:\/\/www.region-fes-meknes.ma\/#website","url":"https:\/\/www.region-fes-meknes.ma\/","name":"Portail de la R\u00e9gion F\u00e8s-Mekn\u00e8s","description":"Site officiel de la r\u00e9gion F\u00e8s-Mekn\u00e8s.","publisher":{"@id":"https:\/\/www.region-fes-meknes.ma\/#organization"},"potentialAction":[{"@type":"SearchAction","target":{"@type":"EntryPoint","urlTemplate":"https:\/\/www.region-fes-meknes.ma\/?s={search_term_string}"},"query-input":"required name=search_term_string"}],"inLanguage":"fr-FR"},{"@type":"Organization","@id":"https:\/\/www.region-fes-meknes.ma\/#organization","name":"R\u00e9gion F\u00e8s M\u00e8kn\u00e8s","url":"https:\/\/www.region-fes-meknes.ma\/","sameAs":["https:\/\/www.facebook.com\/R\u00e9gion-F\u00e8s-Mekn\u00e8s-1130195096990872"],"logo":{"@type":"ImageObject","inLanguage":"fr-FR","@id":"https:\/\/www.region-fes-meknes.ma\/#\/schema\/logo\/image\/","url":"http:\/\/www.region-fes-meknes.ma\/wp-content\/uploads\/2017\/10\/logo-rfm4.png","contentUrl":"http:\/\/www.region-fes-meknes.ma\/wp-content\/uploads\/2017\/10\/logo-rfm4.png","width":304,"height":291,"caption":"R\u00e9gion F\u00e8s M\u00e8kn\u00e8s"},"image":{"@id":"https:\/\/www.region-fes-meknes.ma\/#\/schema\/logo\/image\/"}}]}},"_links":{"self":[{"href":"https:\/\/www.region-fes-meknes.ma\/fr\/wp-json\/wp\/v2\/pages\/3140"}],"collection":[{"href":"https:\/\/www.region-fes-meknes.ma\/fr\/wp-json\/wp\/v2\/pages"}],"about":[{"href":"https:\/\/www.region-fes-meknes.ma\/fr\/wp-json\/wp\/v2\/types\/page"}],"author":[{"embeddable":true,"href":"https:\/\/www.region-fes-meknes.ma\/fr\/wp-json\/wp\/v2\/users\/1"}],"replies":[{"embeddable":true,"href":"https:\/\/www.region-fes-meknes.ma\/fr\/wp-json\/wp\/v2\/comments?post=3140"}],"version-history":[{"count":3,"href":"https:\/\/www.region-fes-meknes.ma\/fr\/wp-json\/wp\/v2\/pages\/3140\/revisions"}],"predecessor-version":[{"id":15384,"href":"https:\/\/www.region-fes-meknes.ma\/fr\/wp-json\/wp\/v2\/pages\/3140\/revisions\/15384"}],"up":[{"embeddable":true,"href":"https:\/\/www.region-fes-meknes.ma\/fr\/wp-json\/wp\/v2\/pages\/1327"}],"wp:featuredmedia":[{"embeddable":true,"href":"https:\/\/www.region-fes-meknes.ma\/fr\/wp-json\/wp\/v2\/media\/4417"}],"wp:attachment":[{"href":"https:\/\/www.region-fes-meknes.ma\/fr\/wp-json\/wp\/v2\/media?parent=3140"}],"curies":[{"name":"wp","href":"https:\/\/api.w.org\/{rel}","templated":true}]}}