{"id":3207,"date":"2017-12-13T12:19:43","date_gmt":"2017-12-13T11:19:43","guid":{"rendered":"http:\/\/www.region-fes-meknes.ma\/?page_id=3207"},"modified":"2017-12-13T12:33:02","modified_gmt":"2017-12-13T11:33:02","slug":"indicateurs-cles-de-la-region","status":"publish","type":"page","link":"https:\/\/www.region-fes-meknes.ma\/fr\/la-region\/investir-a-la-region\/indicateurs-cles-de-la-region\/","title":{"rendered":"Indicateurs cl\u00e9s de la R\u00e9gion"},"content":{"rendered":"<ul>\n<li>Chef lieu : F\u00e8s<\/li>\n<li>Superficie : 40.075 km\u00b2<\/li>\n<li>Nombre de pr\u00e9fectures : 02<\/li>\n<li>Nombre de provinces : 07<\/li>\n<li>Nombre communes urbaines : 34<\/li>\n<li>Nombre d\u2019arrondissements : 6<\/li>\n<li>Nombre communes rurales : 161<\/li>\n<li>Population : 4.236.892 habitants<\/li>\n<li>Taux d\u2019urbanisation : 60,52 %<\/li>\n<li>Densit\u00e9 : 105,7 habitants \/ km\u00b2<\/li>\n<li>PIB r\u00e9gional : 9,1 %<\/li>\n<li>Classement du PIB sectoriel de la r\u00e9gion :\n<ol>\n<li>Secteur Primaire : 2<sup>\u00e8me<\/sup> au niveau national<\/li>\n<li>Secteur secondaire : 6<sup>\u00e8me<\/sup> au niveau national<\/li>\n<li>Secteur tertiaire : 4<sup>\u00e8me<\/sup> au niveau national<\/li>\n<\/ol>\n<\/li>\n<\/ul>\n","protected":false},"excerpt":{"rendered":"<p>Chef lieu : F\u00e8s Superficie : 40.075 km\u00b2 Nombre de pr\u00e9fectures : 02 Nombre de provinces : 07 Nombre communes urbaines : 34 Nombre d\u2019arrondissements : 6 Nombre communes rurales &#8230;<\/p>\n","protected":false},"author":1,"featured_media":0,"parent":1348,"menu_order":1,"comment_status":"closed","ping_status":"closed","template":"","meta":{"_bbp_topic_count":0,"_bbp_reply_count":0,"_bbp_total_topic_count":0,"_bbp_total_reply_count":0,"_bbp_voice_count":0,"_bbp_anonymous_reply_count":0,"_bbp_topic_count_hidden":0,"_bbp_reply_count_hidden":0,"_bbp_forum_subforum_count":0},"acf":[],"yoast_head":"<!-- This site is optimized with the Yoast SEO plugin v19.5.1 - https:\/\/yoast.com\/wordpress\/plugins\/seo\/ -->\n<title>Indicateurs cl\u00e9s de la R\u00e9gion - R\u00e9gion F\u00e8s Mekn\u00e8s<\/title>\n<meta name=\"robots\" content=\"index, follow, max-snippet:-1, max-image-preview:large, max-video-preview:-1\" \/>\n<link rel=\"canonical\" href=\"https:\/\/www.region-fes-meknes.ma\/fr\/la-region\/investir-a-la-region\/indicateurs-cles-de-la-region\/\" \/>\n<meta property=\"og:locale\" content=\"fr_FR\" \/>\n<meta property=\"og:type\" content=\"article\" \/>\n<meta property=\"og:title\" content=\"Indicateurs cl\u00e9s de la R\u00e9gion - R\u00e9gion F\u00e8s Mekn\u00e8s\" \/>\n<meta property=\"og:description\" content=\"Chef lieu : F\u00e8s Superficie : 40.075 km\u00b2 Nombre de pr\u00e9fectures : 02 Nombre de provinces : 07 Nombre communes urbaines : 34 Nombre d\u2019arrondissements : 6 Nombre communes rurales ...\" \/>\n<meta property=\"og:url\" content=\"https:\/\/www.region-fes-meknes.ma\/fr\/la-region\/investir-a-la-region\/indicateurs-cles-de-la-region\/\" \/>\n<meta property=\"og:site_name\" content=\"R\u00e9gion F\u00e8s Mekn\u00e8s\" \/>\n<meta property=\"article:publisher\" content=\"https:\/\/www.facebook.com\/R%c3%a9gion-F%c3%a8s-Mekn%c3%a8s-1130195096990872\" \/>\n<meta property=\"article:modified_time\" content=\"2017-12-13T11:33:02+00:00\" \/>\n<meta name=\"twitter:card\" content=\"summary_large_image\" \/>\n<script type=\"application\/ld+json\" class=\"yoast-schema-graph\">{\"@context\":\"https:\/\/schema.org\",\"@graph\":[{\"@type\":\"WebPage\",\"@id\":\"https:\/\/www.region-fes-meknes.ma\/fr\/la-region\/investir-a-la-region\/indicateurs-cles-de-la-region\/\",\"url\":\"https:\/\/www.region-fes-meknes.ma\/fr\/la-region\/investir-a-la-region\/indicateurs-cles-de-la-region\/\",\"name\":\"Indicateurs cl\u00e9s de la R\u00e9gion - R\u00e9gion F\u00e8s Mekn\u00e8s\",\"isPartOf\":{\"@id\":\"https:\/\/www.region-fes-meknes.ma\/#website\"},\"datePublished\":\"2017-12-13T11:19:43+00:00\",\"dateModified\":\"2017-12-13T11:33:02+00:00\",\"breadcrumb\":{\"@id\":\"https:\/\/www.region-fes-meknes.ma\/fr\/la-region\/investir-a-la-region\/indicateurs-cles-de-la-region\/#breadcrumb\"},\"inLanguage\":\"fr-FR\",\"potentialAction\":[{\"@type\":\"ReadAction\",\"target\":[\"https:\/\/www.region-fes-meknes.ma\/fr\/la-region\/investir-a-la-region\/indicateurs-cles-de-la-region\/\"]}]},{\"@type\":\"BreadcrumbList\",\"@id\":\"https:\/\/www.region-fes-meknes.ma\/fr\/la-region\/investir-a-la-region\/indicateurs-cles-de-la-region\/#breadcrumb\",\"itemListElement\":[{\"@type\":\"ListItem\",\"position\":1,\"name\":\"Accueil\",\"item\":\"https:\/\/www.region-fes-meknes.ma\/fr\/\"},{\"@type\":\"ListItem\",\"position\":2,\"name\":\"La R\u00e9gion\",\"item\":\"https:\/\/www.region-fes-meknes.ma\/fr\/la-region\/\"},{\"@type\":\"ListItem\",\"position\":3,\"name\":\"Investir \u00e0 la R\u00e9gion\",\"item\":\"https:\/\/www.region-fes-meknes.ma\/fr\/la-region\/investir-a-la-region\/\"},{\"@type\":\"ListItem\",\"position\":4,\"name\":\"Indicateurs cl\u00e9s de la R\u00e9gion\"}]},{\"@type\":\"WebSite\",\"@id\":\"https:\/\/www.region-fes-meknes.ma\/#website\",\"url\":\"https:\/\/www.region-fes-meknes.ma\/\",\"name\":\"Portail de la R\u00e9gion F\u00e8s-Mekn\u00e8s\",\"description\":\"Site officiel de la r\u00e9gion F\u00e8s-Mekn\u00e8s.\",\"publisher\":{\"@id\":\"https:\/\/www.region-fes-meknes.ma\/#organization\"},\"potentialAction\":[{\"@type\":\"SearchAction\",\"target\":{\"@type\":\"EntryPoint\",\"urlTemplate\":\"https:\/\/www.region-fes-meknes.ma\/?s={search_term_string}\"},\"query-input\":\"required name=search_term_string\"}],\"inLanguage\":\"fr-FR\"},{\"@type\":\"Organization\",\"@id\":\"https:\/\/www.region-fes-meknes.ma\/#organization\",\"name\":\"R\u00e9gion F\u00e8s M\u00e8kn\u00e8s\",\"url\":\"https:\/\/www.region-fes-meknes.ma\/\",\"sameAs\":[\"https:\/\/www.facebook.com\/R\u00e9gion-F\u00e8s-Mekn\u00e8s-1130195096990872\"],\"logo\":{\"@type\":\"ImageObject\",\"inLanguage\":\"fr-FR\",\"@id\":\"https:\/\/www.region-fes-meknes.ma\/#\/schema\/logo\/image\/\",\"url\":\"http:\/\/www.region-fes-meknes.ma\/wp-content\/uploads\/2017\/10\/logo-rfm4.png\",\"contentUrl\":\"http:\/\/www.region-fes-meknes.ma\/wp-content\/uploads\/2017\/10\/logo-rfm4.png\",\"width\":304,\"height\":291,\"caption\":\"R\u00e9gion F\u00e8s M\u00e8kn\u00e8s\"},\"image\":{\"@id\":\"https:\/\/www.region-fes-meknes.ma\/#\/schema\/logo\/image\/\"}}]}<\/script>\n<!-- \/ Yoast SEO plugin. -->","yoast_head_json":{"title":"Indicateurs cl\u00e9s de la R\u00e9gion - R\u00e9gion F\u00e8s Mekn\u00e8s","robots":{"index":"index","follow":"follow","max-snippet":"max-snippet:-1","max-image-preview":"max-image-preview:large","max-video-preview":"max-video-preview:-1"},"canonical":"https:\/\/www.region-fes-meknes.ma\/fr\/la-region\/investir-a-la-region\/indicateurs-cles-de-la-region\/","og_locale":"fr_FR","og_type":"article","og_title":"Indicateurs cl\u00e9s de la R\u00e9gion - R\u00e9gion F\u00e8s Mekn\u00e8s","og_description":"Chef lieu : F\u00e8s Superficie : 40.075 km\u00b2 Nombre de pr\u00e9fectures : 02 Nombre de provinces : 07 Nombre communes urbaines : 34 Nombre d\u2019arrondissements : 6 Nombre communes rurales ...","og_url":"https:\/\/www.region-fes-meknes.ma\/fr\/la-region\/investir-a-la-region\/indicateurs-cles-de-la-region\/","og_site_name":"R\u00e9gion F\u00e8s Mekn\u00e8s","article_publisher":"https:\/\/www.facebook.com\/R%c3%a9gion-F%c3%a8s-Mekn%c3%a8s-1130195096990872","article_modified_time":"2017-12-13T11:33:02+00:00","twitter_card":"summary_large_image","schema":{"@context":"https:\/\/schema.org","@graph":[{"@type":"WebPage","@id":"https:\/\/www.region-fes-meknes.ma\/fr\/la-region\/investir-a-la-region\/indicateurs-cles-de-la-region\/","url":"https:\/\/www.region-fes-meknes.ma\/fr\/la-region\/investir-a-la-region\/indicateurs-cles-de-la-region\/","name":"Indicateurs cl\u00e9s de la R\u00e9gion - R\u00e9gion F\u00e8s Mekn\u00e8s","isPartOf":{"@id":"https:\/\/www.region-fes-meknes.ma\/#website"},"datePublished":"2017-12-13T11:19:43+00:00","dateModified":"2017-12-13T11:33:02+00:00","breadcrumb":{"@id":"https:\/\/www.region-fes-meknes.ma\/fr\/la-region\/investir-a-la-region\/indicateurs-cles-de-la-region\/#breadcrumb"},"inLanguage":"fr-FR","potentialAction":[{"@type":"ReadAction","target":["https:\/\/www.region-fes-meknes.ma\/fr\/la-region\/investir-a-la-region\/indicateurs-cles-de-la-region\/"]}]},{"@type":"BreadcrumbList","@id":"https:\/\/www.region-fes-meknes.ma\/fr\/la-region\/investir-a-la-region\/indicateurs-cles-de-la-region\/#breadcrumb","itemListElement":[{"@type":"ListItem","position":1,"name":"Accueil","item":"https:\/\/www.region-fes-meknes.ma\/fr\/"},{"@type":"ListItem","position":2,"name":"La R\u00e9gion","item":"https:\/\/www.region-fes-meknes.ma\/fr\/la-region\/"},{"@type":"ListItem","position":3,"name":"Investir \u00e0 la R\u00e9gion","item":"https:\/\/www.region-fes-meknes.ma\/fr\/la-region\/investir-a-la-region\/"},{"@type":"ListItem","position":4,"name":"Indicateurs cl\u00e9s de la R\u00e9gion"}]},{"@type":"WebSite","@id":"https:\/\/www.region-fes-meknes.ma\/#website","url":"https:\/\/www.region-fes-meknes.ma\/","name":"Portail de la R\u00e9gion F\u00e8s-Mekn\u00e8s","description":"Site officiel de la r\u00e9gion F\u00e8s-Mekn\u00e8s.","publisher":{"@id":"https:\/\/www.region-fes-meknes.ma\/#organization"},"potentialAction":[{"@type":"SearchAction","target":{"@type":"EntryPoint","urlTemplate":"https:\/\/www.region-fes-meknes.ma\/?s={search_term_string}"},"query-input":"required name=search_term_string"}],"inLanguage":"fr-FR"},{"@type":"Organization","@id":"https:\/\/www.region-fes-meknes.ma\/#organization","name":"R\u00e9gion F\u00e8s M\u00e8kn\u00e8s","url":"https:\/\/www.region-fes-meknes.ma\/","sameAs":["https:\/\/www.facebook.com\/R\u00e9gion-F\u00e8s-Mekn\u00e8s-1130195096990872"],"logo":{"@type":"ImageObject","inLanguage":"fr-FR","@id":"https:\/\/www.region-fes-meknes.ma\/#\/schema\/logo\/image\/","url":"http:\/\/www.region-fes-meknes.ma\/wp-content\/uploads\/2017\/10\/logo-rfm4.png","contentUrl":"http:\/\/www.region-fes-meknes.ma\/wp-content\/uploads\/2017\/10\/logo-rfm4.png","width":304,"height":291,"caption":"R\u00e9gion F\u00e8s M\u00e8kn\u00e8s"},"image":{"@id":"https:\/\/www.region-fes-meknes.ma\/#\/schema\/logo\/image\/"}}]}},"_links":{"self":[{"href":"https:\/\/www.region-fes-meknes.ma\/fr\/wp-json\/wp\/v2\/pages\/3207"}],"collection":[{"href":"https:\/\/www.region-fes-meknes.ma\/fr\/wp-json\/wp\/v2\/pages"}],"about":[{"href":"https:\/\/www.region-fes-meknes.ma\/fr\/wp-json\/wp\/v2\/types\/page"}],"author":[{"embeddable":true,"href":"https:\/\/www.region-fes-meknes.ma\/fr\/wp-json\/wp\/v2\/users\/1"}],"replies":[{"embeddable":true,"href":"https:\/\/www.region-fes-meknes.ma\/fr\/wp-json\/wp\/v2\/comments?post=3207"}],"version-history":[{"count":2,"href":"https:\/\/www.region-fes-meknes.ma\/fr\/wp-json\/wp\/v2\/pages\/3207\/revisions"}],"predecessor-version":[{"id":3211,"href":"https:\/\/www.region-fes-meknes.ma\/fr\/wp-json\/wp\/v2\/pages\/3207\/revisions\/3211"}],"up":[{"embeddable":true,"href":"https:\/\/www.region-fes-meknes.ma\/fr\/wp-json\/wp\/v2\/pages\/1348"}],"wp:attachment":[{"href":"https:\/\/www.region-fes-meknes.ma\/fr\/wp-json\/wp\/v2\/media?parent=3207"}],"curies":[{"name":"wp","href":"https:\/\/api.w.org\/{rel}","templated":true}]}}