{"id":3209,"date":"2017-12-13T12:20:21","date_gmt":"2017-12-13T11:20:21","guid":{"rendered":"http:\/\/www.region-fes-meknes.ma\/?page_id=3209"},"modified":"2017-12-13T13:47:34","modified_gmt":"2017-12-13T12:47:34","slug":"infrastructures-de-base","status":"publish","type":"page","link":"https:\/\/www.region-fes-meknes.ma\/fr\/la-region\/investir-a-la-region\/infrastructures-de-base\/","title":{"rendered":"Infrastructures de base"},"content":{"rendered":"<p><strong>Le r\u00e9seau routier<\/strong> de la r\u00e9gion de F\u00e8s-Mekn\u00e8s totalise une longueur de 7625 Km, soit 18,5% du r\u00e9seau routier national. Les routes nationales dans la r\u00e9gion s\u2019\u00e9tendent sur une longueur de 918 Km celles r\u00e9gionales se d\u00e9veloppent sur 1695 Km et le r\u00e9seau provincial totalise 5012 Km.<\/p>\n<p><strong>L\u2019autoroute<\/strong> qui traverse la r\u00e9gion a am\u00e9lior\u00e9 d\u2019une fa\u00e7on consid\u00e9rable la qualit\u00e9 de la desserte routi\u00e8re de la r\u00e9gion, en assurant en 2013 un trafic journalier moyen entre F\u00e8s et Mekn\u00e8s de 12100 v\u00e9hicules.<\/p>\n<p><strong>Le r\u00e9seau ferroviaire<\/strong> : la r\u00e9gion est desservie par un chemin de fer d\u2019une longueur de 200 Km permettant sa liaison aux destinations de Marrakech, Tanger et Oujda.<\/p>\n<p>La r\u00e9gion est dot\u00e9e d\u2019un <strong>a\u00e9roport international \u00ab F\u00e8s Saiss \u00bb<\/strong> d\u2019une capacit\u00e9 d\u2019accueil annuelle de pr\u00e8s de 3 millions de passagers apr\u00e8s ouverture du Terminal 2 et directement reli\u00e9 aux grandes villes internationales : Paris, Barcelone, D\u00fcsseldorf, Eindhoven, Bruxelles, Amsterdam, Rome\u2026).<\/p>\n<figure id=\"attachment_3202\" aria-describedby=\"caption-attachment-3202\" style=\"width: 800px\" class=\"wp-caption aligncenter\"><a href=\"http:\/\/www.region-fes-meknes.ma\/wp-content\/uploads\/2017\/12\/reseau-routier-rfm.png\"><img loading=\"lazy\" class=\"wp-image-3202 size-full\" src=\"http:\/\/www.region-fes-meknes.ma\/wp-content\/uploads\/2017\/12\/reseau-routier-rfm.png\" alt=\"\" width=\"800\" height=\"572\" srcset=\"https:\/\/www.region-fes-meknes.ma\/wp-content\/uploads\/2017\/12\/reseau-routier-rfm.png 800w, https:\/\/www.region-fes-meknes.ma\/wp-content\/uploads\/2017\/12\/reseau-routier-rfm-300x215.png 300w, https:\/\/www.region-fes-meknes.ma\/wp-content\/uploads\/2017\/12\/reseau-routier-rfm-768x549.png 768w, https:\/\/www.region-fes-meknes.ma\/wp-content\/uploads\/2017\/12\/reseau-routier-rfm-100x72.png 100w\" sizes=\"(max-width: 800px) 100vw, 800px\" \/><\/a><figcaption id=\"caption-attachment-3202\" class=\"wp-caption-text\">Connexion de la r\u00e9gion F\u00e8s-Mekn\u00e8s aux r\u00e9seaux autoroutiers et ferroviaires<\/figcaption><\/figure>\n<p><strong>Enseignement sup\u00e9rieur<\/strong>\u00a0: 1<sup>er<\/sup> p\u00f4le universitaire au Maroc avec 5 universit\u00e9s couvrant un effectif de pr\u00e8s de 145000 \u00e9tudiants\u00a0:<\/p>\n<ul>\n<li>Universit\u00e9 sidi Mohammed ben Abdellah<\/li>\n<li>Universit\u00e9 Moulay Ismail<\/li>\n<li>Universit\u00e9 Quaraouiyine<\/li>\n<li>Universit\u00e9 Al Akhawayne<\/li>\n<li>Universit\u00e9 Euro-m\u00e9diterran\u00e9enne de F\u00e8s<\/li>\n<li>L\u2019Ecole Nationale d\u2019Agriculture \u00e0 Mekn\u00e8s<\/li>\n<li>Autres \u00e9tablissements priv\u00e9s sp\u00e9cialis\u00e9s&#8230;<\/li>\n<\/ul>\n<p><strong>Formation professionnelle<\/strong>\u00a0: 262 \u00e9tablissements publics et priv\u00e9s de formation professionnelle disposant d\u2019une capacit\u00e9 d\u2019accueil globale de 33739 places p\u00e9dagogiques. 236 sp\u00e9cialit\u00e9s et m\u00e9tiers pr\u00e9par\u00e9s dans ces \u00e9tablissements dont 176 en formation r\u00e9sidentielle, 60 en formation par apprentissage et 64 en formation qualifiante.<\/p>\n<p>L\u2019effectif des stagiaires en formation dans les \u00e9tablissements de la r\u00e9gion F\u00e8s Mekn\u00e8s au titre de l\u2019ann\u00e9e de formation 2015-2016 s\u2019\u00e9l\u00e8ve \u00e0 47798.<\/p>\n<p><strong>Espaces d\u2019activit\u00e9s\u00a0:<\/strong><\/p>\n<ul>\n<li>F\u00e8s Shore sp\u00e9cialis\u00e9 en offshoring (20Ha)<\/li>\n<li>Agropolis de Mekn\u00e8s<\/li>\n<li>Une P21 \u00e0 F\u00e8s avec une Zone Franche<\/li>\n<li>Une unit\u00e9 d\u2019am\u00e9nagement touristique d\u2019Oued F\u00e8s (166Ha) avec son Golf de 18 trous et ses unit\u00e9s touristiques<\/li>\n<li>Deux zones d\u2019activit\u00e9s d\u00e9di\u00e9es exclusivement \u00e0 l\u2019artisanat\u00a0: Ain Nokbi pour les dinandiers (3Ha) et Benjellik pour les potiers (12,8Ha)<\/li>\n<li>Zones industrielles (avec des opportunit\u00e9s d\u2019installation)\u00a0: ZI Miftah al kheir \u00e0 Ras El ma (province de Moulay Yacoub), l\u2019Agropolis de Mekn\u00e8s, la future ZI route d&rsquo;Aknoul \u00e0 la \u00a0province de Taza, la plate forme de F\u00e8s shore, la future Zone Ain Cheggag \u00e0 la province de Sefrou&#8230;<\/li>\n<li>06 zones industrielles en cours<\/li>\n<\/ul>\n<p><strong>For\u00eats<\/strong>\u00a0: 1.246.255 ha de for\u00eats comprenant plusieurs esp\u00e8ces (C\u00e8dre, Thuya, Pins, Gen\u00e9vriers, Ch\u00eane vert, ch\u00eane li\u00e8ge, ch\u00eane zen..)<\/p>\n<p><strong>Agriculture et Elevage<\/strong>\u00a0:<\/p>\n<ul>\n<li>SAU (ha)\u00a0: 1.340826 soit 32,7 % de la superficie totale r\u00e9gionale (dont 13,7% de la SAU est irrigu\u00e9e)<\/li>\n<li>Fili\u00e8res phares\u00a0:\n<ul>\n<li>fili\u00e8re de cerises (80% de la production nationale)<\/li>\n<li>fili\u00e8re des prunes (66% de la production nationale)<\/li>\n<li>fili\u00e8re des oignons (54% de la production nationale)<\/li>\n<li>fili\u00e8re des figues (40% de la production nationale)<\/li>\n<li>fili\u00e8re ol\u00e9icole (34% de la production nationale)<\/li>\n<li>fili\u00e8re des c\u00e9r\u00e9ales (24% de la production nationale)<\/li>\n<li>fili\u00e8re des vignes (23% de la production nationale)<\/li>\n<\/ul>\n<\/li>\n<\/ul>\n<p><strong>Industrie<\/strong>\u00a0: 997 \u00e9tablissements industriels avec un effectif total de 47467 soit 9% au niveau national (chiffres 2015). 60% de la valeur ajout\u00e9e de l\u2019industrie de la r\u00e9gion est g\u00e9n\u00e9r\u00e9e par les secteurs agro-alimentaires, textile et cuir.<\/p>\n<p><strong>Artisanat<\/strong>\u00a0: l\u2019effectif des artisans dans la r\u00e9gion est d\u2019environ 89.265 artisans.<\/p>\n<p><strong>Tourisme<\/strong>\u00a0: 335 \u00e9tablissements d\u2019h\u00e9bergement touristique class\u00e9s, dont la capacit\u00e9 liti\u00e8re totale s\u2019\u00e9l\u00e8ve \u00e0 19.044 lits.<\/p>\n<ul>\n<li>Arriv\u00e9es en 2015\u00a0: 577 400<\/li>\n<li>Nuit\u00e9es en 2015\u00a0: 1\u00a0130\u00a0000<\/li>\n<li>Taux d\u2019occupation en 2015\u00a0: 30%<\/li>\n<\/ul>\n<p><strong>Mines<\/strong>\u00a0:<\/p>\n<ul>\n<li>Gisements de Ghassoul (carri\u00e8res dune superficie de 25.000 ha et produisent annuellement 2830 tonnes dont 75% est destin\u00e9es \u00e0 l&rsquo;export<\/li>\n<li>Gisements de Sel (entre F\u00e8s et Tissa)<\/li>\n<li>Gisements de Calcite (Sud Est de Boulmane)<\/li>\n<li>Pr\u00e9s de 326 carri\u00e8res sont exploit\u00e9es dans la r\u00e9gion (ann\u00e9e 2015) pour la production de diff\u00e9rents mat\u00e9riaux de construction, de mati\u00e8res premi\u00e8res pour la poterie, les briques et la marbre.<\/li>\n<\/ul>\n<p><strong>Eau et \u00e9lectricit\u00e9<\/strong><\/p>\n<p>L\u2019approvisionnement en eau potable est assur\u00e9 surtout par un ensemble de barrages tels que Bab louta, Sahla et par un ensemble de stations de traitement telles que celles de Oued Sebou, Oued Innaouen, et Oued Ouargha.<\/p>\n<p>La production totale en eau potable dans la r\u00e9gion est estim\u00e9e \u00e0 environ 99,5 millions de m3 produite essentiellement par l\u2019ONEP.<\/p>\n<p>La production d\u2019\u00e9lectricit\u00e9 dans la r\u00e9gion atteint 2500 millions de KWh provenant essentiellement de la station thermique de Jerrada et de la station de transformation Elfouarat \u00e0 travers Toulal situ\u00e9 \u00e0 Mekn\u00e8s. Les stations hydrauliques de Bab Jdid et Jenifour \u00e0 F\u00e8s renforcent la production \u00e9lectrique au moment o\u00f9 la demande est importante.<\/p>\n<p><strong>Offshoring<\/strong>\u00a0: plus de 25 Call-Center (BPO) \u00e0 F\u00e8s et 16 Call-Center \u00e0 Mekn\u00e8s.<\/p>\n<p>Le secteur de l\u2019offshoring constitue un pilier fondamental parmi les six m\u00e9tiers mondiaux du Maroc d\u00e9finis dans le cadre du Pacte National pour l\u2019Emergence Industriel sign\u00e9 en 2009. En effet, il s\u2019agit d\u2019un secteur porteur pour l\u2019\u00e9conomie nationale. Il est capable de drainer d\u2019importants investissements \u00e9trangers et de favoriser la cr\u00e9ation d\u2019un volume significatif d\u2019emplois.<\/p>\n<p>Avec son parc \u00abF\u00e8s Shore\u00bb s\u2019\u00e9talant sur 20ha, d\u00e9di\u00e9 exclusivement \u00e0 l\u2019activit\u00e9 offshoring, la r\u00e9gion offre un espace respectant l\u2019environnement et r\u00e9pondant aux exigences techniques des investisseurs internationaux.<\/p>\n<p>Ce parc priv\u00e9 et parfaitement s\u00e9curis\u00e9 offre :<\/p>\n<ul>\n<li>Des plateaux bureaux pr\u00eats \u00e0 l\u2019emploi ;<\/li>\n<li>Une boucle t\u00e9l\u00e9coms Carrier Grade en fibre optique (R\u00e9seau enti\u00e8rement IP, SLA sp\u00e9cial parc) ;<\/li>\n<li>Des services d\u2019accompagnement performants (Espace de restauration, Business centre, Support au recrutement, Centre de sport, Transport, Facility management).<\/li>\n<\/ul>\n<p>En plus de la mise en place d\u2019un guichet unique prenant en charge l\u2019ensemble des d\u00e9marches administratives n\u00e9cessaires \u00e0 la cr\u00e9ation et au fonctionnement de l\u2019entreprise.<\/p>\n<p>La premi\u00e8re phase du projet s\u2019\u00e9talant sur 16.000 m\u00b2 a \u00e9t\u00e9 livr\u00e9e au deuxi\u00e8me trimestre 2012.<\/p>\n","protected":false},"excerpt":{"rendered":"<p>Le r\u00e9seau routier de la r\u00e9gion de F\u00e8s-Mekn\u00e8s totalise une longueur de 7625 Km, soit 18,5% du r\u00e9seau routier national. Les routes nationales dans la r\u00e9gion s\u2019\u00e9tendent sur une longueur &#8230;<\/p>\n","protected":false},"author":1,"featured_media":0,"parent":1348,"menu_order":2,"comment_status":"closed","ping_status":"closed","template":"","meta":{"_bbp_topic_count":0,"_bbp_reply_count":0,"_bbp_total_topic_count":0,"_bbp_total_reply_count":0,"_bbp_voice_count":0,"_bbp_anonymous_reply_count":0,"_bbp_topic_count_hidden":0,"_bbp_reply_count_hidden":0,"_bbp_forum_subforum_count":0},"acf":[],"yoast_head":"<!-- This site is optimized with the Yoast SEO plugin v19.5.1 - https:\/\/yoast.com\/wordpress\/plugins\/seo\/ -->\n<title>Infrastructures de base - R\u00e9gion F\u00e8s Mekn\u00e8s<\/title>\n<meta name=\"robots\" content=\"index, follow, max-snippet:-1, max-image-preview:large, max-video-preview:-1\" \/>\n<link rel=\"canonical\" href=\"https:\/\/www.region-fes-meknes.ma\/fr\/la-region\/investir-a-la-region\/infrastructures-de-base\/\" \/>\n<meta property=\"og:locale\" content=\"fr_FR\" \/>\n<meta property=\"og:type\" content=\"article\" \/>\n<meta property=\"og:title\" content=\"Infrastructures de base - R\u00e9gion F\u00e8s Mekn\u00e8s\" \/>\n<meta property=\"og:description\" content=\"Le r\u00e9seau routier de la r\u00e9gion de F\u00e8s-Mekn\u00e8s totalise une longueur de 7625 Km, soit 18,5% du r\u00e9seau routier national. Les routes nationales dans la r\u00e9gion s\u2019\u00e9tendent sur une longueur ...\" \/>\n<meta property=\"og:url\" content=\"https:\/\/www.region-fes-meknes.ma\/fr\/la-region\/investir-a-la-region\/infrastructures-de-base\/\" \/>\n<meta property=\"og:site_name\" content=\"R\u00e9gion F\u00e8s Mekn\u00e8s\" \/>\n<meta property=\"article:publisher\" content=\"https:\/\/www.facebook.com\/R%c3%a9gion-F%c3%a8s-Mekn%c3%a8s-1130195096990872\" \/>\n<meta property=\"article:modified_time\" content=\"2017-12-13T12:47:34+00:00\" \/>\n<meta property=\"og:image\" content=\"http:\/\/www.region-fes-meknes.ma\/wp-content\/uploads\/2017\/12\/reseau-routier-rfm.png\" \/>\n<meta name=\"twitter:card\" content=\"summary_large_image\" \/>\n<meta name=\"twitter:label1\" content=\"Dur\u00e9e de lecture estim\u00e9e\" \/>\n\t<meta name=\"twitter:data1\" content=\"5 minutes\" \/>\n<script type=\"application\/ld+json\" class=\"yoast-schema-graph\">{\"@context\":\"https:\/\/schema.org\",\"@graph\":[{\"@type\":\"WebPage\",\"@id\":\"https:\/\/www.region-fes-meknes.ma\/fr\/la-region\/investir-a-la-region\/infrastructures-de-base\/\",\"url\":\"https:\/\/www.region-fes-meknes.ma\/fr\/la-region\/investir-a-la-region\/infrastructures-de-base\/\",\"name\":\"Infrastructures de base - R\u00e9gion F\u00e8s Mekn\u00e8s\",\"isPartOf\":{\"@id\":\"https:\/\/www.region-fes-meknes.ma\/#website\"},\"datePublished\":\"2017-12-13T11:20:21+00:00\",\"dateModified\":\"2017-12-13T12:47:34+00:00\",\"breadcrumb\":{\"@id\":\"https:\/\/www.region-fes-meknes.ma\/fr\/la-region\/investir-a-la-region\/infrastructures-de-base\/#breadcrumb\"},\"inLanguage\":\"fr-FR\",\"potentialAction\":[{\"@type\":\"ReadAction\",\"target\":[\"https:\/\/www.region-fes-meknes.ma\/fr\/la-region\/investir-a-la-region\/infrastructures-de-base\/\"]}]},{\"@type\":\"BreadcrumbList\",\"@id\":\"https:\/\/www.region-fes-meknes.ma\/fr\/la-region\/investir-a-la-region\/infrastructures-de-base\/#breadcrumb\",\"itemListElement\":[{\"@type\":\"ListItem\",\"position\":1,\"name\":\"Accueil\",\"item\":\"https:\/\/www.region-fes-meknes.ma\/fr\/\"},{\"@type\":\"ListItem\",\"position\":2,\"name\":\"La R\u00e9gion\",\"item\":\"https:\/\/www.region-fes-meknes.ma\/fr\/la-region\/\"},{\"@type\":\"ListItem\",\"position\":3,\"name\":\"Investir \u00e0 la R\u00e9gion\",\"item\":\"https:\/\/www.region-fes-meknes.ma\/fr\/la-region\/investir-a-la-region\/\"},{\"@type\":\"ListItem\",\"position\":4,\"name\":\"Infrastructures de base\"}]},{\"@type\":\"WebSite\",\"@id\":\"https:\/\/www.region-fes-meknes.ma\/#website\",\"url\":\"https:\/\/www.region-fes-meknes.ma\/\",\"name\":\"Portail de la R\u00e9gion F\u00e8s-Mekn\u00e8s\",\"description\":\"Site officiel de la r\u00e9gion F\u00e8s-Mekn\u00e8s.\",\"publisher\":{\"@id\":\"https:\/\/www.region-fes-meknes.ma\/#organization\"},\"potentialAction\":[{\"@type\":\"SearchAction\",\"target\":{\"@type\":\"EntryPoint\",\"urlTemplate\":\"https:\/\/www.region-fes-meknes.ma\/?s={search_term_string}\"},\"query-input\":\"required name=search_term_string\"}],\"inLanguage\":\"fr-FR\"},{\"@type\":\"Organization\",\"@id\":\"https:\/\/www.region-fes-meknes.ma\/#organization\",\"name\":\"R\u00e9gion F\u00e8s M\u00e8kn\u00e8s\",\"url\":\"https:\/\/www.region-fes-meknes.ma\/\",\"sameAs\":[\"https:\/\/www.facebook.com\/R\u00e9gion-F\u00e8s-Mekn\u00e8s-1130195096990872\"],\"logo\":{\"@type\":\"ImageObject\",\"inLanguage\":\"fr-FR\",\"@id\":\"https:\/\/www.region-fes-meknes.ma\/#\/schema\/logo\/image\/\",\"url\":\"http:\/\/www.region-fes-meknes.ma\/wp-content\/uploads\/2017\/10\/logo-rfm4.png\",\"contentUrl\":\"http:\/\/www.region-fes-meknes.ma\/wp-content\/uploads\/2017\/10\/logo-rfm4.png\",\"width\":304,\"height\":291,\"caption\":\"R\u00e9gion F\u00e8s M\u00e8kn\u00e8s\"},\"image\":{\"@id\":\"https:\/\/www.region-fes-meknes.ma\/#\/schema\/logo\/image\/\"}}]}<\/script>\n<!-- \/ Yoast SEO plugin. -->","yoast_head_json":{"title":"Infrastructures de base - R\u00e9gion F\u00e8s Mekn\u00e8s","robots":{"index":"index","follow":"follow","max-snippet":"max-snippet:-1","max-image-preview":"max-image-preview:large","max-video-preview":"max-video-preview:-1"},"canonical":"https:\/\/www.region-fes-meknes.ma\/fr\/la-region\/investir-a-la-region\/infrastructures-de-base\/","og_locale":"fr_FR","og_type":"article","og_title":"Infrastructures de base - R\u00e9gion F\u00e8s Mekn\u00e8s","og_description":"Le r\u00e9seau routier de la r\u00e9gion de F\u00e8s-Mekn\u00e8s totalise une longueur de 7625 Km, soit 18,5% du r\u00e9seau routier national. Les routes nationales dans la r\u00e9gion s\u2019\u00e9tendent sur une longueur ...","og_url":"https:\/\/www.region-fes-meknes.ma\/fr\/la-region\/investir-a-la-region\/infrastructures-de-base\/","og_site_name":"R\u00e9gion F\u00e8s Mekn\u00e8s","article_publisher":"https:\/\/www.facebook.com\/R%c3%a9gion-F%c3%a8s-Mekn%c3%a8s-1130195096990872","article_modified_time":"2017-12-13T12:47:34+00:00","og_image":[{"url":"http:\/\/www.region-fes-meknes.ma\/wp-content\/uploads\/2017\/12\/reseau-routier-rfm.png"}],"twitter_card":"summary_large_image","twitter_misc":{"Dur\u00e9e de lecture estim\u00e9e":"5 minutes"},"schema":{"@context":"https:\/\/schema.org","@graph":[{"@type":"WebPage","@id":"https:\/\/www.region-fes-meknes.ma\/fr\/la-region\/investir-a-la-region\/infrastructures-de-base\/","url":"https:\/\/www.region-fes-meknes.ma\/fr\/la-region\/investir-a-la-region\/infrastructures-de-base\/","name":"Infrastructures de base - R\u00e9gion F\u00e8s Mekn\u00e8s","isPartOf":{"@id":"https:\/\/www.region-fes-meknes.ma\/#website"},"datePublished":"2017-12-13T11:20:21+00:00","dateModified":"2017-12-13T12:47:34+00:00","breadcrumb":{"@id":"https:\/\/www.region-fes-meknes.ma\/fr\/la-region\/investir-a-la-region\/infrastructures-de-base\/#breadcrumb"},"inLanguage":"fr-FR","potentialAction":[{"@type":"ReadAction","target":["https:\/\/www.region-fes-meknes.ma\/fr\/la-region\/investir-a-la-region\/infrastructures-de-base\/"]}]},{"@type":"BreadcrumbList","@id":"https:\/\/www.region-fes-meknes.ma\/fr\/la-region\/investir-a-la-region\/infrastructures-de-base\/#breadcrumb","itemListElement":[{"@type":"ListItem","position":1,"name":"Accueil","item":"https:\/\/www.region-fes-meknes.ma\/fr\/"},{"@type":"ListItem","position":2,"name":"La R\u00e9gion","item":"https:\/\/www.region-fes-meknes.ma\/fr\/la-region\/"},{"@type":"ListItem","position":3,"name":"Investir \u00e0 la R\u00e9gion","item":"https:\/\/www.region-fes-meknes.ma\/fr\/la-region\/investir-a-la-region\/"},{"@type":"ListItem","position":4,"name":"Infrastructures de base"}]},{"@type":"WebSite","@id":"https:\/\/www.region-fes-meknes.ma\/#website","url":"https:\/\/www.region-fes-meknes.ma\/","name":"Portail de la R\u00e9gion F\u00e8s-Mekn\u00e8s","description":"Site officiel de la r\u00e9gion F\u00e8s-Mekn\u00e8s.","publisher":{"@id":"https:\/\/www.region-fes-meknes.ma\/#organization"},"potentialAction":[{"@type":"SearchAction","target":{"@type":"EntryPoint","urlTemplate":"https:\/\/www.region-fes-meknes.ma\/?s={search_term_string}"},"query-input":"required name=search_term_string"}],"inLanguage":"fr-FR"},{"@type":"Organization","@id":"https:\/\/www.region-fes-meknes.ma\/#organization","name":"R\u00e9gion F\u00e8s M\u00e8kn\u00e8s","url":"https:\/\/www.region-fes-meknes.ma\/","sameAs":["https:\/\/www.facebook.com\/R\u00e9gion-F\u00e8s-Mekn\u00e8s-1130195096990872"],"logo":{"@type":"ImageObject","inLanguage":"fr-FR","@id":"https:\/\/www.region-fes-meknes.ma\/#\/schema\/logo\/image\/","url":"http:\/\/www.region-fes-meknes.ma\/wp-content\/uploads\/2017\/10\/logo-rfm4.png","contentUrl":"http:\/\/www.region-fes-meknes.ma\/wp-content\/uploads\/2017\/10\/logo-rfm4.png","width":304,"height":291,"caption":"R\u00e9gion F\u00e8s M\u00e8kn\u00e8s"},"image":{"@id":"https:\/\/www.region-fes-meknes.ma\/#\/schema\/logo\/image\/"}}]}},"_links":{"self":[{"href":"https:\/\/www.region-fes-meknes.ma\/fr\/wp-json\/wp\/v2\/pages\/3209"}],"collection":[{"href":"https:\/\/www.region-fes-meknes.ma\/fr\/wp-json\/wp\/v2\/pages"}],"about":[{"href":"https:\/\/www.region-fes-meknes.ma\/fr\/wp-json\/wp\/v2\/types\/page"}],"author":[{"embeddable":true,"href":"https:\/\/www.region-fes-meknes.ma\/fr\/wp-json\/wp\/v2\/users\/1"}],"replies":[{"embeddable":true,"href":"https:\/\/www.region-fes-meknes.ma\/fr\/wp-json\/wp\/v2\/comments?post=3209"}],"version-history":[{"count":5,"href":"https:\/\/www.region-fes-meknes.ma\/fr\/wp-json\/wp\/v2\/pages\/3209\/revisions"}],"predecessor-version":[{"id":3235,"href":"https:\/\/www.region-fes-meknes.ma\/fr\/wp-json\/wp\/v2\/pages\/3209\/revisions\/3235"}],"up":[{"embeddable":true,"href":"https:\/\/www.region-fes-meknes.ma\/fr\/wp-json\/wp\/v2\/pages\/1348"}],"wp:attachment":[{"href":"https:\/\/www.region-fes-meknes.ma\/fr\/wp-json\/wp\/v2\/media?parent=3209"}],"curies":[{"name":"wp","href":"https:\/\/api.w.org\/{rel}","templated":true}]}}