{"id":3237,"date":"2017-12-13T14:00:37","date_gmt":"2017-12-13T13:00:37","guid":{"rendered":"http:\/\/www.region-fes-meknes.ma\/?page_id=3237"},"modified":"2020-05-14T18:47:13","modified_gmt":"2020-05-14T18:47:13","slug":"centre-regional-dinvestissement","status":"publish","type":"page","link":"https:\/\/www.region-fes-meknes.ma\/fr\/la-region\/investir-a-la-region\/centre-regional-dinvestissement\/","title":{"rendered":"Centre R\u00e9gional d&rsquo;Investissement"},"content":{"rendered":"<p>Le CRI, via les moyens mis en place constitue un v\u00e9ritable interlocuteur pour accompagner les investisseurs dans leurs d\u00e9marches administratives afin de rendre l\u2019investissement et la cr\u00e9ation d\u2019entreprise, plus faciles et plus rapides.<\/p>\n<p>Le Centre est dot\u00e9 de\u00a03 missions Fondamentales:<\/p>\n<ul>\n<li>L&rsquo;aide \u00e0 la cr\u00e9ation des entreprises.<\/li>\n<li>L&rsquo;appui et l&rsquo;aide aux investisseurs.<\/li>\n<li>La promotion de l\u2019investissement R\u00e9gional<\/li>\n<\/ul>\n<p><strong><em>Bilan des cr\u00e9ations d\u2019entreprises au niveau\u00a0<\/em><em>de la r\u00e9gion F\u00e8s-Mekn\u00e8s<\/em><\/strong><\/p>\n<p><img loading=\"lazy\" class=\"size-full wp-image-3238 aligncenter\" src=\"http:\/\/www.region-fes-meknes.ma\/wp-content\/uploads\/2017\/12\/creation-entreprise-rfm.png\" alt=\"\" width=\"404\" height=\"336\" srcset=\"https:\/\/www.region-fes-meknes.ma\/wp-content\/uploads\/2017\/12\/creation-entreprise-rfm.png 404w, https:\/\/www.region-fes-meknes.ma\/wp-content\/uploads\/2017\/12\/creation-entreprise-rfm-300x250.png 300w, https:\/\/www.region-fes-meknes.ma\/wp-content\/uploads\/2017\/12\/creation-entreprise-rfm-100x83.png 100w\" sizes=\"(max-width: 404px) 100vw, 404px\" \/><\/p>\n<p><img loading=\"lazy\" class=\"size-full wp-image-3239 aligncenter\" src=\"http:\/\/www.region-fes-meknes.ma\/wp-content\/uploads\/2017\/12\/creation-entreprise2-rfm.png\" alt=\"\" width=\"420\" height=\"331\" srcset=\"https:\/\/www.region-fes-meknes.ma\/wp-content\/uploads\/2017\/12\/creation-entreprise2-rfm.png 420w, https:\/\/www.region-fes-meknes.ma\/wp-content\/uploads\/2017\/12\/creation-entreprise2-rfm-300x236.png 300w, https:\/\/www.region-fes-meknes.ma\/wp-content\/uploads\/2017\/12\/creation-entreprise2-rfm-100x79.png 100w\" sizes=\"(max-width: 420px) 100vw, 420px\" \/><\/p>\n<p>Au titre du 1er semestre 2017, le CRI a permis la cr\u00e9ation de 2082 nouvelles entreprises. Le nombre d\u2019entreprises cr\u00e9\u00e9es par le CRI est pass\u00e9 de 2077 entreprises \u00e0 2082 entreprises soit une augmentation de 0.2%. Le guichet de Boulemane a enregistr\u00e9 l\u2019augmentation la plus importante en termes avec un taux de 50%, il est suivi du guichet de Mekn\u00e8s avec un taux de +5.5%.<\/p>\n<p><strong><em>Evolution du nombre d\u2019entreprises cr\u00e9\u00e9es par guichet entre le 1er semestre 2016 et 2017<\/em><\/strong><\/p>\n<p>&nbsp;<\/p>\n<p><img loading=\"lazy\" class=\"size-full wp-image-3241 aligncenter\" src=\"http:\/\/www.region-fes-meknes.ma\/wp-content\/uploads\/2017\/12\/creation-entreprise3-rfm.png\" alt=\"\" width=\"420\" height=\"345\" srcset=\"https:\/\/www.region-fes-meknes.ma\/wp-content\/uploads\/2017\/12\/creation-entreprise3-rfm.png 420w, https:\/\/www.region-fes-meknes.ma\/wp-content\/uploads\/2017\/12\/creation-entreprise3-rfm-300x246.png 300w, https:\/\/www.region-fes-meknes.ma\/wp-content\/uploads\/2017\/12\/creation-entreprise3-rfm-100x82.png 100w\" sizes=\"(max-width: 420px) 100vw, 420px\" \/><\/p>\n<p><img loading=\"lazy\" class=\"size-full wp-image-3240 aligncenter\" src=\"http:\/\/www.region-fes-meknes.ma\/wp-content\/uploads\/2017\/12\/creation-entreprise4-rfm.png\" alt=\"\" width=\"368\" height=\"164\" srcset=\"https:\/\/www.region-fes-meknes.ma\/wp-content\/uploads\/2017\/12\/creation-entreprise4-rfm.png 368w, https:\/\/www.region-fes-meknes.ma\/wp-content\/uploads\/2017\/12\/creation-entreprise4-rfm-300x134.png 300w, https:\/\/www.region-fes-meknes.ma\/wp-content\/uploads\/2017\/12\/creation-entreprise4-rfm-100x45.png 100w\" sizes=\"(max-width: 368px) 100vw, 368px\" \/><\/p>\n<p>Il est \u00e0 noter que 65% de ces entreprises poss\u00e8dent la forme juridique SARL et 34% la forme personne physique. En termes de secteur d\u2019activit\u00e9, le secteur du commerce vient en t\u00eate avec une part de 36% et les services divers avec une part de 35% des entreprises cr\u00e9\u00e9es, ils sont suivis du secteur du BTP avec une part 21%.<\/p>\n<p><img loading=\"lazy\" class=\"size-full wp-image-3242 aligncenter\" src=\"http:\/\/www.region-fes-meknes.ma\/wp-content\/uploads\/2017\/12\/creation-entreprise5-rfm.png\" alt=\"\" width=\"356\" height=\"316\" srcset=\"https:\/\/www.region-fes-meknes.ma\/wp-content\/uploads\/2017\/12\/creation-entreprise5-rfm.png 356w, https:\/\/www.region-fes-meknes.ma\/wp-content\/uploads\/2017\/12\/creation-entreprise5-rfm-300x266.png 300w, https:\/\/www.region-fes-meknes.ma\/wp-content\/uploads\/2017\/12\/creation-entreprise5-rfm-100x89.png 100w\" sizes=\"(max-width: 356px) 100vw, 356px\" \/><\/p>\n<p>Le CRI F\u00e8s Mekn\u00e8s a assur\u00e9 la cr\u00e9ation de 114 entreprises port\u00e9es par des MRE. Les entreprises cr\u00e9\u00e9es par les MRE via le CRI appartiennent \u00e0 38% au secteur des services divers, puis au secteur du BTP \u00e0 29%. Le guichet de F\u00e8s a accompagn\u00e9 la cr\u00e9ation de 52% de ces entreprises. La forme juridique SARL domine ces cr\u00e9ations avec une part de 96%.<\/p>\n<p><strong><em>R\u00e9partition des projets d\u2019investissement agr\u00e9\u00e9s par le CRI en 1er semestre 2017 par secteur d\u2019activit\u00e9, montant d\u2019investissement et nombre d\u2019emplois<\/em><\/strong><\/p>\n<p><img loading=\"lazy\" class=\"size-full wp-image-3243 aligncenter\" src=\"http:\/\/www.region-fes-meknes.ma\/wp-content\/uploads\/2017\/12\/creation-entreprise6-rfm.png\" alt=\"\" width=\"584\" height=\"321\" srcset=\"https:\/\/www.region-fes-meknes.ma\/wp-content\/uploads\/2017\/12\/creation-entreprise6-rfm.png 584w, https:\/\/www.region-fes-meknes.ma\/wp-content\/uploads\/2017\/12\/creation-entreprise6-rfm-300x165.png 300w, https:\/\/www.region-fes-meknes.ma\/wp-content\/uploads\/2017\/12\/creation-entreprise6-rfm-100x55.png 100w\" sizes=\"(max-width: 584px) 100vw, 584px\" \/><\/p>\n<ol>\n<li>Construction autre que l\u2019habitat, Activit\u00e9 immobili\u00e8re<\/li>\n<li>Information communication, activit\u00e9 sp\u00e9cialis\u00e9e \u00e9conomique et technique, activit\u00e9 financi\u00e8re, activit\u00e9 de service administratif et de soutien<\/li>\n<\/ol>\n<p>En terme de valeur, les projets industriels et agro-industriels arrivent en 2i\u00e8me position avec un montant d\u2019investissement de 395,2 Millions de Dhs et en premi\u00e8re position en nombre de projets, notamment dans le cadre des projets agr\u00e9\u00e9s dans la zone Agropolis de Mekn\u00e8s, le projet d\u2019extension de l\u2019usine Central Danone qui fera de cette usine une des premi\u00e8res d\u2019Afrique du Groupe International Danone, et le projet d\u2019extension d\u2019usine d\u2019embouteillage de l\u2019eau min\u00e9rale Ain Saiss sis \u00e0 la Commune Ain Bida Pr\u00e9fecture de F\u00e8s.<\/p>\n<p>Il est \u00e0 noter que la soci\u00e9t\u00e9 canadienne CGI active dans le domaine des services en technologies de l\u2019information et de la communication (TIC) et en gestion des processus d\u2019affaire, s\u2019est install\u00e9 \u00e0 la plateforme offshoring F\u00e8sShore, et pr\u00e9voit le recrutement d\u2019un nombre de 400 ing\u00e9nieurs dans le secteur informatique.<\/p>\n<p>Quant aux projets d\u2019habitat ils arrivent en t\u00eate de classement notamment le projet structurant \u00e0 la Province d\u2019El Hajeb qui permettra de r\u00e9aliser aussi bien un lotissement d\u2019habitat qu\u2019une zone qui regroupera les activit\u00e9s \u00e9conomiques diverses.<\/p>\n<p>Concernant le secteur touristique, il arrive \u00e9galement en 2\u00e8me position avec un montant d\u2019investissement de 410 Millions de Dhs, notamment le projet de complexe touristique et de loisirs sis \u00e0 la Commune Iqaddar, Province El Hajeb, ainsi que le projet de complexe touristique, r\u00e9sidentiel et de loisir \u00abAjellab Hills\u00bb sis \u00e0 la Commune Ben Smim Province d\u2019Ifrane.<\/p>\n<p>Il est \u00e0 noter que l\u2019Appel \u00e0 Manifestation d\u2019Int\u00e9r\u00eat relatif \u00e0 la r\u00e9alisation d\u2019un parc d\u2019animation et de loisirs sis \u00e0 la ville d\u2019Ifrane a eu l\u2019avis favorable de la Commission R\u00e9gionale d\u2019Investissement.<\/p>\n<p><strong><em>R\u00e9partition des projets agr\u00e9\u00e9s en 1er semestre 2017 par pr\u00e9fecture \/ province<\/em><\/strong><\/p>\n<p><img loading=\"lazy\" class=\"size-full wp-image-3244 aligncenter\" src=\"http:\/\/www.region-fes-meknes.ma\/wp-content\/uploads\/2017\/12\/creation-entreprise7-rfm.png\" alt=\"\" width=\"628\" height=\"343\" srcset=\"https:\/\/www.region-fes-meknes.ma\/wp-content\/uploads\/2017\/12\/creation-entreprise7-rfm.png 628w, https:\/\/www.region-fes-meknes.ma\/wp-content\/uploads\/2017\/12\/creation-entreprise7-rfm-300x164.png 300w, https:\/\/www.region-fes-meknes.ma\/wp-content\/uploads\/2017\/12\/creation-entreprise7-rfm-100x55.png 100w\" sizes=\"(max-width: 628px) 100vw, 628px\" \/><\/p>\n<p>En terme de nombre de projet, il s\u2019av\u00e8re que la Pr\u00e9fecture de Mekn\u00e8s arrive en t\u00eate avec 23 projets suivie de la province de Moulay Yacoub avec 11 projets ce qui d\u00e9note de l\u2019int\u00e9r\u00eat de disposer des zones am\u00e9nag\u00e9es pour les investisseurs.<\/p>\n<p>En terme de valeur, la Province d\u2019El Hajeb s\u2019accapare le tiers du montant global d\u2019investissement projet\u00e9.<\/p>\n<p><a href=\"http:\/\/fesmeknesinvest.ma\/ar\" target=\"_blank\" rel=\"noopener noreferrer\"><strong>\u064dVisitez le site web du centre<\/strong><\/a><\/p>\n","protected":false},"excerpt":{"rendered":"<p>Le CRI, via les moyens mis en place constitue un v\u00e9ritable interlocuteur pour accompagner les investisseurs dans leurs d\u00e9marches administratives afin de rendre l\u2019investissement et la cr\u00e9ation d\u2019entreprise, plus faciles &#8230;<\/p>\n","protected":false},"author":1,"featured_media":0,"parent":1348,"menu_order":10,"comment_status":"closed","ping_status":"closed","template":"","meta":{"_bbp_topic_count":0,"_bbp_reply_count":0,"_bbp_total_topic_count":0,"_bbp_total_reply_count":0,"_bbp_voice_count":0,"_bbp_anonymous_reply_count":0,"_bbp_topic_count_hidden":0,"_bbp_reply_count_hidden":0,"_bbp_forum_subforum_count":0},"acf":[],"yoast_head":"<!-- This site is optimized with the Yoast SEO plugin v19.5.1 - https:\/\/yoast.com\/wordpress\/plugins\/seo\/ -->\n<title>Centre R\u00e9gional d&#039;Investissement - R\u00e9gion F\u00e8s Mekn\u00e8s<\/title>\n<meta name=\"robots\" content=\"index, follow, max-snippet:-1, max-image-preview:large, max-video-preview:-1\" \/>\n<link rel=\"canonical\" href=\"https:\/\/www.region-fes-meknes.ma\/fr\/la-region\/investir-a-la-region\/centre-regional-dinvestissement\/\" \/>\n<meta property=\"og:locale\" content=\"fr_FR\" \/>\n<meta property=\"og:type\" content=\"article\" \/>\n<meta property=\"og:title\" content=\"Centre R\u00e9gional d&#039;Investissement - R\u00e9gion F\u00e8s Mekn\u00e8s\" \/>\n<meta property=\"og:description\" content=\"Le CRI, via les moyens mis en place constitue un v\u00e9ritable interlocuteur pour accompagner les investisseurs dans leurs d\u00e9marches administratives afin de rendre l\u2019investissement et la cr\u00e9ation d\u2019entreprise, plus faciles ...\" \/>\n<meta property=\"og:url\" content=\"https:\/\/www.region-fes-meknes.ma\/fr\/la-region\/investir-a-la-region\/centre-regional-dinvestissement\/\" \/>\n<meta property=\"og:site_name\" content=\"R\u00e9gion F\u00e8s Mekn\u00e8s\" \/>\n<meta property=\"article:publisher\" content=\"https:\/\/www.facebook.com\/R%c3%a9gion-F%c3%a8s-Mekn%c3%a8s-1130195096990872\" \/>\n<meta property=\"article:modified_time\" content=\"2020-05-14T18:47:13+00:00\" \/>\n<meta property=\"og:image\" content=\"http:\/\/www.region-fes-meknes.ma\/wp-content\/uploads\/2017\/12\/creation-entreprise-rfm.png\" \/>\n<meta name=\"twitter:card\" content=\"summary_large_image\" \/>\n<meta name=\"twitter:label1\" content=\"Dur\u00e9e de lecture estim\u00e9e\" \/>\n\t<meta name=\"twitter:data1\" content=\"4 minutes\" \/>\n<script type=\"application\/ld+json\" class=\"yoast-schema-graph\">{\"@context\":\"https:\/\/schema.org\",\"@graph\":[{\"@type\":\"WebPage\",\"@id\":\"https:\/\/www.region-fes-meknes.ma\/fr\/la-region\/investir-a-la-region\/centre-regional-dinvestissement\/\",\"url\":\"https:\/\/www.region-fes-meknes.ma\/fr\/la-region\/investir-a-la-region\/centre-regional-dinvestissement\/\",\"name\":\"Centre R\u00e9gional d'Investissement - R\u00e9gion F\u00e8s Mekn\u00e8s\",\"isPartOf\":{\"@id\":\"https:\/\/www.region-fes-meknes.ma\/#website\"},\"datePublished\":\"2017-12-13T13:00:37+00:00\",\"dateModified\":\"2020-05-14T18:47:13+00:00\",\"breadcrumb\":{\"@id\":\"https:\/\/www.region-fes-meknes.ma\/fr\/la-region\/investir-a-la-region\/centre-regional-dinvestissement\/#breadcrumb\"},\"inLanguage\":\"fr-FR\",\"potentialAction\":[{\"@type\":\"ReadAction\",\"target\":[\"https:\/\/www.region-fes-meknes.ma\/fr\/la-region\/investir-a-la-region\/centre-regional-dinvestissement\/\"]}]},{\"@type\":\"BreadcrumbList\",\"@id\":\"https:\/\/www.region-fes-meknes.ma\/fr\/la-region\/investir-a-la-region\/centre-regional-dinvestissement\/#breadcrumb\",\"itemListElement\":[{\"@type\":\"ListItem\",\"position\":1,\"name\":\"Accueil\",\"item\":\"https:\/\/www.region-fes-meknes.ma\/fr\/\"},{\"@type\":\"ListItem\",\"position\":2,\"name\":\"La R\u00e9gion\",\"item\":\"https:\/\/www.region-fes-meknes.ma\/fr\/la-region\/\"},{\"@type\":\"ListItem\",\"position\":3,\"name\":\"Investir \u00e0 la R\u00e9gion\",\"item\":\"https:\/\/www.region-fes-meknes.ma\/fr\/la-region\/investir-a-la-region\/\"},{\"@type\":\"ListItem\",\"position\":4,\"name\":\"Centre R\u00e9gional d&rsquo;Investissement\"}]},{\"@type\":\"WebSite\",\"@id\":\"https:\/\/www.region-fes-meknes.ma\/#website\",\"url\":\"https:\/\/www.region-fes-meknes.ma\/\",\"name\":\"Portail de la R\u00e9gion F\u00e8s-Mekn\u00e8s\",\"description\":\"Site officiel de la r\u00e9gion F\u00e8s-Mekn\u00e8s.\",\"publisher\":{\"@id\":\"https:\/\/www.region-fes-meknes.ma\/#organization\"},\"potentialAction\":[{\"@type\":\"SearchAction\",\"target\":{\"@type\":\"EntryPoint\",\"urlTemplate\":\"https:\/\/www.region-fes-meknes.ma\/?s={search_term_string}\"},\"query-input\":\"required name=search_term_string\"}],\"inLanguage\":\"fr-FR\"},{\"@type\":\"Organization\",\"@id\":\"https:\/\/www.region-fes-meknes.ma\/#organization\",\"name\":\"R\u00e9gion F\u00e8s M\u00e8kn\u00e8s\",\"url\":\"https:\/\/www.region-fes-meknes.ma\/\",\"sameAs\":[\"https:\/\/www.facebook.com\/R\u00e9gion-F\u00e8s-Mekn\u00e8s-1130195096990872\"],\"logo\":{\"@type\":\"ImageObject\",\"inLanguage\":\"fr-FR\",\"@id\":\"https:\/\/www.region-fes-meknes.ma\/#\/schema\/logo\/image\/\",\"url\":\"http:\/\/www.region-fes-meknes.ma\/wp-content\/uploads\/2017\/10\/logo-rfm4.png\",\"contentUrl\":\"http:\/\/www.region-fes-meknes.ma\/wp-content\/uploads\/2017\/10\/logo-rfm4.png\",\"width\":304,\"height\":291,\"caption\":\"R\u00e9gion F\u00e8s M\u00e8kn\u00e8s\"},\"image\":{\"@id\":\"https:\/\/www.region-fes-meknes.ma\/#\/schema\/logo\/image\/\"}}]}<\/script>\n<!-- \/ Yoast SEO plugin. -->","yoast_head_json":{"title":"Centre R\u00e9gional d'Investissement - R\u00e9gion F\u00e8s Mekn\u00e8s","robots":{"index":"index","follow":"follow","max-snippet":"max-snippet:-1","max-image-preview":"max-image-preview:large","max-video-preview":"max-video-preview:-1"},"canonical":"https:\/\/www.region-fes-meknes.ma\/fr\/la-region\/investir-a-la-region\/centre-regional-dinvestissement\/","og_locale":"fr_FR","og_type":"article","og_title":"Centre R\u00e9gional d'Investissement - R\u00e9gion F\u00e8s Mekn\u00e8s","og_description":"Le CRI, via les moyens mis en place constitue un v\u00e9ritable interlocuteur pour accompagner les investisseurs dans leurs d\u00e9marches administratives afin de rendre l\u2019investissement et la cr\u00e9ation d\u2019entreprise, plus faciles ...","og_url":"https:\/\/www.region-fes-meknes.ma\/fr\/la-region\/investir-a-la-region\/centre-regional-dinvestissement\/","og_site_name":"R\u00e9gion F\u00e8s Mekn\u00e8s","article_publisher":"https:\/\/www.facebook.com\/R%c3%a9gion-F%c3%a8s-Mekn%c3%a8s-1130195096990872","article_modified_time":"2020-05-14T18:47:13+00:00","og_image":[{"url":"http:\/\/www.region-fes-meknes.ma\/wp-content\/uploads\/2017\/12\/creation-entreprise-rfm.png"}],"twitter_card":"summary_large_image","twitter_misc":{"Dur\u00e9e de lecture estim\u00e9e":"4 minutes"},"schema":{"@context":"https:\/\/schema.org","@graph":[{"@type":"WebPage","@id":"https:\/\/www.region-fes-meknes.ma\/fr\/la-region\/investir-a-la-region\/centre-regional-dinvestissement\/","url":"https:\/\/www.region-fes-meknes.ma\/fr\/la-region\/investir-a-la-region\/centre-regional-dinvestissement\/","name":"Centre R\u00e9gional d'Investissement - R\u00e9gion F\u00e8s Mekn\u00e8s","isPartOf":{"@id":"https:\/\/www.region-fes-meknes.ma\/#website"},"datePublished":"2017-12-13T13:00:37+00:00","dateModified":"2020-05-14T18:47:13+00:00","breadcrumb":{"@id":"https:\/\/www.region-fes-meknes.ma\/fr\/la-region\/investir-a-la-region\/centre-regional-dinvestissement\/#breadcrumb"},"inLanguage":"fr-FR","potentialAction":[{"@type":"ReadAction","target":["https:\/\/www.region-fes-meknes.ma\/fr\/la-region\/investir-a-la-region\/centre-regional-dinvestissement\/"]}]},{"@type":"BreadcrumbList","@id":"https:\/\/www.region-fes-meknes.ma\/fr\/la-region\/investir-a-la-region\/centre-regional-dinvestissement\/#breadcrumb","itemListElement":[{"@type":"ListItem","position":1,"name":"Accueil","item":"https:\/\/www.region-fes-meknes.ma\/fr\/"},{"@type":"ListItem","position":2,"name":"La R\u00e9gion","item":"https:\/\/www.region-fes-meknes.ma\/fr\/la-region\/"},{"@type":"ListItem","position":3,"name":"Investir \u00e0 la R\u00e9gion","item":"https:\/\/www.region-fes-meknes.ma\/fr\/la-region\/investir-a-la-region\/"},{"@type":"ListItem","position":4,"name":"Centre R\u00e9gional d&rsquo;Investissement"}]},{"@type":"WebSite","@id":"https:\/\/www.region-fes-meknes.ma\/#website","url":"https:\/\/www.region-fes-meknes.ma\/","name":"Portail de la R\u00e9gion F\u00e8s-Mekn\u00e8s","description":"Site officiel de la r\u00e9gion F\u00e8s-Mekn\u00e8s.","publisher":{"@id":"https:\/\/www.region-fes-meknes.ma\/#organization"},"potentialAction":[{"@type":"SearchAction","target":{"@type":"EntryPoint","urlTemplate":"https:\/\/www.region-fes-meknes.ma\/?s={search_term_string}"},"query-input":"required name=search_term_string"}],"inLanguage":"fr-FR"},{"@type":"Organization","@id":"https:\/\/www.region-fes-meknes.ma\/#organization","name":"R\u00e9gion F\u00e8s M\u00e8kn\u00e8s","url":"https:\/\/www.region-fes-meknes.ma\/","sameAs":["https:\/\/www.facebook.com\/R\u00e9gion-F\u00e8s-Mekn\u00e8s-1130195096990872"],"logo":{"@type":"ImageObject","inLanguage":"fr-FR","@id":"https:\/\/www.region-fes-meknes.ma\/#\/schema\/logo\/image\/","url":"http:\/\/www.region-fes-meknes.ma\/wp-content\/uploads\/2017\/10\/logo-rfm4.png","contentUrl":"http:\/\/www.region-fes-meknes.ma\/wp-content\/uploads\/2017\/10\/logo-rfm4.png","width":304,"height":291,"caption":"R\u00e9gion F\u00e8s M\u00e8kn\u00e8s"},"image":{"@id":"https:\/\/www.region-fes-meknes.ma\/#\/schema\/logo\/image\/"}}]}},"_links":{"self":[{"href":"https:\/\/www.region-fes-meknes.ma\/fr\/wp-json\/wp\/v2\/pages\/3237"}],"collection":[{"href":"https:\/\/www.region-fes-meknes.ma\/fr\/wp-json\/wp\/v2\/pages"}],"about":[{"href":"https:\/\/www.region-fes-meknes.ma\/fr\/wp-json\/wp\/v2\/types\/page"}],"author":[{"embeddable":true,"href":"https:\/\/www.region-fes-meknes.ma\/fr\/wp-json\/wp\/v2\/users\/1"}],"replies":[{"embeddable":true,"href":"https:\/\/www.region-fes-meknes.ma\/fr\/wp-json\/wp\/v2\/comments?post=3237"}],"version-history":[{"count":3,"href":"https:\/\/www.region-fes-meknes.ma\/fr\/wp-json\/wp\/v2\/pages\/3237\/revisions"}],"predecessor-version":[{"id":14963,"href":"https:\/\/www.region-fes-meknes.ma\/fr\/wp-json\/wp\/v2\/pages\/3237\/revisions\/14963"}],"up":[{"embeddable":true,"href":"https:\/\/www.region-fes-meknes.ma\/fr\/wp-json\/wp\/v2\/pages\/1348"}],"wp:attachment":[{"href":"https:\/\/www.region-fes-meknes.ma\/fr\/wp-json\/wp\/v2\/media?parent=3237"}],"curies":[{"name":"wp","href":"https:\/\/api.w.org\/{rel}","templated":true}]}}