{"id":3285,"date":"2017-12-18T20:31:28","date_gmt":"2017-12-18T19:31:28","guid":{"rendered":"http:\/\/www.region-fes-meknes.ma\/?page_id=3285"},"modified":"2018-04-03T13:31:49","modified_gmt":"2018-04-03T11:31:49","slug":"prefectures-provinces","status":"publish","type":"page","link":"https:\/\/www.region-fes-meknes.ma\/fr\/la-region\/prefectures-provinces\/","title":{"rendered":"Pr\u00e9fectures &#038; Provinces"},"content":{"rendered":"<p>Pr\u00e9sentation des deux pr\u00e9fectures et sept provinces constituant la r\u00e9gion de F\u00e8s-Mekn\u00e8s<\/p>\n<div class=\"page-category\">\n<article id=\"post-2338\" class=\"list-article clearfix post-2338 page_province type-page_province status-publish has-post-thumbnail hentry province-fes\">\n\n\t<div class=\"list-article-thumb\">\n\t\t<a href=\"https:\/\/www.region-fes-meknes.ma\/fr\/provinces\/fes\/\">\n\t\t\t<img width=\"274\" height=\"150\" src=\"https:\/\/www.region-fes-meknes.ma\/wp-content\/uploads\/2016\/02\/about1.jpg\" class=\"attachment-rfm22-blog-small size-rfm22-blog-small wp-post-image\" alt=\"fes\" loading=\"lazy\" srcset=\"https:\/\/www.region-fes-meknes.ma\/wp-content\/uploads\/2016\/02\/about1.jpg 640w, https:\/\/www.region-fes-meknes.ma\/wp-content\/uploads\/2016\/02\/about1-300x164.jpg 300w\" sizes=\"(max-width: 274px) 100vw, 274px\" \/>\t\t<\/a>\n\t<\/div>\n\n\t<div class=\"list-article-content\">\n\t\t<div class=\"list-article-meta\">\n\t\t\t\t\t<\/div>\n\t\t<header class=\"list-entry-header\">\n\t\t\t<h2 class=\"entry-title\"><a href=\"https:\/\/www.region-fes-meknes.ma\/fr\/provinces\/fes\/\" rel=\"bookmark\">F\u00e8s<\/a><\/h2>\t\t<\/header><!-- .entry-header -->\n\t\t<div class=\"entry-excerpt\">\n\t\t\t<p>La pr\u00e9fecture de F\u00e8s s&rsquo;\u00e9tend sur une superficie de\u00a0312 km.\u00a0Elle comporte trois\u00a0villes\u00a0: la ville de\u00a0F\u00e8s, compos\u00e9e des communes urbaines \u2013 ou\u00a0municipalit\u00e9s\u00a0\u2013 de F\u00e8s et de M\u00e9chouar El Jdid, et les &#8230;<\/p>\n\t\t\t<a class=\"read-more-link\" href=\"https:\/\/www.region-fes-meknes.ma\/fr\/provinces\/fes\/\"> Lire la suite<\/a>\n\t\t\t\t\t<\/div><!-- .entry-content -->\n\t<\/div>\n\n<\/article><!-- #post-## -->\n\n\n<article id=\"post-2339\" class=\"list-article clearfix post-2339 page_province type-page_province status-publish has-post-thumbnail hentry province-meknes\">\n\n\t<div class=\"list-article-thumb\">\n\t\t<a href=\"https:\/\/www.region-fes-meknes.ma\/fr\/provinces\/meknes\/\">\n\t\t\t<img width=\"225\" height=\"150\" src=\"https:\/\/www.region-fes-meknes.ma\/wp-content\/uploads\/2016\/02\/blog4.jpg\" class=\"attachment-rfm22-blog-small size-rfm22-blog-small wp-post-image\" alt=\"Mekn\u00e8s\" loading=\"lazy\" srcset=\"https:\/\/www.region-fes-meknes.ma\/wp-content\/uploads\/2016\/02\/blog4.jpg 1280w, https:\/\/www.region-fes-meknes.ma\/wp-content\/uploads\/2016\/02\/blog4-300x200.jpg 300w, https:\/\/www.region-fes-meknes.ma\/wp-content\/uploads\/2016\/02\/blog4-768x512.jpg 768w, https:\/\/www.region-fes-meknes.ma\/wp-content\/uploads\/2016\/02\/blog4-1024x682.jpg 1024w, https:\/\/www.region-fes-meknes.ma\/wp-content\/uploads\/2016\/02\/blog4-100x67.jpg 100w\" sizes=\"(max-width: 225px) 100vw, 225px\" \/>\t\t<\/a>\n\t<\/div>\n\n\t<div class=\"list-article-content\">\n\t\t<div class=\"list-article-meta\">\n\t\t\t\t\t<\/div>\n\t\t<header class=\"list-entry-header\">\n\t\t\t<h2 class=\"entry-title\"><a href=\"https:\/\/www.region-fes-meknes.ma\/fr\/provinces\/meknes\/\" rel=\"bookmark\">Mekn\u00e8s<\/a><\/h2>\t\t<\/header><!-- .entry-header -->\n\t\t<div class=\"entry-excerpt\">\n\t\t\t<p>La Pr\u00e9fecture de Mekn\u00e8s est une des neuf entit\u00e9s administratives de la r\u00e9gion F\u00e8s-Mekn\u00e8s selon le d\u00e9coupage administratif 2015, s\u2019\u00e9tendant sur une superficie d\u2019environ 1786 Km2, elle englobe depuis 2003 &#8230;<\/p>\n\t\t\t<a class=\"read-more-link\" href=\"https:\/\/www.region-fes-meknes.ma\/fr\/provinces\/meknes\/\"> Lire la suite<\/a>\n\t\t\t\t\t<\/div><!-- .entry-content -->\n\t<\/div>\n\n<\/article><!-- #post-## -->\n\n\n<article id=\"post-2341\" class=\"list-article clearfix post-2341 page_province type-page_province status-publish has-post-thumbnail hentry province-taounate\">\n\n\t<div class=\"list-article-thumb\">\n\t\t<a href=\"https:\/\/www.region-fes-meknes.ma\/fr\/provinces\/taounate\/\">\n\t\t\t<img width=\"200\" height=\"150\" src=\"https:\/\/www.region-fes-meknes.ma\/wp-content\/uploads\/2017\/10\/Taounate.jpg\" class=\"attachment-rfm22-blog-small size-rfm22-blog-small wp-post-image\" alt=\"Taounate\" loading=\"lazy\" srcset=\"https:\/\/www.region-fes-meknes.ma\/wp-content\/uploads\/2017\/10\/Taounate.jpg 500w, https:\/\/www.region-fes-meknes.ma\/wp-content\/uploads\/2017\/10\/Taounate-300x225.jpg 300w, https:\/\/www.region-fes-meknes.ma\/wp-content\/uploads\/2017\/10\/Taounate-100x75.jpg 100w\" sizes=\"(max-width: 200px) 100vw, 200px\" \/>\t\t<\/a>\n\t<\/div>\n\n\t<div class=\"list-article-content\">\n\t\t<div class=\"list-article-meta\">\n\t\t\t\t\t<\/div>\n\t\t<header class=\"list-entry-header\">\n\t\t\t<h2 class=\"entry-title\"><a href=\"https:\/\/www.region-fes-meknes.ma\/fr\/provinces\/taounate\/\" rel=\"bookmark\">Taounate<\/a><\/h2>\t\t<\/header><!-- .entry-header -->\n\t\t<div class=\"entry-excerpt\">\n\t\t\t<p>Milieu naturel et d\u00e9mographie La Province de Taounate est situ\u00e9e dans le pays jbala au sud-ouest de la r\u00e9gion de Taza-Al Hoceima-Taounate. Elle est d\u00e9limit\u00e9e par les provinces d&rsquo;Al Hoceima &#8230;<\/p>\n\t\t\t<a class=\"read-more-link\" href=\"https:\/\/www.region-fes-meknes.ma\/fr\/provinces\/taounate\/\"> Lire la suite<\/a>\n\t\t\t\t\t<\/div><!-- .entry-content -->\n\t<\/div>\n\n<\/article><!-- #post-## -->\n\n\n<article id=\"post-2340\" class=\"list-article clearfix post-2340 page_province type-page_province status-publish has-post-thumbnail hentry province-taza\">\n\n\t<div class=\"list-article-thumb\">\n\t\t<a href=\"https:\/\/www.region-fes-meknes.ma\/fr\/provinces\/taza\/\">\n\t\t\t<img width=\"265\" height=\"150\" src=\"https:\/\/www.region-fes-meknes.ma\/wp-content\/uploads\/2017\/10\/Taza.jpg\" class=\"attachment-rfm22-blog-small size-rfm22-blog-small wp-post-image\" alt=\"Taza\" loading=\"lazy\" srcset=\"https:\/\/www.region-fes-meknes.ma\/wp-content\/uploads\/2017\/10\/Taza.jpg 500w, https:\/\/www.region-fes-meknes.ma\/wp-content\/uploads\/2017\/10\/Taza-300x170.jpg 300w, https:\/\/www.region-fes-meknes.ma\/wp-content\/uploads\/2017\/10\/Taza-100x57.jpg 100w\" sizes=\"(max-width: 265px) 100vw, 265px\" \/>\t\t<\/a>\n\t<\/div>\n\n\t<div class=\"list-article-content\">\n\t\t<div class=\"list-article-meta\">\n\t\t\t\t\t<\/div>\n\t\t<header class=\"list-entry-header\">\n\t\t\t<h2 class=\"entry-title\"><a href=\"https:\/\/www.region-fes-meknes.ma\/fr\/provinces\/taza\/\" rel=\"bookmark\">Taza<\/a><\/h2>\t\t<\/header><!-- .entry-header -->\n\t\t<div class=\"entry-excerpt\">\n\t\t\t<p>Milieu naturel et d\u00e9mographie La province de Taza est une province montagneuse comportant une zone rifaine et une zone atlasique, c&rsquo;est la jonction entre le Rif et le Moyen Atlas. &#8230;<\/p>\n\t\t\t<a class=\"read-more-link\" href=\"https:\/\/www.region-fes-meknes.ma\/fr\/provinces\/taza\/\"> Lire la suite<\/a>\n\t\t\t\t\t<\/div><!-- .entry-content -->\n\t<\/div>\n\n<\/article><!-- #post-## -->\n\n\n<article id=\"post-2343\" class=\"list-article clearfix post-2343 page_province type-page_province status-publish has-post-thumbnail hentry province-sefrou\">\n\n\t<div class=\"list-article-thumb\">\n\t\t<a href=\"https:\/\/www.region-fes-meknes.ma\/fr\/provinces\/sefrou\/\">\n\t\t\t<img width=\"250\" height=\"150\" src=\"https:\/\/www.region-fes-meknes.ma\/wp-content\/uploads\/2017\/10\/sefrou02.jpg\" class=\"attachment-rfm22-blog-small size-rfm22-blog-small wp-post-image\" alt=\"sefrou02\" loading=\"lazy\" srcset=\"https:\/\/www.region-fes-meknes.ma\/wp-content\/uploads\/2017\/10\/sefrou02.jpg 600w, https:\/\/www.region-fes-meknes.ma\/wp-content\/uploads\/2017\/10\/sefrou02-300x180.jpg 300w, https:\/\/www.region-fes-meknes.ma\/wp-content\/uploads\/2017\/10\/sefrou02-100x60.jpg 100w\" sizes=\"(max-width: 250px) 100vw, 250px\" \/>\t\t<\/a>\n\t<\/div>\n\n\t<div class=\"list-article-content\">\n\t\t<div class=\"list-article-meta\">\n\t\t\t\t\t<\/div>\n\t\t<header class=\"list-entry-header\">\n\t\t\t<h2 class=\"entry-title\"><a href=\"https:\/\/www.region-fes-meknes.ma\/fr\/provinces\/sefrou\/\" rel=\"bookmark\">Sefrou<\/a><\/h2>\t\t<\/header><!-- .entry-header -->\n\t\t<div class=\"entry-excerpt\">\n\t\t\t<p>Milieu naturel La Province de \u00a0Sefrou est situ\u00e9e au pied du Moyen-Atlas \u00e0 22 km au Sud de F\u00e8s (20 minutes de l\u2019A\u00e9roport F\u00e8s-Sa\u00efs). Elle est travers\u00e9e par Oued Aggay &#8230;<\/p>\n\t\t\t<a class=\"read-more-link\" href=\"https:\/\/www.region-fes-meknes.ma\/fr\/provinces\/sefrou\/\"> Lire la suite<\/a>\n\t\t\t\t\t<\/div><!-- .entry-content -->\n\t<\/div>\n\n<\/article><!-- #post-## -->\n\n\n<article id=\"post-2344\" class=\"list-article clearfix post-2344 page_province type-page_province status-publish has-post-thumbnail hentry province-el-hajeb\">\n\n\t<div class=\"list-article-thumb\">\n\t\t<a href=\"https:\/\/www.region-fes-meknes.ma\/fr\/provinces\/el-hajeb\/\">\n\t\t\t<img width=\"200\" height=\"150\" src=\"https:\/\/www.region-fes-meknes.ma\/wp-content\/uploads\/2017\/10\/el-hajeb02.jpg\" class=\"attachment-rfm22-blog-small size-rfm22-blog-small wp-post-image\" alt=\"el hajeb02\" loading=\"lazy\" srcset=\"https:\/\/www.region-fes-meknes.ma\/wp-content\/uploads\/2017\/10\/el-hajeb02.jpg 1024w, https:\/\/www.region-fes-meknes.ma\/wp-content\/uploads\/2017\/10\/el-hajeb02-300x225.jpg 300w, https:\/\/www.region-fes-meknes.ma\/wp-content\/uploads\/2017\/10\/el-hajeb02-768x576.jpg 768w, https:\/\/www.region-fes-meknes.ma\/wp-content\/uploads\/2017\/10\/el-hajeb02-100x75.jpg 100w\" sizes=\"(max-width: 200px) 100vw, 200px\" \/>\t\t<\/a>\n\t<\/div>\n\n\t<div class=\"list-article-content\">\n\t\t<div class=\"list-article-meta\">\n\t\t\t\t\t<\/div>\n\t\t<header class=\"list-entry-header\">\n\t\t\t<h2 class=\"entry-title\"><a href=\"https:\/\/www.region-fes-meknes.ma\/fr\/provinces\/el-hajeb\/\" rel=\"bookmark\">El Hajeb<\/a><\/h2>\t\t<\/header><!-- .entry-header -->\n\t\t<div class=\"entry-excerpt\">\n\t\t\t<p>Situ\u00e9e \u00e0 la charni\u00e8re de la riche\u00a0plaine du Sa\u00efs\u00a0et des premiers contreforts du\u00a0Moyen Atlas, la ville se trouve \u00e0\u00a030 km au sud de\u00a0Mekn\u00e8s, \u00e0\u00a060 km au\u00a0sud-ouest de\u00a0F\u00e8s. Elle s&rsquo;\u00e9tend sur &#8230;<\/p>\n\t\t\t<a class=\"read-more-link\" href=\"https:\/\/www.region-fes-meknes.ma\/fr\/provinces\/el-hajeb\/\"> Lire la suite<\/a>\n\t\t\t\t\t<\/div><!-- .entry-content -->\n\t<\/div>\n\n<\/article><!-- #post-## -->\n\n\n<article id=\"post-2345\" class=\"list-article clearfix post-2345 page_province type-page_province status-publish has-post-thumbnail hentry province-boulemane\">\n\n\t<div class=\"list-article-thumb\">\n\t\t<a href=\"https:\/\/www.region-fes-meknes.ma\/fr\/provinces\/boulemane\/\">\n\t\t\t<img width=\"226\" height=\"150\" src=\"https:\/\/www.region-fes-meknes.ma\/wp-content\/uploads\/2017\/10\/boulemane01.jpg\" class=\"attachment-rfm22-blog-small size-rfm22-blog-small wp-post-image\" alt=\"boulemane01\" loading=\"lazy\" srcset=\"https:\/\/www.region-fes-meknes.ma\/wp-content\/uploads\/2017\/10\/boulemane01.jpg 1760w, https:\/\/www.region-fes-meknes.ma\/wp-content\/uploads\/2017\/10\/boulemane01-300x199.jpg 300w, https:\/\/www.region-fes-meknes.ma\/wp-content\/uploads\/2017\/10\/boulemane01-768x510.jpg 768w, https:\/\/www.region-fes-meknes.ma\/wp-content\/uploads\/2017\/10\/boulemane01-1024x680.jpg 1024w, https:\/\/www.region-fes-meknes.ma\/wp-content\/uploads\/2017\/10\/boulemane01-100x66.jpg 100w\" sizes=\"(max-width: 226px) 100vw, 226px\" \/>\t\t<\/a>\n\t<\/div>\n\n\t<div class=\"list-article-content\">\n\t\t<div class=\"list-article-meta\">\n\t\t\t\t\t<\/div>\n\t\t<header class=\"list-entry-header\">\n\t\t\t<h2 class=\"entry-title\"><a href=\"https:\/\/www.region-fes-meknes.ma\/fr\/provinces\/boulemane\/\" rel=\"bookmark\">Boulemane<\/a><\/h2>\t\t<\/header><!-- .entry-header -->\n\t\t<div class=\"entry-excerpt\">\n\t\t\t<p>La\u00a0province de Boulemane\u00a0est une\u00a0subdivision\u00a0\u00e0 dominante rurale de la r\u00e9gion\u00a0de\u00a0F\u00e8s-Mekn\u00e8s. Elle se situe au sud-est de la r\u00e9gion et s&rsquo;\u00e9tend sur une superficie totale de 14.395 km2 enti\u00e8rement sur la plaine &#8230;<\/p>\n\t\t\t<a class=\"read-more-link\" href=\"https:\/\/www.region-fes-meknes.ma\/fr\/provinces\/boulemane\/\"> Lire la suite<\/a>\n\t\t\t\t\t<\/div><!-- .entry-content -->\n\t<\/div>\n\n<\/article><!-- #post-## -->\n\n\n<article id=\"post-2346\" class=\"list-article clearfix post-2346 page_province type-page_province status-publish has-post-thumbnail hentry province-my-yacoub\">\n\n\t<div class=\"list-article-thumb\">\n\t\t<a href=\"https:\/\/www.region-fes-meknes.ma\/fr\/provinces\/my-yacoub\/\">\n\t\t\t<img width=\"225\" height=\"150\" src=\"https:\/\/www.region-fes-meknes.ma\/wp-content\/uploads\/2017\/10\/myyacoub03.jpeg\" class=\"attachment-rfm22-blog-small size-rfm22-blog-small wp-post-image\" alt=\"myyacoub03\" loading=\"lazy\" srcset=\"https:\/\/www.region-fes-meknes.ma\/wp-content\/uploads\/2017\/10\/myyacoub03.jpeg 1600w, https:\/\/www.region-fes-meknes.ma\/wp-content\/uploads\/2017\/10\/myyacoub03-300x200.jpeg 300w, https:\/\/www.region-fes-meknes.ma\/wp-content\/uploads\/2017\/10\/myyacoub03-768x512.jpeg 768w, https:\/\/www.region-fes-meknes.ma\/wp-content\/uploads\/2017\/10\/myyacoub03-1024x682.jpeg 1024w, https:\/\/www.region-fes-meknes.ma\/wp-content\/uploads\/2017\/10\/myyacoub03-100x67.jpeg 100w\" sizes=\"(max-width: 225px) 100vw, 225px\" \/>\t\t<\/a>\n\t<\/div>\n\n\t<div class=\"list-article-content\">\n\t\t<div class=\"list-article-meta\">\n\t\t\t\t\t<\/div>\n\t\t<header class=\"list-entry-header\">\n\t\t\t<h2 class=\"entry-title\"><a href=\"https:\/\/www.region-fes-meknes.ma\/fr\/provinces\/my-yacoub\/\" rel=\"bookmark\">My Yacoub<\/a><\/h2>\t\t<\/header><!-- .entry-header -->\n\t\t<div class=\"entry-excerpt\">\n\t\t\t<p>La province de Moulay Yacoub\u00a0est une ville thermale situ\u00e9e dans les collines au nord ouest de F\u00e8s. Elle s&rsquo;\u00e9tend sur une superficie de\u00a01700 km2.<\/p>\n\t\t\t<a class=\"read-more-link\" href=\"https:\/\/www.region-fes-meknes.ma\/fr\/provinces\/my-yacoub\/\"> Lire la suite<\/a>\n\t\t\t\t\t<\/div><!-- .entry-content -->\n\t<\/div>\n\n<\/article><!-- #post-## -->\n\n\n<article id=\"post-2342\" class=\"list-article clearfix post-2342 page_province type-page_province status-publish has-post-thumbnail hentry province-ifrane\">\n\n\t<div class=\"list-article-thumb\">\n\t\t<a href=\"https:\/\/www.region-fes-meknes.ma\/fr\/provinces\/ifrane\/\">\n\t\t\t<img width=\"300\" height=\"139\" src=\"https:\/\/www.region-fes-meknes.ma\/wp-content\/uploads\/2017\/10\/ifrane.png\" class=\"attachment-rfm22-blog-small size-rfm22-blog-small wp-post-image\" alt=\"ifrane\" loading=\"lazy\" srcset=\"https:\/\/www.region-fes-meknes.ma\/wp-content\/uploads\/2017\/10\/ifrane.png 395w, https:\/\/www.region-fes-meknes.ma\/wp-content\/uploads\/2017\/10\/ifrane-300x139.png 300w, https:\/\/www.region-fes-meknes.ma\/wp-content\/uploads\/2017\/10\/ifrane-100x46.png 100w\" sizes=\"(max-width: 300px) 100vw, 300px\" \/>\t\t<\/a>\n\t<\/div>\n\n\t<div class=\"list-article-content\">\n\t\t<div class=\"list-article-meta\">\n\t\t\t\t\t<\/div>\n\t\t<header class=\"list-entry-header\">\n\t\t\t<h2 class=\"entry-title\"><a href=\"https:\/\/www.region-fes-meknes.ma\/fr\/provinces\/ifrane\/\" rel=\"bookmark\">Ifrane<\/a><\/h2>\t\t<\/header><!-- .entry-header -->\n\t\t<div class=\"entry-excerpt\">\n\t\t\t<p>Situ\u00e9e au moyen Atlas central, Ifrane est une ville de montagne perch\u00e9e \u00e0 quelques 1\u00a0713 m\u00e8tres d\u2019altitude. Elle est consid\u00e9r\u00e9e comme l&rsquo;une des plus vastes r\u00e9serves d&rsquo;eau du Royaume gr\u00e2ce &#8230;<\/p>\n\t\t\t<a class=\"read-more-link\" href=\"https:\/\/www.region-fes-meknes.ma\/fr\/provinces\/ifrane\/\"> Lire la suite<\/a>\n\t\t\t\t\t<\/div><!-- .entry-content -->\n\t<\/div>\n\n<\/article><!-- #post-## -->\n\n<\/div>\n","protected":false},"excerpt":{"rendered":"<p>Pr\u00e9sentation des deux pr\u00e9fectures et sept provinces constituant la r\u00e9gion de F\u00e8s-Mekn\u00e8s<\/p>\n","protected":false},"author":1,"featured_media":4731,"parent":1319,"menu_order":6,"comment_status":"closed","ping_status":"closed","template":"template-fullwidth.php","meta":{"_bbp_topic_count":0,"_bbp_reply_count":0,"_bbp_total_topic_count":0,"_bbp_total_reply_count":0,"_bbp_voice_count":0,"_bbp_anonymous_reply_count":0,"_bbp_topic_count_hidden":0,"_bbp_reply_count_hidden":0,"_bbp_forum_subforum_count":0},"acf":[],"yoast_head":"<!-- This site is optimized with the Yoast SEO plugin v19.5.1 - https:\/\/yoast.com\/wordpress\/plugins\/seo\/ -->\n<title>Pr\u00e9fectures &amp; Provinces - R\u00e9gion F\u00e8s Mekn\u00e8s<\/title>\n<meta name=\"robots\" content=\"index, follow, max-snippet:-1, max-image-preview:large, max-video-preview:-1\" \/>\n<link rel=\"canonical\" href=\"https:\/\/www.region-fes-meknes.ma\/fr\/la-region\/prefectures-provinces\/\" \/>\n<meta property=\"og:locale\" content=\"fr_FR\" \/>\n<meta property=\"og:type\" content=\"article\" \/>\n<meta property=\"og:title\" content=\"Pr\u00e9fectures &amp; Provinces - R\u00e9gion F\u00e8s Mekn\u00e8s\" \/>\n<meta property=\"og:description\" content=\"Pr\u00e9sentation des deux pr\u00e9fectures et sept provinces constituant la r\u00e9gion de F\u00e8s-Mekn\u00e8s\" \/>\n<meta property=\"og:url\" content=\"https:\/\/www.region-fes-meknes.ma\/fr\/la-region\/prefectures-provinces\/\" \/>\n<meta property=\"og:site_name\" content=\"R\u00e9gion F\u00e8s Mekn\u00e8s\" \/>\n<meta property=\"article:publisher\" content=\"https:\/\/www.facebook.com\/R%c3%a9gion-F%c3%a8s-Mekn%c3%a8s-1130195096990872\" \/>\n<meta property=\"article:modified_time\" content=\"2018-04-03T11:31:49+00:00\" \/>\n<meta property=\"og:image\" content=\"https:\/\/www.region-fes-meknes.ma\/wp-content\/uploads\/2018\/04\/espace-prefprov.jpg\" \/>\n\t<meta property=\"og:image:width\" content=\"300\" \/>\n\t<meta property=\"og:image:height\" content=\"150\" \/>\n\t<meta property=\"og:image:type\" content=\"image\/jpeg\" \/>\n<meta name=\"twitter:card\" content=\"summary_large_image\" \/>\n<script type=\"application\/ld+json\" class=\"yoast-schema-graph\">{\"@context\":\"https:\/\/schema.org\",\"@graph\":[{\"@type\":\"WebPage\",\"@id\":\"https:\/\/www.region-fes-meknes.ma\/fr\/la-region\/prefectures-provinces\/\",\"url\":\"https:\/\/www.region-fes-meknes.ma\/fr\/la-region\/prefectures-provinces\/\",\"name\":\"Pr\u00e9fectures & Provinces - R\u00e9gion F\u00e8s Mekn\u00e8s\",\"isPartOf\":{\"@id\":\"https:\/\/www.region-fes-meknes.ma\/#website\"},\"datePublished\":\"2017-12-18T19:31:28+00:00\",\"dateModified\":\"2018-04-03T11:31:49+00:00\",\"breadcrumb\":{\"@id\":\"https:\/\/www.region-fes-meknes.ma\/fr\/la-region\/prefectures-provinces\/#breadcrumb\"},\"inLanguage\":\"fr-FR\",\"potentialAction\":[{\"@type\":\"ReadAction\",\"target\":[\"https:\/\/www.region-fes-meknes.ma\/fr\/la-region\/prefectures-provinces\/\"]}]},{\"@type\":\"BreadcrumbList\",\"@id\":\"https:\/\/www.region-fes-meknes.ma\/fr\/la-region\/prefectures-provinces\/#breadcrumb\",\"itemListElement\":[{\"@type\":\"ListItem\",\"position\":1,\"name\":\"Accueil\",\"item\":\"https:\/\/www.region-fes-meknes.ma\/fr\/\"},{\"@type\":\"ListItem\",\"position\":2,\"name\":\"La R\u00e9gion\",\"item\":\"https:\/\/www.region-fes-meknes.ma\/fr\/la-region\/\"},{\"@type\":\"ListItem\",\"position\":3,\"name\":\"Pr\u00e9fectures &#038; Provinces\"}]},{\"@type\":\"WebSite\",\"@id\":\"https:\/\/www.region-fes-meknes.ma\/#website\",\"url\":\"https:\/\/www.region-fes-meknes.ma\/\",\"name\":\"Portail de la R\u00e9gion F\u00e8s-Mekn\u00e8s\",\"description\":\"Site officiel de la r\u00e9gion F\u00e8s-Mekn\u00e8s.\",\"publisher\":{\"@id\":\"https:\/\/www.region-fes-meknes.ma\/#organization\"},\"potentialAction\":[{\"@type\":\"SearchAction\",\"target\":{\"@type\":\"EntryPoint\",\"urlTemplate\":\"https:\/\/www.region-fes-meknes.ma\/?s={search_term_string}\"},\"query-input\":\"required name=search_term_string\"}],\"inLanguage\":\"fr-FR\"},{\"@type\":\"Organization\",\"@id\":\"https:\/\/www.region-fes-meknes.ma\/#organization\",\"name\":\"R\u00e9gion F\u00e8s M\u00e8kn\u00e8s\",\"url\":\"https:\/\/www.region-fes-meknes.ma\/\",\"sameAs\":[\"https:\/\/www.facebook.com\/R\u00e9gion-F\u00e8s-Mekn\u00e8s-1130195096990872\"],\"logo\":{\"@type\":\"ImageObject\",\"inLanguage\":\"fr-FR\",\"@id\":\"https:\/\/www.region-fes-meknes.ma\/#\/schema\/logo\/image\/\",\"url\":\"http:\/\/www.region-fes-meknes.ma\/wp-content\/uploads\/2017\/10\/logo-rfm4.png\",\"contentUrl\":\"http:\/\/www.region-fes-meknes.ma\/wp-content\/uploads\/2017\/10\/logo-rfm4.png\",\"width\":304,\"height\":291,\"caption\":\"R\u00e9gion F\u00e8s M\u00e8kn\u00e8s\"},\"image\":{\"@id\":\"https:\/\/www.region-fes-meknes.ma\/#\/schema\/logo\/image\/\"}}]}<\/script>\n<!-- \/ Yoast SEO plugin. -->","yoast_head_json":{"title":"Pr\u00e9fectures & Provinces - R\u00e9gion F\u00e8s Mekn\u00e8s","robots":{"index":"index","follow":"follow","max-snippet":"max-snippet:-1","max-image-preview":"max-image-preview:large","max-video-preview":"max-video-preview:-1"},"canonical":"https:\/\/www.region-fes-meknes.ma\/fr\/la-region\/prefectures-provinces\/","og_locale":"fr_FR","og_type":"article","og_title":"Pr\u00e9fectures & Provinces - R\u00e9gion F\u00e8s Mekn\u00e8s","og_description":"Pr\u00e9sentation des deux pr\u00e9fectures et sept provinces constituant la r\u00e9gion de F\u00e8s-Mekn\u00e8s","og_url":"https:\/\/www.region-fes-meknes.ma\/fr\/la-region\/prefectures-provinces\/","og_site_name":"R\u00e9gion F\u00e8s Mekn\u00e8s","article_publisher":"https:\/\/www.facebook.com\/R%c3%a9gion-F%c3%a8s-Mekn%c3%a8s-1130195096990872","article_modified_time":"2018-04-03T11:31:49+00:00","og_image":[{"width":300,"height":150,"url":"https:\/\/www.region-fes-meknes.ma\/wp-content\/uploads\/2018\/04\/espace-prefprov.jpg","type":"image\/jpeg"}],"twitter_card":"summary_large_image","schema":{"@context":"https:\/\/schema.org","@graph":[{"@type":"WebPage","@id":"https:\/\/www.region-fes-meknes.ma\/fr\/la-region\/prefectures-provinces\/","url":"https:\/\/www.region-fes-meknes.ma\/fr\/la-region\/prefectures-provinces\/","name":"Pr\u00e9fectures & Provinces - R\u00e9gion F\u00e8s Mekn\u00e8s","isPartOf":{"@id":"https:\/\/www.region-fes-meknes.ma\/#website"},"datePublished":"2017-12-18T19:31:28+00:00","dateModified":"2018-04-03T11:31:49+00:00","breadcrumb":{"@id":"https:\/\/www.region-fes-meknes.ma\/fr\/la-region\/prefectures-provinces\/#breadcrumb"},"inLanguage":"fr-FR","potentialAction":[{"@type":"ReadAction","target":["https:\/\/www.region-fes-meknes.ma\/fr\/la-region\/prefectures-provinces\/"]}]},{"@type":"BreadcrumbList","@id":"https:\/\/www.region-fes-meknes.ma\/fr\/la-region\/prefectures-provinces\/#breadcrumb","itemListElement":[{"@type":"ListItem","position":1,"name":"Accueil","item":"https:\/\/www.region-fes-meknes.ma\/fr\/"},{"@type":"ListItem","position":2,"name":"La R\u00e9gion","item":"https:\/\/www.region-fes-meknes.ma\/fr\/la-region\/"},{"@type":"ListItem","position":3,"name":"Pr\u00e9fectures &#038; Provinces"}]},{"@type":"WebSite","@id":"https:\/\/www.region-fes-meknes.ma\/#website","url":"https:\/\/www.region-fes-meknes.ma\/","name":"Portail de la R\u00e9gion F\u00e8s-Mekn\u00e8s","description":"Site officiel de la r\u00e9gion F\u00e8s-Mekn\u00e8s.","publisher":{"@id":"https:\/\/www.region-fes-meknes.ma\/#organization"},"potentialAction":[{"@type":"SearchAction","target":{"@type":"EntryPoint","urlTemplate":"https:\/\/www.region-fes-meknes.ma\/?s={search_term_string}"},"query-input":"required name=search_term_string"}],"inLanguage":"fr-FR"},{"@type":"Organization","@id":"https:\/\/www.region-fes-meknes.ma\/#organization","name":"R\u00e9gion F\u00e8s M\u00e8kn\u00e8s","url":"https:\/\/www.region-fes-meknes.ma\/","sameAs":["https:\/\/www.facebook.com\/R\u00e9gion-F\u00e8s-Mekn\u00e8s-1130195096990872"],"logo":{"@type":"ImageObject","inLanguage":"fr-FR","@id":"https:\/\/www.region-fes-meknes.ma\/#\/schema\/logo\/image\/","url":"http:\/\/www.region-fes-meknes.ma\/wp-content\/uploads\/2017\/10\/logo-rfm4.png","contentUrl":"http:\/\/www.region-fes-meknes.ma\/wp-content\/uploads\/2017\/10\/logo-rfm4.png","width":304,"height":291,"caption":"R\u00e9gion F\u00e8s M\u00e8kn\u00e8s"},"image":{"@id":"https:\/\/www.region-fes-meknes.ma\/#\/schema\/logo\/image\/"}}]}},"_links":{"self":[{"href":"https:\/\/www.region-fes-meknes.ma\/fr\/wp-json\/wp\/v2\/pages\/3285"}],"collection":[{"href":"https:\/\/www.region-fes-meknes.ma\/fr\/wp-json\/wp\/v2\/pages"}],"about":[{"href":"https:\/\/www.region-fes-meknes.ma\/fr\/wp-json\/wp\/v2\/types\/page"}],"author":[{"embeddable":true,"href":"https:\/\/www.region-fes-meknes.ma\/fr\/wp-json\/wp\/v2\/users\/1"}],"replies":[{"embeddable":true,"href":"https:\/\/www.region-fes-meknes.ma\/fr\/wp-json\/wp\/v2\/comments?post=3285"}],"version-history":[{"count":5,"href":"https:\/\/www.region-fes-meknes.ma\/fr\/wp-json\/wp\/v2\/pages\/3285\/revisions"}],"predecessor-version":[{"id":4732,"href":"https:\/\/www.region-fes-meknes.ma\/fr\/wp-json\/wp\/v2\/pages\/3285\/revisions\/4732"}],"up":[{"embeddable":true,"href":"https:\/\/www.region-fes-meknes.ma\/fr\/wp-json\/wp\/v2\/pages\/1319"}],"wp:featuredmedia":[{"embeddable":true,"href":"https:\/\/www.region-fes-meknes.ma\/fr\/wp-json\/wp\/v2\/media\/4731"}],"wp:attachment":[{"href":"https:\/\/www.region-fes-meknes.ma\/fr\/wp-json\/wp\/v2\/media?parent=3285"}],"curies":[{"name":"wp","href":"https:\/\/api.w.org\/{rel}","templated":true}]}}