{"id":3322,"date":"2017-12-23T11:57:14","date_gmt":"2017-12-23T10:57:14","guid":{"rendered":"http:\/\/www.region-fes-meknes.ma\/?page_id=3322"},"modified":"2017-12-23T12:05:38","modified_gmt":"2017-12-23T11:05:38","slug":"mesures-incitatives-a-linvestissement-et-couts-competitifs","status":"publish","type":"page","link":"https:\/\/www.region-fes-meknes.ma\/fr\/la-region\/investir-a-la-region\/mesures-incitatives-a-linvestissement-et-couts-competitifs\/","title":{"rendered":"Mesures incitatives \u00e0 l\u2019investissement et co\u00fbts comp\u00e9titifs"},"content":{"rendered":"<ul>\n<li>Incitations fiscales: charge de l\u2019imp\u00f4t sur le Revenu plafonn\u00e9 \u00e0 20% du montant des revenus bruts imposables par individu, Imp\u00f4ts sur les soci\u00e9t\u00e9s \u00e0 0% pendant les 5 premi\u00e8res ann\u00e9es et un taux r\u00e9duit de 17,5% par la suite ;<\/li>\n<li>Subvention et exon\u00e9ration: une subvention de l\u2019Etat pour couvrir les frais de la formation \u00e0 l\u2019embauche et continue pouvant aller jusqu&rsquo;\u00e0 65.000 Dh, exon\u00e9ration des charges sociales (cotisation patronale et salariales due \u00e0 la Caisse Nationale de S\u00e9curit\u00e9 Sociale, taxe de la formation professionnelle et imp\u00f4t sur le revenu) pour un recrutement dans le cadre d\u2019un contrat insertion pour une dur\u00e9e de 24 mois prolongeable 12 mois suppl\u00e9mentaire.<\/li>\n<li>Des co\u00fbts comp\u00e9titifs \u00e0 l\u2019international: co\u00fbt de main d\u2019\u0153uvre jusqu&rsquo;\u00e0 -50 % par rapport au sud de l\u2019Europe, co\u00fbts des t\u00e9l\u00e9coms jusqu&rsquo;\u00e0 30% moins chers que les prix du march\u00e9, prix de loyers comp\u00e9titifs.<\/li>\n<\/ul>\n<p>De ce fait, la r\u00e9gion de F\u00e8s Mekn\u00e8s a pu gagner la confiance de plusieurs investisseurs.<\/p>\n","protected":false},"excerpt":{"rendered":"<p>Incitations fiscales: charge de l\u2019imp\u00f4t sur le Revenu plafonn\u00e9 \u00e0 20% du montant des revenus bruts imposables par individu, Imp\u00f4ts sur les soci\u00e9t\u00e9s \u00e0 0% pendant les 5 premi\u00e8res ann\u00e9es &#8230;<\/p>\n","protected":false},"author":1,"featured_media":0,"parent":1348,"menu_order":5,"comment_status":"closed","ping_status":"closed","template":"","meta":{"_bbp_topic_count":0,"_bbp_reply_count":0,"_bbp_total_topic_count":0,"_bbp_total_reply_count":0,"_bbp_voice_count":0,"_bbp_anonymous_reply_count":0,"_bbp_topic_count_hidden":0,"_bbp_reply_count_hidden":0,"_bbp_forum_subforum_count":0},"acf":[],"yoast_head":"<!-- This site is optimized with the Yoast SEO plugin v19.5.1 - https:\/\/yoast.com\/wordpress\/plugins\/seo\/ -->\n<title>Mesures incitatives \u00e0 l\u2019investissement et co\u00fbts comp\u00e9titifs - R\u00e9gion F\u00e8s Mekn\u00e8s<\/title>\n<meta name=\"robots\" content=\"index, follow, max-snippet:-1, max-image-preview:large, max-video-preview:-1\" \/>\n<link rel=\"canonical\" href=\"https:\/\/www.region-fes-meknes.ma\/fr\/la-region\/investir-a-la-region\/mesures-incitatives-a-linvestissement-et-couts-competitifs\/\" \/>\n<meta property=\"og:locale\" content=\"fr_FR\" \/>\n<meta property=\"og:type\" content=\"article\" \/>\n<meta property=\"og:title\" content=\"Mesures incitatives \u00e0 l\u2019investissement et co\u00fbts comp\u00e9titifs - R\u00e9gion F\u00e8s Mekn\u00e8s\" \/>\n<meta property=\"og:description\" content=\"Incitations fiscales: charge de l\u2019imp\u00f4t sur le Revenu plafonn\u00e9 \u00e0 20% du montant des revenus bruts imposables par individu, Imp\u00f4ts sur les soci\u00e9t\u00e9s \u00e0 0% pendant les 5 premi\u00e8res ann\u00e9es ...\" \/>\n<meta property=\"og:url\" content=\"https:\/\/www.region-fes-meknes.ma\/fr\/la-region\/investir-a-la-region\/mesures-incitatives-a-linvestissement-et-couts-competitifs\/\" \/>\n<meta property=\"og:site_name\" content=\"R\u00e9gion F\u00e8s Mekn\u00e8s\" \/>\n<meta property=\"article:publisher\" content=\"https:\/\/www.facebook.com\/R%c3%a9gion-F%c3%a8s-Mekn%c3%a8s-1130195096990872\" \/>\n<meta property=\"article:modified_time\" content=\"2017-12-23T11:05:38+00:00\" \/>\n<meta name=\"twitter:card\" content=\"summary_large_image\" \/>\n<meta name=\"twitter:label1\" content=\"Dur\u00e9e de lecture estim\u00e9e\" \/>\n\t<meta name=\"twitter:data1\" content=\"1 minute\" \/>\n<script type=\"application\/ld+json\" class=\"yoast-schema-graph\">{\"@context\":\"https:\/\/schema.org\",\"@graph\":[{\"@type\":\"WebPage\",\"@id\":\"https:\/\/www.region-fes-meknes.ma\/fr\/la-region\/investir-a-la-region\/mesures-incitatives-a-linvestissement-et-couts-competitifs\/\",\"url\":\"https:\/\/www.region-fes-meknes.ma\/fr\/la-region\/investir-a-la-region\/mesures-incitatives-a-linvestissement-et-couts-competitifs\/\",\"name\":\"Mesures incitatives \u00e0 l\u2019investissement et co\u00fbts comp\u00e9titifs - R\u00e9gion F\u00e8s Mekn\u00e8s\",\"isPartOf\":{\"@id\":\"https:\/\/www.region-fes-meknes.ma\/#website\"},\"datePublished\":\"2017-12-23T10:57:14+00:00\",\"dateModified\":\"2017-12-23T11:05:38+00:00\",\"breadcrumb\":{\"@id\":\"https:\/\/www.region-fes-meknes.ma\/fr\/la-region\/investir-a-la-region\/mesures-incitatives-a-linvestissement-et-couts-competitifs\/#breadcrumb\"},\"inLanguage\":\"fr-FR\",\"potentialAction\":[{\"@type\":\"ReadAction\",\"target\":[\"https:\/\/www.region-fes-meknes.ma\/fr\/la-region\/investir-a-la-region\/mesures-incitatives-a-linvestissement-et-couts-competitifs\/\"]}]},{\"@type\":\"BreadcrumbList\",\"@id\":\"https:\/\/www.region-fes-meknes.ma\/fr\/la-region\/investir-a-la-region\/mesures-incitatives-a-linvestissement-et-couts-competitifs\/#breadcrumb\",\"itemListElement\":[{\"@type\":\"ListItem\",\"position\":1,\"name\":\"Accueil\",\"item\":\"https:\/\/www.region-fes-meknes.ma\/fr\/\"},{\"@type\":\"ListItem\",\"position\":2,\"name\":\"La R\u00e9gion\",\"item\":\"https:\/\/www.region-fes-meknes.ma\/fr\/la-region\/\"},{\"@type\":\"ListItem\",\"position\":3,\"name\":\"Investir \u00e0 la R\u00e9gion\",\"item\":\"https:\/\/www.region-fes-meknes.ma\/fr\/la-region\/investir-a-la-region\/\"},{\"@type\":\"ListItem\",\"position\":4,\"name\":\"Mesures incitatives \u00e0 l\u2019investissement et co\u00fbts comp\u00e9titifs\"}]},{\"@type\":\"WebSite\",\"@id\":\"https:\/\/www.region-fes-meknes.ma\/#website\",\"url\":\"https:\/\/www.region-fes-meknes.ma\/\",\"name\":\"Portail de la R\u00e9gion F\u00e8s-Mekn\u00e8s\",\"description\":\"Site officiel de la r\u00e9gion F\u00e8s-Mekn\u00e8s.\",\"publisher\":{\"@id\":\"https:\/\/www.region-fes-meknes.ma\/#organization\"},\"potentialAction\":[{\"@type\":\"SearchAction\",\"target\":{\"@type\":\"EntryPoint\",\"urlTemplate\":\"https:\/\/www.region-fes-meknes.ma\/?s={search_term_string}\"},\"query-input\":\"required name=search_term_string\"}],\"inLanguage\":\"fr-FR\"},{\"@type\":\"Organization\",\"@id\":\"https:\/\/www.region-fes-meknes.ma\/#organization\",\"name\":\"R\u00e9gion F\u00e8s M\u00e8kn\u00e8s\",\"url\":\"https:\/\/www.region-fes-meknes.ma\/\",\"sameAs\":[\"https:\/\/www.facebook.com\/R\u00e9gion-F\u00e8s-Mekn\u00e8s-1130195096990872\"],\"logo\":{\"@type\":\"ImageObject\",\"inLanguage\":\"fr-FR\",\"@id\":\"https:\/\/www.region-fes-meknes.ma\/#\/schema\/logo\/image\/\",\"url\":\"http:\/\/www.region-fes-meknes.ma\/wp-content\/uploads\/2017\/10\/logo-rfm4.png\",\"contentUrl\":\"http:\/\/www.region-fes-meknes.ma\/wp-content\/uploads\/2017\/10\/logo-rfm4.png\",\"width\":304,\"height\":291,\"caption\":\"R\u00e9gion F\u00e8s M\u00e8kn\u00e8s\"},\"image\":{\"@id\":\"https:\/\/www.region-fes-meknes.ma\/#\/schema\/logo\/image\/\"}}]}<\/script>\n<!-- \/ Yoast SEO plugin. -->","yoast_head_json":{"title":"Mesures incitatives \u00e0 l\u2019investissement et co\u00fbts comp\u00e9titifs - R\u00e9gion F\u00e8s Mekn\u00e8s","robots":{"index":"index","follow":"follow","max-snippet":"max-snippet:-1","max-image-preview":"max-image-preview:large","max-video-preview":"max-video-preview:-1"},"canonical":"https:\/\/www.region-fes-meknes.ma\/fr\/la-region\/investir-a-la-region\/mesures-incitatives-a-linvestissement-et-couts-competitifs\/","og_locale":"fr_FR","og_type":"article","og_title":"Mesures incitatives \u00e0 l\u2019investissement et co\u00fbts comp\u00e9titifs - R\u00e9gion F\u00e8s Mekn\u00e8s","og_description":"Incitations fiscales: charge de l\u2019imp\u00f4t sur le Revenu plafonn\u00e9 \u00e0 20% du montant des revenus bruts imposables par individu, Imp\u00f4ts sur les soci\u00e9t\u00e9s \u00e0 0% pendant les 5 premi\u00e8res ann\u00e9es ...","og_url":"https:\/\/www.region-fes-meknes.ma\/fr\/la-region\/investir-a-la-region\/mesures-incitatives-a-linvestissement-et-couts-competitifs\/","og_site_name":"R\u00e9gion F\u00e8s Mekn\u00e8s","article_publisher":"https:\/\/www.facebook.com\/R%c3%a9gion-F%c3%a8s-Mekn%c3%a8s-1130195096990872","article_modified_time":"2017-12-23T11:05:38+00:00","twitter_card":"summary_large_image","twitter_misc":{"Dur\u00e9e de lecture estim\u00e9e":"1 minute"},"schema":{"@context":"https:\/\/schema.org","@graph":[{"@type":"WebPage","@id":"https:\/\/www.region-fes-meknes.ma\/fr\/la-region\/investir-a-la-region\/mesures-incitatives-a-linvestissement-et-couts-competitifs\/","url":"https:\/\/www.region-fes-meknes.ma\/fr\/la-region\/investir-a-la-region\/mesures-incitatives-a-linvestissement-et-couts-competitifs\/","name":"Mesures incitatives \u00e0 l\u2019investissement et co\u00fbts comp\u00e9titifs - R\u00e9gion F\u00e8s Mekn\u00e8s","isPartOf":{"@id":"https:\/\/www.region-fes-meknes.ma\/#website"},"datePublished":"2017-12-23T10:57:14+00:00","dateModified":"2017-12-23T11:05:38+00:00","breadcrumb":{"@id":"https:\/\/www.region-fes-meknes.ma\/fr\/la-region\/investir-a-la-region\/mesures-incitatives-a-linvestissement-et-couts-competitifs\/#breadcrumb"},"inLanguage":"fr-FR","potentialAction":[{"@type":"ReadAction","target":["https:\/\/www.region-fes-meknes.ma\/fr\/la-region\/investir-a-la-region\/mesures-incitatives-a-linvestissement-et-couts-competitifs\/"]}]},{"@type":"BreadcrumbList","@id":"https:\/\/www.region-fes-meknes.ma\/fr\/la-region\/investir-a-la-region\/mesures-incitatives-a-linvestissement-et-couts-competitifs\/#breadcrumb","itemListElement":[{"@type":"ListItem","position":1,"name":"Accueil","item":"https:\/\/www.region-fes-meknes.ma\/fr\/"},{"@type":"ListItem","position":2,"name":"La R\u00e9gion","item":"https:\/\/www.region-fes-meknes.ma\/fr\/la-region\/"},{"@type":"ListItem","position":3,"name":"Investir \u00e0 la R\u00e9gion","item":"https:\/\/www.region-fes-meknes.ma\/fr\/la-region\/investir-a-la-region\/"},{"@type":"ListItem","position":4,"name":"Mesures incitatives \u00e0 l\u2019investissement et co\u00fbts comp\u00e9titifs"}]},{"@type":"WebSite","@id":"https:\/\/www.region-fes-meknes.ma\/#website","url":"https:\/\/www.region-fes-meknes.ma\/","name":"Portail de la R\u00e9gion F\u00e8s-Mekn\u00e8s","description":"Site officiel de la r\u00e9gion F\u00e8s-Mekn\u00e8s.","publisher":{"@id":"https:\/\/www.region-fes-meknes.ma\/#organization"},"potentialAction":[{"@type":"SearchAction","target":{"@type":"EntryPoint","urlTemplate":"https:\/\/www.region-fes-meknes.ma\/?s={search_term_string}"},"query-input":"required name=search_term_string"}],"inLanguage":"fr-FR"},{"@type":"Organization","@id":"https:\/\/www.region-fes-meknes.ma\/#organization","name":"R\u00e9gion F\u00e8s M\u00e8kn\u00e8s","url":"https:\/\/www.region-fes-meknes.ma\/","sameAs":["https:\/\/www.facebook.com\/R\u00e9gion-F\u00e8s-Mekn\u00e8s-1130195096990872"],"logo":{"@type":"ImageObject","inLanguage":"fr-FR","@id":"https:\/\/www.region-fes-meknes.ma\/#\/schema\/logo\/image\/","url":"http:\/\/www.region-fes-meknes.ma\/wp-content\/uploads\/2017\/10\/logo-rfm4.png","contentUrl":"http:\/\/www.region-fes-meknes.ma\/wp-content\/uploads\/2017\/10\/logo-rfm4.png","width":304,"height":291,"caption":"R\u00e9gion F\u00e8s M\u00e8kn\u00e8s"},"image":{"@id":"https:\/\/www.region-fes-meknes.ma\/#\/schema\/logo\/image\/"}}]}},"_links":{"self":[{"href":"https:\/\/www.region-fes-meknes.ma\/fr\/wp-json\/wp\/v2\/pages\/3322"}],"collection":[{"href":"https:\/\/www.region-fes-meknes.ma\/fr\/wp-json\/wp\/v2\/pages"}],"about":[{"href":"https:\/\/www.region-fes-meknes.ma\/fr\/wp-json\/wp\/v2\/types\/page"}],"author":[{"embeddable":true,"href":"https:\/\/www.region-fes-meknes.ma\/fr\/wp-json\/wp\/v2\/users\/1"}],"replies":[{"embeddable":true,"href":"https:\/\/www.region-fes-meknes.ma\/fr\/wp-json\/wp\/v2\/comments?post=3322"}],"version-history":[{"count":4,"href":"https:\/\/www.region-fes-meknes.ma\/fr\/wp-json\/wp\/v2\/pages\/3322\/revisions"}],"predecessor-version":[{"id":3327,"href":"https:\/\/www.region-fes-meknes.ma\/fr\/wp-json\/wp\/v2\/pages\/3322\/revisions\/3327"}],"up":[{"embeddable":true,"href":"https:\/\/www.region-fes-meknes.ma\/fr\/wp-json\/wp\/v2\/pages\/1348"}],"wp:attachment":[{"href":"https:\/\/www.region-fes-meknes.ma\/fr\/wp-json\/wp\/v2\/media?parent=3322"}],"curies":[{"name":"wp","href":"https:\/\/api.w.org\/{rel}","templated":true}]}}