{"id":4268,"date":"2018-03-18T14:02:57","date_gmt":"2018-03-18T13:02:57","guid":{"rendered":"http:\/\/www.region-fes-meknes.ma\/?page_id=4268"},"modified":"2018-04-03T12:40:15","modified_gmt":"2018-04-03T10:40:15","slug":"partenariat","status":"publish","type":"page","link":"https:\/\/www.region-fes-meknes.ma\/fr\/le-conseil-regional\/partenariat\/","title":{"rendered":"Partenariat"},"content":{"rendered":"<p>Conventions de partenariat sign\u00e9es entre le conseil r\u00e9gional de F\u00e8s-Mekn\u00e8s et ses partenaires nationaux.<\/p>\n<div class=\"page-category\">\n<article id=\"post-40915\" class=\"list-article clearfix post-40915 post type-post status-publish format-standard has-post-thumbnail hentry category-actualites category-cooperation category-partenariat\">\n\n\t<div class=\"list-article-thumb\">\n\t\t<a href=\"https:\/\/www.region-fes-meknes.ma\/fr\/actualites\/projet-arts-et-metiers-partages-partenariat-international-pour-developper-la-formation-et-linnovation-dans-lartisanat-traditionnel\/\">\n\t\t\t<img width=\"300\" height=\"150\" src=\"https:\/\/www.region-fes-meknes.ma\/wp-content\/uploads\/2026\/02\/WhatsApp-Image-2026-02-04-at-11.53.51-1-300x150.jpeg\" class=\"attachment-rfm22-blog-small size-rfm22-blog-small wp-post-image\" alt=\"WhatsApp Image 2026 02 04 at 11.53.51 (1)\" loading=\"lazy\" \/>\t\t<\/a>\n\t<\/div>\n\n\t<div class=\"list-article-content\">\n\t\t<div class=\"list-article-meta\">\n\t\t\t<a href=\"https:\/\/www.region-fes-meknes.ma\/fr\/category\/actualites\/\" rel=\"category tag\">Actualit\u00e9s<\/a> \/ <a href=\"https:\/\/www.region-fes-meknes.ma\/fr\/category\/cooperation\/\" rel=\"category tag\">Coop\u00e9ration<\/a> \/ <a href=\"https:\/\/www.region-fes-meknes.ma\/fr\/category\/partenariat\/\" rel=\"category tag\">Partenariat<\/a>\t\t<\/div>\n\t\t<header class=\"list-entry-header\">\n\t\t\t<h2 class=\"entry-title\"><a href=\"https:\/\/www.region-fes-meknes.ma\/fr\/actualites\/projet-arts-et-metiers-partages-partenariat-international-pour-developper-la-formation-et-linnovation-dans-lartisanat-traditionnel\/\" rel=\"bookmark\">Projet \u00ab Arts et m\u00e9tiers partag\u00e9s \u00bb : partenariat international pour d\u00e9velopper la formation et l\u2019innovation dans l\u2019artisanat traditionnel<\/a><\/h2><i class=\"fa fa-calendar\"><\/i> <strong>04\/02\/2026<\/strong>\t\t<\/header><!-- .entry-header -->\n\t\t<div class=\"entry-excerpt\">\n\t\t\t\t\t\t<a class=\"read-more-link\" href=\"https:\/\/www.region-fes-meknes.ma\/fr\/actualites\/projet-arts-et-metiers-partages-partenariat-international-pour-developper-la-formation-et-linnovation-dans-lartisanat-traditionnel\/\"> Lire la suite<\/a>\n\t\t\t\t\t<\/div><!-- .entry-content -->\n\t<\/div>\n\n<\/article><!-- #post-## -->\n\n\n<article id=\"post-20133\" class=\"list-article clearfix post-20133 post type-post status-publish format-standard has-post-thumbnail hentry category-cooperation category-partenariat\">\n\n\t<div class=\"list-article-thumb\">\n\t\t<a href=\"https:\/\/www.region-fes-meknes.ma\/fr\/cooperation\/cooperation-internationale-le-president-du-conseil-de-la-region-fes-meknes-recoit-lambassadeur-ditalie-au-maroc\/\">\n\t\t\t<img width=\"225\" height=\"150\" src=\"https:\/\/www.region-fes-meknes.ma\/wp-content\/uploads\/2022\/02\/DSC_0973.jpg\" class=\"attachment-rfm22-blog-small size-rfm22-blog-small wp-post-image\" alt=\"DSC 0973\" loading=\"lazy\" \/>\t\t<\/a>\n\t<\/div>\n\n\t<div class=\"list-article-content\">\n\t\t<div class=\"list-article-meta\">\n\t\t\t<a href=\"https:\/\/www.region-fes-meknes.ma\/fr\/category\/cooperation\/\" rel=\"category tag\">Coop\u00e9ration<\/a> \/ <a href=\"https:\/\/www.region-fes-meknes.ma\/fr\/category\/partenariat\/\" rel=\"category tag\">Partenariat<\/a>\t\t<\/div>\n\t\t<header class=\"list-entry-header\">\n\t\t\t<h2 class=\"entry-title\"><a href=\"https:\/\/www.region-fes-meknes.ma\/fr\/cooperation\/cooperation-internationale-le-president-du-conseil-de-la-region-fes-meknes-recoit-lambassadeur-ditalie-au-maroc\/\" rel=\"bookmark\">Coop\u00e9ration Internationale: Le pr\u00e9sident du Conseil de la R\u00e9gion F\u00e8s Mekn\u00e8s re\u00e7oit l&rsquo;Ambassadeur d&rsquo;Italie au Maroc<\/a><\/h2><i class=\"fa fa-calendar\"><\/i> <strong>03\/02\/2022<\/strong>\t\t<\/header><!-- .entry-header -->\n\t\t<div class=\"entry-excerpt\">\n\t\t\t<p>Le Pr\u00e9sident du Conseil de la r\u00e9gion F\u00e8s-Mekn\u00e8s, M. Abdelouahed El-Ansari, a re\u00e7u jeudi 03 f\u00e9vrier au si\u00e8ge de la r\u00e9gion M. Armando Barocco, Ambassadeur d&rsquo;Italie au Maroc accompagn\u00e9 de &#8230;<\/p>\n\t\t\t<a class=\"read-more-link\" href=\"https:\/\/www.region-fes-meknes.ma\/fr\/cooperation\/cooperation-internationale-le-president-du-conseil-de-la-region-fes-meknes-recoit-lambassadeur-ditalie-au-maroc\/\"> Lire la suite<\/a>\n\t\t\t\t\t<\/div><!-- .entry-content -->\n\t<\/div>\n\n<\/article><!-- #post-## -->\n\n\n<article id=\"post-20041\" class=\"list-article clearfix post-20041 post type-post status-publish format-standard has-post-thumbnail hentry category-actualites category-cooperation category-partenariat\">\n\n\t<div class=\"list-article-thumb\">\n\t\t<a href=\"https:\/\/www.region-fes-meknes.ma\/fr\/actualites\/le-president-du-conseil-de-la-region-fes-meknes-recoit-mme-helene-le-gal-ambassadrice-de-france-au-maroc\/\">\n\t\t\t<img width=\"225\" height=\"150\" src=\"https:\/\/www.region-fes-meknes.ma\/wp-content\/uploads\/2022\/01\/WhatsApp-Image-2022-01-25-at-16.08.45-2-1.jpeg\" class=\"attachment-rfm22-blog-small size-rfm22-blog-small wp-post-image\" alt=\"WhatsApp Image 2022 01 25 at 16.08.45 (2)\" loading=\"lazy\" srcset=\"https:\/\/www.region-fes-meknes.ma\/wp-content\/uploads\/2022\/01\/WhatsApp-Image-2022-01-25-at-16.08.45-2-1.jpeg 1280w, https:\/\/www.region-fes-meknes.ma\/wp-content\/uploads\/2022\/01\/WhatsApp-Image-2022-01-25-at-16.08.45-2-1-300x200.jpeg 300w, https:\/\/www.region-fes-meknes.ma\/wp-content\/uploads\/2022\/01\/WhatsApp-Image-2022-01-25-at-16.08.45-2-1-1024x682.jpeg 1024w, https:\/\/www.region-fes-meknes.ma\/wp-content\/uploads\/2022\/01\/WhatsApp-Image-2022-01-25-at-16.08.45-2-1-768x512.jpeg 768w, https:\/\/www.region-fes-meknes.ma\/wp-content\/uploads\/2022\/01\/WhatsApp-Image-2022-01-25-at-16.08.45-2-1-100x67.jpeg 100w\" sizes=\"(max-width: 225px) 100vw, 225px\" \/>\t\t<\/a>\n\t<\/div>\n\n\t<div class=\"list-article-content\">\n\t\t<div class=\"list-article-meta\">\n\t\t\t<a href=\"https:\/\/www.region-fes-meknes.ma\/fr\/category\/actualites\/\" rel=\"category tag\">Actualit\u00e9s<\/a> \/ <a href=\"https:\/\/www.region-fes-meknes.ma\/fr\/category\/cooperation\/\" rel=\"category tag\">Coop\u00e9ration<\/a> \/ <a href=\"https:\/\/www.region-fes-meknes.ma\/fr\/category\/partenariat\/\" rel=\"category tag\">Partenariat<\/a>\t\t<\/div>\n\t\t<header class=\"list-entry-header\">\n\t\t\t<h2 class=\"entry-title\"><a href=\"https:\/\/www.region-fes-meknes.ma\/fr\/actualites\/le-president-du-conseil-de-la-region-fes-meknes-recoit-mme-helene-le-gal-ambassadrice-de-france-au-maroc\/\" rel=\"bookmark\">Le Pr\u00e9sident du Conseil de la r\u00e9gion F\u00e8s-Mekn\u00e8s re\u00e7oit Mme H\u00e9l\u00e8ne Le Gal Ambassadrice de France au Maroc<\/a><\/h2><i class=\"fa fa-calendar\"><\/i> <strong>25\/01\/2022<\/strong>\t\t<\/header><!-- .entry-header -->\n\t\t<div class=\"entry-excerpt\">\n\t\t\t<p>Le Pr\u00e9sident de la r\u00e9gion F\u00e8s-Mekn\u00e8s, Monsieur Abdelouahed El Ansari, a re\u00e7u mardi 25 janvier au si\u00e8ge du Conseil de la R\u00e9gion Madame H\u00e9l\u00e8ne Le Gal, Ambassadrice de France au &#8230;<\/p>\n\t\t\t<a class=\"read-more-link\" href=\"https:\/\/www.region-fes-meknes.ma\/fr\/actualites\/le-president-du-conseil-de-la-region-fes-meknes-recoit-mme-helene-le-gal-ambassadrice-de-france-au-maroc\/\"> Lire la suite<\/a>\n\t\t\t\t\t<\/div><!-- .entry-content -->\n\t<\/div>\n\n<\/article><!-- #post-## -->\n\n\n<article id=\"post-17342\" class=\"list-article clearfix post-17342 post type-post status-publish format-standard has-post-thumbnail hentry category-actualites category-cooperation category-partenariat\">\n\n\t<div class=\"list-article-thumb\">\n\t\t<a href=\"https:\/\/www.region-fes-meknes.ma\/fr\/actualites\/le-bulletin-de-cooperation-entrela-region-fes-meknes-la-region-centre-val-de-loire\/\">\n\t\t\t<img width=\"154\" height=\"150\" src=\"https:\/\/www.region-fes-meknes.ma\/wp-content\/uploads\/2021\/03\/Capture1.png\" class=\"attachment-rfm22-blog-small size-rfm22-blog-small wp-post-image\" alt=\"Capture1\" loading=\"lazy\" srcset=\"https:\/\/www.region-fes-meknes.ma\/wp-content\/uploads\/2021\/03\/Capture1.png 600w, https:\/\/www.region-fes-meknes.ma\/wp-content\/uploads\/2021\/03\/Capture1-300x293.png 300w, https:\/\/www.region-fes-meknes.ma\/wp-content\/uploads\/2021\/03\/Capture1-100x98.png 100w, https:\/\/www.region-fes-meknes.ma\/wp-content\/uploads\/2021\/03\/Capture1-24x24.png 24w, https:\/\/www.region-fes-meknes.ma\/wp-content\/uploads\/2021\/03\/Capture1-48x48.png 48w\" sizes=\"(max-width: 154px) 100vw, 154px\" \/>\t\t<\/a>\n\t<\/div>\n\n\t<div class=\"list-article-content\">\n\t\t<div class=\"list-article-meta\">\n\t\t\t<a href=\"https:\/\/www.region-fes-meknes.ma\/fr\/category\/actualites\/\" rel=\"category tag\">Actualit\u00e9s<\/a> \/ <a href=\"https:\/\/www.region-fes-meknes.ma\/fr\/category\/cooperation\/\" rel=\"category tag\">Coop\u00e9ration<\/a> \/ <a href=\"https:\/\/www.region-fes-meknes.ma\/fr\/category\/partenariat\/\" rel=\"category tag\">Partenariat<\/a>\t\t<\/div>\n\t\t<header class=\"list-entry-header\">\n\t\t\t<h2 class=\"entry-title\"><a href=\"https:\/\/www.region-fes-meknes.ma\/fr\/actualites\/le-bulletin-de-cooperation-entrela-region-fes-meknes-la-region-centre-val-de-loire\/\" rel=\"bookmark\">Le bulletin de la coop\u00e9ration entre la R\u00e9gion F\u00e8s-Mekn\u00e8s et la R\u00e9gion Centre-Val-de-Loire (France)<\/a><\/h2><i class=\"fa fa-calendar\"><\/i> <strong>26\/03\/2021<\/strong>\t\t<\/header><!-- .entry-header -->\n\t\t<div class=\"entry-excerpt\">\n\t\t\t<p>\u00ab Les carnets de la coop\u00e9ration \u00bb, un document qui offre une vue d\u00e9taill\u00e9e par rapport aux actions et projets r\u00e9alis\u00e9s dans le cadre du partenariat entre la r\u00e9gion F\u00e8s-Mekn\u00e8s &#8230;<\/p>\n\t\t\t<a class=\"read-more-link\" href=\"https:\/\/www.region-fes-meknes.ma\/fr\/actualites\/le-bulletin-de-cooperation-entrela-region-fes-meknes-la-region-centre-val-de-loire\/\"> Lire la suite<\/a>\n\t\t\t\t\t<\/div><!-- .entry-content -->\n\t<\/div>\n\n<\/article><!-- #post-## -->\n\n\n<article id=\"post-8576\" class=\"list-article clearfix post-8576 post type-post status-publish format-standard has-post-thumbnail hentry category-actualites category-partenariat\">\n\n\t<div class=\"list-article-thumb\">\n\t\t<a href=\"https:\/\/www.region-fes-meknes.ma\/fr\/partenariat\/reunion-du-comite-de-suivi-et-devaluation-charge-de-la-cooperation-avec-les-universites-et-les-etablissements-denseignement-superieurs-de-la-region-fes-meknes\/\">\n\t\t\t<img width=\"226\" height=\"150\" src=\"https:\/\/www.region-fes-meknes.ma\/wp-content\/uploads\/2018\/07\/reun-comite-suivi-cooperation-universite-180718-00.jpg\" class=\"attachment-rfm22-blog-small size-rfm22-blog-small wp-post-image\" alt=\"reun comite suivi cooperation universite 180718 00\" loading=\"lazy\" srcset=\"https:\/\/www.region-fes-meknes.ma\/wp-content\/uploads\/2018\/07\/reun-comite-suivi-cooperation-universite-180718-00.jpg 1090w, https:\/\/www.region-fes-meknes.ma\/wp-content\/uploads\/2018\/07\/reun-comite-suivi-cooperation-universite-180718-00-300x199.jpg 300w, https:\/\/www.region-fes-meknes.ma\/wp-content\/uploads\/2018\/07\/reun-comite-suivi-cooperation-universite-180718-00-768x509.jpg 768w, https:\/\/www.region-fes-meknes.ma\/wp-content\/uploads\/2018\/07\/reun-comite-suivi-cooperation-universite-180718-00-1024x678.jpg 1024w, https:\/\/www.region-fes-meknes.ma\/wp-content\/uploads\/2018\/07\/reun-comite-suivi-cooperation-universite-180718-00-100x66.jpg 100w\" sizes=\"(max-width: 226px) 100vw, 226px\" \/>\t\t<\/a>\n\t<\/div>\n\n\t<div class=\"list-article-content\">\n\t\t<div class=\"list-article-meta\">\n\t\t\t<a href=\"https:\/\/www.region-fes-meknes.ma\/fr\/category\/actualites\/\" rel=\"category tag\">Actualit\u00e9s<\/a> \/ <a href=\"https:\/\/www.region-fes-meknes.ma\/fr\/category\/partenariat\/\" rel=\"category tag\">Partenariat<\/a>\t\t<\/div>\n\t\t<header class=\"list-entry-header\">\n\t\t\t<h2 class=\"entry-title\"><a href=\"https:\/\/www.region-fes-meknes.ma\/fr\/partenariat\/reunion-du-comite-de-suivi-et-devaluation-charge-de-la-cooperation-avec-les-universites-et-les-etablissements-denseignement-superieurs-de-la-region-fes-meknes\/\" rel=\"bookmark\">R\u00e9union du Comit\u00e9 de suivi et d\u2019\u00e9valuation charg\u00e9 de la coop\u00e9ration avec les Universit\u00e9s et les Etablissements d\u2019Enseignement Sup\u00e9rieurs de la R\u00e9gion F\u00e8s Mekn\u00e8s<\/a><\/h2><i class=\"fa fa-calendar\"><\/i> <strong>18\/07\/2018<\/strong>\t\t<\/header><!-- .entry-header -->\n\t\t<div class=\"entry-excerpt\">\n\t\t\t<p>Une r\u00e9union du Comit\u00e9 de suivi et d\u2019\u00e9valuation charg\u00e9 de la coop\u00e9ration avec les Universit\u00e9s et les Etablissements d\u2019Enseignement Sup\u00e9rieurs s\u2019est tenue le 18 Juillet 2018, Pr\u00e9sid\u00e9e par M. Lehcen &#8230;<\/p>\n\t\t\t<a class=\"read-more-link\" href=\"https:\/\/www.region-fes-meknes.ma\/fr\/partenariat\/reunion-du-comite-de-suivi-et-devaluation-charge-de-la-cooperation-avec-les-universites-et-les-etablissements-denseignement-superieurs-de-la-region-fes-meknes\/\"> Lire la suite<\/a>\n\t\t\t\t\t<\/div><!-- .entry-content -->\n\t<\/div>\n\n<\/article><!-- #post-## -->\n\n<\/div><div class='wp-pagenavi' role='navigation'>\n<span aria-current='page' class='current'>1<\/span><a class=\"page larger\" title=\"Page 2\" href=\"https:\/\/www.region-fes-meknes.ma\/fr\/wp-json\/wp\/v2\/pages\/4268\/page\/2\/\">2<\/a><a class=\"page larger\" title=\"Page 3\" href=\"https:\/\/www.region-fes-meknes.ma\/fr\/wp-json\/wp\/v2\/pages\/4268\/page\/3\/\">3<\/a><a class=\"page larger\" title=\"Page 4\" href=\"https:\/\/www.region-fes-meknes.ma\/fr\/wp-json\/wp\/v2\/pages\/4268\/page\/4\/\">4<\/a><a class=\"nextpostslink\" rel=\"next\" aria-label=\"Page suivante\" href=\"https:\/\/www.region-fes-meknes.ma\/fr\/wp-json\/wp\/v2\/pages\/4268\/page\/2\/\">\u203a<\/a>\n<\/div>\n","protected":false},"excerpt":{"rendered":"<p>Conventions de partenariat sign\u00e9es entre le conseil r\u00e9gional de F\u00e8s-Mekn\u00e8s et ses partenaires nationaux.<\/p>\n","protected":false},"author":1,"featured_media":4720,"parent":1301,"menu_order":7,"comment_status":"closed","ping_status":"closed","template":"","meta":{"_bbp_topic_count":0,"_bbp_reply_count":0,"_bbp_total_topic_count":0,"_bbp_total_reply_count":0,"_bbp_voice_count":0,"_bbp_anonymous_reply_count":0,"_bbp_topic_count_hidden":0,"_bbp_reply_count_hidden":0,"_bbp_forum_subforum_count":0},"acf":[],"yoast_head":"<!-- This site is optimized with the Yoast SEO plugin v19.5.1 - https:\/\/yoast.com\/wordpress\/plugins\/seo\/ -->\n<title>Partenariat - R\u00e9gion F\u00e8s Mekn\u00e8s<\/title>\n<meta name=\"robots\" content=\"index, follow, max-snippet:-1, max-image-preview:large, max-video-preview:-1\" \/>\n<link rel=\"canonical\" href=\"https:\/\/www.region-fes-meknes.ma\/fr\/le-conseil-regional\/partenariat\/\" \/>\n<meta property=\"og:locale\" content=\"fr_FR\" \/>\n<meta property=\"og:type\" content=\"article\" \/>\n<meta property=\"og:title\" content=\"Partenariat - R\u00e9gion F\u00e8s Mekn\u00e8s\" \/>\n<meta property=\"og:description\" content=\"Conventions de partenariat sign\u00e9es entre le conseil r\u00e9gional de F\u00e8s-Mekn\u00e8s et ses partenaires nationaux.\" \/>\n<meta property=\"og:url\" content=\"https:\/\/www.region-fes-meknes.ma\/fr\/le-conseil-regional\/partenariat\/\" \/>\n<meta property=\"og:site_name\" content=\"R\u00e9gion F\u00e8s Mekn\u00e8s\" \/>\n<meta property=\"article:publisher\" content=\"https:\/\/www.facebook.com\/R%c3%a9gion-F%c3%a8s-Mekn%c3%a8s-1130195096990872\" \/>\n<meta property=\"article:modified_time\" content=\"2018-04-03T10:40:15+00:00\" \/>\n<meta property=\"og:image\" content=\"https:\/\/www.region-fes-meknes.ma\/wp-content\/uploads\/2018\/04\/partenariat.jpg\" \/>\n\t<meta property=\"og:image:width\" content=\"960\" \/>\n\t<meta property=\"og:image:height\" content=\"536\" \/>\n\t<meta property=\"og:image:type\" content=\"image\/jpeg\" \/>\n<meta name=\"twitter:card\" content=\"summary_large_image\" \/>\n<script type=\"application\/ld+json\" class=\"yoast-schema-graph\">{\"@context\":\"https:\/\/schema.org\",\"@graph\":[{\"@type\":\"WebPage\",\"@id\":\"https:\/\/www.region-fes-meknes.ma\/fr\/le-conseil-regional\/partenariat\/\",\"url\":\"https:\/\/www.region-fes-meknes.ma\/fr\/le-conseil-regional\/partenariat\/\",\"name\":\"Partenariat - R\u00e9gion F\u00e8s Mekn\u00e8s\",\"isPartOf\":{\"@id\":\"https:\/\/www.region-fes-meknes.ma\/#website\"},\"datePublished\":\"2018-03-18T13:02:57+00:00\",\"dateModified\":\"2018-04-03T10:40:15+00:00\",\"breadcrumb\":{\"@id\":\"https:\/\/www.region-fes-meknes.ma\/fr\/le-conseil-regional\/partenariat\/#breadcrumb\"},\"inLanguage\":\"fr-FR\",\"potentialAction\":[{\"@type\":\"ReadAction\",\"target\":[\"https:\/\/www.region-fes-meknes.ma\/fr\/le-conseil-regional\/partenariat\/\"]}]},{\"@type\":\"BreadcrumbList\",\"@id\":\"https:\/\/www.region-fes-meknes.ma\/fr\/le-conseil-regional\/partenariat\/#breadcrumb\",\"itemListElement\":[{\"@type\":\"ListItem\",\"position\":1,\"name\":\"Accueil\",\"item\":\"https:\/\/www.region-fes-meknes.ma\/fr\/\"},{\"@type\":\"ListItem\",\"position\":2,\"name\":\"Le Conseil R\u00e9gional\",\"item\":\"https:\/\/www.region-fes-meknes.ma\/fr\/le-conseil-regional\/\"},{\"@type\":\"ListItem\",\"position\":3,\"name\":\"Partenariat\"}]},{\"@type\":\"WebSite\",\"@id\":\"https:\/\/www.region-fes-meknes.ma\/#website\",\"url\":\"https:\/\/www.region-fes-meknes.ma\/\",\"name\":\"Portail de la R\u00e9gion F\u00e8s-Mekn\u00e8s\",\"description\":\"Site officiel de la r\u00e9gion F\u00e8s-Mekn\u00e8s.\",\"publisher\":{\"@id\":\"https:\/\/www.region-fes-meknes.ma\/#organization\"},\"potentialAction\":[{\"@type\":\"SearchAction\",\"target\":{\"@type\":\"EntryPoint\",\"urlTemplate\":\"https:\/\/www.region-fes-meknes.ma\/?s={search_term_string}\"},\"query-input\":\"required name=search_term_string\"}],\"inLanguage\":\"fr-FR\"},{\"@type\":\"Organization\",\"@id\":\"https:\/\/www.region-fes-meknes.ma\/#organization\",\"name\":\"R\u00e9gion F\u00e8s M\u00e8kn\u00e8s\",\"url\":\"https:\/\/www.region-fes-meknes.ma\/\",\"sameAs\":[\"https:\/\/www.facebook.com\/R\u00e9gion-F\u00e8s-Mekn\u00e8s-1130195096990872\"],\"logo\":{\"@type\":\"ImageObject\",\"inLanguage\":\"fr-FR\",\"@id\":\"https:\/\/www.region-fes-meknes.ma\/#\/schema\/logo\/image\/\",\"url\":\"http:\/\/www.region-fes-meknes.ma\/wp-content\/uploads\/2017\/10\/logo-rfm4.png\",\"contentUrl\":\"http:\/\/www.region-fes-meknes.ma\/wp-content\/uploads\/2017\/10\/logo-rfm4.png\",\"width\":304,\"height\":291,\"caption\":\"R\u00e9gion F\u00e8s M\u00e8kn\u00e8s\"},\"image\":{\"@id\":\"https:\/\/www.region-fes-meknes.ma\/#\/schema\/logo\/image\/\"}}]}<\/script>\n<!-- \/ Yoast SEO plugin. -->","yoast_head_json":{"title":"Partenariat - R\u00e9gion F\u00e8s Mekn\u00e8s","robots":{"index":"index","follow":"follow","max-snippet":"max-snippet:-1","max-image-preview":"max-image-preview:large","max-video-preview":"max-video-preview:-1"},"canonical":"https:\/\/www.region-fes-meknes.ma\/fr\/le-conseil-regional\/partenariat\/","og_locale":"fr_FR","og_type":"article","og_title":"Partenariat - R\u00e9gion F\u00e8s Mekn\u00e8s","og_description":"Conventions de partenariat sign\u00e9es entre le conseil r\u00e9gional de F\u00e8s-Mekn\u00e8s et ses partenaires nationaux.","og_url":"https:\/\/www.region-fes-meknes.ma\/fr\/le-conseil-regional\/partenariat\/","og_site_name":"R\u00e9gion F\u00e8s Mekn\u00e8s","article_publisher":"https:\/\/www.facebook.com\/R%c3%a9gion-F%c3%a8s-Mekn%c3%a8s-1130195096990872","article_modified_time":"2018-04-03T10:40:15+00:00","og_image":[{"width":960,"height":536,"url":"https:\/\/www.region-fes-meknes.ma\/wp-content\/uploads\/2018\/04\/partenariat.jpg","type":"image\/jpeg"}],"twitter_card":"summary_large_image","schema":{"@context":"https:\/\/schema.org","@graph":[{"@type":"WebPage","@id":"https:\/\/www.region-fes-meknes.ma\/fr\/le-conseil-regional\/partenariat\/","url":"https:\/\/www.region-fes-meknes.ma\/fr\/le-conseil-regional\/partenariat\/","name":"Partenariat - R\u00e9gion F\u00e8s Mekn\u00e8s","isPartOf":{"@id":"https:\/\/www.region-fes-meknes.ma\/#website"},"datePublished":"2018-03-18T13:02:57+00:00","dateModified":"2018-04-03T10:40:15+00:00","breadcrumb":{"@id":"https:\/\/www.region-fes-meknes.ma\/fr\/le-conseil-regional\/partenariat\/#breadcrumb"},"inLanguage":"fr-FR","potentialAction":[{"@type":"ReadAction","target":["https:\/\/www.region-fes-meknes.ma\/fr\/le-conseil-regional\/partenariat\/"]}]},{"@type":"BreadcrumbList","@id":"https:\/\/www.region-fes-meknes.ma\/fr\/le-conseil-regional\/partenariat\/#breadcrumb","itemListElement":[{"@type":"ListItem","position":1,"name":"Accueil","item":"https:\/\/www.region-fes-meknes.ma\/fr\/"},{"@type":"ListItem","position":2,"name":"Le Conseil R\u00e9gional","item":"https:\/\/www.region-fes-meknes.ma\/fr\/le-conseil-regional\/"},{"@type":"ListItem","position":3,"name":"Partenariat"}]},{"@type":"WebSite","@id":"https:\/\/www.region-fes-meknes.ma\/#website","url":"https:\/\/www.region-fes-meknes.ma\/","name":"Portail de la R\u00e9gion F\u00e8s-Mekn\u00e8s","description":"Site officiel de la r\u00e9gion F\u00e8s-Mekn\u00e8s.","publisher":{"@id":"https:\/\/www.region-fes-meknes.ma\/#organization"},"potentialAction":[{"@type":"SearchAction","target":{"@type":"EntryPoint","urlTemplate":"https:\/\/www.region-fes-meknes.ma\/?s={search_term_string}"},"query-input":"required name=search_term_string"}],"inLanguage":"fr-FR"},{"@type":"Organization","@id":"https:\/\/www.region-fes-meknes.ma\/#organization","name":"R\u00e9gion F\u00e8s M\u00e8kn\u00e8s","url":"https:\/\/www.region-fes-meknes.ma\/","sameAs":["https:\/\/www.facebook.com\/R\u00e9gion-F\u00e8s-Mekn\u00e8s-1130195096990872"],"logo":{"@type":"ImageObject","inLanguage":"fr-FR","@id":"https:\/\/www.region-fes-meknes.ma\/#\/schema\/logo\/image\/","url":"http:\/\/www.region-fes-meknes.ma\/wp-content\/uploads\/2017\/10\/logo-rfm4.png","contentUrl":"http:\/\/www.region-fes-meknes.ma\/wp-content\/uploads\/2017\/10\/logo-rfm4.png","width":304,"height":291,"caption":"R\u00e9gion F\u00e8s M\u00e8kn\u00e8s"},"image":{"@id":"https:\/\/www.region-fes-meknes.ma\/#\/schema\/logo\/image\/"}}]}},"_links":{"self":[{"href":"https:\/\/www.region-fes-meknes.ma\/fr\/wp-json\/wp\/v2\/pages\/4268"}],"collection":[{"href":"https:\/\/www.region-fes-meknes.ma\/fr\/wp-json\/wp\/v2\/pages"}],"about":[{"href":"https:\/\/www.region-fes-meknes.ma\/fr\/wp-json\/wp\/v2\/types\/page"}],"author":[{"embeddable":true,"href":"https:\/\/www.region-fes-meknes.ma\/fr\/wp-json\/wp\/v2\/users\/1"}],"replies":[{"embeddable":true,"href":"https:\/\/www.region-fes-meknes.ma\/fr\/wp-json\/wp\/v2\/comments?post=4268"}],"version-history":[{"count":4,"href":"https:\/\/www.region-fes-meknes.ma\/fr\/wp-json\/wp\/v2\/pages\/4268\/revisions"}],"predecessor-version":[{"id":4728,"href":"https:\/\/www.region-fes-meknes.ma\/fr\/wp-json\/wp\/v2\/pages\/4268\/revisions\/4728"}],"up":[{"embeddable":true,"href":"https:\/\/www.region-fes-meknes.ma\/fr\/wp-json\/wp\/v2\/pages\/1301"}],"wp:featuredmedia":[{"embeddable":true,"href":"https:\/\/www.region-fes-meknes.ma\/fr\/wp-json\/wp\/v2\/media\/4720"}],"wp:attachment":[{"href":"https:\/\/www.region-fes-meknes.ma\/fr\/wp-json\/wp\/v2\/media?parent=4268"}],"curies":[{"name":"wp","href":"https:\/\/api.w.org\/{rel}","templated":true}]}}